{"id":688,"date":"2015-06-21T00:33:55","date_gmt":"2015-06-20T21:33:55","guid":{"rendered":"http:\/\/odysseus-contests.eu\/2016\/?page_id=688"},"modified":"2015-07-11T23:34:37","modified_gmt":"2015-07-11T20:34:37","slug":"arrangorer","status":"publish","type":"page","link":"https:\/\/odysseus-contests.eu\/2016\/da\/regler-2\/arrangorer\/","title":{"rendered":"Arrang\u00f8rer"},"content":{"rendered":"<ul>\n<li style=\"text-align: justify;\">Odysseus II-konkurrencen er arrangeret af et internationalt konsortium af institutioner fra 10 EU-lande, finansieret af Europa-Kommissionen og styret af konsulentfirmaet Signosis, Bruxelles. En komplet liste over konsortiets medlemmer offentligg\u00f8res p\u00e5 Odysseus II-konkurrencens hjemmeside og via andre kommunikationskanaler og sociale medier efter valg af arrang\u00f8rerne.<\/li>\n<li style=\"text-align: justify;\">Arrang\u00f8rerne stiller den web-baserede infrastruktur til r\u00e5dighed, som deltagerne benytter til at tilmelde sig og indsende bidrag til bed\u00f8mmelse. Afstemning om det bedste billede i Skyvandrer-kategorien vil ogs\u00e5 ske via Odysseus II-konkurrencens website.<\/li>\n<li style=\"text-align: justify;\">De lokale arrang\u00f8rer i hvert EU-land vil danne et mentornetv\u00e6rk som en ressource for deltagere i kategorierne Pionerer og Opdagelsesrejsende.<\/li>\n<li style=\"text-align: justify;\">Arrang\u00f8rerne vil udbede sig information om deltagernes k\u00f8n og nationalitet, men disse oplysninger vil kun blive anvendt til statistisk brug, ikke som kriterier i forhold til deltagelse eller bed\u00f8mmelse.<\/li>\n<li style=\"text-align: justify;\">Arrang\u00f8rerne vil p\u00e5 hjemmesiden ogs\u00e5 offentligg\u00f8re information om omfanget af deltagelse fordelt p\u00e5 land, alder og k\u00f8n.<\/li>\n<li style=\"text-align: justify;\">Arrang\u00f8rerne forbeholder sig ret til at \u00e6ndre eller justere i pr\u00e6mier, regler, betingelser og vilk\u00e5r for konkurrencen p\u00e5 ethvert tidspunkt, hvis de kan fremvise en gyldig \u00e5rsag.<\/li>\n<\/ul>\n","protected":false},"excerpt":{"rendered":"<p>Odysseus II-konkurrencen er arrangeret af et internationalt konsortium af institutioner fra 10 EU-lande, finansieret af Europa-Kommissionen og styret af konsulentfirmaet Signosis, Bruxelles. En komplet liste over konsortiets medlemmer offentligg\u00f8res p\u00e5 Odysseus II-konkurrencens hjemmeside og via andre kommunikationskanaler og sociale medier efter valg af arrang\u00f8rerne. Arrang\u00f8rerne stiller den web-baserede infrastruktur til r\u00e5dighed, som deltagerne benytter til [&hellip;]<\/p>\n","protected":false},"author":1,"featured_media":0,"parent":705,"menu_order":140,"comment_status":"closed","ping_status":"closed","template":"","meta":[],"acf":[],"yoast_head":"<!-- This site is optimized with the Yoast SEO plugin v19.14 - https:\/\/yoast.com\/wordpress\/plugins\/seo\/ -->\n<title>Arrang\u00f8rer - ODYSSEUS II<\/title>\n<meta name=\"robots\" content=\"index, follow, max-snippet:-1, max-image-preview:large, max-video-preview:-1\" \/>\n<link rel=\"canonical\" href=\"https:\/\/odysseus-contests.eu\/2016\/da\/regler-2\/arrangorer\/\" \/>\n<meta property=\"og:locale\" content=\"da_DK\" \/>\n<meta property=\"og:type\" content=\"article\" \/>\n<meta property=\"og:title\" content=\"Arrang\u00f8rer - ODYSSEUS II\" \/>\n<meta property=\"og:description\" content=\"Odysseus II-konkurrencen er arrangeret af et internationalt konsortium af institutioner fra 10 EU-lande, finansieret af Europa-Kommissionen og styret af konsulentfirmaet Signosis, Bruxelles. En komplet liste over konsortiets medlemmer offentligg\u00f8res p\u00e5 Odysseus II-konkurrencens hjemmeside og via andre kommunikationskanaler og sociale medier efter valg af arrang\u00f8rerne. Arrang\u00f8rerne stiller den web-baserede infrastruktur til r\u00e5dighed, som deltagerne benytter til [&hellip;]\" \/>\n<meta property=\"og:url\" content=\"https:\/\/odysseus-contests.eu\/2016\/da\/regler-2\/arrangorer\/\" \/>\n<meta property=\"og:site_name\" content=\"ODYSSEUS II\" \/>\n<meta property=\"article:modified_time\" content=\"2015-07-11T20:34:37+00:00\" \/>\n<meta name=\"twitter:card\" content=\"summary_large_image\" \/>\n<meta name=\"twitter:label1\" content=\"Estimeret l\u00e6setid\" \/>\n\t<meta name=\"twitter:data1\" content=\"1 minut\" \/>\n<script type=\"application\/ld+json\" class=\"yoast-schema-graph\">{\"@context\":\"https:\/\/schema.org\",\"@graph\":[{\"@type\":\"WebPage\",\"@id\":\"https:\/\/odysseus-contests.eu\/2016\/da\/regler-2\/arrangorer\/\",\"url\":\"https:\/\/odysseus-contests.eu\/2016\/da\/regler-2\/arrangorer\/\",\"name\":\"Arrang\u00f8rer - ODYSSEUS II\",\"isPartOf\":{\"@id\":\"https:\/\/odysseus-contests.eu\/2016\/de\/#website\"},\"datePublished\":\"2015-06-20T21:33:55+00:00\",\"dateModified\":\"2015-07-11T20:34:37+00:00\",\"breadcrumb\":{\"@id\":\"https:\/\/odysseus-contests.eu\/2016\/da\/regler-2\/arrangorer\/#breadcrumb\"},\"inLanguage\":\"da-DK\",\"potentialAction\":[{\"@type\":\"ReadAction\",\"target\":[\"https:\/\/odysseus-contests.eu\/2016\/da\/regler-2\/arrangorer\/\"]}]},{\"@type\":\"BreadcrumbList\",\"@id\":\"https:\/\/odysseus-contests.eu\/2016\/da\/regler-2\/arrangorer\/#breadcrumb\",\"itemListElement\":[{\"@type\":\"ListItem\",\"position\":1,\"name\":\"Home\",\"item\":\"https:\/\/odysseus-contests.eu\/2016\/da\/\"},{\"@type\":\"ListItem\",\"position\":2,\"name\":\"Regler\",\"item\":\"https:\/\/odysseus-contests.eu\/2016\/da\/regler-2\/\"},{\"@type\":\"ListItem\",\"position\":3,\"name\":\"Arrang\u00f8rer\"}]},{\"@type\":\"WebSite\",\"@id\":\"https:\/\/odysseus-contests.eu\/2016\/de\/#website\",\"url\":\"https:\/\/odysseus-contests.eu\/2016\/de\/\",\"name\":\"ODYSSEUS II\",\"description\":\"Europ\u00e6isk Rumkonkurrence for Unger\",\"potentialAction\":[{\"@type\":\"SearchAction\",\"target\":{\"@type\":\"EntryPoint\",\"urlTemplate\":\"https:\/\/odysseus-contests.eu\/2016\/de\/?s={search_term_string}\"},\"query-input\":\"required name=search_term_string\"}],\"inLanguage\":\"da-DK\"}]}<\/script>\n<!-- \/ Yoast SEO plugin. -->","yoast_head_json":{"title":"Arrang\u00f8rer - ODYSSEUS II","robots":{"index":"index","follow":"follow","max-snippet":"max-snippet:-1","max-image-preview":"max-image-preview:large","max-video-preview":"max-video-preview:-1"},"canonical":"https:\/\/odysseus-contests.eu\/2016\/da\/regler-2\/arrangorer\/","og_locale":"da_DK","og_type":"article","og_title":"Arrang\u00f8rer - ODYSSEUS II","og_description":"Odysseus II-konkurrencen er arrangeret af et internationalt konsortium af institutioner fra 10 EU-lande, finansieret af Europa-Kommissionen og styret af konsulentfirmaet Signosis, Bruxelles. En komplet liste over konsortiets medlemmer offentligg\u00f8res p\u00e5 Odysseus II-konkurrencens hjemmeside og via andre kommunikationskanaler og sociale medier efter valg af arrang\u00f8rerne. Arrang\u00f8rerne stiller den web-baserede infrastruktur til r\u00e5dighed, som deltagerne benytter til [&hellip;]","og_url":"https:\/\/odysseus-contests.eu\/2016\/da\/regler-2\/arrangorer\/","og_site_name":"ODYSSEUS II","article_modified_time":"2015-07-11T20:34:37+00:00","twitter_card":"summary_large_image","twitter_misc":{"Estimeret l\u00e6setid":"1 minut"},"schema":{"@context":"https:\/\/schema.org","@graph":[{"@type":"WebPage","@id":"https:\/\/odysseus-contests.eu\/2016\/da\/regler-2\/arrangorer\/","url":"https:\/\/odysseus-contests.eu\/2016\/da\/regler-2\/arrangorer\/","name":"Arrang\u00f8rer - ODYSSEUS II","isPartOf":{"@id":"https:\/\/odysseus-contests.eu\/2016\/de\/#website"},"datePublished":"2015-06-20T21:33:55+00:00","dateModified":"2015-07-11T20:34:37+00:00","breadcrumb":{"@id":"https:\/\/odysseus-contests.eu\/2016\/da\/regler-2\/arrangorer\/#breadcrumb"},"inLanguage":"da-DK","potentialAction":[{"@type":"ReadAction","target":["https:\/\/odysseus-contests.eu\/2016\/da\/regler-2\/arrangorer\/"]}]},{"@type":"BreadcrumbList","@id":"https:\/\/odysseus-contests.eu\/2016\/da\/regler-2\/arrangorer\/#breadcrumb","itemListElement":[{"@type":"ListItem","position":1,"name":"Home","item":"https:\/\/odysseus-contests.eu\/2016\/da\/"},{"@type":"ListItem","position":2,"name":"Regler","item":"https:\/\/odysseus-contests.eu\/2016\/da\/regler-2\/"},{"@type":"ListItem","position":3,"name":"Arrang\u00f8rer"}]},{"@type":"WebSite","@id":"https:\/\/odysseus-contests.eu\/2016\/de\/#website","url":"https:\/\/odysseus-contests.eu\/2016\/de\/","name":"ODYSSEUS II","description":"Europ\u00e6isk Rumkonkurrence for Unger","potentialAction":[{"@type":"SearchAction","target":{"@type":"EntryPoint","urlTemplate":"https:\/\/odysseus-contests.eu\/2016\/de\/?s={search_term_string}"},"query-input":"required name=search_term_string"}],"inLanguage":"da-DK"}]}},"_links":{"self":[{"href":"https:\/\/odysseus-contests.eu\/2016\/da\/wp-json\/wp\/v2\/pages\/688"}],"collection":[{"href":"https:\/\/odysseus-contests.eu\/2016\/da\/wp-json\/wp\/v2\/pages"}],"about":[{"href":"https:\/\/odysseus-contests.eu\/2016\/da\/wp-json\/wp\/v2\/types\/page"}],"author":[{"embeddable":true,"href":"https:\/\/odysseus-contests.eu\/2016\/da\/wp-json\/wp\/v2\/users\/1"}],"replies":[{"embeddable":true,"href":"https:\/\/odysseus-contests.eu\/2016\/da\/wp-json\/wp\/v2\/comments?post=688"}],"version-history":[{"count":0,"href":"https:\/\/odysseus-contests.eu\/2016\/da\/wp-json\/wp\/v2\/pages\/688\/revisions"}],"up":[{"embeddable":true,"href":"https:\/\/odysseus-contests.eu\/2016\/da\/wp-json\/wp\/v2\/pages\/705"}],"wp:attachment":[{"href":"https:\/\/odysseus-contests.eu\/2016\/da\/wp-json\/wp\/v2\/media?parent=688"}],"curies":[{"name":"wp","href":"https:\/\/api.w.org\/{rel}","templated":true}]}}