{"id":686,"date":"2015-06-21T00:32:26","date_gmt":"2015-06-20T21:32:26","guid":{"rendered":"http:\/\/odysseus-contests.eu\/2016\/?page_id=686"},"modified":"2015-07-11T23:34:02","modified_gmt":"2015-07-11T20:34:02","slug":"laerer-ledere-og-mentorer","status":"publish","type":"page","link":"https:\/\/odysseus-contests.eu\/2016\/da\/regler-2\/laerer-ledere-og-mentorer\/","title":{"rendered":"L\u00e6rer-ledere og mentorer"},"content":{"rendered":"<ul>\n<li style=\"text-align: justify;\">L\u00e6rere-ledere for hold samt deltagende studerende forventes at g\u00f8re sig bekendt med konkurrencens regler, herunder ogs\u00e5 de finere detaljer.<\/li>\n<li style=\"text-align: justify;\">Hvert Pioner-hold skal have en l\u00e6rer-leder og hver Skyvandrer-deltager b\u00f8r have en l\u00e6rer, et familiemedlem eller en ungdomsleder til at hj\u00e6lpe sig.<\/li>\n<li style=\"text-align: justify;\">Mentorer giver udelukkende teknisk og videnskabelig r\u00e5dgivning til Pioner- og Opdagelsesrejsende-deltagere, og der er ingen gr\u00e6nse for, hvor mange bidrag de kan v\u00e6re r\u00e5dgiver p\u00e5.<\/li>\n<li style=\"text-align: justify;\">For yderligere information se ogs\u00e5 Pioner-siden (for l\u00e6rer-ledere) og sektionen Mentorer og Dommere (vedl\u00e6g hyperlinks til de relevante dele af hjemmesiden).<\/li>\n<\/ul>\n","protected":false},"excerpt":{"rendered":"<p>L\u00e6rere-ledere for hold samt deltagende studerende forventes at g\u00f8re sig bekendt med konkurrencens regler, herunder ogs\u00e5 de finere detaljer. Hvert Pioner-hold skal have en l\u00e6rer-leder og hver Skyvandrer-deltager b\u00f8r have en l\u00e6rer, et familiemedlem eller en ungdomsleder til at hj\u00e6lpe sig. Mentorer giver udelukkende teknisk og videnskabelig r\u00e5dgivning til Pioner- og Opdagelsesrejsende-deltagere, og der er [&hellip;]<\/p>\n","protected":false},"author":1,"featured_media":0,"parent":705,"menu_order":130,"comment_status":"closed","ping_status":"closed","template":"","meta":[],"acf":[],"yoast_head":"<!-- This site is optimized with the Yoast SEO plugin v19.14 - https:\/\/yoast.com\/wordpress\/plugins\/seo\/ -->\n<title>L\u00e6rer-ledere og mentorer - ODYSSEUS II<\/title>\n<meta name=\"robots\" content=\"index, follow, max-snippet:-1, max-image-preview:large, max-video-preview:-1\" \/>\n<link rel=\"canonical\" href=\"https:\/\/odysseus-contests.eu\/2016\/da\/regler-2\/laerer-ledere-og-mentorer\/\" \/>\n<meta property=\"og:locale\" content=\"da_DK\" \/>\n<meta property=\"og:type\" content=\"article\" \/>\n<meta property=\"og:title\" content=\"L\u00e6rer-ledere og mentorer - ODYSSEUS II\" \/>\n<meta property=\"og:description\" content=\"L\u00e6rere-ledere for hold samt deltagende studerende forventes at g\u00f8re sig bekendt med konkurrencens regler, herunder ogs\u00e5 de finere detaljer. Hvert Pioner-hold skal have en l\u00e6rer-leder og hver Skyvandrer-deltager b\u00f8r have en l\u00e6rer, et familiemedlem eller en ungdomsleder til at hj\u00e6lpe sig. Mentorer giver udelukkende teknisk og videnskabelig r\u00e5dgivning til Pioner- og Opdagelsesrejsende-deltagere, og der er [&hellip;]\" \/>\n<meta property=\"og:url\" content=\"https:\/\/odysseus-contests.eu\/2016\/da\/regler-2\/laerer-ledere-og-mentorer\/\" \/>\n<meta property=\"og:site_name\" content=\"ODYSSEUS II\" \/>\n<meta property=\"article:modified_time\" content=\"2015-07-11T20:34:02+00:00\" \/>\n<meta name=\"twitter:card\" content=\"summary_large_image\" \/>\n<script type=\"application\/ld+json\" class=\"yoast-schema-graph\">{\"@context\":\"https:\/\/schema.org\",\"@graph\":[{\"@type\":\"WebPage\",\"@id\":\"https:\/\/odysseus-contests.eu\/2016\/da\/regler-2\/laerer-ledere-og-mentorer\/\",\"url\":\"https:\/\/odysseus-contests.eu\/2016\/da\/regler-2\/laerer-ledere-og-mentorer\/\",\"name\":\"L\u00e6rer-ledere og mentorer - ODYSSEUS II\",\"isPartOf\":{\"@id\":\"https:\/\/odysseus-contests.eu\/2016\/de\/#website\"},\"datePublished\":\"2015-06-20T21:32:26+00:00\",\"dateModified\":\"2015-07-11T20:34:02+00:00\",\"breadcrumb\":{\"@id\":\"https:\/\/odysseus-contests.eu\/2016\/da\/regler-2\/laerer-ledere-og-mentorer\/#breadcrumb\"},\"inLanguage\":\"da-DK\",\"potentialAction\":[{\"@type\":\"ReadAction\",\"target\":[\"https:\/\/odysseus-contests.eu\/2016\/da\/regler-2\/laerer-ledere-og-mentorer\/\"]}]},{\"@type\":\"BreadcrumbList\",\"@id\":\"https:\/\/odysseus-contests.eu\/2016\/da\/regler-2\/laerer-ledere-og-mentorer\/#breadcrumb\",\"itemListElement\":[{\"@type\":\"ListItem\",\"position\":1,\"name\":\"Home\",\"item\":\"https:\/\/odysseus-contests.eu\/2016\/da\/\"},{\"@type\":\"ListItem\",\"position\":2,\"name\":\"Regler\",\"item\":\"https:\/\/odysseus-contests.eu\/2016\/da\/regler-2\/\"},{\"@type\":\"ListItem\",\"position\":3,\"name\":\"L\u00e6rer-ledere og mentorer\"}]},{\"@type\":\"WebSite\",\"@id\":\"https:\/\/odysseus-contests.eu\/2016\/de\/#website\",\"url\":\"https:\/\/odysseus-contests.eu\/2016\/de\/\",\"name\":\"ODYSSEUS II\",\"description\":\"Europ\u00e6isk Rumkonkurrence for Unger\",\"potentialAction\":[{\"@type\":\"SearchAction\",\"target\":{\"@type\":\"EntryPoint\",\"urlTemplate\":\"https:\/\/odysseus-contests.eu\/2016\/de\/?s={search_term_string}\"},\"query-input\":\"required name=search_term_string\"}],\"inLanguage\":\"da-DK\"}]}<\/script>\n<!-- \/ Yoast SEO plugin. -->","yoast_head_json":{"title":"L\u00e6rer-ledere og mentorer - ODYSSEUS II","robots":{"index":"index","follow":"follow","max-snippet":"max-snippet:-1","max-image-preview":"max-image-preview:large","max-video-preview":"max-video-preview:-1"},"canonical":"https:\/\/odysseus-contests.eu\/2016\/da\/regler-2\/laerer-ledere-og-mentorer\/","og_locale":"da_DK","og_type":"article","og_title":"L\u00e6rer-ledere og mentorer - ODYSSEUS II","og_description":"L\u00e6rere-ledere for hold samt deltagende studerende forventes at g\u00f8re sig bekendt med konkurrencens regler, herunder ogs\u00e5 de finere detaljer. Hvert Pioner-hold skal have en l\u00e6rer-leder og hver Skyvandrer-deltager b\u00f8r have en l\u00e6rer, et familiemedlem eller en ungdomsleder til at hj\u00e6lpe sig. Mentorer giver udelukkende teknisk og videnskabelig r\u00e5dgivning til Pioner- og Opdagelsesrejsende-deltagere, og der er [&hellip;]","og_url":"https:\/\/odysseus-contests.eu\/2016\/da\/regler-2\/laerer-ledere-og-mentorer\/","og_site_name":"ODYSSEUS II","article_modified_time":"2015-07-11T20:34:02+00:00","twitter_card":"summary_large_image","schema":{"@context":"https:\/\/schema.org","@graph":[{"@type":"WebPage","@id":"https:\/\/odysseus-contests.eu\/2016\/da\/regler-2\/laerer-ledere-og-mentorer\/","url":"https:\/\/odysseus-contests.eu\/2016\/da\/regler-2\/laerer-ledere-og-mentorer\/","name":"L\u00e6rer-ledere og mentorer - ODYSSEUS II","isPartOf":{"@id":"https:\/\/odysseus-contests.eu\/2016\/de\/#website"},"datePublished":"2015-06-20T21:32:26+00:00","dateModified":"2015-07-11T20:34:02+00:00","breadcrumb":{"@id":"https:\/\/odysseus-contests.eu\/2016\/da\/regler-2\/laerer-ledere-og-mentorer\/#breadcrumb"},"inLanguage":"da-DK","potentialAction":[{"@type":"ReadAction","target":["https:\/\/odysseus-contests.eu\/2016\/da\/regler-2\/laerer-ledere-og-mentorer\/"]}]},{"@type":"BreadcrumbList","@id":"https:\/\/odysseus-contests.eu\/2016\/da\/regler-2\/laerer-ledere-og-mentorer\/#breadcrumb","itemListElement":[{"@type":"ListItem","position":1,"name":"Home","item":"https:\/\/odysseus-contests.eu\/2016\/da\/"},{"@type":"ListItem","position":2,"name":"Regler","item":"https:\/\/odysseus-contests.eu\/2016\/da\/regler-2\/"},{"@type":"ListItem","position":3,"name":"L\u00e6rer-ledere og mentorer"}]},{"@type":"WebSite","@id":"https:\/\/odysseus-contests.eu\/2016\/de\/#website","url":"https:\/\/odysseus-contests.eu\/2016\/de\/","name":"ODYSSEUS II","description":"Europ\u00e6isk Rumkonkurrence for Unger","potentialAction":[{"@type":"SearchAction","target":{"@type":"EntryPoint","urlTemplate":"https:\/\/odysseus-contests.eu\/2016\/de\/?s={search_term_string}"},"query-input":"required name=search_term_string"}],"inLanguage":"da-DK"}]}},"_links":{"self":[{"href":"https:\/\/odysseus-contests.eu\/2016\/da\/wp-json\/wp\/v2\/pages\/686"}],"collection":[{"href":"https:\/\/odysseus-contests.eu\/2016\/da\/wp-json\/wp\/v2\/pages"}],"about":[{"href":"https:\/\/odysseus-contests.eu\/2016\/da\/wp-json\/wp\/v2\/types\/page"}],"author":[{"embeddable":true,"href":"https:\/\/odysseus-contests.eu\/2016\/da\/wp-json\/wp\/v2\/users\/1"}],"replies":[{"embeddable":true,"href":"https:\/\/odysseus-contests.eu\/2016\/da\/wp-json\/wp\/v2\/comments?post=686"}],"version-history":[{"count":0,"href":"https:\/\/odysseus-contests.eu\/2016\/da\/wp-json\/wp\/v2\/pages\/686\/revisions"}],"up":[{"embeddable":true,"href":"https:\/\/odysseus-contests.eu\/2016\/da\/wp-json\/wp\/v2\/pages\/705"}],"wp:attachment":[{"href":"https:\/\/odysseus-contests.eu\/2016\/da\/wp-json\/wp\/v2\/media?parent=686"}],"curies":[{"name":"wp","href":"https:\/\/api.w.org\/{rel}","templated":true}]}}