{"id":684,"date":"2015-06-21T00:30:53","date_gmt":"2015-06-20T21:30:53","guid":{"rendered":"http:\/\/odysseus-contests.eu\/2016\/?page_id=684"},"modified":"2015-07-11T23:33:46","modified_gmt":"2015-07-11T20:33:46","slug":"rettigheder-og-beskyttelse-af-mindrearige","status":"publish","type":"page","link":"https:\/\/odysseus-contests.eu\/2016\/da\/regler-2\/rettigheder-og-beskyttelse-af-mindrearige\/","title":{"rendered":"Rettigheder og beskyttelse af mindre\u00e5rige"},"content":{"rendered":"<ul>\n<li style=\"text-align: justify;\">Det p\u00e5hviler holdes l\u00e6rer-leder at levere fuldst\u00e6ndige og korrekte oplysninger om hver deltager p\u00e5 holdet via tilmeldingsformularen p\u00e5 Odysseus II-hjemmesiden.<\/li>\n<li style=\"text-align: justify;\">Hver deltager under 18 \u00e5r skal fremvise et underskrevet samtykke fra for\u00e6ldre for at deltage i konkurrencen. Et for\u00e6ldresamtykke for rejse til og deltagelse i regionale og europ\u00e6iske finaler skal leveres for hver deltager under 18 \u00e5r, som deltager i finalerne.<\/li>\n<li style=\"text-align: justify;\">Det p\u00e5hviler holdets l\u00e6rer-leder at indlevere underskrevne for\u00e6ldresamtykker for alle deres deltagere til arrang\u00f8rerne.<\/li>\n<li style=\"text-align: justify;\">Alle konkurrencevindere p\u00e5 hvert niveau af bed\u00f8mmelse vil blive omfattet af gruppefotografier og m\u00e5 indvilge i at f\u00e5 billeder af deres ansigt offentliggjort p\u00e5 Odysseus-konkurrencens hjemmeside og andre kommunikationsrettede hjemmesider og p\u00e5 trykt kommunikationsmateriale i forbindelse med konkurrencen.<\/li>\n<\/ul>\n","protected":false},"excerpt":{"rendered":"<p>Det p\u00e5hviler holdes l\u00e6rer-leder at levere fuldst\u00e6ndige og korrekte oplysninger om hver deltager p\u00e5 holdet via tilmeldingsformularen p\u00e5 Odysseus II-hjemmesiden. Hver deltager under 18 \u00e5r skal fremvise et underskrevet samtykke fra for\u00e6ldre for at deltage i konkurrencen. Et for\u00e6ldresamtykke for rejse til og deltagelse i regionale og europ\u00e6iske finaler skal leveres for hver deltager under [&hellip;]<\/p>\n","protected":false},"author":1,"featured_media":0,"parent":705,"menu_order":0,"comment_status":"closed","ping_status":"closed","template":"","meta":[],"acf":[],"yoast_head":"<!-- This site is optimized with the Yoast SEO plugin v19.14 - https:\/\/yoast.com\/wordpress\/plugins\/seo\/ -->\n<title>Rettigheder og beskyttelse af mindre\u00e5rige - ODYSSEUS II<\/title>\n<meta name=\"robots\" content=\"index, follow, max-snippet:-1, max-image-preview:large, max-video-preview:-1\" \/>\n<link rel=\"canonical\" href=\"https:\/\/odysseus-contests.eu\/2016\/da\/regler-2\/rettigheder-og-beskyttelse-af-mindrearige\/\" \/>\n<meta property=\"og:locale\" content=\"da_DK\" \/>\n<meta property=\"og:type\" content=\"article\" \/>\n<meta property=\"og:title\" content=\"Rettigheder og beskyttelse af mindre\u00e5rige - ODYSSEUS II\" \/>\n<meta property=\"og:description\" content=\"Det p\u00e5hviler holdes l\u00e6rer-leder at levere fuldst\u00e6ndige og korrekte oplysninger om hver deltager p\u00e5 holdet via tilmeldingsformularen p\u00e5 Odysseus II-hjemmesiden. Hver deltager under 18 \u00e5r skal fremvise et underskrevet samtykke fra for\u00e6ldre for at deltage i konkurrencen. Et for\u00e6ldresamtykke for rejse til og deltagelse i regionale og europ\u00e6iske finaler skal leveres for hver deltager under [&hellip;]\" \/>\n<meta property=\"og:url\" content=\"https:\/\/odysseus-contests.eu\/2016\/da\/regler-2\/rettigheder-og-beskyttelse-af-mindrearige\/\" \/>\n<meta property=\"og:site_name\" content=\"ODYSSEUS II\" \/>\n<meta property=\"article:modified_time\" content=\"2015-07-11T20:33:46+00:00\" \/>\n<meta name=\"twitter:card\" content=\"summary_large_image\" \/>\n<meta name=\"twitter:label1\" content=\"Estimeret l\u00e6setid\" \/>\n\t<meta name=\"twitter:data1\" content=\"1 minut\" \/>\n<script type=\"application\/ld+json\" class=\"yoast-schema-graph\">{\"@context\":\"https:\/\/schema.org\",\"@graph\":[{\"@type\":\"WebPage\",\"@id\":\"https:\/\/odysseus-contests.eu\/2016\/da\/regler-2\/rettigheder-og-beskyttelse-af-mindrearige\/\",\"url\":\"https:\/\/odysseus-contests.eu\/2016\/da\/regler-2\/rettigheder-og-beskyttelse-af-mindrearige\/\",\"name\":\"Rettigheder og beskyttelse af mindre\u00e5rige - ODYSSEUS II\",\"isPartOf\":{\"@id\":\"https:\/\/odysseus-contests.eu\/2016\/de\/#website\"},\"datePublished\":\"2015-06-20T21:30:53+00:00\",\"dateModified\":\"2015-07-11T20:33:46+00:00\",\"breadcrumb\":{\"@id\":\"https:\/\/odysseus-contests.eu\/2016\/da\/regler-2\/rettigheder-og-beskyttelse-af-mindrearige\/#breadcrumb\"},\"inLanguage\":\"da-DK\",\"potentialAction\":[{\"@type\":\"ReadAction\",\"target\":[\"https:\/\/odysseus-contests.eu\/2016\/da\/regler-2\/rettigheder-og-beskyttelse-af-mindrearige\/\"]}]},{\"@type\":\"BreadcrumbList\",\"@id\":\"https:\/\/odysseus-contests.eu\/2016\/da\/regler-2\/rettigheder-og-beskyttelse-af-mindrearige\/#breadcrumb\",\"itemListElement\":[{\"@type\":\"ListItem\",\"position\":1,\"name\":\"Home\",\"item\":\"https:\/\/odysseus-contests.eu\/2016\/da\/\"},{\"@type\":\"ListItem\",\"position\":2,\"name\":\"Regler\",\"item\":\"https:\/\/odysseus-contests.eu\/2016\/da\/regler-2\/\"},{\"@type\":\"ListItem\",\"position\":3,\"name\":\"Rettigheder og beskyttelse af mindre\u00e5rige\"}]},{\"@type\":\"WebSite\",\"@id\":\"https:\/\/odysseus-contests.eu\/2016\/de\/#website\",\"url\":\"https:\/\/odysseus-contests.eu\/2016\/de\/\",\"name\":\"ODYSSEUS II\",\"description\":\"Europ\u00e6isk Rumkonkurrence for Unger\",\"potentialAction\":[{\"@type\":\"SearchAction\",\"target\":{\"@type\":\"EntryPoint\",\"urlTemplate\":\"https:\/\/odysseus-contests.eu\/2016\/de\/?s={search_term_string}\"},\"query-input\":\"required name=search_term_string\"}],\"inLanguage\":\"da-DK\"}]}<\/script>\n<!-- \/ Yoast SEO plugin. -->","yoast_head_json":{"title":"Rettigheder og beskyttelse af mindre\u00e5rige - ODYSSEUS II","robots":{"index":"index","follow":"follow","max-snippet":"max-snippet:-1","max-image-preview":"max-image-preview:large","max-video-preview":"max-video-preview:-1"},"canonical":"https:\/\/odysseus-contests.eu\/2016\/da\/regler-2\/rettigheder-og-beskyttelse-af-mindrearige\/","og_locale":"da_DK","og_type":"article","og_title":"Rettigheder og beskyttelse af mindre\u00e5rige - ODYSSEUS II","og_description":"Det p\u00e5hviler holdes l\u00e6rer-leder at levere fuldst\u00e6ndige og korrekte oplysninger om hver deltager p\u00e5 holdet via tilmeldingsformularen p\u00e5 Odysseus II-hjemmesiden. Hver deltager under 18 \u00e5r skal fremvise et underskrevet samtykke fra for\u00e6ldre for at deltage i konkurrencen. Et for\u00e6ldresamtykke for rejse til og deltagelse i regionale og europ\u00e6iske finaler skal leveres for hver deltager under [&hellip;]","og_url":"https:\/\/odysseus-contests.eu\/2016\/da\/regler-2\/rettigheder-og-beskyttelse-af-mindrearige\/","og_site_name":"ODYSSEUS II","article_modified_time":"2015-07-11T20:33:46+00:00","twitter_card":"summary_large_image","twitter_misc":{"Estimeret l\u00e6setid":"1 minut"},"schema":{"@context":"https:\/\/schema.org","@graph":[{"@type":"WebPage","@id":"https:\/\/odysseus-contests.eu\/2016\/da\/regler-2\/rettigheder-og-beskyttelse-af-mindrearige\/","url":"https:\/\/odysseus-contests.eu\/2016\/da\/regler-2\/rettigheder-og-beskyttelse-af-mindrearige\/","name":"Rettigheder og beskyttelse af mindre\u00e5rige - ODYSSEUS II","isPartOf":{"@id":"https:\/\/odysseus-contests.eu\/2016\/de\/#website"},"datePublished":"2015-06-20T21:30:53+00:00","dateModified":"2015-07-11T20:33:46+00:00","breadcrumb":{"@id":"https:\/\/odysseus-contests.eu\/2016\/da\/regler-2\/rettigheder-og-beskyttelse-af-mindrearige\/#breadcrumb"},"inLanguage":"da-DK","potentialAction":[{"@type":"ReadAction","target":["https:\/\/odysseus-contests.eu\/2016\/da\/regler-2\/rettigheder-og-beskyttelse-af-mindrearige\/"]}]},{"@type":"BreadcrumbList","@id":"https:\/\/odysseus-contests.eu\/2016\/da\/regler-2\/rettigheder-og-beskyttelse-af-mindrearige\/#breadcrumb","itemListElement":[{"@type":"ListItem","position":1,"name":"Home","item":"https:\/\/odysseus-contests.eu\/2016\/da\/"},{"@type":"ListItem","position":2,"name":"Regler","item":"https:\/\/odysseus-contests.eu\/2016\/da\/regler-2\/"},{"@type":"ListItem","position":3,"name":"Rettigheder og beskyttelse af mindre\u00e5rige"}]},{"@type":"WebSite","@id":"https:\/\/odysseus-contests.eu\/2016\/de\/#website","url":"https:\/\/odysseus-contests.eu\/2016\/de\/","name":"ODYSSEUS II","description":"Europ\u00e6isk Rumkonkurrence for Unger","potentialAction":[{"@type":"SearchAction","target":{"@type":"EntryPoint","urlTemplate":"https:\/\/odysseus-contests.eu\/2016\/de\/?s={search_term_string}"},"query-input":"required name=search_term_string"}],"inLanguage":"da-DK"}]}},"_links":{"self":[{"href":"https:\/\/odysseus-contests.eu\/2016\/da\/wp-json\/wp\/v2\/pages\/684"}],"collection":[{"href":"https:\/\/odysseus-contests.eu\/2016\/da\/wp-json\/wp\/v2\/pages"}],"about":[{"href":"https:\/\/odysseus-contests.eu\/2016\/da\/wp-json\/wp\/v2\/types\/page"}],"author":[{"embeddable":true,"href":"https:\/\/odysseus-contests.eu\/2016\/da\/wp-json\/wp\/v2\/users\/1"}],"replies":[{"embeddable":true,"href":"https:\/\/odysseus-contests.eu\/2016\/da\/wp-json\/wp\/v2\/comments?post=684"}],"version-history":[{"count":0,"href":"https:\/\/odysseus-contests.eu\/2016\/da\/wp-json\/wp\/v2\/pages\/684\/revisions"}],"up":[{"embeddable":true,"href":"https:\/\/odysseus-contests.eu\/2016\/da\/wp-json\/wp\/v2\/pages\/705"}],"wp:attachment":[{"href":"https:\/\/odysseus-contests.eu\/2016\/da\/wp-json\/wp\/v2\/media?parent=684"}],"curies":[{"name":"wp","href":"https:\/\/api.w.org\/{rel}","templated":true}]}}