{"id":6730,"date":"2015-12-18T16:56:20","date_gmt":"2015-12-18T13:56:20","guid":{"rendered":"http:\/\/odysseus-contests.eu\/2016\/da\/?page_id=6730"},"modified":"2015-12-18T16:56:20","modified_gmt":"2015-12-18T13:56:20","slug":"den-nordiske-odysseus-semifinale","status":"publish","type":"page","link":"https:\/\/odysseus-contests.eu\/2016\/da\/om-odysseus-konkurrencen\/begivenheder\/begivenhedskalender\/den-nordiske-odysseus-semifinale\/","title":{"rendered":"Den Nordiske Odysseus Semifinale"},"content":{"rendered":"<p>Den Nordiske Odysseus Semifinale \u00a0for Pionerer og Opdagelsesrejsende<br \/>\np\u00e5 Science Talenter, Sor\u00f8, Danmark<br \/>\nS\u00f8ndag den 10.april 2016 til<br \/>\nOnsdag den 13.april 2016<\/p>\n<p>Den nordiske semifinale i Odysseus II konkurrencen foreg\u00e5r p\u00e5 <a href=\"http:\/\/www.sciencetalenter.dk\/da\/\" target=\"_blank\">Science Talenter<\/a> i Sor\u00f8, vest for K\u00f8benhavn. Vinderholdene fra Danmark, Sverige, Norge og Finland deltager i en 4-dags Space Camp p\u00e5 dette M\u00e6rsk Mc-Kinney M\u00f8ller Videncenter med tre overnatninger p\u00e5 Talenthotellet. Her bliver de underholdt og udfordret med opl\u00e6g, aktiviteter og konkurrencer.<\/p>\n<p>Science Talenter er Danmarks f\u00f8rste center for b\u00f8rn og unge med s\u00e6rlig interesse for videnskab og de tekniske fag. Centret arrangerer regelm\u00e6ssige lejrophold for udvalgte elever i grundskole og gymnasiet og har mange \u00e5rs erfaring i at stimulere de unges nysgerrighed, indl\u00e6ring og social kontakt med andre der deler deres interesse.<\/p>\n<p>Ligesom Odysseus-konkurrencen har Science Talenter som prim\u00e6rt form\u00e5l at opmuntre de unge til at v\u00e6lge uddannelser og karrierer indenfor de tekniske og videnskabelige fag.<\/p>\n<p>I dette sp\u00e6ndende og veludstyrede milj\u00f8 vil Odysseus&#8217; nordiske semifinale finde sted. Rejser, forplejning og alle aktiviteterne forbundet med semifinalen betales af konkurrencen b\u00e5de for de nationale vinderhold og for deres vejledere.<\/p>\n<p>Aktiviteterne og opl\u00e6ggene vil blive tilpasset deltagerne fra b\u00e5de folkeskolen, gymnasium og universiteterne.<\/p>\n<p>Programmet inkluderer:<\/p>\n<ul>\n<li>Rumopl\u00e6g af Science Talenters talentambassad\u00f8rer og rumforskere fra <a href=\"http:\/\/www.space.dtu.dk\/\" target=\"_blank\">DTU Space (Institut for Rumforskning og -teknologi)<\/a>:<\/li>\n<li>Carol Anne Oxborrow &#8216;Den Store Gatsby og et hav af fortid&#8217;<\/li>\n<li>Martin B\u00f8dker Enghoff &#8216;Kosmisk str\u00e5ling og kosmisk vejr&#8217;<\/li>\n<li>Odysseus projektfremvisning<\/li>\n<li>Prisoverr\u00e6kkelse til de nordiske vindere<\/li>\n<li>Br\u00e6ndstof til raketter<\/li>\n<li>Raketter og luftraketter<\/li>\n<li>Modelraketter<\/li>\n<li>Solceller<\/li>\n<li>Rum-elevator konkurrence<\/li>\n<li>Lego Mindstorms<\/li>\n<li>Teambuilding<\/li>\n<li>Aftenhygge p\u00e5 hotellet<\/li>\n<li>Diverse sm\u00e5 konkurrencer<\/li>\n<li>K\u00f8rsel p\u00e5 Segway<\/li>\n<li>GPS-l\u00f8b p\u00e5 Akademigrunden<\/li>\n<\/ul>\n<p>Semifinalens sprog bliver engelsk af hensyn til de mange ikke-danske deltagere<\/p>\n<p><a href=\"https:\/\/youtu.be\/dZ2TQrADGUQ\" target=\"_blank\">Se Science Talenters video<\/a><\/p>\n<p>&nbsp;<\/p>\n","protected":false},"excerpt":{"rendered":"<p>Den Nordiske Odysseus Semifinale \u00a0for Pionerer og Opdagelsesrejsende p\u00e5 Science Talenter, Sor\u00f8, Danmark S\u00f8ndag den 10.april 2016 til Onsdag den 13.april 2016 Den nordiske semifinale i Odysseus II konkurrencen foreg\u00e5r p\u00e5 Science Talenter i Sor\u00f8, vest for K\u00f8benhavn. Vinderholdene fra Danmark, Sverige, Norge og Finland deltager i en 4-dags Space Camp p\u00e5 dette M\u00e6rsk Mc-Kinney [&hellip;]<\/p>\n","protected":false},"author":21,"featured_media":6773,"parent":509,"menu_order":0,"comment_status":"closed","ping_status":"closed","template":"","meta":[],"acf":[],"yoast_head":"<!-- This site is optimized with the Yoast SEO plugin v19.14 - https:\/\/yoast.com\/wordpress\/plugins\/seo\/ -->\n<title>Den Nordiske Odysseus Semifinale - ODYSSEUS II<\/title>\n<meta name=\"robots\" content=\"index, follow, max-snippet:-1, max-image-preview:large, max-video-preview:-1\" \/>\n<link rel=\"canonical\" href=\"https:\/\/odysseus-contests.eu\/2016\/da\/om-odysseus-konkurrencen\/begivenheder\/begivenhedskalender\/den-nordiske-odysseus-semifinale\/\" \/>\n<meta property=\"og:locale\" content=\"da_DK\" \/>\n<meta property=\"og:type\" content=\"article\" \/>\n<meta property=\"og:title\" content=\"Den Nordiske Odysseus Semifinale - ODYSSEUS II\" \/>\n<meta property=\"og:description\" content=\"Den Nordiske Odysseus Semifinale \u00a0for Pionerer og Opdagelsesrejsende p\u00e5 Science Talenter, Sor\u00f8, Danmark S\u00f8ndag den 10.april 2016 til Onsdag den 13.april 2016 Den nordiske semifinale i Odysseus II konkurrencen foreg\u00e5r p\u00e5 Science Talenter i Sor\u00f8, vest for K\u00f8benhavn. Vinderholdene fra Danmark, Sverige, Norge og Finland deltager i en 4-dags Space Camp p\u00e5 dette M\u00e6rsk Mc-Kinney [&hellip;]\" \/>\n<meta property=\"og:url\" content=\"https:\/\/odysseus-contests.eu\/2016\/da\/om-odysseus-konkurrencen\/begivenheder\/begivenhedskalender\/den-nordiske-odysseus-semifinale\/\" \/>\n<meta property=\"og:site_name\" content=\"ODYSSEUS II\" \/>\n<meta property=\"og:image\" content=\"https:\/\/odysseus-contests.eu\/2016\/wp-content\/uploads\/2015\/12\/ScienceTalenter_Videncenteret_Narrow_1000px.jpg\" \/>\n\t<meta property=\"og:image:width\" content=\"1000\" \/>\n\t<meta property=\"og:image:height\" content=\"310\" \/>\n\t<meta property=\"og:image:type\" content=\"image\/jpeg\" \/>\n<meta name=\"twitter:card\" content=\"summary_large_image\" \/>\n<meta name=\"twitter:label1\" content=\"Estimeret l\u00e6setid\" \/>\n\t<meta name=\"twitter:data1\" content=\"2 minutter\" \/>\n<script type=\"application\/ld+json\" class=\"yoast-schema-graph\">{\"@context\":\"https:\/\/schema.org\",\"@graph\":[{\"@type\":\"WebPage\",\"@id\":\"https:\/\/odysseus-contests.eu\/2016\/da\/om-odysseus-konkurrencen\/begivenheder\/begivenhedskalender\/den-nordiske-odysseus-semifinale\/\",\"url\":\"https:\/\/odysseus-contests.eu\/2016\/da\/om-odysseus-konkurrencen\/begivenheder\/begivenhedskalender\/den-nordiske-odysseus-semifinale\/\",\"name\":\"Den Nordiske Odysseus Semifinale - ODYSSEUS II\",\"isPartOf\":{\"@id\":\"https:\/\/odysseus-contests.eu\/2016\/de\/#website\"},\"datePublished\":\"2015-12-18T13:56:20+00:00\",\"dateModified\":\"2015-12-18T13:56:20+00:00\",\"breadcrumb\":{\"@id\":\"https:\/\/odysseus-contests.eu\/2016\/da\/om-odysseus-konkurrencen\/begivenheder\/begivenhedskalender\/den-nordiske-odysseus-semifinale\/#breadcrumb\"},\"inLanguage\":\"da-DK\",\"potentialAction\":[{\"@type\":\"ReadAction\",\"target\":[\"https:\/\/odysseus-contests.eu\/2016\/da\/om-odysseus-konkurrencen\/begivenheder\/begivenhedskalender\/den-nordiske-odysseus-semifinale\/\"]}]},{\"@type\":\"BreadcrumbList\",\"@id\":\"https:\/\/odysseus-contests.eu\/2016\/da\/om-odysseus-konkurrencen\/begivenheder\/begivenhedskalender\/den-nordiske-odysseus-semifinale\/#breadcrumb\",\"itemListElement\":[{\"@type\":\"ListItem\",\"position\":1,\"name\":\"Home\",\"item\":\"https:\/\/odysseus-contests.eu\/2016\/da\/\"},{\"@type\":\"ListItem\",\"position\":2,\"name\":\"Om Odysseus-konkurrencen\",\"item\":\"https:\/\/odysseus-contests.eu\/2016\/da\/om-odysseus-konkurrencen\/\"},{\"@type\":\"ListItem\",\"position\":3,\"name\":\"Begivenheder\",\"item\":\"https:\/\/odysseus-contests.eu\/2016\/da\/om-odysseus-konkurrencen\/begivenheder\/\"},{\"@type\":\"ListItem\",\"position\":4,\"name\":\"Begivenhedskalender\",\"item\":\"https:\/\/odysseus-contests.eu\/2016\/da\/om-odysseus-konkurrencen\/begivenheder\/begivenhedskalender\/\"},{\"@type\":\"ListItem\",\"position\":5,\"name\":\"Den Nordiske Odysseus Semifinale\"}]},{\"@type\":\"WebSite\",\"@id\":\"https:\/\/odysseus-contests.eu\/2016\/de\/#website\",\"url\":\"https:\/\/odysseus-contests.eu\/2016\/de\/\",\"name\":\"ODYSSEUS II\",\"description\":\"Europ\u00e6isk Rumkonkurrence for Unger\",\"potentialAction\":[{\"@type\":\"SearchAction\",\"target\":{\"@type\":\"EntryPoint\",\"urlTemplate\":\"https:\/\/odysseus-contests.eu\/2016\/de\/?s={search_term_string}\"},\"query-input\":\"required name=search_term_string\"}],\"inLanguage\":\"da-DK\"}]}<\/script>\n<!-- \/ Yoast SEO plugin. -->","yoast_head_json":{"title":"Den Nordiske Odysseus Semifinale - ODYSSEUS II","robots":{"index":"index","follow":"follow","max-snippet":"max-snippet:-1","max-image-preview":"max-image-preview:large","max-video-preview":"max-video-preview:-1"},"canonical":"https:\/\/odysseus-contests.eu\/2016\/da\/om-odysseus-konkurrencen\/begivenheder\/begivenhedskalender\/den-nordiske-odysseus-semifinale\/","og_locale":"da_DK","og_type":"article","og_title":"Den Nordiske Odysseus Semifinale - ODYSSEUS II","og_description":"Den Nordiske Odysseus Semifinale \u00a0for Pionerer og Opdagelsesrejsende p\u00e5 Science Talenter, Sor\u00f8, Danmark S\u00f8ndag den 10.april 2016 til Onsdag den 13.april 2016 Den nordiske semifinale i Odysseus II konkurrencen foreg\u00e5r p\u00e5 Science Talenter i Sor\u00f8, vest for K\u00f8benhavn. Vinderholdene fra Danmark, Sverige, Norge og Finland deltager i en 4-dags Space Camp p\u00e5 dette M\u00e6rsk Mc-Kinney [&hellip;]","og_url":"https:\/\/odysseus-contests.eu\/2016\/da\/om-odysseus-konkurrencen\/begivenheder\/begivenhedskalender\/den-nordiske-odysseus-semifinale\/","og_site_name":"ODYSSEUS II","og_image":[{"width":1000,"height":310,"url":"https:\/\/odysseus-contests.eu\/2016\/wp-content\/uploads\/2015\/12\/ScienceTalenter_Videncenteret_Narrow_1000px.jpg","type":"image\/jpeg"}],"twitter_card":"summary_large_image","twitter_misc":{"Estimeret l\u00e6setid":"2 minutter"},"schema":{"@context":"https:\/\/schema.org","@graph":[{"@type":"WebPage","@id":"https:\/\/odysseus-contests.eu\/2016\/da\/om-odysseus-konkurrencen\/begivenheder\/begivenhedskalender\/den-nordiske-odysseus-semifinale\/","url":"https:\/\/odysseus-contests.eu\/2016\/da\/om-odysseus-konkurrencen\/begivenheder\/begivenhedskalender\/den-nordiske-odysseus-semifinale\/","name":"Den Nordiske Odysseus Semifinale - ODYSSEUS II","isPartOf":{"@id":"https:\/\/odysseus-contests.eu\/2016\/de\/#website"},"datePublished":"2015-12-18T13:56:20+00:00","dateModified":"2015-12-18T13:56:20+00:00","breadcrumb":{"@id":"https:\/\/odysseus-contests.eu\/2016\/da\/om-odysseus-konkurrencen\/begivenheder\/begivenhedskalender\/den-nordiske-odysseus-semifinale\/#breadcrumb"},"inLanguage":"da-DK","potentialAction":[{"@type":"ReadAction","target":["https:\/\/odysseus-contests.eu\/2016\/da\/om-odysseus-konkurrencen\/begivenheder\/begivenhedskalender\/den-nordiske-odysseus-semifinale\/"]}]},{"@type":"BreadcrumbList","@id":"https:\/\/odysseus-contests.eu\/2016\/da\/om-odysseus-konkurrencen\/begivenheder\/begivenhedskalender\/den-nordiske-odysseus-semifinale\/#breadcrumb","itemListElement":[{"@type":"ListItem","position":1,"name":"Home","item":"https:\/\/odysseus-contests.eu\/2016\/da\/"},{"@type":"ListItem","position":2,"name":"Om Odysseus-konkurrencen","item":"https:\/\/odysseus-contests.eu\/2016\/da\/om-odysseus-konkurrencen\/"},{"@type":"ListItem","position":3,"name":"Begivenheder","item":"https:\/\/odysseus-contests.eu\/2016\/da\/om-odysseus-konkurrencen\/begivenheder\/"},{"@type":"ListItem","position":4,"name":"Begivenhedskalender","item":"https:\/\/odysseus-contests.eu\/2016\/da\/om-odysseus-konkurrencen\/begivenheder\/begivenhedskalender\/"},{"@type":"ListItem","position":5,"name":"Den Nordiske Odysseus Semifinale"}]},{"@type":"WebSite","@id":"https:\/\/odysseus-contests.eu\/2016\/de\/#website","url":"https:\/\/odysseus-contests.eu\/2016\/de\/","name":"ODYSSEUS II","description":"Europ\u00e6isk Rumkonkurrence for Unger","potentialAction":[{"@type":"SearchAction","target":{"@type":"EntryPoint","urlTemplate":"https:\/\/odysseus-contests.eu\/2016\/de\/?s={search_term_string}"},"query-input":"required name=search_term_string"}],"inLanguage":"da-DK"}]}},"_links":{"self":[{"href":"https:\/\/odysseus-contests.eu\/2016\/da\/wp-json\/wp\/v2\/pages\/6730"}],"collection":[{"href":"https:\/\/odysseus-contests.eu\/2016\/da\/wp-json\/wp\/v2\/pages"}],"about":[{"href":"https:\/\/odysseus-contests.eu\/2016\/da\/wp-json\/wp\/v2\/types\/page"}],"author":[{"embeddable":true,"href":"https:\/\/odysseus-contests.eu\/2016\/da\/wp-json\/wp\/v2\/users\/21"}],"replies":[{"embeddable":true,"href":"https:\/\/odysseus-contests.eu\/2016\/da\/wp-json\/wp\/v2\/comments?post=6730"}],"version-history":[{"count":4,"href":"https:\/\/odysseus-contests.eu\/2016\/da\/wp-json\/wp\/v2\/pages\/6730\/revisions"}],"predecessor-version":[{"id":6790,"href":"https:\/\/odysseus-contests.eu\/2016\/da\/wp-json\/wp\/v2\/pages\/6730\/revisions\/6790"}],"up":[{"embeddable":true,"href":"https:\/\/odysseus-contests.eu\/2016\/da\/wp-json\/wp\/v2\/pages\/509"}],"wp:featuredmedia":[{"embeddable":true,"href":"https:\/\/odysseus-contests.eu\/2016\/da\/wp-json\/wp\/v2\/media\/6773"}],"wp:attachment":[{"href":"https:\/\/odysseus-contests.eu\/2016\/da\/wp-json\/wp\/v2\/media?parent=6730"}],"curies":[{"name":"wp","href":"https:\/\/api.w.org\/{rel}","templated":true}]}}