{"id":661,"date":"2015-06-20T23:57:42","date_gmt":"2015-06-20T20:57:42","guid":{"rendered":"http:\/\/odysseus-contests.eu\/2016\/?page_id=661"},"modified":"2015-12-18T18:25:16","modified_gmt":"2015-12-18T15:25:16","slug":"pioner-kategori","status":"publish","type":"page","link":"https:\/\/odysseus-contests.eu\/2016\/da\/praemier-2\/pioner-kategori\/","title":{"rendered":"Pioner-kategori"},"content":{"rendered":"<p style=\"text-align: justify;\"><em><u>F\u00f8rstepr\u00e6mie:<\/u><\/em><\/p>\n<ul style=\"text-align: justify;\">\n<li>Tur til Guyana Space Centre (flybilletter, hotelophold, m\u00e5ltider, forsikring, deltagelse i begivenheder, bes\u00f8g og guidede ture til rumfartscentret og andre attraktioner for alle holdmedlemmer og deres l\u00e6rer-leder).<\/li>\n<li>\u201cEurop\u00e6isk Ungdoms Rumambassad\u00f8r\u201d- diplom.<\/li>\n<\/ul>\n<p style=\"text-align: justify;\"><em><u>Finalister:<\/u><\/em><\/p>\n<ul style=\"text-align: justify;\">\n<li>Et h\u00f8jkvalitets it-teleskop (Celestron Nexstar) til hvert medlem af de 10 finalehold \u2013 vindere af de regionale semifinaler.<\/li>\n<li>Rejse til stedet for den internationale finale (rejseudgifter, hotelophold, m\u00e5ltider, forsikring, bes\u00f8g og deltagelse i begivenheder for alle holdmedlemmer og deres l\u00e6rer-leder).<\/li>\n<\/ul>\n<p style=\"text-align: justify;\"><em><u>Nationale vindere: <\/u><\/em><\/p>\n<ul style=\"text-align: justify;\">\n<li>De nationale vindere fra de fire nordiske lande, Danmark, Sverige, Norge og Finland, \u00a0f\u00e5r en gratis tur til <a href=\"http:\/\/odysseus-contests.eu\/2016\/da\/om-odysseus-konkurrencen\/begivenheder\/begivenhedskalender\/den-nordiske-odysseus-semifinale\/\">den nordiske semifinale<\/a> der holdes som Space Camp hos <a href=\"http:\/\/www.sciencetalenter.dk\/da\/\" target=\"_blank\">Science Talenter<\/a> i Sor\u00f8, den 10. april til og med den 13. april 2016.<\/li>\n<li>Rejse til stedet for den regionale semifinale\u00a0(rejseudgifter, hotelophold, m\u00e5ltider, forsikring, bes\u00f8g og deltagelse i begivenheder for alle holdmedlemmer og deres l\u00e6rer-leder).<\/li>\n<li>Odysseus-konkurrences\u00e6t.<\/li>\n<\/ul>\n","protected":false},"excerpt":{"rendered":"<p>F\u00f8rstepr\u00e6mie: Tur til Guyana Space Centre (flybilletter, hotelophold, m\u00e5ltider, forsikring, deltagelse i begivenheder, bes\u00f8g og guidede ture til rumfartscentret og andre attraktioner for alle holdmedlemmer og deres l\u00e6rer-leder). \u201cEurop\u00e6isk Ungdoms Rumambassad\u00f8r\u201d- diplom. Finalister: Et h\u00f8jkvalitets it-teleskop (Celestron Nexstar) til hvert medlem af de 10 finalehold \u2013 vindere af de regionale semifinaler. Rejse til stedet for [&hellip;]<\/p>\n","protected":false},"author":1,"featured_media":663,"parent":664,"menu_order":0,"comment_status":"closed","ping_status":"closed","template":"","meta":[],"acf":[],"yoast_head":"<!-- This site is optimized with the Yoast SEO plugin v19.14 - https:\/\/yoast.com\/wordpress\/plugins\/seo\/ -->\n<title>Pioner-kategori - ODYSSEUS II<\/title>\n<meta name=\"robots\" content=\"index, follow, max-snippet:-1, max-image-preview:large, max-video-preview:-1\" \/>\n<link rel=\"canonical\" href=\"https:\/\/odysseus-contests.eu\/2016\/da\/praemier-2\/pioner-kategori\/\" \/>\n<meta property=\"og:locale\" content=\"da_DK\" \/>\n<meta property=\"og:type\" content=\"article\" \/>\n<meta property=\"og:title\" content=\"Pioner-kategori - ODYSSEUS II\" \/>\n<meta property=\"og:description\" content=\"F\u00f8rstepr\u00e6mie: Tur til Guyana Space Centre (flybilletter, hotelophold, m\u00e5ltider, forsikring, deltagelse i begivenheder, bes\u00f8g og guidede ture til rumfartscentret og andre attraktioner for alle holdmedlemmer og deres l\u00e6rer-leder). \u201cEurop\u00e6isk Ungdoms Rumambassad\u00f8r\u201d- diplom. Finalister: Et h\u00f8jkvalitets it-teleskop (Celestron Nexstar) til hvert medlem af de 10 finalehold \u2013 vindere af de regionale semifinaler. Rejse til stedet for [&hellip;]\" \/>\n<meta property=\"og:url\" content=\"https:\/\/odysseus-contests.eu\/2016\/da\/praemier-2\/pioner-kategori\/\" \/>\n<meta property=\"og:site_name\" content=\"ODYSSEUS II\" \/>\n<meta property=\"article:modified_time\" content=\"2015-12-18T15:25:16+00:00\" \/>\n<meta property=\"og:image\" content=\"https:\/\/odysseus-contests.eu\/2016\/wp-content\/uploads\/2015\/05\/about-prizes-pioneers-main.jpg\" \/>\n\t<meta property=\"og:image:width\" content=\"1920\" \/>\n\t<meta property=\"og:image:height\" content=\"666\" \/>\n\t<meta property=\"og:image:type\" content=\"image\/jpeg\" \/>\n<meta name=\"twitter:card\" content=\"summary_large_image\" \/>\n<meta name=\"twitter:label1\" content=\"Estimeret l\u00e6setid\" \/>\n\t<meta name=\"twitter:data1\" content=\"1 minut\" \/>\n<script type=\"application\/ld+json\" class=\"yoast-schema-graph\">{\"@context\":\"https:\/\/schema.org\",\"@graph\":[{\"@type\":\"WebPage\",\"@id\":\"https:\/\/odysseus-contests.eu\/2016\/da\/praemier-2\/pioner-kategori\/\",\"url\":\"https:\/\/odysseus-contests.eu\/2016\/da\/praemier-2\/pioner-kategori\/\",\"name\":\"Pioner-kategori - ODYSSEUS II\",\"isPartOf\":{\"@id\":\"https:\/\/odysseus-contests.eu\/2016\/de\/#website\"},\"datePublished\":\"2015-06-20T20:57:42+00:00\",\"dateModified\":\"2015-12-18T15:25:16+00:00\",\"breadcrumb\":{\"@id\":\"https:\/\/odysseus-contests.eu\/2016\/da\/praemier-2\/pioner-kategori\/#breadcrumb\"},\"inLanguage\":\"da-DK\",\"potentialAction\":[{\"@type\":\"ReadAction\",\"target\":[\"https:\/\/odysseus-contests.eu\/2016\/da\/praemier-2\/pioner-kategori\/\"]}]},{\"@type\":\"BreadcrumbList\",\"@id\":\"https:\/\/odysseus-contests.eu\/2016\/da\/praemier-2\/pioner-kategori\/#breadcrumb\",\"itemListElement\":[{\"@type\":\"ListItem\",\"position\":1,\"name\":\"Home\",\"item\":\"https:\/\/odysseus-contests.eu\/2016\/da\/\"},{\"@type\":\"ListItem\",\"position\":2,\"name\":\"Pr\u00e6mier\",\"item\":\"https:\/\/odysseus-contests.eu\/2016\/da\/praemier-2\/\"},{\"@type\":\"ListItem\",\"position\":3,\"name\":\"Pioner-kategori\"}]},{\"@type\":\"WebSite\",\"@id\":\"https:\/\/odysseus-contests.eu\/2016\/de\/#website\",\"url\":\"https:\/\/odysseus-contests.eu\/2016\/de\/\",\"name\":\"ODYSSEUS II\",\"description\":\"Europ\u00e6isk Rumkonkurrence for Unger\",\"potentialAction\":[{\"@type\":\"SearchAction\",\"target\":{\"@type\":\"EntryPoint\",\"urlTemplate\":\"https:\/\/odysseus-contests.eu\/2016\/de\/?s={search_term_string}\"},\"query-input\":\"required name=search_term_string\"}],\"inLanguage\":\"da-DK\"}]}<\/script>\n<!-- \/ Yoast SEO plugin. -->","yoast_head_json":{"title":"Pioner-kategori - ODYSSEUS II","robots":{"index":"index","follow":"follow","max-snippet":"max-snippet:-1","max-image-preview":"max-image-preview:large","max-video-preview":"max-video-preview:-1"},"canonical":"https:\/\/odysseus-contests.eu\/2016\/da\/praemier-2\/pioner-kategori\/","og_locale":"da_DK","og_type":"article","og_title":"Pioner-kategori - ODYSSEUS II","og_description":"F\u00f8rstepr\u00e6mie: Tur til Guyana Space Centre (flybilletter, hotelophold, m\u00e5ltider, forsikring, deltagelse i begivenheder, bes\u00f8g og guidede ture til rumfartscentret og andre attraktioner for alle holdmedlemmer og deres l\u00e6rer-leder). \u201cEurop\u00e6isk Ungdoms Rumambassad\u00f8r\u201d- diplom. Finalister: Et h\u00f8jkvalitets it-teleskop (Celestron Nexstar) til hvert medlem af de 10 finalehold \u2013 vindere af de regionale semifinaler. Rejse til stedet for [&hellip;]","og_url":"https:\/\/odysseus-contests.eu\/2016\/da\/praemier-2\/pioner-kategori\/","og_site_name":"ODYSSEUS II","article_modified_time":"2015-12-18T15:25:16+00:00","og_image":[{"width":1920,"height":666,"url":"https:\/\/odysseus-contests.eu\/2016\/wp-content\/uploads\/2015\/05\/about-prizes-pioneers-main.jpg","type":"image\/jpeg"}],"twitter_card":"summary_large_image","twitter_misc":{"Estimeret l\u00e6setid":"1 minut"},"schema":{"@context":"https:\/\/schema.org","@graph":[{"@type":"WebPage","@id":"https:\/\/odysseus-contests.eu\/2016\/da\/praemier-2\/pioner-kategori\/","url":"https:\/\/odysseus-contests.eu\/2016\/da\/praemier-2\/pioner-kategori\/","name":"Pioner-kategori - ODYSSEUS II","isPartOf":{"@id":"https:\/\/odysseus-contests.eu\/2016\/de\/#website"},"datePublished":"2015-06-20T20:57:42+00:00","dateModified":"2015-12-18T15:25:16+00:00","breadcrumb":{"@id":"https:\/\/odysseus-contests.eu\/2016\/da\/praemier-2\/pioner-kategori\/#breadcrumb"},"inLanguage":"da-DK","potentialAction":[{"@type":"ReadAction","target":["https:\/\/odysseus-contests.eu\/2016\/da\/praemier-2\/pioner-kategori\/"]}]},{"@type":"BreadcrumbList","@id":"https:\/\/odysseus-contests.eu\/2016\/da\/praemier-2\/pioner-kategori\/#breadcrumb","itemListElement":[{"@type":"ListItem","position":1,"name":"Home","item":"https:\/\/odysseus-contests.eu\/2016\/da\/"},{"@type":"ListItem","position":2,"name":"Pr\u00e6mier","item":"https:\/\/odysseus-contests.eu\/2016\/da\/praemier-2\/"},{"@type":"ListItem","position":3,"name":"Pioner-kategori"}]},{"@type":"WebSite","@id":"https:\/\/odysseus-contests.eu\/2016\/de\/#website","url":"https:\/\/odysseus-contests.eu\/2016\/de\/","name":"ODYSSEUS II","description":"Europ\u00e6isk Rumkonkurrence for Unger","potentialAction":[{"@type":"SearchAction","target":{"@type":"EntryPoint","urlTemplate":"https:\/\/odysseus-contests.eu\/2016\/de\/?s={search_term_string}"},"query-input":"required name=search_term_string"}],"inLanguage":"da-DK"}]}},"_links":{"self":[{"href":"https:\/\/odysseus-contests.eu\/2016\/da\/wp-json\/wp\/v2\/pages\/661"}],"collection":[{"href":"https:\/\/odysseus-contests.eu\/2016\/da\/wp-json\/wp\/v2\/pages"}],"about":[{"href":"https:\/\/odysseus-contests.eu\/2016\/da\/wp-json\/wp\/v2\/types\/page"}],"author":[{"embeddable":true,"href":"https:\/\/odysseus-contests.eu\/2016\/da\/wp-json\/wp\/v2\/users\/1"}],"replies":[{"embeddable":true,"href":"https:\/\/odysseus-contests.eu\/2016\/da\/wp-json\/wp\/v2\/comments?post=661"}],"version-history":[{"count":1,"href":"https:\/\/odysseus-contests.eu\/2016\/da\/wp-json\/wp\/v2\/pages\/661\/revisions"}],"predecessor-version":[{"id":6814,"href":"https:\/\/odysseus-contests.eu\/2016\/da\/wp-json\/wp\/v2\/pages\/661\/revisions\/6814"}],"up":[{"embeddable":true,"href":"https:\/\/odysseus-contests.eu\/2016\/da\/wp-json\/wp\/v2\/pages\/664"}],"wp:featuredmedia":[{"embeddable":true,"href":"https:\/\/odysseus-contests.eu\/2016\/da\/wp-json\/wp\/v2\/media\/663"}],"wp:attachment":[{"href":"https:\/\/odysseus-contests.eu\/2016\/da\/wp-json\/wp\/v2\/media?parent=661"}],"curies":[{"name":"wp","href":"https:\/\/api.w.org\/{rel}","templated":true}]}}