{"id":655,"date":"2015-06-20T23:54:24","date_gmt":"2015-06-20T20:54:24","guid":{"rendered":"http:\/\/odysseus-contests.eu\/2016\/?page_id=655"},"modified":"2015-07-11T23:37:43","modified_gmt":"2015-07-11T20:37:43","slug":"skyvandrer-kategori-junior-senior","status":"publish","type":"page","link":"https:\/\/odysseus-contests.eu\/2016\/da\/praemier-2\/skyvandrer-kategori-junior-senior\/","title":{"rendered":"Skyvandrer-kategori"},"content":{"rendered":"<p><em><u>F\u00f8rstepr\u00e6mie<\/u><\/em><em><u>: <\/u><\/em><\/p>\n<ul>\n<li>iPad Air 2 og rumrelaterede e-b\u00f8ger og programmer.<\/li>\n<li>\u201cEurop\u00e6isk Ungdoms Rumambassad\u00f8r\u201d- diplom.<\/li>\n<\/ul>\n<p><em><u>Nationale vindere: <\/u><\/em><\/p>\n<ul>\n<li>Raketsamles\u00e6t.<\/li>\n<li>Vindermedaljon<\/li>\n<\/ul>\n","protected":false},"excerpt":{"rendered":"<p>F\u00f8rstepr\u00e6mie: iPad Air 2 og rumrelaterede e-b\u00f8ger og programmer. \u201cEurop\u00e6isk Ungdoms Rumambassad\u00f8r\u201d- diplom. Nationale vindere: Raketsamles\u00e6t. Vindermedaljon<\/p>\n","protected":false},"author":1,"featured_media":657,"parent":664,"menu_order":0,"comment_status":"closed","ping_status":"closed","template":"","meta":[],"acf":[],"yoast_head":"<!-- This site is optimized with the Yoast SEO plugin v19.14 - https:\/\/yoast.com\/wordpress\/plugins\/seo\/ -->\n<title>Skyvandrer-kategori - ODYSSEUS II<\/title>\n<meta name=\"robots\" content=\"index, follow, max-snippet:-1, max-image-preview:large, max-video-preview:-1\" \/>\n<link rel=\"canonical\" href=\"https:\/\/odysseus-contests.eu\/2016\/da\/praemier-2\/skyvandrer-kategori-junior-senior\/\" \/>\n<meta property=\"og:locale\" content=\"da_DK\" \/>\n<meta property=\"og:type\" content=\"article\" \/>\n<meta property=\"og:title\" content=\"Skyvandrer-kategori - ODYSSEUS II\" \/>\n<meta property=\"og:description\" content=\"F\u00f8rstepr\u00e6mie: iPad Air 2 og rumrelaterede e-b\u00f8ger og programmer. \u201cEurop\u00e6isk Ungdoms Rumambassad\u00f8r\u201d- diplom. Nationale vindere: Raketsamles\u00e6t. Vindermedaljon\" \/>\n<meta property=\"og:url\" content=\"https:\/\/odysseus-contests.eu\/2016\/da\/praemier-2\/skyvandrer-kategori-junior-senior\/\" \/>\n<meta property=\"og:site_name\" content=\"ODYSSEUS II\" \/>\n<meta property=\"article:modified_time\" content=\"2015-07-11T20:37:43+00:00\" \/>\n<meta property=\"og:image\" content=\"https:\/\/odysseus-contests.eu\/2016\/wp-content\/uploads\/2015\/05\/about-prizes-skywalkers-main.jpg\" \/>\n\t<meta property=\"og:image:width\" content=\"1920\" \/>\n\t<meta property=\"og:image:height\" content=\"666\" \/>\n\t<meta property=\"og:image:type\" content=\"image\/jpeg\" \/>\n<meta name=\"twitter:card\" content=\"summary_large_image\" \/>\n<script type=\"application\/ld+json\" class=\"yoast-schema-graph\">{\"@context\":\"https:\/\/schema.org\",\"@graph\":[{\"@type\":\"WebPage\",\"@id\":\"https:\/\/odysseus-contests.eu\/2016\/da\/praemier-2\/skyvandrer-kategori-junior-senior\/\",\"url\":\"https:\/\/odysseus-contests.eu\/2016\/da\/praemier-2\/skyvandrer-kategori-junior-senior\/\",\"name\":\"Skyvandrer-kategori - ODYSSEUS II\",\"isPartOf\":{\"@id\":\"https:\/\/odysseus-contests.eu\/2016\/de\/#website\"},\"datePublished\":\"2015-06-20T20:54:24+00:00\",\"dateModified\":\"2015-07-11T20:37:43+00:00\",\"breadcrumb\":{\"@id\":\"https:\/\/odysseus-contests.eu\/2016\/da\/praemier-2\/skyvandrer-kategori-junior-senior\/#breadcrumb\"},\"inLanguage\":\"da-DK\",\"potentialAction\":[{\"@type\":\"ReadAction\",\"target\":[\"https:\/\/odysseus-contests.eu\/2016\/da\/praemier-2\/skyvandrer-kategori-junior-senior\/\"]}]},{\"@type\":\"BreadcrumbList\",\"@id\":\"https:\/\/odysseus-contests.eu\/2016\/da\/praemier-2\/skyvandrer-kategori-junior-senior\/#breadcrumb\",\"itemListElement\":[{\"@type\":\"ListItem\",\"position\":1,\"name\":\"Home\",\"item\":\"https:\/\/odysseus-contests.eu\/2016\/da\/\"},{\"@type\":\"ListItem\",\"position\":2,\"name\":\"Pr\u00e6mier\",\"item\":\"https:\/\/odysseus-contests.eu\/2016\/da\/praemier-2\/\"},{\"@type\":\"ListItem\",\"position\":3,\"name\":\"Skyvandrer-kategori\"}]},{\"@type\":\"WebSite\",\"@id\":\"https:\/\/odysseus-contests.eu\/2016\/de\/#website\",\"url\":\"https:\/\/odysseus-contests.eu\/2016\/de\/\",\"name\":\"ODYSSEUS II\",\"description\":\"Europ\u00e6isk Rumkonkurrence for Unger\",\"potentialAction\":[{\"@type\":\"SearchAction\",\"target\":{\"@type\":\"EntryPoint\",\"urlTemplate\":\"https:\/\/odysseus-contests.eu\/2016\/de\/?s={search_term_string}\"},\"query-input\":\"required name=search_term_string\"}],\"inLanguage\":\"da-DK\"}]}<\/script>\n<!-- \/ Yoast SEO plugin. -->","yoast_head_json":{"title":"Skyvandrer-kategori - ODYSSEUS II","robots":{"index":"index","follow":"follow","max-snippet":"max-snippet:-1","max-image-preview":"max-image-preview:large","max-video-preview":"max-video-preview:-1"},"canonical":"https:\/\/odysseus-contests.eu\/2016\/da\/praemier-2\/skyvandrer-kategori-junior-senior\/","og_locale":"da_DK","og_type":"article","og_title":"Skyvandrer-kategori - ODYSSEUS II","og_description":"F\u00f8rstepr\u00e6mie: iPad Air 2 og rumrelaterede e-b\u00f8ger og programmer. \u201cEurop\u00e6isk Ungdoms Rumambassad\u00f8r\u201d- diplom. Nationale vindere: Raketsamles\u00e6t. Vindermedaljon","og_url":"https:\/\/odysseus-contests.eu\/2016\/da\/praemier-2\/skyvandrer-kategori-junior-senior\/","og_site_name":"ODYSSEUS II","article_modified_time":"2015-07-11T20:37:43+00:00","og_image":[{"width":1920,"height":666,"url":"https:\/\/odysseus-contests.eu\/2016\/wp-content\/uploads\/2015\/05\/about-prizes-skywalkers-main.jpg","type":"image\/jpeg"}],"twitter_card":"summary_large_image","schema":{"@context":"https:\/\/schema.org","@graph":[{"@type":"WebPage","@id":"https:\/\/odysseus-contests.eu\/2016\/da\/praemier-2\/skyvandrer-kategori-junior-senior\/","url":"https:\/\/odysseus-contests.eu\/2016\/da\/praemier-2\/skyvandrer-kategori-junior-senior\/","name":"Skyvandrer-kategori - ODYSSEUS II","isPartOf":{"@id":"https:\/\/odysseus-contests.eu\/2016\/de\/#website"},"datePublished":"2015-06-20T20:54:24+00:00","dateModified":"2015-07-11T20:37:43+00:00","breadcrumb":{"@id":"https:\/\/odysseus-contests.eu\/2016\/da\/praemier-2\/skyvandrer-kategori-junior-senior\/#breadcrumb"},"inLanguage":"da-DK","potentialAction":[{"@type":"ReadAction","target":["https:\/\/odysseus-contests.eu\/2016\/da\/praemier-2\/skyvandrer-kategori-junior-senior\/"]}]},{"@type":"BreadcrumbList","@id":"https:\/\/odysseus-contests.eu\/2016\/da\/praemier-2\/skyvandrer-kategori-junior-senior\/#breadcrumb","itemListElement":[{"@type":"ListItem","position":1,"name":"Home","item":"https:\/\/odysseus-contests.eu\/2016\/da\/"},{"@type":"ListItem","position":2,"name":"Pr\u00e6mier","item":"https:\/\/odysseus-contests.eu\/2016\/da\/praemier-2\/"},{"@type":"ListItem","position":3,"name":"Skyvandrer-kategori"}]},{"@type":"WebSite","@id":"https:\/\/odysseus-contests.eu\/2016\/de\/#website","url":"https:\/\/odysseus-contests.eu\/2016\/de\/","name":"ODYSSEUS II","description":"Europ\u00e6isk Rumkonkurrence for Unger","potentialAction":[{"@type":"SearchAction","target":{"@type":"EntryPoint","urlTemplate":"https:\/\/odysseus-contests.eu\/2016\/de\/?s={search_term_string}"},"query-input":"required name=search_term_string"}],"inLanguage":"da-DK"}]}},"_links":{"self":[{"href":"https:\/\/odysseus-contests.eu\/2016\/da\/wp-json\/wp\/v2\/pages\/655"}],"collection":[{"href":"https:\/\/odysseus-contests.eu\/2016\/da\/wp-json\/wp\/v2\/pages"}],"about":[{"href":"https:\/\/odysseus-contests.eu\/2016\/da\/wp-json\/wp\/v2\/types\/page"}],"author":[{"embeddable":true,"href":"https:\/\/odysseus-contests.eu\/2016\/da\/wp-json\/wp\/v2\/users\/1"}],"replies":[{"embeddable":true,"href":"https:\/\/odysseus-contests.eu\/2016\/da\/wp-json\/wp\/v2\/comments?post=655"}],"version-history":[{"count":0,"href":"https:\/\/odysseus-contests.eu\/2016\/da\/wp-json\/wp\/v2\/pages\/655\/revisions"}],"up":[{"embeddable":true,"href":"https:\/\/odysseus-contests.eu\/2016\/da\/wp-json\/wp\/v2\/pages\/664"}],"wp:featuredmedia":[{"embeddable":true,"href":"https:\/\/odysseus-contests.eu\/2016\/da\/wp-json\/wp\/v2\/media\/657"}],"wp:attachment":[{"href":"https:\/\/odysseus-contests.eu\/2016\/da\/wp-json\/wp\/v2\/media?parent=655"}],"curies":[{"name":"wp","href":"https:\/\/api.w.org\/{rel}","templated":true}]}}