{"id":649,"date":"2015-06-20T23:49:57","date_gmt":"2015-06-20T20:49:57","guid":{"rendered":"http:\/\/odysseus-contests.eu\/2016\/?page_id=649"},"modified":"2015-07-11T23:13:03","modified_gmt":"2015-07-11T20:13:03","slug":"tilmelding","status":"publish","type":"page","link":"https:\/\/odysseus-contests.eu\/2016\/da\/regler-2\/tilmelding\/","title":{"rendered":"Tilmelding"},"content":{"rendered":"<ul>\n<li style=\"text-align: justify;\">Tilmelding til Odysseus II-konkurrencen kan kun ske via den officielle hjemmeside for Odysseus II-konkurrencen: <a href=\"http:\/\/www.odysseus-contest.eu\" target=\"_blank\">www.odysseus-contest.eu<\/a><\/li>\n<li style=\"text-align: justify;\">Tilmeldingsperioden er fra den 1. september 2015 til den 15. januar 2016.<\/li>\n<li style=\"text-align: justify;\">N\u00e5r man tilmelder sig til at deltage p\u00e5 Odysseus-konkurrencens hjemmeside, godkender alle deltagere og l\u00e6rere-ledere konkurrencens regler, som de er pr\u00e6senteret i dette dokument og p\u00e5 Odysseus-konkurrencens hjemmeside.<\/li>\n<li style=\"text-align: justify;\">Deltagere i Odysseus II-konkurrencen eller l\u00e6rere-ledere skal udlevere visse oplysninger i forbindelse med tilmelding til arrang\u00f8rerne af konkurrencen, s\u00e5dan som det fremg\u00e5r af online-tilmeldingsformularen, n\u00e5r de tilmelder et hold eller en elev til at deltage i Odysseus II-konkurrencen.<\/li>\n<li style=\"text-align: justify;\">Arrang\u00f8rerne vil godkende hold og oprette en sikker konto for hver Skyvandrer-deltager, Pioner-hold, Opdagelsesrejsende-deltager eller deltagerpar. Derefter vil hver elev, studerende eller hold f\u00e5 et unikt brugernavn og password, som giver adgang til deres konto (dvs. der vil v\u00e6re en samlet konto for hvert indsendt billede eller projekt).<\/li>\n<li style=\"text-align: justify;\">L\u00e6rer-leder for hver elev eller hold skal have myndighed til at bekr\u00e6fte og sikre, at alle personlige oplysninger er korrekte, og give samtykke til, at arrang\u00f8rerne m\u00e5 bruge de fremsendte oplysninger til at bekr\u00e6fte denne myndighed. Samme ansvar p\u00e5hviler studerende ved en videreg\u00e5ende uddannelse, som selv tilmelder sig konkurrencen.<\/li>\n<li style=\"text-align: justify;\">Arrang\u00f8rerne kan lukke en konto for en elev, hold eller studerende og blokere adgang til Odysseus II-hjemmesiden, hvis deres tilmelding er ufuldst\u00e6ndig; hvis oplysninger der er leveret er (eller hvis arrang\u00f8rerne mener de er) usande, ukorrekte, ikke aktuelle, ufuldst\u00e6ndige; eller arrang\u00f8rerne er ude af stand til at bekr\u00e6fte oplysningerne i et holds tilmelding.<\/li>\n<li style=\"text-align: justify;\">Deltagerne og l\u00e6rer-leder er ansvarlige for at holde deres konto sikker og for alle aktiviteter, der bliver foretaget p\u00e5 deres konto. Holdets l\u00e6rer-leder skal \u00f8jeblikkeligt informere arrang\u00f8rerne om enhver uautoriseret brug af deres elevs eller holds konto eller enhver mistanke om brud p\u00e5 kontoens sikkerhed<\/li>\n<\/ul>\n","protected":false},"excerpt":{"rendered":"<p>Tilmelding til Odysseus II-konkurrencen kan kun ske via den officielle hjemmeside for Odysseus II-konkurrencen: www.odysseus-contest.eu Tilmeldingsperioden er fra den 1. september 2015 til den 15. januar 2016. N\u00e5r man tilmelder sig til at deltage p\u00e5 Odysseus-konkurrencens hjemmeside, godkender alle deltagere og l\u00e6rere-ledere konkurrencens regler, som de er pr\u00e6senteret i dette dokument og p\u00e5 Odysseus-konkurrencens hjemmeside. [&hellip;]<\/p>\n","protected":false},"author":1,"featured_media":0,"parent":705,"menu_order":40,"comment_status":"closed","ping_status":"closed","template":"","meta":[],"acf":[],"yoast_head":"<!-- This site is optimized with the Yoast SEO plugin v19.14 - https:\/\/yoast.com\/wordpress\/plugins\/seo\/ -->\n<title>Tilmelding - ODYSSEUS II<\/title>\n<meta name=\"robots\" content=\"index, follow, max-snippet:-1, max-image-preview:large, max-video-preview:-1\" \/>\n<link rel=\"canonical\" href=\"https:\/\/odysseus-contests.eu\/2016\/da\/regler-2\/tilmelding\/\" \/>\n<meta property=\"og:locale\" content=\"da_DK\" \/>\n<meta property=\"og:type\" content=\"article\" \/>\n<meta property=\"og:title\" content=\"Tilmelding - ODYSSEUS II\" \/>\n<meta property=\"og:description\" content=\"Tilmelding til Odysseus II-konkurrencen kan kun ske via den officielle hjemmeside for Odysseus II-konkurrencen: www.odysseus-contest.eu Tilmeldingsperioden er fra den 1. september 2015 til den 15. januar 2016. N\u00e5r man tilmelder sig til at deltage p\u00e5 Odysseus-konkurrencens hjemmeside, godkender alle deltagere og l\u00e6rere-ledere konkurrencens regler, som de er pr\u00e6senteret i dette dokument og p\u00e5 Odysseus-konkurrencens hjemmeside. [&hellip;]\" \/>\n<meta property=\"og:url\" content=\"https:\/\/odysseus-contests.eu\/2016\/da\/regler-2\/tilmelding\/\" \/>\n<meta property=\"og:site_name\" content=\"ODYSSEUS II\" \/>\n<meta property=\"article:modified_time\" content=\"2015-07-11T20:13:03+00:00\" \/>\n<meta name=\"twitter:card\" content=\"summary_large_image\" \/>\n<meta name=\"twitter:label1\" content=\"Estimeret l\u00e6setid\" \/>\n\t<meta name=\"twitter:data1\" content=\"2 minutter\" \/>\n<script type=\"application\/ld+json\" class=\"yoast-schema-graph\">{\"@context\":\"https:\/\/schema.org\",\"@graph\":[{\"@type\":\"WebPage\",\"@id\":\"https:\/\/odysseus-contests.eu\/2016\/da\/regler-2\/tilmelding\/\",\"url\":\"https:\/\/odysseus-contests.eu\/2016\/da\/regler-2\/tilmelding\/\",\"name\":\"Tilmelding - ODYSSEUS II\",\"isPartOf\":{\"@id\":\"https:\/\/odysseus-contests.eu\/2016\/de\/#website\"},\"datePublished\":\"2015-06-20T20:49:57+00:00\",\"dateModified\":\"2015-07-11T20:13:03+00:00\",\"breadcrumb\":{\"@id\":\"https:\/\/odysseus-contests.eu\/2016\/da\/regler-2\/tilmelding\/#breadcrumb\"},\"inLanguage\":\"da-DK\",\"potentialAction\":[{\"@type\":\"ReadAction\",\"target\":[\"https:\/\/odysseus-contests.eu\/2016\/da\/regler-2\/tilmelding\/\"]}]},{\"@type\":\"BreadcrumbList\",\"@id\":\"https:\/\/odysseus-contests.eu\/2016\/da\/regler-2\/tilmelding\/#breadcrumb\",\"itemListElement\":[{\"@type\":\"ListItem\",\"position\":1,\"name\":\"Home\",\"item\":\"https:\/\/odysseus-contests.eu\/2016\/da\/\"},{\"@type\":\"ListItem\",\"position\":2,\"name\":\"Regler\",\"item\":\"https:\/\/odysseus-contests.eu\/2016\/da\/regler-2\/\"},{\"@type\":\"ListItem\",\"position\":3,\"name\":\"Tilmelding\"}]},{\"@type\":\"WebSite\",\"@id\":\"https:\/\/odysseus-contests.eu\/2016\/de\/#website\",\"url\":\"https:\/\/odysseus-contests.eu\/2016\/de\/\",\"name\":\"ODYSSEUS II\",\"description\":\"Europ\u00e6isk Rumkonkurrence for Unger\",\"potentialAction\":[{\"@type\":\"SearchAction\",\"target\":{\"@type\":\"EntryPoint\",\"urlTemplate\":\"https:\/\/odysseus-contests.eu\/2016\/de\/?s={search_term_string}\"},\"query-input\":\"required name=search_term_string\"}],\"inLanguage\":\"da-DK\"}]}<\/script>\n<!-- \/ Yoast SEO plugin. -->","yoast_head_json":{"title":"Tilmelding - ODYSSEUS II","robots":{"index":"index","follow":"follow","max-snippet":"max-snippet:-1","max-image-preview":"max-image-preview:large","max-video-preview":"max-video-preview:-1"},"canonical":"https:\/\/odysseus-contests.eu\/2016\/da\/regler-2\/tilmelding\/","og_locale":"da_DK","og_type":"article","og_title":"Tilmelding - ODYSSEUS II","og_description":"Tilmelding til Odysseus II-konkurrencen kan kun ske via den officielle hjemmeside for Odysseus II-konkurrencen: www.odysseus-contest.eu Tilmeldingsperioden er fra den 1. september 2015 til den 15. januar 2016. N\u00e5r man tilmelder sig til at deltage p\u00e5 Odysseus-konkurrencens hjemmeside, godkender alle deltagere og l\u00e6rere-ledere konkurrencens regler, som de er pr\u00e6senteret i dette dokument og p\u00e5 Odysseus-konkurrencens hjemmeside. [&hellip;]","og_url":"https:\/\/odysseus-contests.eu\/2016\/da\/regler-2\/tilmelding\/","og_site_name":"ODYSSEUS II","article_modified_time":"2015-07-11T20:13:03+00:00","twitter_card":"summary_large_image","twitter_misc":{"Estimeret l\u00e6setid":"2 minutter"},"schema":{"@context":"https:\/\/schema.org","@graph":[{"@type":"WebPage","@id":"https:\/\/odysseus-contests.eu\/2016\/da\/regler-2\/tilmelding\/","url":"https:\/\/odysseus-contests.eu\/2016\/da\/regler-2\/tilmelding\/","name":"Tilmelding - ODYSSEUS II","isPartOf":{"@id":"https:\/\/odysseus-contests.eu\/2016\/de\/#website"},"datePublished":"2015-06-20T20:49:57+00:00","dateModified":"2015-07-11T20:13:03+00:00","breadcrumb":{"@id":"https:\/\/odysseus-contests.eu\/2016\/da\/regler-2\/tilmelding\/#breadcrumb"},"inLanguage":"da-DK","potentialAction":[{"@type":"ReadAction","target":["https:\/\/odysseus-contests.eu\/2016\/da\/regler-2\/tilmelding\/"]}]},{"@type":"BreadcrumbList","@id":"https:\/\/odysseus-contests.eu\/2016\/da\/regler-2\/tilmelding\/#breadcrumb","itemListElement":[{"@type":"ListItem","position":1,"name":"Home","item":"https:\/\/odysseus-contests.eu\/2016\/da\/"},{"@type":"ListItem","position":2,"name":"Regler","item":"https:\/\/odysseus-contests.eu\/2016\/da\/regler-2\/"},{"@type":"ListItem","position":3,"name":"Tilmelding"}]},{"@type":"WebSite","@id":"https:\/\/odysseus-contests.eu\/2016\/de\/#website","url":"https:\/\/odysseus-contests.eu\/2016\/de\/","name":"ODYSSEUS II","description":"Europ\u00e6isk Rumkonkurrence for Unger","potentialAction":[{"@type":"SearchAction","target":{"@type":"EntryPoint","urlTemplate":"https:\/\/odysseus-contests.eu\/2016\/de\/?s={search_term_string}"},"query-input":"required name=search_term_string"}],"inLanguage":"da-DK"}]}},"_links":{"self":[{"href":"https:\/\/odysseus-contests.eu\/2016\/da\/wp-json\/wp\/v2\/pages\/649"}],"collection":[{"href":"https:\/\/odysseus-contests.eu\/2016\/da\/wp-json\/wp\/v2\/pages"}],"about":[{"href":"https:\/\/odysseus-contests.eu\/2016\/da\/wp-json\/wp\/v2\/types\/page"}],"author":[{"embeddable":true,"href":"https:\/\/odysseus-contests.eu\/2016\/da\/wp-json\/wp\/v2\/users\/1"}],"replies":[{"embeddable":true,"href":"https:\/\/odysseus-contests.eu\/2016\/da\/wp-json\/wp\/v2\/comments?post=649"}],"version-history":[{"count":0,"href":"https:\/\/odysseus-contests.eu\/2016\/da\/wp-json\/wp\/v2\/pages\/649\/revisions"}],"up":[{"embeddable":true,"href":"https:\/\/odysseus-contests.eu\/2016\/da\/wp-json\/wp\/v2\/pages\/705"}],"wp:attachment":[{"href":"https:\/\/odysseus-contests.eu\/2016\/da\/wp-json\/wp\/v2\/media?parent=649"}],"curies":[{"name":"wp","href":"https:\/\/api.w.org\/{rel}","templated":true}]}}