{"id":647,"date":"2015-06-20T23:48:19","date_gmt":"2015-06-20T20:48:19","guid":{"rendered":"http:\/\/odysseus-contests.eu\/2016\/?page_id=647"},"modified":"2015-06-20T23:48:19","modified_gmt":"2015-06-20T20:48:19","slug":"hold","status":"publish","type":"page","link":"https:\/\/odysseus-contests.eu\/2016\/da\/regler-2\/hold\/","title":{"rendered":"Hold"},"content":{"rendered":"<ul>\n<li style=\"text-align: justify;\">Skyvandrere indsender billeder, som de har lavet individuelt.<\/li>\n<li style=\"text-align: justify;\">Pionerer arbejder i hold p\u00e5 2-3 medlemmer, ledet af en l\u00e6rer-leder. Elever p\u00e5 et hold kan komme fra forskellige skoler inden for det samme land eller forskellige klasser\/alderstrin inden for den samme skole, s\u00e5 l\u00e6nge de overholder alderskravet. Hvert hold kan ogs\u00e5 have en mentor til at r\u00e5dgive dem teknisk eller videnskabeligt (se ogs\u00e5 nedenfor ang\u00e5ende mentorer).<\/li>\n<li style=\"text-align: justify;\">Opdagelsesrejsende dyster individuelt eller i par og vil ikke have en l\u00e6rer-leder, men de kan v\u00e6lge at blive r\u00e5dgivet af en mentor (se nedenfor ang\u00e5ende mentorer).<\/li>\n<li style=\"text-align: justify;\">For yderligere oplysninger vedr\u00f8rende hold, se Regler for Pionerer og Opdagelsesrejsende (vedl\u00e6g link<em>)<\/em>.<\/li>\n<\/ul>\n","protected":false},"excerpt":{"rendered":"<p>Skyvandrere indsender billeder, som de har lavet individuelt. Pionerer arbejder i hold p\u00e5 2-3 medlemmer, ledet af en l\u00e6rer-leder. Elever p\u00e5 et hold kan komme fra forskellige skoler inden for det samme land eller forskellige klasser\/alderstrin inden for den samme skole, s\u00e5 l\u00e6nge de overholder alderskravet. Hvert hold kan ogs\u00e5 have en mentor til at [&hellip;]<\/p>\n","protected":false},"author":1,"featured_media":0,"parent":705,"menu_order":0,"comment_status":"closed","ping_status":"closed","template":"","meta":[],"acf":[],"yoast_head":"<!-- This site is optimized with the Yoast SEO plugin v19.14 - https:\/\/yoast.com\/wordpress\/plugins\/seo\/ -->\n<title>Hold - ODYSSEUS II<\/title>\n<meta name=\"robots\" content=\"index, follow, max-snippet:-1, max-image-preview:large, max-video-preview:-1\" \/>\n<link rel=\"canonical\" href=\"https:\/\/odysseus-contests.eu\/2016\/da\/regler-2\/hold\/\" \/>\n<meta property=\"og:locale\" content=\"da_DK\" \/>\n<meta property=\"og:type\" content=\"article\" \/>\n<meta property=\"og:title\" content=\"Hold - ODYSSEUS II\" \/>\n<meta property=\"og:description\" content=\"Skyvandrere indsender billeder, som de har lavet individuelt. Pionerer arbejder i hold p\u00e5 2-3 medlemmer, ledet af en l\u00e6rer-leder. Elever p\u00e5 et hold kan komme fra forskellige skoler inden for det samme land eller forskellige klasser\/alderstrin inden for den samme skole, s\u00e5 l\u00e6nge de overholder alderskravet. Hvert hold kan ogs\u00e5 have en mentor til at [&hellip;]\" \/>\n<meta property=\"og:url\" content=\"https:\/\/odysseus-contests.eu\/2016\/da\/regler-2\/hold\/\" \/>\n<meta property=\"og:site_name\" content=\"ODYSSEUS II\" \/>\n<meta name=\"twitter:card\" content=\"summary_large_image\" \/>\n<meta name=\"twitter:label1\" content=\"Estimeret l\u00e6setid\" \/>\n\t<meta name=\"twitter:data1\" content=\"1 minut\" \/>\n<script type=\"application\/ld+json\" class=\"yoast-schema-graph\">{\"@context\":\"https:\/\/schema.org\",\"@graph\":[{\"@type\":\"WebPage\",\"@id\":\"https:\/\/odysseus-contests.eu\/2016\/da\/regler-2\/hold\/\",\"url\":\"https:\/\/odysseus-contests.eu\/2016\/da\/regler-2\/hold\/\",\"name\":\"Hold - ODYSSEUS II\",\"isPartOf\":{\"@id\":\"https:\/\/odysseus-contests.eu\/2016\/de\/#website\"},\"datePublished\":\"2015-06-20T20:48:19+00:00\",\"dateModified\":\"2015-06-20T20:48:19+00:00\",\"breadcrumb\":{\"@id\":\"https:\/\/odysseus-contests.eu\/2016\/da\/regler-2\/hold\/#breadcrumb\"},\"inLanguage\":\"da-DK\",\"potentialAction\":[{\"@type\":\"ReadAction\",\"target\":[\"https:\/\/odysseus-contests.eu\/2016\/da\/regler-2\/hold\/\"]}]},{\"@type\":\"BreadcrumbList\",\"@id\":\"https:\/\/odysseus-contests.eu\/2016\/da\/regler-2\/hold\/#breadcrumb\",\"itemListElement\":[{\"@type\":\"ListItem\",\"position\":1,\"name\":\"Home\",\"item\":\"https:\/\/odysseus-contests.eu\/2016\/da\/\"},{\"@type\":\"ListItem\",\"position\":2,\"name\":\"Regler\",\"item\":\"https:\/\/odysseus-contests.eu\/2016\/da\/regler-2\/\"},{\"@type\":\"ListItem\",\"position\":3,\"name\":\"Hold\"}]},{\"@type\":\"WebSite\",\"@id\":\"https:\/\/odysseus-contests.eu\/2016\/de\/#website\",\"url\":\"https:\/\/odysseus-contests.eu\/2016\/de\/\",\"name\":\"ODYSSEUS II\",\"description\":\"Europ\u00e6isk Rumkonkurrence for Unger\",\"potentialAction\":[{\"@type\":\"SearchAction\",\"target\":{\"@type\":\"EntryPoint\",\"urlTemplate\":\"https:\/\/odysseus-contests.eu\/2016\/de\/?s={search_term_string}\"},\"query-input\":\"required name=search_term_string\"}],\"inLanguage\":\"da-DK\"}]}<\/script>\n<!-- \/ Yoast SEO plugin. -->","yoast_head_json":{"title":"Hold - ODYSSEUS II","robots":{"index":"index","follow":"follow","max-snippet":"max-snippet:-1","max-image-preview":"max-image-preview:large","max-video-preview":"max-video-preview:-1"},"canonical":"https:\/\/odysseus-contests.eu\/2016\/da\/regler-2\/hold\/","og_locale":"da_DK","og_type":"article","og_title":"Hold - ODYSSEUS II","og_description":"Skyvandrere indsender billeder, som de har lavet individuelt. Pionerer arbejder i hold p\u00e5 2-3 medlemmer, ledet af en l\u00e6rer-leder. Elever p\u00e5 et hold kan komme fra forskellige skoler inden for det samme land eller forskellige klasser\/alderstrin inden for den samme skole, s\u00e5 l\u00e6nge de overholder alderskravet. Hvert hold kan ogs\u00e5 have en mentor til at [&hellip;]","og_url":"https:\/\/odysseus-contests.eu\/2016\/da\/regler-2\/hold\/","og_site_name":"ODYSSEUS II","twitter_card":"summary_large_image","twitter_misc":{"Estimeret l\u00e6setid":"1 minut"},"schema":{"@context":"https:\/\/schema.org","@graph":[{"@type":"WebPage","@id":"https:\/\/odysseus-contests.eu\/2016\/da\/regler-2\/hold\/","url":"https:\/\/odysseus-contests.eu\/2016\/da\/regler-2\/hold\/","name":"Hold - ODYSSEUS II","isPartOf":{"@id":"https:\/\/odysseus-contests.eu\/2016\/de\/#website"},"datePublished":"2015-06-20T20:48:19+00:00","dateModified":"2015-06-20T20:48:19+00:00","breadcrumb":{"@id":"https:\/\/odysseus-contests.eu\/2016\/da\/regler-2\/hold\/#breadcrumb"},"inLanguage":"da-DK","potentialAction":[{"@type":"ReadAction","target":["https:\/\/odysseus-contests.eu\/2016\/da\/regler-2\/hold\/"]}]},{"@type":"BreadcrumbList","@id":"https:\/\/odysseus-contests.eu\/2016\/da\/regler-2\/hold\/#breadcrumb","itemListElement":[{"@type":"ListItem","position":1,"name":"Home","item":"https:\/\/odysseus-contests.eu\/2016\/da\/"},{"@type":"ListItem","position":2,"name":"Regler","item":"https:\/\/odysseus-contests.eu\/2016\/da\/regler-2\/"},{"@type":"ListItem","position":3,"name":"Hold"}]},{"@type":"WebSite","@id":"https:\/\/odysseus-contests.eu\/2016\/de\/#website","url":"https:\/\/odysseus-contests.eu\/2016\/de\/","name":"ODYSSEUS II","description":"Europ\u00e6isk Rumkonkurrence for Unger","potentialAction":[{"@type":"SearchAction","target":{"@type":"EntryPoint","urlTemplate":"https:\/\/odysseus-contests.eu\/2016\/de\/?s={search_term_string}"},"query-input":"required name=search_term_string"}],"inLanguage":"da-DK"}]}},"_links":{"self":[{"href":"https:\/\/odysseus-contests.eu\/2016\/da\/wp-json\/wp\/v2\/pages\/647"}],"collection":[{"href":"https:\/\/odysseus-contests.eu\/2016\/da\/wp-json\/wp\/v2\/pages"}],"about":[{"href":"https:\/\/odysseus-contests.eu\/2016\/da\/wp-json\/wp\/v2\/types\/page"}],"author":[{"embeddable":true,"href":"https:\/\/odysseus-contests.eu\/2016\/da\/wp-json\/wp\/v2\/users\/1"}],"replies":[{"embeddable":true,"href":"https:\/\/odysseus-contests.eu\/2016\/da\/wp-json\/wp\/v2\/comments?post=647"}],"version-history":[{"count":0,"href":"https:\/\/odysseus-contests.eu\/2016\/da\/wp-json\/wp\/v2\/pages\/647\/revisions"}],"up":[{"embeddable":true,"href":"https:\/\/odysseus-contests.eu\/2016\/da\/wp-json\/wp\/v2\/pages\/705"}],"wp:attachment":[{"href":"https:\/\/odysseus-contests.eu\/2016\/da\/wp-json\/wp\/v2\/media?parent=647"}],"curies":[{"name":"wp","href":"https:\/\/api.w.org\/{rel}","templated":true}]}}