{"id":627,"date":"2015-06-20T23:34:12","date_gmt":"2015-06-20T20:34:12","guid":{"rendered":"http:\/\/odysseus-contests.eu\/2016\/?page_id=627"},"modified":"2015-06-20T23:38:09","modified_gmt":"2015-06-20T20:38:09","slug":"radgivende-komite","status":"publish","type":"page","link":"https:\/\/odysseus-contests.eu\/2016\/da\/odysseus-ii-projektet\/radgivende-komite\/","title":{"rendered":"R\u00e5dgivende komit\u00e9"},"content":{"rendered":"<p style=\"text-align: justify;\"><strong>Jean-Pierre Swings<\/strong> er \u00e6resprofessor ved Universitet i Li\u00e8ge (Belgien), hvor han tog sin magistergrad som rumfartsingeni\u00f8r og sin PhD og doktorgrad i astrofysik. Hans interesseomr\u00e5der er blandt andet solfysik emissionslinje og\/eller infrar\u00f8de overskydende objekter.<\/p>\n<p style=\"text-align: justify;\">Han skiftede gradvist over fra observationel astrofysik til &#8220;astropolitik&#8221; som generalsekret\u00e6r for Den Internationale Astronomiske Union, medlem af talrige udvalg i den Europ\u00e6iske Rumorganisation ESA, medlem af Det Europ\u00e6iske Sydobservatorium og medlem af det europ\u00e6iske astronomiselskab, hvor han var en af de fire stiftere.<\/p>\n<p style=\"text-align: justify;\">Jean-Pierre Swings er i \u00f8jeblikket formand for den europ\u00e6iske rumforskningskomit\u00e9 i European Science Foundation og medlem af r\u00e5dgivningsgruppen om rumfart i Europa-Kommissionens syvende rammeprogram.<\/p>\n<p style=\"text-align: justify;\">(Medlem af international jury, Odysseus, 2012-2013).<\/p>\n<p style=\"text-align: justify;\"><strong>Athena Coustenis<\/strong> er forskningsdirekt\u00f8r i det nationale center for videnskabelig forskning, CNRS, i Frankrig. Hendes speciale er planetologi (udforskning af solsystemet fra jordbaserede og rumbaserede observationer). Hendes forskning i astronomi retter sig mod unders\u00f8gelse af planeters atmosf\u00e6re og overflader med s\u00e6rlig fokus p\u00e5 Titan, Saturns m\u00e5ne, der har mange ligheder med vores egen planet. Hun arbejder ogs\u00e5 med exoplaneter. I de senere \u00e5r har hun st\u00e5et i spidsen for arbejde med fremtidige rummissioner.<\/p>\n<p style=\"text-align: justify;\">(Medlem af international jury, Odysseus, 2012-2013).<\/p>\n<p style=\"text-align: justify;\"><strong>Frank De Winne<\/strong> er ESA-astronaut. Han var en erfaren testpilot i det belgiske flyvev\u00e5ben, inden han blev tilknyttet astronautkorpset ved den Europ\u00e6iske Rumfartsorganisation, ESA. I 2002 deltog De Winne i Odissea-missionen, en st\u00f8ttemission til den internationale rumstation ISS. I l\u00f8bet af den 11 dage lange mission arbejdede han med 23 eksperimenter. De Winnes anden rummission fandt sted fra maj til december 2009, denne gang en langtidsmission til ISS med navet OasISS. P\u00e5 denne mission blev De Winne den f\u00f8rste europ\u00e6iske leder (\u201ccommander\u201d) p\u00e5 rumstationen. I l\u00f8bet af missionen blev der gennemf\u00f8rt et stort program med nyttigg\u00f8relse og kommunikation vedr\u00f8rende videnskab. Den 1. august 2012 blev De Winne leder af afdelingen i det Europ\u00e6iske Astronautcenter.<\/p>\n<p style=\"text-align: justify;\">(Medlem af international jury, Odysseus, 2012-2013).<\/p>\n<p style=\"text-align: justify;\"><strong>Manolis K. Georgoulis<\/strong> er forsker ved forskningscentret for astronomi og anvendt matematik ved Akademiet i Athen. Desuden er han Gr\u00e6kenlands nationale medlem i den videnskabelige programkomit\u00e9 i den Europ\u00e6iske Rumorganisation (ESA\/SPC) (2011-til nu), vicepr\u00e6sident i den europ\u00e6iske solfysikdivision (ESPD) i den europ\u00e6iske fysiksammenslutning EPS (2011-2014), udpeget medlem af den gr\u00e6ske nationale komit\u00e9 for astronomi (GNCA) (2012-til i dag) og Marie Curie Fellow i Europa-Kommissionen (2010-2014). Han er bachelor i naturvidenskab fra Aristotle universitetet i Thessaloniki (1993) og Ph. D. fra samme sted (2000). Han har deltaget p\u00e5 det videnskabelige team ved tre missioner for NASA og to for ESA.<\/p>\n<p style=\"text-align: justify;\">(Medlem af international jury, Odysseus, 2012-2013).<\/p>\n<p style=\"text-align: justify;\"><strong>Ya\u00ebl Naz\u00e9 <\/strong>er forskningsmedarbejder ved universitetet i Li\u00e8ge, (Belgien). Hun studerer massive stjerner gennem multib\u00f8lgel\u00e6ngde-observationer opn\u00e5et via jordbaserede og rumbaserede observatorier (Marts 2014: 39 bed\u00f8mte artikler som hovedforfatter, 49 som medforfatter, h-index=25). Hun har v\u00e6ret ekspert p\u00e5 stjernepaneler p\u00e5 flere observatorier (ESA, ESO, NASA) og som referee for astrofysiske tidsskrifter. Hun er ogs\u00e5 involveret i flerdisciplin\u00e6r forskning og i kommunikationsarbejde (inkl. ni udgivede b\u00f8ger.<\/p>\n<p style=\"text-align: justify;\"><strong>Rosa M. Ros Ferr\u00e9<\/strong> er vicepr\u00e6sident for den Internationale Astronomiske Union (IAU) Comm. 46. Desuden er hun n\u00e6stformand for den europ\u00e6iske organisation for astronomiundervisning (EAAE) og leder af programmerne \u201cCiencia en Acci\u00f3n\u201d og \u201cAdopta una Estrella\u201d. Hun underviser ogs\u00e5 i matematik til ingeni\u00f8rgrader inden for aeronautik, telematik og telekommunikation ved Escola Polit\u00e8cnica Superior de Castelldefels. Hun er ogs\u00e5 ansvarlig for \u201cJunta Directiva\u201d i Asociaci\u00f2n para la Ensenanza de la Astronomia\u201d (ApEA), hun er medlem af undervisningsudvalget for \u201cUniverse Awareness\u201d (UNAWE), r\u00e5dgivende medlem af eksekutivkomit\u00e9en for EIROforum og medlem af \u201cDet r\u00e5dgivende panel\u201d for \u201cFysikundervisning\u201d. Hun har v\u00e6ret spansk medlem af IAU Comm. 46 siden 1994, Spaniens nationale repr\u00e6sentant for Physics on Stage og Science on Stage siden 1999 og Spaniens repr\u00e6sentant for \u201cUNAWE Explora el Universo\u201d siden 2006.<\/p>\n","protected":false},"excerpt":{"rendered":"<p>Jean-Pierre Swings er \u00e6resprofessor ved Universitet i Li\u00e8ge (Belgien), hvor han tog sin magistergrad som rumfartsingeni\u00f8r og sin PhD og doktorgrad i astrofysik. Hans interesseomr\u00e5der er blandt andet solfysik emissionslinje og\/eller infrar\u00f8de overskydende objekter. Han skiftede gradvist over fra observationel astrofysik til &#8220;astropolitik&#8221; som generalsekret\u00e6r for Den Internationale Astronomiske Union, medlem af talrige udvalg i [&hellip;]<\/p>\n","protected":false},"author":1,"featured_media":0,"parent":621,"menu_order":40,"comment_status":"closed","ping_status":"closed","template":"","meta":[],"acf":[],"yoast_head":"<!-- This site is optimized with the Yoast SEO plugin v19.14 - https:\/\/yoast.com\/wordpress\/plugins\/seo\/ -->\n<title>R\u00e5dgivende komit\u00e9 - ODYSSEUS II<\/title>\n<meta name=\"robots\" content=\"index, follow, max-snippet:-1, max-image-preview:large, max-video-preview:-1\" \/>\n<link rel=\"canonical\" href=\"https:\/\/odysseus-contests.eu\/2016\/da\/odysseus-ii-projektet\/radgivende-komite\/\" \/>\n<meta property=\"og:locale\" content=\"da_DK\" \/>\n<meta property=\"og:type\" content=\"article\" \/>\n<meta property=\"og:title\" content=\"R\u00e5dgivende komit\u00e9 - ODYSSEUS II\" \/>\n<meta property=\"og:description\" content=\"Jean-Pierre Swings er \u00e6resprofessor ved Universitet i Li\u00e8ge (Belgien), hvor han tog sin magistergrad som rumfartsingeni\u00f8r og sin PhD og doktorgrad i astrofysik. Hans interesseomr\u00e5der er blandt andet solfysik emissionslinje og\/eller infrar\u00f8de overskydende objekter. Han skiftede gradvist over fra observationel astrofysik til &#8220;astropolitik&#8221; som generalsekret\u00e6r for Den Internationale Astronomiske Union, medlem af talrige udvalg i [&hellip;]\" \/>\n<meta property=\"og:url\" content=\"https:\/\/odysseus-contests.eu\/2016\/da\/odysseus-ii-projektet\/radgivende-komite\/\" \/>\n<meta property=\"og:site_name\" content=\"ODYSSEUS II\" \/>\n<meta property=\"article:modified_time\" content=\"2015-06-20T20:38:09+00:00\" \/>\n<meta name=\"twitter:card\" content=\"summary_large_image\" \/>\n<meta name=\"twitter:label1\" content=\"Estimeret l\u00e6setid\" \/>\n\t<meta name=\"twitter:data1\" content=\"3 minutter\" \/>\n<script type=\"application\/ld+json\" class=\"yoast-schema-graph\">{\"@context\":\"https:\/\/schema.org\",\"@graph\":[{\"@type\":\"WebPage\",\"@id\":\"https:\/\/odysseus-contests.eu\/2016\/da\/odysseus-ii-projektet\/radgivende-komite\/\",\"url\":\"https:\/\/odysseus-contests.eu\/2016\/da\/odysseus-ii-projektet\/radgivende-komite\/\",\"name\":\"R\u00e5dgivende komit\u00e9 - ODYSSEUS II\",\"isPartOf\":{\"@id\":\"https:\/\/odysseus-contests.eu\/2016\/de\/#website\"},\"datePublished\":\"2015-06-20T20:34:12+00:00\",\"dateModified\":\"2015-06-20T20:38:09+00:00\",\"breadcrumb\":{\"@id\":\"https:\/\/odysseus-contests.eu\/2016\/da\/odysseus-ii-projektet\/radgivende-komite\/#breadcrumb\"},\"inLanguage\":\"da-DK\",\"potentialAction\":[{\"@type\":\"ReadAction\",\"target\":[\"https:\/\/odysseus-contests.eu\/2016\/da\/odysseus-ii-projektet\/radgivende-komite\/\"]}]},{\"@type\":\"BreadcrumbList\",\"@id\":\"https:\/\/odysseus-contests.eu\/2016\/da\/odysseus-ii-projektet\/radgivende-komite\/#breadcrumb\",\"itemListElement\":[{\"@type\":\"ListItem\",\"position\":1,\"name\":\"Home\",\"item\":\"https:\/\/odysseus-contests.eu\/2016\/da\/\"},{\"@type\":\"ListItem\",\"position\":2,\"name\":\"Odysseus II-Projektet\",\"item\":\"https:\/\/odysseus-contests.eu\/2016\/da\/odysseus-ii-projektet\/\"},{\"@type\":\"ListItem\",\"position\":3,\"name\":\"R\u00e5dgivende komit\u00e9\"}]},{\"@type\":\"WebSite\",\"@id\":\"https:\/\/odysseus-contests.eu\/2016\/de\/#website\",\"url\":\"https:\/\/odysseus-contests.eu\/2016\/de\/\",\"name\":\"ODYSSEUS II\",\"description\":\"Europ\u00e6isk Rumkonkurrence for Unger\",\"potentialAction\":[{\"@type\":\"SearchAction\",\"target\":{\"@type\":\"EntryPoint\",\"urlTemplate\":\"https:\/\/odysseus-contests.eu\/2016\/de\/?s={search_term_string}\"},\"query-input\":\"required name=search_term_string\"}],\"inLanguage\":\"da-DK\"}]}<\/script>\n<!-- \/ Yoast SEO plugin. -->","yoast_head_json":{"title":"R\u00e5dgivende komit\u00e9 - ODYSSEUS II","robots":{"index":"index","follow":"follow","max-snippet":"max-snippet:-1","max-image-preview":"max-image-preview:large","max-video-preview":"max-video-preview:-1"},"canonical":"https:\/\/odysseus-contests.eu\/2016\/da\/odysseus-ii-projektet\/radgivende-komite\/","og_locale":"da_DK","og_type":"article","og_title":"R\u00e5dgivende komit\u00e9 - ODYSSEUS II","og_description":"Jean-Pierre Swings er \u00e6resprofessor ved Universitet i Li\u00e8ge (Belgien), hvor han tog sin magistergrad som rumfartsingeni\u00f8r og sin PhD og doktorgrad i astrofysik. Hans interesseomr\u00e5der er blandt andet solfysik emissionslinje og\/eller infrar\u00f8de overskydende objekter. Han skiftede gradvist over fra observationel astrofysik til &#8220;astropolitik&#8221; som generalsekret\u00e6r for Den Internationale Astronomiske Union, medlem af talrige udvalg i [&hellip;]","og_url":"https:\/\/odysseus-contests.eu\/2016\/da\/odysseus-ii-projektet\/radgivende-komite\/","og_site_name":"ODYSSEUS II","article_modified_time":"2015-06-20T20:38:09+00:00","twitter_card":"summary_large_image","twitter_misc":{"Estimeret l\u00e6setid":"3 minutter"},"schema":{"@context":"https:\/\/schema.org","@graph":[{"@type":"WebPage","@id":"https:\/\/odysseus-contests.eu\/2016\/da\/odysseus-ii-projektet\/radgivende-komite\/","url":"https:\/\/odysseus-contests.eu\/2016\/da\/odysseus-ii-projektet\/radgivende-komite\/","name":"R\u00e5dgivende komit\u00e9 - ODYSSEUS II","isPartOf":{"@id":"https:\/\/odysseus-contests.eu\/2016\/de\/#website"},"datePublished":"2015-06-20T20:34:12+00:00","dateModified":"2015-06-20T20:38:09+00:00","breadcrumb":{"@id":"https:\/\/odysseus-contests.eu\/2016\/da\/odysseus-ii-projektet\/radgivende-komite\/#breadcrumb"},"inLanguage":"da-DK","potentialAction":[{"@type":"ReadAction","target":["https:\/\/odysseus-contests.eu\/2016\/da\/odysseus-ii-projektet\/radgivende-komite\/"]}]},{"@type":"BreadcrumbList","@id":"https:\/\/odysseus-contests.eu\/2016\/da\/odysseus-ii-projektet\/radgivende-komite\/#breadcrumb","itemListElement":[{"@type":"ListItem","position":1,"name":"Home","item":"https:\/\/odysseus-contests.eu\/2016\/da\/"},{"@type":"ListItem","position":2,"name":"Odysseus II-Projektet","item":"https:\/\/odysseus-contests.eu\/2016\/da\/odysseus-ii-projektet\/"},{"@type":"ListItem","position":3,"name":"R\u00e5dgivende komit\u00e9"}]},{"@type":"WebSite","@id":"https:\/\/odysseus-contests.eu\/2016\/de\/#website","url":"https:\/\/odysseus-contests.eu\/2016\/de\/","name":"ODYSSEUS II","description":"Europ\u00e6isk Rumkonkurrence for Unger","potentialAction":[{"@type":"SearchAction","target":{"@type":"EntryPoint","urlTemplate":"https:\/\/odysseus-contests.eu\/2016\/de\/?s={search_term_string}"},"query-input":"required name=search_term_string"}],"inLanguage":"da-DK"}]}},"_links":{"self":[{"href":"https:\/\/odysseus-contests.eu\/2016\/da\/wp-json\/wp\/v2\/pages\/627"}],"collection":[{"href":"https:\/\/odysseus-contests.eu\/2016\/da\/wp-json\/wp\/v2\/pages"}],"about":[{"href":"https:\/\/odysseus-contests.eu\/2016\/da\/wp-json\/wp\/v2\/types\/page"}],"author":[{"embeddable":true,"href":"https:\/\/odysseus-contests.eu\/2016\/da\/wp-json\/wp\/v2\/users\/1"}],"replies":[{"embeddable":true,"href":"https:\/\/odysseus-contests.eu\/2016\/da\/wp-json\/wp\/v2\/comments?post=627"}],"version-history":[{"count":0,"href":"https:\/\/odysseus-contests.eu\/2016\/da\/wp-json\/wp\/v2\/pages\/627\/revisions"}],"up":[{"embeddable":true,"href":"https:\/\/odysseus-contests.eu\/2016\/da\/wp-json\/wp\/v2\/pages\/621"}],"wp:attachment":[{"href":"https:\/\/odysseus-contests.eu\/2016\/da\/wp-json\/wp\/v2\/media?parent=627"}],"curies":[{"name":"wp","href":"https:\/\/api.w.org\/{rel}","templated":true}]}}