{"id":625,"date":"2015-06-20T23:32:10","date_gmt":"2015-06-20T20:32:10","guid":{"rendered":"http:\/\/odysseus-contests.eu\/2016\/?page_id=625"},"modified":"2015-08-12T23:00:19","modified_gmt":"2015-08-12T20:00:19","slug":"odysseus-ii-projektet","status":"publish","type":"page","link":"https:\/\/odysseus-contests.eu\/2016\/da\/odysseus-ii-projektet\/odysseus-ii-projektet\/","title":{"rendered":"Odysseus II-Projektet"},"content":{"rendered":"<p style=\"text-align: justify;\">Ungdommen og rummet-konkurrencen Odysseus II sigter mod at inspirere unge fra hele Europa og engagere dem i udforskning af rummet gennem en serie af undervisningsaktiviteter, som kombinerer videnskabelig l\u00e6ring med praktiske erfaringer. Via en uddannelseskonkurrence med sjovt is\u00e6t, som bliver organiseret i flere runder og som vil rette sig imod alle elever og studerende i Europa, uanset hvor de bor, deres kulturelle baggrund og det sprog de taler, har projektet til form\u00e5l at fremme udviklingen af kvalificerede forskere, ingeni\u00f8rer og teknikere inden for omr\u00e5der af relevans for de v\u00e6sentligste dele af EUs rumfartspolitik.<\/p>\n<p style=\"text-align: justify;\">Odysseus II-konkurrencen \u00f8nsker at bygge videre p\u00e5 resultaterne fra <a href=\"http:\/\/www.odysseus-contests.eu\" target=\"_blank\">Odysseus-projektet<\/a>\u00a0og skabe indl\u00e6ringsmuligheder indenfor rumfart og teknologi til unge i Europa. Inden for rammerne af de to perioder, som konkurrencen r\u00e6kker over (undervisnings\u00e5r 2015-2016 og 2016-2017) \u00f8nsker Odysseus II-projektet at tiltr\u00e6kke interesse fra titusindvis af elever og studerende fra hele Europa og internationalt.<\/p>\n<p style=\"text-align: justify;\">Odysseus II-projektet har f\u00e5et st\u00f8tte fra EU\u2019s HORIZON 2020-program for forskning og innovation under bevilling nr. 640218. Det er finansieret med n\u00e6sten to millioner euro af Europa-Kommissionen inden for rammerne af EU HORIZON 2020 med start fra 1. januar 2015 og frem til 31. december 2017. Et st\u00e6rkt konsortium af 14 partnere og fire st\u00f8tteorganisationer fra 11 europ\u00e6iske lande vil arbejde sammen for at skabe indl\u00e6ringsmuligheder inden for rumfart og teknologi til Europas ungdom.<\/p>\n","protected":false},"excerpt":{"rendered":"<p>Ungdommen og rummet-konkurrencen Odysseus II sigter mod at inspirere unge fra hele Europa og engagere dem i udforskning af rummet gennem en serie af undervisningsaktiviteter, som kombinerer videnskabelig l\u00e6ring med praktiske erfaringer. Via en uddannelseskonkurrence med sjovt is\u00e6t, som bliver organiseret i flere runder og som vil rette sig imod alle elever og studerende i [&hellip;]<\/p>\n","protected":false},"author":1,"featured_media":0,"parent":621,"menu_order":10,"comment_status":"closed","ping_status":"closed","template":"","meta":[],"acf":[],"yoast_head":"<!-- This site is optimized with the Yoast SEO plugin v19.14 - https:\/\/yoast.com\/wordpress\/plugins\/seo\/ -->\n<title>Odysseus II-Projektet - ODYSSEUS II<\/title>\n<meta name=\"robots\" content=\"index, follow, max-snippet:-1, max-image-preview:large, max-video-preview:-1\" \/>\n<link rel=\"canonical\" href=\"https:\/\/odysseus-contests.eu\/2016\/da\/odysseus-ii-projektet\/odysseus-ii-projektet\/\" \/>\n<meta property=\"og:locale\" content=\"da_DK\" \/>\n<meta property=\"og:type\" content=\"article\" \/>\n<meta property=\"og:title\" content=\"Odysseus II-Projektet - ODYSSEUS II\" \/>\n<meta property=\"og:description\" content=\"Ungdommen og rummet-konkurrencen Odysseus II sigter mod at inspirere unge fra hele Europa og engagere dem i udforskning af rummet gennem en serie af undervisningsaktiviteter, som kombinerer videnskabelig l\u00e6ring med praktiske erfaringer. Via en uddannelseskonkurrence med sjovt is\u00e6t, som bliver organiseret i flere runder og som vil rette sig imod alle elever og studerende i [&hellip;]\" \/>\n<meta property=\"og:url\" content=\"https:\/\/odysseus-contests.eu\/2016\/da\/odysseus-ii-projektet\/odysseus-ii-projektet\/\" \/>\n<meta property=\"og:site_name\" content=\"ODYSSEUS II\" \/>\n<meta property=\"article:modified_time\" content=\"2015-08-12T20:00:19+00:00\" \/>\n<meta name=\"twitter:card\" content=\"summary_large_image\" \/>\n<meta name=\"twitter:label1\" content=\"Estimeret l\u00e6setid\" \/>\n\t<meta name=\"twitter:data1\" content=\"1 minut\" \/>\n<script type=\"application\/ld+json\" class=\"yoast-schema-graph\">{\"@context\":\"https:\/\/schema.org\",\"@graph\":[{\"@type\":\"WebPage\",\"@id\":\"https:\/\/odysseus-contests.eu\/2016\/da\/odysseus-ii-projektet\/odysseus-ii-projektet\/\",\"url\":\"https:\/\/odysseus-contests.eu\/2016\/da\/odysseus-ii-projektet\/odysseus-ii-projektet\/\",\"name\":\"Odysseus II-Projektet - ODYSSEUS II\",\"isPartOf\":{\"@id\":\"https:\/\/odysseus-contests.eu\/2016\/de\/#website\"},\"datePublished\":\"2015-06-20T20:32:10+00:00\",\"dateModified\":\"2015-08-12T20:00:19+00:00\",\"breadcrumb\":{\"@id\":\"https:\/\/odysseus-contests.eu\/2016\/da\/odysseus-ii-projektet\/odysseus-ii-projektet\/#breadcrumb\"},\"inLanguage\":\"da-DK\",\"potentialAction\":[{\"@type\":\"ReadAction\",\"target\":[\"https:\/\/odysseus-contests.eu\/2016\/da\/odysseus-ii-projektet\/odysseus-ii-projektet\/\"]}]},{\"@type\":\"BreadcrumbList\",\"@id\":\"https:\/\/odysseus-contests.eu\/2016\/da\/odysseus-ii-projektet\/odysseus-ii-projektet\/#breadcrumb\",\"itemListElement\":[{\"@type\":\"ListItem\",\"position\":1,\"name\":\"Home\",\"item\":\"https:\/\/odysseus-contests.eu\/2016\/da\/\"},{\"@type\":\"ListItem\",\"position\":2,\"name\":\"Odysseus II-Projektet\",\"item\":\"https:\/\/odysseus-contests.eu\/2016\/da\/odysseus-ii-projektet\/\"},{\"@type\":\"ListItem\",\"position\":3,\"name\":\"Odysseus II-Projektet\"}]},{\"@type\":\"WebSite\",\"@id\":\"https:\/\/odysseus-contests.eu\/2016\/de\/#website\",\"url\":\"https:\/\/odysseus-contests.eu\/2016\/de\/\",\"name\":\"ODYSSEUS II\",\"description\":\"Europ\u00e6isk Rumkonkurrence for Unger\",\"potentialAction\":[{\"@type\":\"SearchAction\",\"target\":{\"@type\":\"EntryPoint\",\"urlTemplate\":\"https:\/\/odysseus-contests.eu\/2016\/de\/?s={search_term_string}\"},\"query-input\":\"required name=search_term_string\"}],\"inLanguage\":\"da-DK\"}]}<\/script>\n<!-- \/ Yoast SEO plugin. -->","yoast_head_json":{"title":"Odysseus II-Projektet - ODYSSEUS II","robots":{"index":"index","follow":"follow","max-snippet":"max-snippet:-1","max-image-preview":"max-image-preview:large","max-video-preview":"max-video-preview:-1"},"canonical":"https:\/\/odysseus-contests.eu\/2016\/da\/odysseus-ii-projektet\/odysseus-ii-projektet\/","og_locale":"da_DK","og_type":"article","og_title":"Odysseus II-Projektet - ODYSSEUS II","og_description":"Ungdommen og rummet-konkurrencen Odysseus II sigter mod at inspirere unge fra hele Europa og engagere dem i udforskning af rummet gennem en serie af undervisningsaktiviteter, som kombinerer videnskabelig l\u00e6ring med praktiske erfaringer. Via en uddannelseskonkurrence med sjovt is\u00e6t, som bliver organiseret i flere runder og som vil rette sig imod alle elever og studerende i [&hellip;]","og_url":"https:\/\/odysseus-contests.eu\/2016\/da\/odysseus-ii-projektet\/odysseus-ii-projektet\/","og_site_name":"ODYSSEUS II","article_modified_time":"2015-08-12T20:00:19+00:00","twitter_card":"summary_large_image","twitter_misc":{"Estimeret l\u00e6setid":"1 minut"},"schema":{"@context":"https:\/\/schema.org","@graph":[{"@type":"WebPage","@id":"https:\/\/odysseus-contests.eu\/2016\/da\/odysseus-ii-projektet\/odysseus-ii-projektet\/","url":"https:\/\/odysseus-contests.eu\/2016\/da\/odysseus-ii-projektet\/odysseus-ii-projektet\/","name":"Odysseus II-Projektet - ODYSSEUS II","isPartOf":{"@id":"https:\/\/odysseus-contests.eu\/2016\/de\/#website"},"datePublished":"2015-06-20T20:32:10+00:00","dateModified":"2015-08-12T20:00:19+00:00","breadcrumb":{"@id":"https:\/\/odysseus-contests.eu\/2016\/da\/odysseus-ii-projektet\/odysseus-ii-projektet\/#breadcrumb"},"inLanguage":"da-DK","potentialAction":[{"@type":"ReadAction","target":["https:\/\/odysseus-contests.eu\/2016\/da\/odysseus-ii-projektet\/odysseus-ii-projektet\/"]}]},{"@type":"BreadcrumbList","@id":"https:\/\/odysseus-contests.eu\/2016\/da\/odysseus-ii-projektet\/odysseus-ii-projektet\/#breadcrumb","itemListElement":[{"@type":"ListItem","position":1,"name":"Home","item":"https:\/\/odysseus-contests.eu\/2016\/da\/"},{"@type":"ListItem","position":2,"name":"Odysseus II-Projektet","item":"https:\/\/odysseus-contests.eu\/2016\/da\/odysseus-ii-projektet\/"},{"@type":"ListItem","position":3,"name":"Odysseus II-Projektet"}]},{"@type":"WebSite","@id":"https:\/\/odysseus-contests.eu\/2016\/de\/#website","url":"https:\/\/odysseus-contests.eu\/2016\/de\/","name":"ODYSSEUS II","description":"Europ\u00e6isk Rumkonkurrence for Unger","potentialAction":[{"@type":"SearchAction","target":{"@type":"EntryPoint","urlTemplate":"https:\/\/odysseus-contests.eu\/2016\/de\/?s={search_term_string}"},"query-input":"required name=search_term_string"}],"inLanguage":"da-DK"}]}},"_links":{"self":[{"href":"https:\/\/odysseus-contests.eu\/2016\/da\/wp-json\/wp\/v2\/pages\/625"}],"collection":[{"href":"https:\/\/odysseus-contests.eu\/2016\/da\/wp-json\/wp\/v2\/pages"}],"about":[{"href":"https:\/\/odysseus-contests.eu\/2016\/da\/wp-json\/wp\/v2\/types\/page"}],"author":[{"embeddable":true,"href":"https:\/\/odysseus-contests.eu\/2016\/da\/wp-json\/wp\/v2\/users\/1"}],"replies":[{"embeddable":true,"href":"https:\/\/odysseus-contests.eu\/2016\/da\/wp-json\/wp\/v2\/comments?post=625"}],"version-history":[{"count":0,"href":"https:\/\/odysseus-contests.eu\/2016\/da\/wp-json\/wp\/v2\/pages\/625\/revisions"}],"up":[{"embeddable":true,"href":"https:\/\/odysseus-contests.eu\/2016\/da\/wp-json\/wp\/v2\/pages\/621"}],"wp:attachment":[{"href":"https:\/\/odysseus-contests.eu\/2016\/da\/wp-json\/wp\/v2\/media?parent=625"}],"curies":[{"name":"wp","href":"https:\/\/api.w.org\/{rel}","templated":true}]}}