{"id":617,"date":"2015-06-20T23:22:13","date_gmt":"2015-06-20T20:22:13","guid":{"rendered":"http:\/\/odysseus-contests.eu\/2016\/?page_id=617"},"modified":"2016-06-05T11:00:06","modified_gmt":"2016-06-05T08:00:06","slug":"vurdering-og-udvaelgelse","status":"publish","type":"page","link":"https:\/\/odysseus-contests.eu\/2016\/da\/skyvandrere\/vurdering-og-udvaelgelse\/","title":{"rendered":"Vurdering og udv\u00e6lgelse"},"content":{"rendered":"<p style=\"text-align: justify;\">I kategorien Skyvandrere vil alle bidrag blive bed\u00f8mt via en online-afstemning blandt deltagerne selv. Alle deltagere vil kunne stemme p\u00e5 deres favoritbillede, men de kan ikke stemme p\u00e5 deres eget billede. En vinder og to andenpr\u00e6mievindere vil blive fundet i hvert land i de to aldersgrupper: 7 til 10 \u00e5r (Junior Skyvandrere) og 11 til 13 \u00e5r (Senior Skyvandrere). I den sidste afstemningsrunde vil billeder fra de nationale vindere og toere igen blive bed\u00f8mt gennem en online-afstemning. De mest popul\u00e6re billeder i hver gruppe vil vinde f\u00f8rstepr\u00e6mie i Skyvandrernes kategori.<\/p>\n","protected":false},"excerpt":{"rendered":"<p>I kategorien Skyvandrere vil alle bidrag blive bed\u00f8mt via en online-afstemning blandt deltagerne selv. Alle deltagere vil kunne stemme p\u00e5 deres favoritbillede, men de kan ikke stemme p\u00e5 deres eget billede. En vinder og to andenpr\u00e6mievindere vil blive fundet i hvert land i de to aldersgrupper: 7 til 10 \u00e5r (Junior Skyvandrere) og 11 til [&hellip;]<\/p>\n","protected":false},"author":1,"featured_media":0,"parent":709,"menu_order":50,"comment_status":"closed","ping_status":"closed","template":"","meta":[],"acf":[],"yoast_head":"<!-- This site is optimized with the Yoast SEO plugin v19.14 - https:\/\/yoast.com\/wordpress\/plugins\/seo\/ -->\n<title>Vurdering og udv\u00e6lgelse - ODYSSEUS II<\/title>\n<meta name=\"robots\" content=\"index, follow, max-snippet:-1, max-image-preview:large, max-video-preview:-1\" \/>\n<link rel=\"canonical\" href=\"https:\/\/odysseus-contests.eu\/2016\/da\/skyvandrere\/vurdering-og-udvaelgelse\/\" \/>\n<meta property=\"og:locale\" content=\"da_DK\" \/>\n<meta property=\"og:type\" content=\"article\" \/>\n<meta property=\"og:title\" content=\"Vurdering og udv\u00e6lgelse - ODYSSEUS II\" \/>\n<meta property=\"og:description\" content=\"I kategorien Skyvandrere vil alle bidrag blive bed\u00f8mt via en online-afstemning blandt deltagerne selv. Alle deltagere vil kunne stemme p\u00e5 deres favoritbillede, men de kan ikke stemme p\u00e5 deres eget billede. En vinder og to andenpr\u00e6mievindere vil blive fundet i hvert land i de to aldersgrupper: 7 til 10 \u00e5r (Junior Skyvandrere) og 11 til [&hellip;]\" \/>\n<meta property=\"og:url\" content=\"https:\/\/odysseus-contests.eu\/2016\/da\/skyvandrere\/vurdering-og-udvaelgelse\/\" \/>\n<meta property=\"og:site_name\" content=\"ODYSSEUS II\" \/>\n<meta property=\"article:modified_time\" content=\"2016-06-05T08:00:06+00:00\" \/>\n<meta name=\"twitter:card\" content=\"summary_large_image\" \/>\n<script type=\"application\/ld+json\" class=\"yoast-schema-graph\">{\"@context\":\"https:\/\/schema.org\",\"@graph\":[{\"@type\":\"WebPage\",\"@id\":\"https:\/\/odysseus-contests.eu\/2016\/da\/skyvandrere\/vurdering-og-udvaelgelse\/\",\"url\":\"https:\/\/odysseus-contests.eu\/2016\/da\/skyvandrere\/vurdering-og-udvaelgelse\/\",\"name\":\"Vurdering og udv\u00e6lgelse - ODYSSEUS II\",\"isPartOf\":{\"@id\":\"https:\/\/odysseus-contests.eu\/2016\/de\/#website\"},\"datePublished\":\"2015-06-20T20:22:13+00:00\",\"dateModified\":\"2016-06-05T08:00:06+00:00\",\"breadcrumb\":{\"@id\":\"https:\/\/odysseus-contests.eu\/2016\/da\/skyvandrere\/vurdering-og-udvaelgelse\/#breadcrumb\"},\"inLanguage\":\"da-DK\",\"potentialAction\":[{\"@type\":\"ReadAction\",\"target\":[\"https:\/\/odysseus-contests.eu\/2016\/da\/skyvandrere\/vurdering-og-udvaelgelse\/\"]}]},{\"@type\":\"BreadcrumbList\",\"@id\":\"https:\/\/odysseus-contests.eu\/2016\/da\/skyvandrere\/vurdering-og-udvaelgelse\/#breadcrumb\",\"itemListElement\":[{\"@type\":\"ListItem\",\"position\":1,\"name\":\"Home\",\"item\":\"https:\/\/odysseus-contests.eu\/2016\/da\/\"},{\"@type\":\"ListItem\",\"position\":2,\"name\":\"Skyvandrere\",\"item\":\"https:\/\/odysseus-contests.eu\/2016\/da\/skyvandrere\/\"},{\"@type\":\"ListItem\",\"position\":3,\"name\":\"Vurdering og udv\u00e6lgelse\"}]},{\"@type\":\"WebSite\",\"@id\":\"https:\/\/odysseus-contests.eu\/2016\/de\/#website\",\"url\":\"https:\/\/odysseus-contests.eu\/2016\/de\/\",\"name\":\"ODYSSEUS II\",\"description\":\"Europ\u00e6isk Rumkonkurrence for Unger\",\"potentialAction\":[{\"@type\":\"SearchAction\",\"target\":{\"@type\":\"EntryPoint\",\"urlTemplate\":\"https:\/\/odysseus-contests.eu\/2016\/de\/?s={search_term_string}\"},\"query-input\":\"required name=search_term_string\"}],\"inLanguage\":\"da-DK\"}]}<\/script>\n<!-- \/ Yoast SEO plugin. -->","yoast_head_json":{"title":"Vurdering og udv\u00e6lgelse - ODYSSEUS II","robots":{"index":"index","follow":"follow","max-snippet":"max-snippet:-1","max-image-preview":"max-image-preview:large","max-video-preview":"max-video-preview:-1"},"canonical":"https:\/\/odysseus-contests.eu\/2016\/da\/skyvandrere\/vurdering-og-udvaelgelse\/","og_locale":"da_DK","og_type":"article","og_title":"Vurdering og udv\u00e6lgelse - ODYSSEUS II","og_description":"I kategorien Skyvandrere vil alle bidrag blive bed\u00f8mt via en online-afstemning blandt deltagerne selv. Alle deltagere vil kunne stemme p\u00e5 deres favoritbillede, men de kan ikke stemme p\u00e5 deres eget billede. En vinder og to andenpr\u00e6mievindere vil blive fundet i hvert land i de to aldersgrupper: 7 til 10 \u00e5r (Junior Skyvandrere) og 11 til [&hellip;]","og_url":"https:\/\/odysseus-contests.eu\/2016\/da\/skyvandrere\/vurdering-og-udvaelgelse\/","og_site_name":"ODYSSEUS II","article_modified_time":"2016-06-05T08:00:06+00:00","twitter_card":"summary_large_image","schema":{"@context":"https:\/\/schema.org","@graph":[{"@type":"WebPage","@id":"https:\/\/odysseus-contests.eu\/2016\/da\/skyvandrere\/vurdering-og-udvaelgelse\/","url":"https:\/\/odysseus-contests.eu\/2016\/da\/skyvandrere\/vurdering-og-udvaelgelse\/","name":"Vurdering og udv\u00e6lgelse - ODYSSEUS II","isPartOf":{"@id":"https:\/\/odysseus-contests.eu\/2016\/de\/#website"},"datePublished":"2015-06-20T20:22:13+00:00","dateModified":"2016-06-05T08:00:06+00:00","breadcrumb":{"@id":"https:\/\/odysseus-contests.eu\/2016\/da\/skyvandrere\/vurdering-og-udvaelgelse\/#breadcrumb"},"inLanguage":"da-DK","potentialAction":[{"@type":"ReadAction","target":["https:\/\/odysseus-contests.eu\/2016\/da\/skyvandrere\/vurdering-og-udvaelgelse\/"]}]},{"@type":"BreadcrumbList","@id":"https:\/\/odysseus-contests.eu\/2016\/da\/skyvandrere\/vurdering-og-udvaelgelse\/#breadcrumb","itemListElement":[{"@type":"ListItem","position":1,"name":"Home","item":"https:\/\/odysseus-contests.eu\/2016\/da\/"},{"@type":"ListItem","position":2,"name":"Skyvandrere","item":"https:\/\/odysseus-contests.eu\/2016\/da\/skyvandrere\/"},{"@type":"ListItem","position":3,"name":"Vurdering og udv\u00e6lgelse"}]},{"@type":"WebSite","@id":"https:\/\/odysseus-contests.eu\/2016\/de\/#website","url":"https:\/\/odysseus-contests.eu\/2016\/de\/","name":"ODYSSEUS II","description":"Europ\u00e6isk Rumkonkurrence for Unger","potentialAction":[{"@type":"SearchAction","target":{"@type":"EntryPoint","urlTemplate":"https:\/\/odysseus-contests.eu\/2016\/de\/?s={search_term_string}"},"query-input":"required name=search_term_string"}],"inLanguage":"da-DK"}]}},"_links":{"self":[{"href":"https:\/\/odysseus-contests.eu\/2016\/da\/wp-json\/wp\/v2\/pages\/617"}],"collection":[{"href":"https:\/\/odysseus-contests.eu\/2016\/da\/wp-json\/wp\/v2\/pages"}],"about":[{"href":"https:\/\/odysseus-contests.eu\/2016\/da\/wp-json\/wp\/v2\/types\/page"}],"author":[{"embeddable":true,"href":"https:\/\/odysseus-contests.eu\/2016\/da\/wp-json\/wp\/v2\/users\/1"}],"replies":[{"embeddable":true,"href":"https:\/\/odysseus-contests.eu\/2016\/da\/wp-json\/wp\/v2\/comments?post=617"}],"version-history":[{"count":1,"href":"https:\/\/odysseus-contests.eu\/2016\/da\/wp-json\/wp\/v2\/pages\/617\/revisions"}],"predecessor-version":[{"id":11773,"href":"https:\/\/odysseus-contests.eu\/2016\/da\/wp-json\/wp\/v2\/pages\/617\/revisions\/11773"}],"up":[{"embeddable":true,"href":"https:\/\/odysseus-contests.eu\/2016\/da\/wp-json\/wp\/v2\/pages\/709"}],"wp:attachment":[{"href":"https:\/\/odysseus-contests.eu\/2016\/da\/wp-json\/wp\/v2\/media?parent=617"}],"curies":[{"name":"wp","href":"https:\/\/api.w.org\/{rel}","templated":true}]}}