{"id":609,"date":"2015-06-20T23:16:09","date_gmt":"2015-06-20T20:16:09","guid":{"rendered":"http:\/\/odysseus-contests.eu\/2016\/?page_id=609"},"modified":"2015-06-29T18:35:07","modified_gmt":"2015-06-29T15:35:07","slug":"regler","status":"publish","type":"page","link":"https:\/\/odysseus-contests.eu\/2016\/da\/skyvandrere\/regler\/","title":{"rendered":"Regler"},"content":{"rendered":"<ul>\n<li>Konkurrencen er \u00e5ben for elever fra syv (7) til tretten (13) \u00e5r. Den vedr\u00f8rer elever, der er f\u00f8dt mellem den 1. april 2002 og den 31. marts 2009.<\/li>\n<li>Skyvandrere indsender billeder, som de har lavet individuelt. Udtrykket &#8220;billede&#8221; kan anvendes p\u00e5 billeder, der er oprettet p\u00e5 ethvert medie enten manuelt (tegning, maleri, mosaik mm.) eller elektronisk (fotografier, tegninger lavet med computer-programmer osv.). Billeder, der ikke er oprettet elektronisk, skal scannes og overf\u00f8res til et af de godkendte formater.<\/li>\n<li>Skyvandrere konkurrerer ikke i hold, men skal have hj\u00e6lp af en voksen (l\u00e6rer, familiemedlem eller ungdomsleder) med tilmelding og indsendelse.<\/li>\n<li>Hver Skyvandrer-deltager kan kun indsende \u00e9t billede til konkurrencen.<\/li>\n<li>Alle deltagere skal indsende et originalt rumforskningsbillede baseret p\u00e5 de temaer og krav, der g\u00e6lder for deres aldersgruppe.<\/li>\n<li>Deltagerne skal indsende deres bidrag digitalt i perioden mellem den 1. september 2015 og den 31. marts 2016.<\/li>\n<li>Alle indsendte bidrag skal v\u00e6re deltagernes eget arbejde, udf\u00f8rt specielt til denne konkurrence.<\/li>\n<li>I Skyvandrernes billedkategori vil alle bidrag vil blive bed\u00f8mt via en online-afstemning blandt deltagerne selv. En vinder og to andenpr\u00e6mie-vindere vil blive fundet i hvert deltagende EU-land og i hver blok af ikke-EU-lande i hver af de to aldersgrupper: syv (7) til ti (10) \u00e5r gamle (Junior Skyvandrere) og 11 (11) til tretten (13) \u00e5r gamle (Senior Skyvandrere). Fordeling p\u00e5 aldersgrupper vil blive afgjort af hver Skyvandrer-deltagers alder p\u00e5 den sidste dag for tilmelding (31. marts 2016). Kategorien Junior Skyvandrer vedr\u00f8rer elever f\u00f8dt mellem 1. april 2005 og 31. marts 2009. Senior Skyvandrer-kategorien vedr\u00f8rer elever f\u00f8dt mellem april 2002 og 31. marts 2005.<\/li>\n<li>Inden online-afstemningen blandt Skyvandrer-deltagerne om billederne i deres egen aldersgruppe, vil de bedste billeder i hver aldersgruppe i hvert land blive udvalgt af konkurrencens dommere og sat til afstemning blandt deltagerne. Dette sker for at sikre, at et overskueligt antal af billeder bliver udvalgt til overvejelse blandt Skyvandrerne.<\/li>\n<li>Skyvandrer-deltagere vil kun stemme p\u00e5 billeder fra deres eget land og i deres egen aldersgruppe.<\/li>\n<li>Skyvandrer-billeder, der er indsendt fra ikke-EU-lande, danner en samlet blok i deres udvalgte omr\u00e5de, og de vil blive sorteret og stemt om som om de udgjorde et enkelt land.<\/li>\n<li>Resultaterne af Skyvandrer-billedkonkurrencen nationalt bliver offentliggjort den 3. juni 2016.<\/li>\n<li>Online-afstemning blandt de nationale vindere vil starte efter annonceringen af finalisterne og vil vare indtil 3. juli 2016. De to vindere af Skyvandrer-kategorien vil blive annonceret ved Odysseus-konkurrencens prisuddeling den 7. juli 2016.<\/li>\n<li>Skyvandrere i billedkonkurrencen vil ikke deltage i regionale semifinaler, og de vil heller ikke rejse til den europ\u00e6iske finale i Bruxelles eller Toulouse, men de nationale vindere bliver annonceret og deres billeder fremvist ved finalen i Bruxelles.<\/li>\n<li>Hver deltager skal fremskaffe en underskrevet tilladelse fra for\u00e6ldrene til at deltage i konkurrencen.<\/li>\n<li>Alle Skyvandrer-deltagere b\u00f8r have en voksen (l\u00e6rer, familiemedlem eller ungdomsleder) til at hj\u00e6lpe sig.<\/li>\n<li>Hver voksen (l\u00e6rer, for\u00e6lder eller v\u00e6rge) kan indsende op til halvtreds (50) billeder fra halvtreds (50) forskellige Skyvandrer-konkurrencedeltagere, s\u00e5 l\u00e6nge der er givet for\u00e6ldresamtykke for hver enkelt.<\/li>\n<\/ul>\n","protected":false},"excerpt":{"rendered":"<p>Konkurrencen er \u00e5ben for elever fra syv (7) til tretten (13) \u00e5r. Den vedr\u00f8rer elever, der er f\u00f8dt mellem den 1. april 2002 og den 31. marts 2009. Skyvandrere indsender billeder, som de har lavet individuelt. Udtrykket &#8220;billede&#8221; kan anvendes p\u00e5 billeder, der er oprettet p\u00e5 ethvert medie enten manuelt (tegning, maleri, mosaik mm.) eller [&hellip;]<\/p>\n","protected":false},"author":1,"featured_media":0,"parent":709,"menu_order":20,"comment_status":"closed","ping_status":"closed","template":"","meta":[],"acf":[],"yoast_head":"<!-- This site is optimized with the Yoast SEO plugin v19.14 - https:\/\/yoast.com\/wordpress\/plugins\/seo\/ -->\n<title>Regler - ODYSSEUS II<\/title>\n<meta name=\"robots\" content=\"index, follow, max-snippet:-1, max-image-preview:large, max-video-preview:-1\" \/>\n<link rel=\"canonical\" href=\"https:\/\/odysseus-contests.eu\/2016\/da\/skyvandrere\/regler\/\" \/>\n<meta property=\"og:locale\" content=\"da_DK\" \/>\n<meta property=\"og:type\" content=\"article\" \/>\n<meta property=\"og:title\" content=\"Regler - ODYSSEUS II\" \/>\n<meta property=\"og:description\" content=\"Konkurrencen er \u00e5ben for elever fra syv (7) til tretten (13) \u00e5r. Den vedr\u00f8rer elever, der er f\u00f8dt mellem den 1. april 2002 og den 31. marts 2009. Skyvandrere indsender billeder, som de har lavet individuelt. Udtrykket &#8220;billede&#8221; kan anvendes p\u00e5 billeder, der er oprettet p\u00e5 ethvert medie enten manuelt (tegning, maleri, mosaik mm.) eller [&hellip;]\" \/>\n<meta property=\"og:url\" content=\"https:\/\/odysseus-contests.eu\/2016\/da\/skyvandrere\/regler\/\" \/>\n<meta property=\"og:site_name\" content=\"ODYSSEUS II\" \/>\n<meta property=\"article:modified_time\" content=\"2015-06-29T15:35:07+00:00\" \/>\n<meta name=\"twitter:card\" content=\"summary_large_image\" \/>\n<meta name=\"twitter:label1\" content=\"Estimeret l\u00e6setid\" \/>\n\t<meta name=\"twitter:data1\" content=\"2 minutter\" \/>\n<script type=\"application\/ld+json\" class=\"yoast-schema-graph\">{\"@context\":\"https:\/\/schema.org\",\"@graph\":[{\"@type\":\"WebPage\",\"@id\":\"https:\/\/odysseus-contests.eu\/2016\/da\/skyvandrere\/regler\/\",\"url\":\"https:\/\/odysseus-contests.eu\/2016\/da\/skyvandrere\/regler\/\",\"name\":\"Regler - ODYSSEUS II\",\"isPartOf\":{\"@id\":\"https:\/\/odysseus-contests.eu\/2016\/de\/#website\"},\"datePublished\":\"2015-06-20T20:16:09+00:00\",\"dateModified\":\"2015-06-29T15:35:07+00:00\",\"breadcrumb\":{\"@id\":\"https:\/\/odysseus-contests.eu\/2016\/da\/skyvandrere\/regler\/#breadcrumb\"},\"inLanguage\":\"da-DK\",\"potentialAction\":[{\"@type\":\"ReadAction\",\"target\":[\"https:\/\/odysseus-contests.eu\/2016\/da\/skyvandrere\/regler\/\"]}]},{\"@type\":\"BreadcrumbList\",\"@id\":\"https:\/\/odysseus-contests.eu\/2016\/da\/skyvandrere\/regler\/#breadcrumb\",\"itemListElement\":[{\"@type\":\"ListItem\",\"position\":1,\"name\":\"Home\",\"item\":\"https:\/\/odysseus-contests.eu\/2016\/da\/\"},{\"@type\":\"ListItem\",\"position\":2,\"name\":\"Skyvandrere\",\"item\":\"https:\/\/odysseus-contests.eu\/2016\/da\/skyvandrere\/\"},{\"@type\":\"ListItem\",\"position\":3,\"name\":\"Regler\"}]},{\"@type\":\"WebSite\",\"@id\":\"https:\/\/odysseus-contests.eu\/2016\/de\/#website\",\"url\":\"https:\/\/odysseus-contests.eu\/2016\/de\/\",\"name\":\"ODYSSEUS II\",\"description\":\"Europ\u00e6isk Rumkonkurrence for Unger\",\"potentialAction\":[{\"@type\":\"SearchAction\",\"target\":{\"@type\":\"EntryPoint\",\"urlTemplate\":\"https:\/\/odysseus-contests.eu\/2016\/de\/?s={search_term_string}\"},\"query-input\":\"required name=search_term_string\"}],\"inLanguage\":\"da-DK\"}]}<\/script>\n<!-- \/ Yoast SEO plugin. -->","yoast_head_json":{"title":"Regler - ODYSSEUS II","robots":{"index":"index","follow":"follow","max-snippet":"max-snippet:-1","max-image-preview":"max-image-preview:large","max-video-preview":"max-video-preview:-1"},"canonical":"https:\/\/odysseus-contests.eu\/2016\/da\/skyvandrere\/regler\/","og_locale":"da_DK","og_type":"article","og_title":"Regler - ODYSSEUS II","og_description":"Konkurrencen er \u00e5ben for elever fra syv (7) til tretten (13) \u00e5r. Den vedr\u00f8rer elever, der er f\u00f8dt mellem den 1. april 2002 og den 31. marts 2009. Skyvandrere indsender billeder, som de har lavet individuelt. Udtrykket &#8220;billede&#8221; kan anvendes p\u00e5 billeder, der er oprettet p\u00e5 ethvert medie enten manuelt (tegning, maleri, mosaik mm.) eller [&hellip;]","og_url":"https:\/\/odysseus-contests.eu\/2016\/da\/skyvandrere\/regler\/","og_site_name":"ODYSSEUS II","article_modified_time":"2015-06-29T15:35:07+00:00","twitter_card":"summary_large_image","twitter_misc":{"Estimeret l\u00e6setid":"2 minutter"},"schema":{"@context":"https:\/\/schema.org","@graph":[{"@type":"WebPage","@id":"https:\/\/odysseus-contests.eu\/2016\/da\/skyvandrere\/regler\/","url":"https:\/\/odysseus-contests.eu\/2016\/da\/skyvandrere\/regler\/","name":"Regler - ODYSSEUS II","isPartOf":{"@id":"https:\/\/odysseus-contests.eu\/2016\/de\/#website"},"datePublished":"2015-06-20T20:16:09+00:00","dateModified":"2015-06-29T15:35:07+00:00","breadcrumb":{"@id":"https:\/\/odysseus-contests.eu\/2016\/da\/skyvandrere\/regler\/#breadcrumb"},"inLanguage":"da-DK","potentialAction":[{"@type":"ReadAction","target":["https:\/\/odysseus-contests.eu\/2016\/da\/skyvandrere\/regler\/"]}]},{"@type":"BreadcrumbList","@id":"https:\/\/odysseus-contests.eu\/2016\/da\/skyvandrere\/regler\/#breadcrumb","itemListElement":[{"@type":"ListItem","position":1,"name":"Home","item":"https:\/\/odysseus-contests.eu\/2016\/da\/"},{"@type":"ListItem","position":2,"name":"Skyvandrere","item":"https:\/\/odysseus-contests.eu\/2016\/da\/skyvandrere\/"},{"@type":"ListItem","position":3,"name":"Regler"}]},{"@type":"WebSite","@id":"https:\/\/odysseus-contests.eu\/2016\/de\/#website","url":"https:\/\/odysseus-contests.eu\/2016\/de\/","name":"ODYSSEUS II","description":"Europ\u00e6isk Rumkonkurrence for Unger","potentialAction":[{"@type":"SearchAction","target":{"@type":"EntryPoint","urlTemplate":"https:\/\/odysseus-contests.eu\/2016\/de\/?s={search_term_string}"},"query-input":"required name=search_term_string"}],"inLanguage":"da-DK"}]}},"_links":{"self":[{"href":"https:\/\/odysseus-contests.eu\/2016\/da\/wp-json\/wp\/v2\/pages\/609"}],"collection":[{"href":"https:\/\/odysseus-contests.eu\/2016\/da\/wp-json\/wp\/v2\/pages"}],"about":[{"href":"https:\/\/odysseus-contests.eu\/2016\/da\/wp-json\/wp\/v2\/types\/page"}],"author":[{"embeddable":true,"href":"https:\/\/odysseus-contests.eu\/2016\/da\/wp-json\/wp\/v2\/users\/1"}],"replies":[{"embeddable":true,"href":"https:\/\/odysseus-contests.eu\/2016\/da\/wp-json\/wp\/v2\/comments?post=609"}],"version-history":[{"count":0,"href":"https:\/\/odysseus-contests.eu\/2016\/da\/wp-json\/wp\/v2\/pages\/609\/revisions"}],"up":[{"embeddable":true,"href":"https:\/\/odysseus-contests.eu\/2016\/da\/wp-json\/wp\/v2\/pages\/709"}],"wp:attachment":[{"href":"https:\/\/odysseus-contests.eu\/2016\/da\/wp-json\/wp\/v2\/media?parent=609"}],"curies":[{"name":"wp","href":"https:\/\/api.w.org\/{rel}","templated":true}]}}