{"id":599,"date":"2015-06-20T23:02:29","date_gmt":"2015-06-20T20:02:29","guid":{"rendered":"http:\/\/odysseus-contests.eu\/2016\/?page_id=599"},"modified":"2015-06-20T23:02:29","modified_gmt":"2015-06-20T20:02:29","slug":"dommere","status":"publish","type":"page","link":"https:\/\/odysseus-contests.eu\/2016\/da\/oplysninger\/dommere\/","title":{"rendered":"Dommere"},"content":{"rendered":"<p>Alle bidrag vil blive bed\u00f8mt af deres respektive nationale dommerpanel, som best\u00e5r af meget erfarne dommere. Mere specifikt best\u00e5r hvert nationalt dommerpanel af undervisere i naturvidenskab, eksperter i rumforskning og professionelle undervisere fra gymnasie, universitet eller en anden uddannelse med en baggrund i naturvidenskab.<\/p>\n<p>Dommere p\u00e5 det regionale niveau vil ogs\u00e5 v\u00e6re frivillige med baggrund i rumforskning, ingeni\u00f8rarbejde og uddannelse. Deres rejseudgifter til semifinaler og finaler bliver betalt af Odysseus II-projektet.<\/p>\n<p>Den internationale videnskabelige komit\u00e9 best\u00e5r ogs\u00e5 af eksperter i rumforskning og professionelle undervisere med en baggrund i naturvidenskab. L\u00e6rer-ledere for hold, der er tilmeldt Odysseus-konkurrencen, kan ikke deltage som dommere.<\/p>\n","protected":false},"excerpt":{"rendered":"<p>Alle bidrag vil blive bed\u00f8mt af deres respektive nationale dommerpanel, som best\u00e5r af meget erfarne dommere. Mere specifikt best\u00e5r hvert nationalt dommerpanel af undervisere i naturvidenskab, eksperter i rumforskning og professionelle undervisere fra gymnasie, universitet eller en anden uddannelse med en baggrund i naturvidenskab. Dommere p\u00e5 det regionale niveau vil ogs\u00e5 v\u00e6re frivillige med baggrund [&hellip;]<\/p>\n","protected":false},"author":1,"featured_media":0,"parent":594,"menu_order":0,"comment_status":"closed","ping_status":"closed","template":"template_evaluators.php","meta":[],"acf":[],"yoast_head":"<!-- This site is optimized with the Yoast SEO plugin v19.14 - https:\/\/yoast.com\/wordpress\/plugins\/seo\/ -->\n<title>Dommere - ODYSSEUS II<\/title>\n<meta name=\"robots\" content=\"index, follow, max-snippet:-1, max-image-preview:large, max-video-preview:-1\" \/>\n<link rel=\"canonical\" href=\"https:\/\/odysseus-contests.eu\/2016\/da\/oplysninger\/dommere\/\" \/>\n<meta property=\"og:locale\" content=\"da_DK\" \/>\n<meta property=\"og:type\" content=\"article\" \/>\n<meta property=\"og:title\" content=\"Dommere - ODYSSEUS II\" \/>\n<meta property=\"og:description\" content=\"Alle bidrag vil blive bed\u00f8mt af deres respektive nationale dommerpanel, som best\u00e5r af meget erfarne dommere. Mere specifikt best\u00e5r hvert nationalt dommerpanel af undervisere i naturvidenskab, eksperter i rumforskning og professionelle undervisere fra gymnasie, universitet eller en anden uddannelse med en baggrund i naturvidenskab. Dommere p\u00e5 det regionale niveau vil ogs\u00e5 v\u00e6re frivillige med baggrund [&hellip;]\" \/>\n<meta property=\"og:url\" content=\"https:\/\/odysseus-contests.eu\/2016\/da\/oplysninger\/dommere\/\" \/>\n<meta property=\"og:site_name\" content=\"ODYSSEUS II\" \/>\n<meta name=\"twitter:card\" content=\"summary_large_image\" \/>\n<meta name=\"twitter:label1\" content=\"Estimeret l\u00e6setid\" \/>\n\t<meta name=\"twitter:data1\" content=\"1 minut\" \/>\n<script type=\"application\/ld+json\" class=\"yoast-schema-graph\">{\"@context\":\"https:\/\/schema.org\",\"@graph\":[{\"@type\":\"WebPage\",\"@id\":\"https:\/\/odysseus-contests.eu\/2016\/da\/oplysninger\/dommere\/\",\"url\":\"https:\/\/odysseus-contests.eu\/2016\/da\/oplysninger\/dommere\/\",\"name\":\"Dommere - ODYSSEUS II\",\"isPartOf\":{\"@id\":\"https:\/\/odysseus-contests.eu\/2016\/de\/#website\"},\"datePublished\":\"2015-06-20T20:02:29+00:00\",\"dateModified\":\"2015-06-20T20:02:29+00:00\",\"breadcrumb\":{\"@id\":\"https:\/\/odysseus-contests.eu\/2016\/da\/oplysninger\/dommere\/#breadcrumb\"},\"inLanguage\":\"da-DK\",\"potentialAction\":[{\"@type\":\"ReadAction\",\"target\":[\"https:\/\/odysseus-contests.eu\/2016\/da\/oplysninger\/dommere\/\"]}]},{\"@type\":\"BreadcrumbList\",\"@id\":\"https:\/\/odysseus-contests.eu\/2016\/da\/oplysninger\/dommere\/#breadcrumb\",\"itemListElement\":[{\"@type\":\"ListItem\",\"position\":1,\"name\":\"Home\",\"item\":\"https:\/\/odysseus-contests.eu\/2016\/da\/\"},{\"@type\":\"ListItem\",\"position\":2,\"name\":\"Oplysninger\",\"item\":\"https:\/\/odysseus-contests.eu\/2016\/da\/oplysninger\/\"},{\"@type\":\"ListItem\",\"position\":3,\"name\":\"Dommere\"}]},{\"@type\":\"WebSite\",\"@id\":\"https:\/\/odysseus-contests.eu\/2016\/de\/#website\",\"url\":\"https:\/\/odysseus-contests.eu\/2016\/de\/\",\"name\":\"ODYSSEUS II\",\"description\":\"Europ\u00e6isk Rumkonkurrence for Unger\",\"potentialAction\":[{\"@type\":\"SearchAction\",\"target\":{\"@type\":\"EntryPoint\",\"urlTemplate\":\"https:\/\/odysseus-contests.eu\/2016\/de\/?s={search_term_string}\"},\"query-input\":\"required name=search_term_string\"}],\"inLanguage\":\"da-DK\"}]}<\/script>\n<!-- \/ Yoast SEO plugin. -->","yoast_head_json":{"title":"Dommere - ODYSSEUS II","robots":{"index":"index","follow":"follow","max-snippet":"max-snippet:-1","max-image-preview":"max-image-preview:large","max-video-preview":"max-video-preview:-1"},"canonical":"https:\/\/odysseus-contests.eu\/2016\/da\/oplysninger\/dommere\/","og_locale":"da_DK","og_type":"article","og_title":"Dommere - ODYSSEUS II","og_description":"Alle bidrag vil blive bed\u00f8mt af deres respektive nationale dommerpanel, som best\u00e5r af meget erfarne dommere. Mere specifikt best\u00e5r hvert nationalt dommerpanel af undervisere i naturvidenskab, eksperter i rumforskning og professionelle undervisere fra gymnasie, universitet eller en anden uddannelse med en baggrund i naturvidenskab. Dommere p\u00e5 det regionale niveau vil ogs\u00e5 v\u00e6re frivillige med baggrund [&hellip;]","og_url":"https:\/\/odysseus-contests.eu\/2016\/da\/oplysninger\/dommere\/","og_site_name":"ODYSSEUS II","twitter_card":"summary_large_image","twitter_misc":{"Estimeret l\u00e6setid":"1 minut"},"schema":{"@context":"https:\/\/schema.org","@graph":[{"@type":"WebPage","@id":"https:\/\/odysseus-contests.eu\/2016\/da\/oplysninger\/dommere\/","url":"https:\/\/odysseus-contests.eu\/2016\/da\/oplysninger\/dommere\/","name":"Dommere - ODYSSEUS II","isPartOf":{"@id":"https:\/\/odysseus-contests.eu\/2016\/de\/#website"},"datePublished":"2015-06-20T20:02:29+00:00","dateModified":"2015-06-20T20:02:29+00:00","breadcrumb":{"@id":"https:\/\/odysseus-contests.eu\/2016\/da\/oplysninger\/dommere\/#breadcrumb"},"inLanguage":"da-DK","potentialAction":[{"@type":"ReadAction","target":["https:\/\/odysseus-contests.eu\/2016\/da\/oplysninger\/dommere\/"]}]},{"@type":"BreadcrumbList","@id":"https:\/\/odysseus-contests.eu\/2016\/da\/oplysninger\/dommere\/#breadcrumb","itemListElement":[{"@type":"ListItem","position":1,"name":"Home","item":"https:\/\/odysseus-contests.eu\/2016\/da\/"},{"@type":"ListItem","position":2,"name":"Oplysninger","item":"https:\/\/odysseus-contests.eu\/2016\/da\/oplysninger\/"},{"@type":"ListItem","position":3,"name":"Dommere"}]},{"@type":"WebSite","@id":"https:\/\/odysseus-contests.eu\/2016\/de\/#website","url":"https:\/\/odysseus-contests.eu\/2016\/de\/","name":"ODYSSEUS II","description":"Europ\u00e6isk Rumkonkurrence for Unger","potentialAction":[{"@type":"SearchAction","target":{"@type":"EntryPoint","urlTemplate":"https:\/\/odysseus-contests.eu\/2016\/de\/?s={search_term_string}"},"query-input":"required name=search_term_string"}],"inLanguage":"da-DK"}]}},"_links":{"self":[{"href":"https:\/\/odysseus-contests.eu\/2016\/da\/wp-json\/wp\/v2\/pages\/599"}],"collection":[{"href":"https:\/\/odysseus-contests.eu\/2016\/da\/wp-json\/wp\/v2\/pages"}],"about":[{"href":"https:\/\/odysseus-contests.eu\/2016\/da\/wp-json\/wp\/v2\/types\/page"}],"author":[{"embeddable":true,"href":"https:\/\/odysseus-contests.eu\/2016\/da\/wp-json\/wp\/v2\/users\/1"}],"replies":[{"embeddable":true,"href":"https:\/\/odysseus-contests.eu\/2016\/da\/wp-json\/wp\/v2\/comments?post=599"}],"version-history":[{"count":0,"href":"https:\/\/odysseus-contests.eu\/2016\/da\/wp-json\/wp\/v2\/pages\/599\/revisions"}],"up":[{"embeddable":true,"href":"https:\/\/odysseus-contests.eu\/2016\/da\/wp-json\/wp\/v2\/pages\/594"}],"wp:attachment":[{"href":"https:\/\/odysseus-contests.eu\/2016\/da\/wp-json\/wp\/v2\/media?parent=599"}],"curies":[{"name":"wp","href":"https:\/\/api.w.org\/{rel}","templated":true}]}}