{"id":568,"date":"2015-06-18T22:19:30","date_gmt":"2015-06-18T19:19:30","guid":{"rendered":"http:\/\/odysseus-contests.eu\/2016\/?page_id=568"},"modified":"2015-07-11T23:07:41","modified_gmt":"2015-07-11T20:07:41","slug":"regler","status":"publish","type":"page","link":"https:\/\/odysseus-contests.eu\/2016\/da\/pionererne\/regler\/","title":{"rendered":"Regler"},"content":{"rendered":"<ul>\n<li>Konkurrencen er \u00e5ben for elever fra de \u00e6ldste alderstrin, gymasium eller lignende i alderen fra fjorten (14) til atten (18) \u00e5r. Det drejer sig om elever, der er f\u00f8dt mellem 1. april 1997 og 31. marts 2002.<\/li>\n<li>&#8220;Pionerer&#8221; arbejder i hold p\u00e5 2-3 medlemmer, ledet af en l\u00e6rer-leder. Elever p\u00e5 et hold kan komme fra forskellige skoler inden for samme land eller forskellige klassev\u00e6relser\/alderstrin p\u00e5 den enkelte skole, s\u00e5 l\u00e6nge alderskriteriet er overholdt. Hvert hold kan ogs\u00e5 have en <a href=\"http:\/\/odysseus-contests.eu\/2016\/da\/netvaerk-af-mentorer\/\">mentor<\/a> til at guide dem teknisk eller videnskabeligt.<\/li>\n<li>Hvert pionerhold skal have en l\u00e6rer-leder til at lede holdet og st\u00f8tte med tilmelding og indsendelse af projekter, give vejledning i projektet og p\u00e5 rejser til semifinaler og finale.<\/li>\n<li>Hvert hold kan kun indgive \u00e9t projekt, og hver deltager kan kun v\u00e6re med p\u00e5 \u00e9t hold.<\/li>\n<li>Holdene skal v\u00e6lge et unikt identificerede navn, der genspejler de uddannelsesm\u00e6ssige, videnskabelige eller sociale m\u00e5l med konkurrencen.<\/li>\n<li>Alle deltagere og hold skal freml\u00e6gge et originalt projekt om rumforskning, baseret p\u00e5 temaer og krav i deres aldersgruppe.<\/li>\n<li>Deltagerne i pioner-kategorien kan indsende bidrag digitalt mellem den 1. september 2015 og den 15. januar 2016.<\/li>\n<li>Alle indsendte bidrag skal v\u00e6re deltagernes eget arbejde, udf\u00f8rt specielt til denne konkurrence.<\/li>\n<li>Pioner-projekter bliver bed\u00f8mt i tre faser:\n<ol>\n<li>Nationalt, af et panel af dommere fra deltagernes eget land, baseret p\u00e5 de online-indleverede bidrag. Dette finder sted i perioden 16. januar 2016 &#8211; 26. februar 2016. Nationale vindere vil blive annonceret den 28. februar 2016. Bidrag fra ikke-EU-lande vil af arrang\u00f8rerne blive placeret hos et af dommerpanelerne, afh\u00e6ngigt af det sprog, som deltagerne har valgt.<\/li>\n<li>Regionalt, af udvalgte dommere fra den foreg\u00e5ende runde, udvalgt fra alle deltagende lande i regionen. Bed\u00f8mmelsen sker ved semifinaler i hver region, hvor alle nationale vindere i regionen deltager. De hold, der er g\u00e5et til semifinalen, vil pr\u00e6sentere deres bidrag live for dommerne. De regionale semifinaler finder sted mellem den 15. marts og den 26. april 2016. N\u00f8jagtige datoer pr. region bliver meddelt p\u00e5 Odysseus-hjemmesiden.<\/li>\n<li>Internationalt, af et panel af fremtr\u00e6dende rumforskere, undervisere og videnskabelige personligheder. Vinderne af de regionale finaler m\u00f8des i Bruxelles eller Toulouse for at pr\u00e6sentere deres projekter for dommerne. Den internationale finale finder sted mellem den 4. juli og den 7. juli 2016.<\/li>\n<\/ol>\n<\/li>\n<\/ul>\n<ul>\n<li>Under bed\u00f8mmelsen p\u00e5 nationalt niveau vil antallet af vindere, der g\u00e5r videre til det n\u00e6ste niveau, v\u00e6re bestemt af den relative befolkningsst\u00f8rrelse i de konkurrerende lande og antallet af bidrag fra hver region og inden for hvert tema. Odysseus-konkurrencens arrang\u00f8rer vil via den officielle hjemmeside meddele, hvor mange vindere der g\u00e5r videre til semifinalerne. De ti vindende hold p\u00e5 regionalt niveau vil deltage i den internationale finale.<\/li>\n<li>Ved udv\u00e6lgelsen af de bedste projekter p\u00e5 europ\u00e6isk niveau bliver pr\u00e6mier uddelt uden hensyn til finalisters statsborgerskab eller bop\u00e6l, dvs. der er ingen fastsatte kvoter ud fra befolkning eller omfang af deltagelse i konkurrencen.<\/li>\n<li>Dommere vil give projekterne point efter f\u00f8lgende kriterier:\n<ul>\n<li>Akademisk kunnen (n\u00f8jagtighed, sv\u00e6rhedsgrad)<\/li>\n<li>Relevans for det angivne tema<\/li>\n<li>Evne til probleml\u00f8sning<\/li>\n<li>Originalitet<\/li>\n<li>Samfundsm\u00e6ssig relevans<\/li>\n<li>Pr\u00e6sentation<\/li>\n<li>Tekniske og praktiske f\u00e6rdigheder<\/li>\n<li>B\u00e6redygtighed og milj\u00f8bevidsthed<\/li>\n<\/ul>\n<\/li>\n<li>Hvert hold vil f\u00e5 et sammendrag af dommernes vurdering af deres projekt ved bed\u00f8mmelsen. Senere anmodninger om yderligere evaluering vil ikke blive im\u00f8dekommet.<\/li>\n<li>Dommerne vil ogs\u00e5 uddele en r\u00e6kke s\u00e6rlige udm\u00e6rkelser til ikke-vindende hold p\u00e5 hvert niveau, for eksempel:\n<ul>\n<li>Mest i\u00f8jnefaldende grafik<\/li>\n<li>Mest originale proble<\/li>\n<li>Mest professionelle pr\u00e6sentation<\/li>\n<li>Mest kunstneriske indl\u00e6g<\/li>\n<li>Bedste brug af musik i et videnskabeligt projekt<\/li>\n<li>Mest nyskabende tilgang til det angivne tema<\/li>\n<li>Mest milj\u00f8bevidste projekt<\/li>\n<li>Mest innovative l\u00f8sning p\u00e5 et problem<\/li>\n<li>Bedste brug af grundl\u00e6ggende viden om rummet<\/li>\n<\/ul>\n<\/li>\n<li>Hvert pionerhold vil modtage et diplom som bevis p\u00e5, at de deltog i Odysseus-konkurrencen. Det samme vil l\u00e6rer-ledere i hvert team.<\/li>\n<li>Alle vindende projekter vil blive fremvist i Hall of Fame-omr\u00e5det p\u00e5 Odysseus II-hjemmesiden, og holdets medlemmer vil modtage en vindermedaljon.<\/li>\n<li>Det er gratis at deltage i konkurrencen, og rejseudgifter (fly- og togbilletter, overnatning, m\u00e5ltider og forsikring) for at deltage i regionale og europ\u00e6iske finaler bliver d\u00e6kket af Odysseus-konkurrencens arrang\u00f8rer, inden for rimelige gr\u00e6nser. Betalte ture til den regionale og internationale finaler g\u00e6lder \u00e9n l\u00e6rer-leder og h\u00f8jst tre deltagere.<\/li>\n<li>B\u00e5de ved de regionale og internationale finaler vil finalisterne deltage i et antal rumbaserede aktiviteter, arrangementer og ture, arrangeret og betalt af Odysseus-konkurrencens arrang\u00f8rer.<\/li>\n<li>Det p\u00e5hviler holdets l\u00e6rer-leder at give fuldst\u00e6ndige og korrekte oplysninger om hver enkelt deltager i teamet via tilmeldingsformularen p\u00e5 Odysseus-konkurrencens hjemmeside.<\/li>\n<li>Hver deltager under 18 \u00e5r skal aflevere en underskrevet tilladelse fra for\u00e6ldrene til at deltage i konkurrencen.<\/li>\n<li>For\u00e6ldre skal give tilladelse til rejse og deltagelse i de regionale og europ\u00e6iske finaler til hver finaledeltager under 18 \u00e5r.<\/li>\n<li>Det p\u00e5hviler holdets l\u00e6rer-leder at indlevere til arrang\u00f8rerne en underskrevet tilladelse fra for\u00e6ldre for alle deres deltagere.<\/li>\n<li>Hver l\u00e6rer-leder m\u00e5 have ansvar for op til fire hold i konkurrencen.<\/li>\n<\/ul>\n","protected":false},"excerpt":{"rendered":"<p>Konkurrencen er \u00e5ben for elever fra de \u00e6ldste alderstrin, gymasium eller lignende i alderen fra fjorten (14) til atten (18) \u00e5r. Det drejer sig om elever, der er f\u00f8dt mellem 1. april 1997 og 31. marts 2002. &#8220;Pionerer&#8221; arbejder i hold p\u00e5 2-3 medlemmer, ledet af en l\u00e6rer-leder. Elever p\u00e5 et hold kan komme fra [&hellip;]<\/p>\n","protected":false},"author":1,"featured_media":0,"parent":570,"menu_order":20,"comment_status":"closed","ping_status":"closed","template":"","meta":[],"acf":[],"yoast_head":"<!-- This site is optimized with the Yoast SEO plugin v19.14 - https:\/\/yoast.com\/wordpress\/plugins\/seo\/ -->\n<title>Regler - ODYSSEUS II<\/title>\n<meta name=\"robots\" content=\"index, follow, max-snippet:-1, max-image-preview:large, max-video-preview:-1\" \/>\n<link rel=\"canonical\" href=\"https:\/\/odysseus-contests.eu\/2016\/da\/pionererne\/regler\/\" \/>\n<meta property=\"og:locale\" content=\"da_DK\" \/>\n<meta property=\"og:type\" content=\"article\" \/>\n<meta property=\"og:title\" content=\"Regler - ODYSSEUS II\" \/>\n<meta property=\"og:description\" content=\"Konkurrencen er \u00e5ben for elever fra de \u00e6ldste alderstrin, gymasium eller lignende i alderen fra fjorten (14) til atten (18) \u00e5r. Det drejer sig om elever, der er f\u00f8dt mellem 1. april 1997 og 31. marts 2002. &#8220;Pionerer&#8221; arbejder i hold p\u00e5 2-3 medlemmer, ledet af en l\u00e6rer-leder. Elever p\u00e5 et hold kan komme fra [&hellip;]\" \/>\n<meta property=\"og:url\" content=\"https:\/\/odysseus-contests.eu\/2016\/da\/pionererne\/regler\/\" \/>\n<meta property=\"og:site_name\" content=\"ODYSSEUS II\" \/>\n<meta property=\"article:modified_time\" content=\"2015-07-11T20:07:41+00:00\" \/>\n<meta name=\"twitter:card\" content=\"summary_large_image\" \/>\n<meta name=\"twitter:label1\" content=\"Estimeret l\u00e6setid\" \/>\n\t<meta name=\"twitter:data1\" content=\"4 minutter\" \/>\n<script type=\"application\/ld+json\" class=\"yoast-schema-graph\">{\"@context\":\"https:\/\/schema.org\",\"@graph\":[{\"@type\":\"WebPage\",\"@id\":\"https:\/\/odysseus-contests.eu\/2016\/da\/pionererne\/regler\/\",\"url\":\"https:\/\/odysseus-contests.eu\/2016\/da\/pionererne\/regler\/\",\"name\":\"Regler - ODYSSEUS II\",\"isPartOf\":{\"@id\":\"https:\/\/odysseus-contests.eu\/2016\/de\/#website\"},\"datePublished\":\"2015-06-18T19:19:30+00:00\",\"dateModified\":\"2015-07-11T20:07:41+00:00\",\"breadcrumb\":{\"@id\":\"https:\/\/odysseus-contests.eu\/2016\/da\/pionererne\/regler\/#breadcrumb\"},\"inLanguage\":\"da-DK\",\"potentialAction\":[{\"@type\":\"ReadAction\",\"target\":[\"https:\/\/odysseus-contests.eu\/2016\/da\/pionererne\/regler\/\"]}]},{\"@type\":\"BreadcrumbList\",\"@id\":\"https:\/\/odysseus-contests.eu\/2016\/da\/pionererne\/regler\/#breadcrumb\",\"itemListElement\":[{\"@type\":\"ListItem\",\"position\":1,\"name\":\"Home\",\"item\":\"https:\/\/odysseus-contests.eu\/2016\/da\/\"},{\"@type\":\"ListItem\",\"position\":2,\"name\":\"Pionererne\",\"item\":\"https:\/\/odysseus-contests.eu\/2016\/da\/pionererne\/\"},{\"@type\":\"ListItem\",\"position\":3,\"name\":\"Regler\"}]},{\"@type\":\"WebSite\",\"@id\":\"https:\/\/odysseus-contests.eu\/2016\/de\/#website\",\"url\":\"https:\/\/odysseus-contests.eu\/2016\/de\/\",\"name\":\"ODYSSEUS II\",\"description\":\"Europ\u00e6isk Rumkonkurrence for Unger\",\"potentialAction\":[{\"@type\":\"SearchAction\",\"target\":{\"@type\":\"EntryPoint\",\"urlTemplate\":\"https:\/\/odysseus-contests.eu\/2016\/de\/?s={search_term_string}\"},\"query-input\":\"required name=search_term_string\"}],\"inLanguage\":\"da-DK\"}]}<\/script>\n<!-- \/ Yoast SEO plugin. -->","yoast_head_json":{"title":"Regler - ODYSSEUS II","robots":{"index":"index","follow":"follow","max-snippet":"max-snippet:-1","max-image-preview":"max-image-preview:large","max-video-preview":"max-video-preview:-1"},"canonical":"https:\/\/odysseus-contests.eu\/2016\/da\/pionererne\/regler\/","og_locale":"da_DK","og_type":"article","og_title":"Regler - ODYSSEUS II","og_description":"Konkurrencen er \u00e5ben for elever fra de \u00e6ldste alderstrin, gymasium eller lignende i alderen fra fjorten (14) til atten (18) \u00e5r. Det drejer sig om elever, der er f\u00f8dt mellem 1. april 1997 og 31. marts 2002. &#8220;Pionerer&#8221; arbejder i hold p\u00e5 2-3 medlemmer, ledet af en l\u00e6rer-leder. Elever p\u00e5 et hold kan komme fra [&hellip;]","og_url":"https:\/\/odysseus-contests.eu\/2016\/da\/pionererne\/regler\/","og_site_name":"ODYSSEUS II","article_modified_time":"2015-07-11T20:07:41+00:00","twitter_card":"summary_large_image","twitter_misc":{"Estimeret l\u00e6setid":"4 minutter"},"schema":{"@context":"https:\/\/schema.org","@graph":[{"@type":"WebPage","@id":"https:\/\/odysseus-contests.eu\/2016\/da\/pionererne\/regler\/","url":"https:\/\/odysseus-contests.eu\/2016\/da\/pionererne\/regler\/","name":"Regler - ODYSSEUS II","isPartOf":{"@id":"https:\/\/odysseus-contests.eu\/2016\/de\/#website"},"datePublished":"2015-06-18T19:19:30+00:00","dateModified":"2015-07-11T20:07:41+00:00","breadcrumb":{"@id":"https:\/\/odysseus-contests.eu\/2016\/da\/pionererne\/regler\/#breadcrumb"},"inLanguage":"da-DK","potentialAction":[{"@type":"ReadAction","target":["https:\/\/odysseus-contests.eu\/2016\/da\/pionererne\/regler\/"]}]},{"@type":"BreadcrumbList","@id":"https:\/\/odysseus-contests.eu\/2016\/da\/pionererne\/regler\/#breadcrumb","itemListElement":[{"@type":"ListItem","position":1,"name":"Home","item":"https:\/\/odysseus-contests.eu\/2016\/da\/"},{"@type":"ListItem","position":2,"name":"Pionererne","item":"https:\/\/odysseus-contests.eu\/2016\/da\/pionererne\/"},{"@type":"ListItem","position":3,"name":"Regler"}]},{"@type":"WebSite","@id":"https:\/\/odysseus-contests.eu\/2016\/de\/#website","url":"https:\/\/odysseus-contests.eu\/2016\/de\/","name":"ODYSSEUS II","description":"Europ\u00e6isk Rumkonkurrence for Unger","potentialAction":[{"@type":"SearchAction","target":{"@type":"EntryPoint","urlTemplate":"https:\/\/odysseus-contests.eu\/2016\/de\/?s={search_term_string}"},"query-input":"required name=search_term_string"}],"inLanguage":"da-DK"}]}},"_links":{"self":[{"href":"https:\/\/odysseus-contests.eu\/2016\/da\/wp-json\/wp\/v2\/pages\/568"}],"collection":[{"href":"https:\/\/odysseus-contests.eu\/2016\/da\/wp-json\/wp\/v2\/pages"}],"about":[{"href":"https:\/\/odysseus-contests.eu\/2016\/da\/wp-json\/wp\/v2\/types\/page"}],"author":[{"embeddable":true,"href":"https:\/\/odysseus-contests.eu\/2016\/da\/wp-json\/wp\/v2\/users\/1"}],"replies":[{"embeddable":true,"href":"https:\/\/odysseus-contests.eu\/2016\/da\/wp-json\/wp\/v2\/comments?post=568"}],"version-history":[{"count":0,"href":"https:\/\/odysseus-contests.eu\/2016\/da\/wp-json\/wp\/v2\/pages\/568\/revisions"}],"up":[{"embeddable":true,"href":"https:\/\/odysseus-contests.eu\/2016\/da\/wp-json\/wp\/v2\/pages\/570"}],"wp:attachment":[{"href":"https:\/\/odysseus-contests.eu\/2016\/da\/wp-json\/wp\/v2\/media?parent=568"}],"curies":[{"name":"wp","href":"https:\/\/api.w.org\/{rel}","templated":true}]}}