{"id":566,"date":"2015-06-18T21:54:45","date_gmt":"2015-06-18T18:54:45","guid":{"rendered":"http:\/\/odysseus-contests.eu\/2016\/?page_id=566"},"modified":"2015-07-27T21:24:26","modified_gmt":"2015-07-27T18:24:26","slug":"netvaerk-af-mentorer","status":"publish","type":"page","link":"https:\/\/odysseus-contests.eu\/2016\/da\/oplysninger\/netvaerk-af-mentorer\/","title":{"rendered":"Netv\u00e6rk af mentorer"},"content":{"rendered":"<p><strong>Hvordan det virker<\/strong><\/p>\n<p>For at give deltagerne i kategorierne Pionerer og Opdagelsesrejsende den bedst mulige st\u00f8tte og vejledning, opretter og mobiliserer arrang\u00f8rerne<\/p>\n<p>af Odysseus-konkurrencen et netv\u00e6rk af frivillige mentorer. Deltagerne kan anmode om st\u00f8tte fra mentorer i dette netv\u00e6rk, men hvis nogen af deltagerne \u00f8nsker at arbejde med en mentor, der ikke er p\u00e5 listen, kan de ogs\u00e5 finde deres egen mentor uden for det netv\u00e6rk, der stilles til r\u00e5dighed af arrang\u00f8rerne. Mentorer kan fungere som r\u00e5dgivere for s\u00e5 mange bidrag, som de opfordres til at st\u00f8tte.<\/p>\n<p><strong>Hvad kan en mentor tilbyde? <\/strong><\/p>\n<p>Mentorer skal yde st\u00f8tte til deltagerne ved at give teknisk og videnskabelig r\u00e5dgivning. Mentorer kan definere udformningen af et passende projekt eller problem for deltagerne at unders\u00f8ge. De skal ikke skabe noget af indholdet i det projekt, der indsendes til bed\u00f8mmelse i konkurrencen.<\/p>\n<p><strong>Hvem er mentorerne? <\/strong><\/p>\n<p>Mentorer er personer med s\u00e6rlig ekspertise og viden om videnskab og rummet (for eksempel l\u00e6rere, forskere, professorer, teknikere) og arbejder normalt, eller har arbejdet, i rumfartsindustrien eller som forskere, l\u00e6rere eller formidlere af videnskab. Mentorer i netv\u00e6rket vil v\u00e6re fagfolk, der er fundet egnede af arrang\u00f8rerne bag Odysseus-konkurrencen.<\/p>\n<p><strong>Hvordan kontakter man en mentor?<\/strong><\/p>\n<p>Herunder finder du et kort med information om, hvor mentorerne befinder sig. Hvis du klikker p\u00e5 en n\u00e5l, kommer deres navn og kontaktdetaljer frem. Du kan kontakte en mentor ved at sende en e-mail til den angivne mailadresse.<\/p>\n<p><strong>Tilmelding for frivillige mentorer<\/strong><\/p>\n<p>Hvis du gerne vil tilmelde dig som frivillig mentor, skal du klikke p\u00e5 <a href=\"http:\/\/odysseus-contests.eu\/2016\/mentors-registration\/\" target=\"_blank\">tilmeldingsboksen<\/a> og f\u00f8lge vejledningen. Vi gl\u00e6der os til at byde dig velkommen til Odysseus II-konkurrencen!<\/p>\n","protected":false},"excerpt":{"rendered":"<p>Hvordan det virker For at give deltagerne i kategorierne Pionerer og Opdagelsesrejsende den bedst mulige st\u00f8tte og vejledning, opretter og mobiliserer arrang\u00f8rerne af Odysseus-konkurrencen et netv\u00e6rk af frivillige mentorer. Deltagerne kan anmode om st\u00f8tte fra mentorer i dette netv\u00e6rk, men hvis nogen af deltagerne \u00f8nsker at arbejde med en mentor, der ikke er p\u00e5 listen, [&hellip;]<\/p>\n","protected":false},"author":1,"featured_media":0,"parent":594,"menu_order":0,"comment_status":"closed","ping_status":"closed","template":"template_mentors.php","meta":[],"acf":[],"yoast_head":"<!-- This site is optimized with the Yoast SEO plugin v19.14 - https:\/\/yoast.com\/wordpress\/plugins\/seo\/ -->\n<title>Netv\u00e6rk af mentorer - ODYSSEUS II<\/title>\n<meta name=\"robots\" content=\"index, follow, max-snippet:-1, max-image-preview:large, max-video-preview:-1\" \/>\n<link rel=\"canonical\" href=\"https:\/\/odysseus-contests.eu\/2016\/da\/oplysninger\/netvaerk-af-mentorer\/\" \/>\n<meta property=\"og:locale\" content=\"da_DK\" \/>\n<meta property=\"og:type\" content=\"article\" \/>\n<meta property=\"og:title\" content=\"Netv\u00e6rk af mentorer - ODYSSEUS II\" \/>\n<meta property=\"og:description\" content=\"Hvordan det virker For at give deltagerne i kategorierne Pionerer og Opdagelsesrejsende den bedst mulige st\u00f8tte og vejledning, opretter og mobiliserer arrang\u00f8rerne af Odysseus-konkurrencen et netv\u00e6rk af frivillige mentorer. Deltagerne kan anmode om st\u00f8tte fra mentorer i dette netv\u00e6rk, men hvis nogen af deltagerne \u00f8nsker at arbejde med en mentor, der ikke er p\u00e5 listen, [&hellip;]\" \/>\n<meta property=\"og:url\" content=\"https:\/\/odysseus-contests.eu\/2016\/da\/oplysninger\/netvaerk-af-mentorer\/\" \/>\n<meta property=\"og:site_name\" content=\"ODYSSEUS II\" \/>\n<meta property=\"article:modified_time\" content=\"2015-07-27T18:24:26+00:00\" \/>\n<meta name=\"twitter:card\" content=\"summary_large_image\" \/>\n<meta name=\"twitter:label1\" content=\"Estimeret l\u00e6setid\" \/>\n\t<meta name=\"twitter:data1\" content=\"1 minut\" \/>\n<script type=\"application\/ld+json\" class=\"yoast-schema-graph\">{\"@context\":\"https:\/\/schema.org\",\"@graph\":[{\"@type\":\"WebPage\",\"@id\":\"https:\/\/odysseus-contests.eu\/2016\/da\/oplysninger\/netvaerk-af-mentorer\/\",\"url\":\"https:\/\/odysseus-contests.eu\/2016\/da\/oplysninger\/netvaerk-af-mentorer\/\",\"name\":\"Netv\u00e6rk af mentorer - ODYSSEUS II\",\"isPartOf\":{\"@id\":\"https:\/\/odysseus-contests.eu\/2016\/de\/#website\"},\"datePublished\":\"2015-06-18T18:54:45+00:00\",\"dateModified\":\"2015-07-27T18:24:26+00:00\",\"breadcrumb\":{\"@id\":\"https:\/\/odysseus-contests.eu\/2016\/da\/oplysninger\/netvaerk-af-mentorer\/#breadcrumb\"},\"inLanguage\":\"da-DK\",\"potentialAction\":[{\"@type\":\"ReadAction\",\"target\":[\"https:\/\/odysseus-contests.eu\/2016\/da\/oplysninger\/netvaerk-af-mentorer\/\"]}]},{\"@type\":\"BreadcrumbList\",\"@id\":\"https:\/\/odysseus-contests.eu\/2016\/da\/oplysninger\/netvaerk-af-mentorer\/#breadcrumb\",\"itemListElement\":[{\"@type\":\"ListItem\",\"position\":1,\"name\":\"Home\",\"item\":\"https:\/\/odysseus-contests.eu\/2016\/da\/\"},{\"@type\":\"ListItem\",\"position\":2,\"name\":\"Oplysninger\",\"item\":\"https:\/\/odysseus-contests.eu\/2016\/da\/oplysninger\/\"},{\"@type\":\"ListItem\",\"position\":3,\"name\":\"Netv\u00e6rk af mentorer\"}]},{\"@type\":\"WebSite\",\"@id\":\"https:\/\/odysseus-contests.eu\/2016\/de\/#website\",\"url\":\"https:\/\/odysseus-contests.eu\/2016\/de\/\",\"name\":\"ODYSSEUS II\",\"description\":\"Europ\u00e6isk Rumkonkurrence for Unger\",\"potentialAction\":[{\"@type\":\"SearchAction\",\"target\":{\"@type\":\"EntryPoint\",\"urlTemplate\":\"https:\/\/odysseus-contests.eu\/2016\/de\/?s={search_term_string}\"},\"query-input\":\"required name=search_term_string\"}],\"inLanguage\":\"da-DK\"}]}<\/script>\n<!-- \/ Yoast SEO plugin. -->","yoast_head_json":{"title":"Netv\u00e6rk af mentorer - ODYSSEUS II","robots":{"index":"index","follow":"follow","max-snippet":"max-snippet:-1","max-image-preview":"max-image-preview:large","max-video-preview":"max-video-preview:-1"},"canonical":"https:\/\/odysseus-contests.eu\/2016\/da\/oplysninger\/netvaerk-af-mentorer\/","og_locale":"da_DK","og_type":"article","og_title":"Netv\u00e6rk af mentorer - ODYSSEUS II","og_description":"Hvordan det virker For at give deltagerne i kategorierne Pionerer og Opdagelsesrejsende den bedst mulige st\u00f8tte og vejledning, opretter og mobiliserer arrang\u00f8rerne af Odysseus-konkurrencen et netv\u00e6rk af frivillige mentorer. Deltagerne kan anmode om st\u00f8tte fra mentorer i dette netv\u00e6rk, men hvis nogen af deltagerne \u00f8nsker at arbejde med en mentor, der ikke er p\u00e5 listen, [&hellip;]","og_url":"https:\/\/odysseus-contests.eu\/2016\/da\/oplysninger\/netvaerk-af-mentorer\/","og_site_name":"ODYSSEUS II","article_modified_time":"2015-07-27T18:24:26+00:00","twitter_card":"summary_large_image","twitter_misc":{"Estimeret l\u00e6setid":"1 minut"},"schema":{"@context":"https:\/\/schema.org","@graph":[{"@type":"WebPage","@id":"https:\/\/odysseus-contests.eu\/2016\/da\/oplysninger\/netvaerk-af-mentorer\/","url":"https:\/\/odysseus-contests.eu\/2016\/da\/oplysninger\/netvaerk-af-mentorer\/","name":"Netv\u00e6rk af mentorer - ODYSSEUS II","isPartOf":{"@id":"https:\/\/odysseus-contests.eu\/2016\/de\/#website"},"datePublished":"2015-06-18T18:54:45+00:00","dateModified":"2015-07-27T18:24:26+00:00","breadcrumb":{"@id":"https:\/\/odysseus-contests.eu\/2016\/da\/oplysninger\/netvaerk-af-mentorer\/#breadcrumb"},"inLanguage":"da-DK","potentialAction":[{"@type":"ReadAction","target":["https:\/\/odysseus-contests.eu\/2016\/da\/oplysninger\/netvaerk-af-mentorer\/"]}]},{"@type":"BreadcrumbList","@id":"https:\/\/odysseus-contests.eu\/2016\/da\/oplysninger\/netvaerk-af-mentorer\/#breadcrumb","itemListElement":[{"@type":"ListItem","position":1,"name":"Home","item":"https:\/\/odysseus-contests.eu\/2016\/da\/"},{"@type":"ListItem","position":2,"name":"Oplysninger","item":"https:\/\/odysseus-contests.eu\/2016\/da\/oplysninger\/"},{"@type":"ListItem","position":3,"name":"Netv\u00e6rk af mentorer"}]},{"@type":"WebSite","@id":"https:\/\/odysseus-contests.eu\/2016\/de\/#website","url":"https:\/\/odysseus-contests.eu\/2016\/de\/","name":"ODYSSEUS II","description":"Europ\u00e6isk Rumkonkurrence for Unger","potentialAction":[{"@type":"SearchAction","target":{"@type":"EntryPoint","urlTemplate":"https:\/\/odysseus-contests.eu\/2016\/de\/?s={search_term_string}"},"query-input":"required name=search_term_string"}],"inLanguage":"da-DK"}]}},"_links":{"self":[{"href":"https:\/\/odysseus-contests.eu\/2016\/da\/wp-json\/wp\/v2\/pages\/566"}],"collection":[{"href":"https:\/\/odysseus-contests.eu\/2016\/da\/wp-json\/wp\/v2\/pages"}],"about":[{"href":"https:\/\/odysseus-contests.eu\/2016\/da\/wp-json\/wp\/v2\/types\/page"}],"author":[{"embeddable":true,"href":"https:\/\/odysseus-contests.eu\/2016\/da\/wp-json\/wp\/v2\/users\/1"}],"replies":[{"embeddable":true,"href":"https:\/\/odysseus-contests.eu\/2016\/da\/wp-json\/wp\/v2\/comments?post=566"}],"version-history":[{"count":0,"href":"https:\/\/odysseus-contests.eu\/2016\/da\/wp-json\/wp\/v2\/pages\/566\/revisions"}],"up":[{"embeddable":true,"href":"https:\/\/odysseus-contests.eu\/2016\/da\/wp-json\/wp\/v2\/pages\/594"}],"wp:attachment":[{"href":"https:\/\/odysseus-contests.eu\/2016\/da\/wp-json\/wp\/v2\/media?parent=566"}],"curies":[{"name":"wp","href":"https:\/\/api.w.org\/{rel}","templated":true}]}}