{"id":547,"date":"2015-06-18T21:16:05","date_gmt":"2015-06-18T18:16:05","guid":{"rendered":"http:\/\/odysseus-contests.eu\/2016\/?page_id=547"},"modified":"2015-06-18T21:17:35","modified_gmt":"2015-06-18T18:17:35","slug":"juridisk-meddelelse-fortrolighedspolitik","status":"publish","type":"page","link":"https:\/\/odysseus-contests.eu\/2016\/da\/juridisk-meddelelse-fortrolighedspolitik\/","title":{"rendered":"Juridisk meddelelse \/ fortrolighedspolitik"},"content":{"rendered":"<p>Tak fordi du bes\u00f8ger hjemmesiden for Odysseus II-konkurrencen. Din adgang til og brug af dette websted er underlagt f\u00f8lgende vilk\u00e5r og betingelser og alle g\u00e6ldende love.<\/p>\n<p>Medmindre andet er angivet er indholdet p\u00e5 denne hjemmeside herunder, men ikke begr\u00e6nset til, tekst og billeder p\u00e5 siden og deres ops\u00e6tning Odysseus II-konsortiets ejendom. Alle varem\u00e6rker brugt eller n\u00e6vnt p\u00e5 denne hjemmeside tilh\u00f8rer deres respektive ejere.<\/p>\n<p>Du bruger alt indhold p\u00e5 webstedet for Odysseus II-konkurrencen p\u00e5 egen risiko. N\u00e5r du bruger indhold, accepterer at at overholde enhver copyright, varem\u00e6rke, servicem\u00e6rke, forretningshemmelighed, ejendomsret eller andre lignende former for beskyttelse eller begr\u00e6nsning indeholdt i eller medf\u00f8lgende et s\u00e5dant indhold.<\/p>\n<p>Med overholdelse af disse betingelser er det tilladt at downloade offentligg\u00f8re, kopiere, distribuere, udf\u00f8re, fremvise, videresende og i \u00f8vrigt anvende enhver del af dette indhold udelukkende til undervisningsm\u00e6ssige og ikke-kommercielle form\u00e5l.<\/p>\n<p>Udover hvad der tydeligt er tilladt heri, godkender du, at du ikke vil og ikke vil tillade andre at offentligg\u00f8re kopiere, sende, overf\u00f8re, s\u00e6lge, reproducere, distribuere via licens, udf\u00f8re, vise, \u00e6ndre, skabe afledte v\u00e6rker af eller udnytte noget indhold i sin helhed eller delvist eller p\u00e5 anden m\u00e5de bruge indhold p\u00e5 Odysseus-konkurrencesiden p\u00e5 nogen m\u00e5de, der er inkonsistent med disse brugsbetingelser eller tilsvarende love og regler.<\/p>\n<p>Det er kun tilladt at linke til Odysseus II-konkurrencens hjemmeside med undervisningsm\u00e6ssige og ikke-kommercielle form\u00e5l. Vi forbeholder os ret til at forbyde enhver enhed eller enkeltperson at linke til Odysseus II-konkurrencens hjemmeside.<\/p>\n<p>Odysseus II-konkurrencens hjemmeside kan indeholde links til andre websteder, herunder hjemmesider, hvor bidrag til Odysseus II-konkurrencen bliver fremvist. N\u00e5r du klikker p\u00e5 et link til andre websites, forlader du Odysses II-konkurrencens site. Andre sites er ikke under vores kontrol og du anerkender, at Odysseus II-konsortiet ikke er ansvarlig for og ikke anbefaler noget andet website.<\/p>\n<p>Odysseus II-konkurrencens website stilles til din r\u00e5dighed uden nogen garantier, hverken udtrykte eller underforst\u00e5ede. Ved at anvende dette website p\u00e5tager du dig al risiko forbundet med brugen af Odysseus-konkurrencens website. Du accepterer desuden at hold Signosis Sprl , dets ledende ansatte, direkt\u00f8rer, ansatte og agenter skadesl\u00f8s for alle krav der opst\u00e5r af eller i forbindelse med din brug af eller manglende mulighed for at bruge dette website eller andre websites, som dette website linker til. Du accepterer at hverken Signosis Sprl eller nogle af de \u00f8vrige Odysseus II-konsortiepartnere kan holdes ansvarlig for nogen skade eller noget tab for\u00e5rsaget af eller p\u00e5st\u00e5et at v\u00e6re for\u00e5rsaget af dig i forbindelse med nogen information, der er indholdt p\u00e5 websitet. P\u00e5 ingen m\u00e5de vil Signosis Sprl., dets ledende medarbejdere, direkt\u00f8rer, ansatte eller agenter v\u00e6re ansvarlig for nogen direkte, indirekte, tilf\u00e6ldig, strafbar skade eller anden f\u00f8lgeskade i forbindelse med brug af Odysseus II-konkurrences hjemmeside. Denne fral\u00e6ggelse af ansvar g\u00e6lder for alle typer af handling, hvadenten de bygger p\u00e5 kontrakt, garanti, skadevoldende handling eller andre typer af juridiske teorier.<\/p>\n<p>Signosis Sprl og de \u00f8vrige Odysseus II-konsortiepartnere leverer ikke nogen garanti for pr\u00e6cision, rettidighed, pr\u00e6stationsevne, fuldst\u00e6ndighed eller egnethed for den information og det indhold, der kan findes eller udbydes p\u00e5 Odysseus II-hjemmesiden til noget bestemt form\u00e5l. Du anerkender, at s\u00e5dan information og materiale kan indeholde un\u00f8jagtigheder eller fejl, og Signosis Sprl. fral\u00e6gger sig udtrykkeligt ansvar for enhver s\u00e5dan un\u00f8jagtighed eller fejl i st\u00f8rst mulig omfang som tilladt af loven.<\/p>\n<p>Uautoriserede fors\u00f8g p\u00e5 at uploade eller \u00e6ndre information eller p\u00e5 anden m\u00e5de skade Odysseus II-konkurrencens hjemmeside er strengt forbudt og kan v\u00e6re strafbar under g\u00e6ldende lov. Af hensyn til sitets sikkerhed og for at sikre at denne tjeneste forbliver opn\u00e5elig for alle brugere, anvender dette computersystem software til at overv\u00e5ge nettrafik for at identificere uautoriserede fors\u00f8g p\u00e5 at uploade eller \u00e6ndre information eller p\u00e5 anden m\u00e5de for\u00e5rsage skade p\u00e5 informationerne p\u00e5 Odysseus II-konkurrencens site.<\/p>\n<p>Information fremlagt p\u00e5 dette site er gratis og kun til oplysningsbrug og skaber ikke noget forretningsforhold eller professionelt serviceforhold mellem dig og nogle af Odysseus II-konsortiets partnere. Links p\u00e5 dette site kan f\u00f8re til tjenester eller sites, der ikke drives af Odysseus II-konsortiepartnerne. Ingen vurdering eller garanti stilles i forhold til s\u00e5danne andre tjenester eller sites, og Odysseus II-konsortiets partnere tager intet ansvar for s\u00e5danne andre sites eller tjenester. Et link til et andet site eller en anden tjeneste er ikke en anbefaling af dette site eller denne tjeneste. Enhver brug du g\u00f8r af information p\u00e5 dette site eller ethvert andet site eller tjeneste, der bliver linket til fra dette site, sker p\u00e5 dit eget ansvar.<\/p>\n<p>Du er ansvarlig for at overholde lovgivningen i det juridiske omr\u00e5de, hvorfra du tilg\u00e5r dette site og du accepterer, at du ikke vil tilg\u00e5 eller bruge information p\u00e5 dette site i brud med disse love. Med mindre det tydeligt er skrevet andetsteds her, vil enhver information, som du indsender til dette site, v\u00e6re ikke-fortrolig og ikke omfattet af ejerskab. Du repr\u00e6senterer, at du har den lovlige ret til at indsende s\u00e5dan information og accepterer, at du ikke vil indsende nogen information, medmindre du er juridisk berettiget til at g\u00f8re det. P\u00e5 grund af Internettets \u00e5bne natur anbefaler vi, at du ikke indsender information, som du anser for at v\u00e6re fortrolig.<\/p>\n<p>Hvis du m\u00f8der tekniske vanskeligheder eller har sp\u00f8rgsm\u00e5l vedr\u00f8rende websitet, kan du sende en mail til info@signosis.eu.<\/p>\n","protected":false},"excerpt":{"rendered":"<p>Tak fordi du bes\u00f8ger hjemmesiden for Odysseus II-konkurrencen. Din adgang til og brug af dette websted er underlagt f\u00f8lgende vilk\u00e5r og betingelser og alle g\u00e6ldende love. Medmindre andet er angivet er indholdet p\u00e5 denne hjemmeside herunder, men ikke begr\u00e6nset til, tekst og billeder p\u00e5 siden og deres ops\u00e6tning Odysseus II-konsortiets ejendom. Alle varem\u00e6rker brugt eller [&hellip;]<\/p>\n","protected":false},"author":1,"featured_media":0,"parent":0,"menu_order":0,"comment_status":"closed","ping_status":"closed","template":"","meta":[],"acf":[],"yoast_head":"<!-- This site is optimized with the Yoast SEO plugin v19.14 - https:\/\/yoast.com\/wordpress\/plugins\/seo\/ -->\n<title>Juridisk meddelelse \/ fortrolighedspolitik - ODYSSEUS II<\/title>\n<meta name=\"robots\" content=\"index, follow, max-snippet:-1, max-image-preview:large, max-video-preview:-1\" \/>\n<link rel=\"canonical\" href=\"https:\/\/odysseus-contests.eu\/2016\/da\/juridisk-meddelelse-fortrolighedspolitik\/\" \/>\n<meta property=\"og:locale\" content=\"da_DK\" \/>\n<meta property=\"og:type\" content=\"article\" \/>\n<meta property=\"og:title\" content=\"Juridisk meddelelse \/ fortrolighedspolitik - ODYSSEUS II\" \/>\n<meta property=\"og:description\" content=\"Tak fordi du bes\u00f8ger hjemmesiden for Odysseus II-konkurrencen. Din adgang til og brug af dette websted er underlagt f\u00f8lgende vilk\u00e5r og betingelser og alle g\u00e6ldende love. Medmindre andet er angivet er indholdet p\u00e5 denne hjemmeside herunder, men ikke begr\u00e6nset til, tekst og billeder p\u00e5 siden og deres ops\u00e6tning Odysseus II-konsortiets ejendom. Alle varem\u00e6rker brugt eller [&hellip;]\" \/>\n<meta property=\"og:url\" content=\"https:\/\/odysseus-contests.eu\/2016\/da\/juridisk-meddelelse-fortrolighedspolitik\/\" \/>\n<meta property=\"og:site_name\" content=\"ODYSSEUS II\" \/>\n<meta property=\"article:modified_time\" content=\"2015-06-18T18:17:35+00:00\" \/>\n<meta name=\"twitter:card\" content=\"summary_large_image\" \/>\n<meta name=\"twitter:label1\" content=\"Estimeret l\u00e6setid\" \/>\n\t<meta name=\"twitter:data1\" content=\"5 minutter\" \/>\n<script type=\"application\/ld+json\" class=\"yoast-schema-graph\">{\"@context\":\"https:\/\/schema.org\",\"@graph\":[{\"@type\":\"WebPage\",\"@id\":\"https:\/\/odysseus-contests.eu\/2016\/da\/juridisk-meddelelse-fortrolighedspolitik\/\",\"url\":\"https:\/\/odysseus-contests.eu\/2016\/da\/juridisk-meddelelse-fortrolighedspolitik\/\",\"name\":\"Juridisk meddelelse \/ fortrolighedspolitik - ODYSSEUS II\",\"isPartOf\":{\"@id\":\"https:\/\/odysseus-contests.eu\/2016\/de\/#website\"},\"datePublished\":\"2015-06-18T18:16:05+00:00\",\"dateModified\":\"2015-06-18T18:17:35+00:00\",\"breadcrumb\":{\"@id\":\"https:\/\/odysseus-contests.eu\/2016\/da\/juridisk-meddelelse-fortrolighedspolitik\/#breadcrumb\"},\"inLanguage\":\"da-DK\",\"potentialAction\":[{\"@type\":\"ReadAction\",\"target\":[\"https:\/\/odysseus-contests.eu\/2016\/da\/juridisk-meddelelse-fortrolighedspolitik\/\"]}]},{\"@type\":\"BreadcrumbList\",\"@id\":\"https:\/\/odysseus-contests.eu\/2016\/da\/juridisk-meddelelse-fortrolighedspolitik\/#breadcrumb\",\"itemListElement\":[{\"@type\":\"ListItem\",\"position\":1,\"name\":\"Home\",\"item\":\"https:\/\/odysseus-contests.eu\/2016\/da\/\"},{\"@type\":\"ListItem\",\"position\":2,\"name\":\"Juridisk meddelelse \/ fortrolighedspolitik\"}]},{\"@type\":\"WebSite\",\"@id\":\"https:\/\/odysseus-contests.eu\/2016\/de\/#website\",\"url\":\"https:\/\/odysseus-contests.eu\/2016\/de\/\",\"name\":\"ODYSSEUS II\",\"description\":\"Europ\u00e6isk Rumkonkurrence for Unger\",\"potentialAction\":[{\"@type\":\"SearchAction\",\"target\":{\"@type\":\"EntryPoint\",\"urlTemplate\":\"https:\/\/odysseus-contests.eu\/2016\/de\/?s={search_term_string}\"},\"query-input\":\"required name=search_term_string\"}],\"inLanguage\":\"da-DK\"}]}<\/script>\n<!-- \/ Yoast SEO plugin. -->","yoast_head_json":{"title":"Juridisk meddelelse \/ fortrolighedspolitik - ODYSSEUS II","robots":{"index":"index","follow":"follow","max-snippet":"max-snippet:-1","max-image-preview":"max-image-preview:large","max-video-preview":"max-video-preview:-1"},"canonical":"https:\/\/odysseus-contests.eu\/2016\/da\/juridisk-meddelelse-fortrolighedspolitik\/","og_locale":"da_DK","og_type":"article","og_title":"Juridisk meddelelse \/ fortrolighedspolitik - ODYSSEUS II","og_description":"Tak fordi du bes\u00f8ger hjemmesiden for Odysseus II-konkurrencen. Din adgang til og brug af dette websted er underlagt f\u00f8lgende vilk\u00e5r og betingelser og alle g\u00e6ldende love. Medmindre andet er angivet er indholdet p\u00e5 denne hjemmeside herunder, men ikke begr\u00e6nset til, tekst og billeder p\u00e5 siden og deres ops\u00e6tning Odysseus II-konsortiets ejendom. Alle varem\u00e6rker brugt eller [&hellip;]","og_url":"https:\/\/odysseus-contests.eu\/2016\/da\/juridisk-meddelelse-fortrolighedspolitik\/","og_site_name":"ODYSSEUS II","article_modified_time":"2015-06-18T18:17:35+00:00","twitter_card":"summary_large_image","twitter_misc":{"Estimeret l\u00e6setid":"5 minutter"},"schema":{"@context":"https:\/\/schema.org","@graph":[{"@type":"WebPage","@id":"https:\/\/odysseus-contests.eu\/2016\/da\/juridisk-meddelelse-fortrolighedspolitik\/","url":"https:\/\/odysseus-contests.eu\/2016\/da\/juridisk-meddelelse-fortrolighedspolitik\/","name":"Juridisk meddelelse \/ fortrolighedspolitik - ODYSSEUS II","isPartOf":{"@id":"https:\/\/odysseus-contests.eu\/2016\/de\/#website"},"datePublished":"2015-06-18T18:16:05+00:00","dateModified":"2015-06-18T18:17:35+00:00","breadcrumb":{"@id":"https:\/\/odysseus-contests.eu\/2016\/da\/juridisk-meddelelse-fortrolighedspolitik\/#breadcrumb"},"inLanguage":"da-DK","potentialAction":[{"@type":"ReadAction","target":["https:\/\/odysseus-contests.eu\/2016\/da\/juridisk-meddelelse-fortrolighedspolitik\/"]}]},{"@type":"BreadcrumbList","@id":"https:\/\/odysseus-contests.eu\/2016\/da\/juridisk-meddelelse-fortrolighedspolitik\/#breadcrumb","itemListElement":[{"@type":"ListItem","position":1,"name":"Home","item":"https:\/\/odysseus-contests.eu\/2016\/da\/"},{"@type":"ListItem","position":2,"name":"Juridisk meddelelse \/ fortrolighedspolitik"}]},{"@type":"WebSite","@id":"https:\/\/odysseus-contests.eu\/2016\/de\/#website","url":"https:\/\/odysseus-contests.eu\/2016\/de\/","name":"ODYSSEUS II","description":"Europ\u00e6isk Rumkonkurrence for Unger","potentialAction":[{"@type":"SearchAction","target":{"@type":"EntryPoint","urlTemplate":"https:\/\/odysseus-contests.eu\/2016\/de\/?s={search_term_string}"},"query-input":"required name=search_term_string"}],"inLanguage":"da-DK"}]}},"_links":{"self":[{"href":"https:\/\/odysseus-contests.eu\/2016\/da\/wp-json\/wp\/v2\/pages\/547"}],"collection":[{"href":"https:\/\/odysseus-contests.eu\/2016\/da\/wp-json\/wp\/v2\/pages"}],"about":[{"href":"https:\/\/odysseus-contests.eu\/2016\/da\/wp-json\/wp\/v2\/types\/page"}],"author":[{"embeddable":true,"href":"https:\/\/odysseus-contests.eu\/2016\/da\/wp-json\/wp\/v2\/users\/1"}],"replies":[{"embeddable":true,"href":"https:\/\/odysseus-contests.eu\/2016\/da\/wp-json\/wp\/v2\/comments?post=547"}],"version-history":[{"count":0,"href":"https:\/\/odysseus-contests.eu\/2016\/da\/wp-json\/wp\/v2\/pages\/547\/revisions"}],"wp:attachment":[{"href":"https:\/\/odysseus-contests.eu\/2016\/da\/wp-json\/wp\/v2\/media?parent=547"}],"curies":[{"name":"wp","href":"https:\/\/api.w.org\/{rel}","templated":true}]}}