{"id":540,"date":"2015-06-18T21:06:42","date_gmt":"2015-06-18T18:06:42","guid":{"rendered":"http:\/\/odysseus-contests.eu\/2016\/?page_id=540"},"modified":"2015-09-07T09:58:40","modified_gmt":"2015-09-07T06:58:40","slug":"tips-til-success","status":"publish","type":"page","link":"https:\/\/odysseus-contests.eu\/2016\/da\/opdagelsesrejsende\/tips-til-success\/","title":{"rendered":"Tips til success"},"content":{"rendered":"<ul>\n<li>Forst\u00e5 konkurrencen. L\u00e6s den generelle beskrivelse samt de enkelte dele grundigt.<\/li>\n<li>Fokuser p\u00e5 at leve op til de s\u00e6rlige bed\u00f8mmelseskriterier. Den videnskabelige komit\u00e9 best\u00e5r af professionelle videnskabsfolk, forskere og undervisere. De bed\u00f8mmer hvert bidrag i forhold til de s\u00e6rlige kriterier, der g\u00e6lder for den konkurrence. Indhold, herunder videnskabelig n\u00f8jagtighed og udm\u00e6rkelse, vil v\u00e6re afg\u00f8rende for deres vurdering. Fors\u00f8g at v\u00e6re specifik og skriv ikke noget, som du ikke p\u00e5 forh\u00e5nd har sikret dig er korrekt og &#8211; endnu vigtigere &#8211; skriv ikke noget du ikke forst\u00e5r. Fors\u00f8g at holde en sammenh\u00e6ng og spred ikke projekter for vidt. Fokuserede projekter har st\u00f8rre chance for succes, fordi de bliver mere grundige og tydelige. Fors\u00f8g at organisere dit projekt, s\u00e5 det f\u00e5r en logisk r\u00e6kkef\u00f8lge og struktur. Fors\u00f8g desuden at skabe et flot layout.<\/li>\n<li>Arbejd med det grundl\u00e6ggende. Den fysiske fremtoning i et bidrag er ofte et tegn p\u00e5 de studerendes grundighed. Et p\u00e6nt, velredigeret og l\u00e6sbart bidrag uden stavefejl g\u00f8r dit bidrag st\u00e6rkere i konkurrencen. Hvis dit bidrag er et essay, anbefales det, at du f\u00e5r en anden til at l\u00e6se korrektur.<\/li>\n<li>S\u00f8g hj\u00e6lp hos en mentor. Se <a href=\"http:\/\/odysseus-contests.eu\/2016\/da\/oplysninger\/netvaerk-af-mentorer\/\" target=\"_blank\">Odysseus-konkurrencens hjemmeside<\/a> for at finde en mentor fra dit land<\/li>\n<li>Planl\u00e6g fremad. Lav en skitse over dit projekt, hvor du optegner din v\u00e6sentligste vej frem. Hold styr p\u00e5 din tid, s\u00e5 din arbejdsplan giver tid til at efterse og \u00e6ndre i dit bidrag.<\/li>\n<li>Brug den skabelon, der bliver lagt frem af arrang\u00f8rerne, til at st\u00f8tte og dokumentere dit projekt.<\/li>\n<li>V\u00e6lg et tema og emne, der giver mening for dig. Det vil g\u00f8re det lettere at holde fokus og bruge tid p\u00e5 projektet.<\/li>\n<li>Find frem til et forskningssp\u00f8rgsm\u00e5l, der vil hj\u00e6lpe dig til at definere hvad dit bidrag skal finde svar p\u00e5. Sp\u00f8rg dig selv om forholdet mellem fokus i dit projekt og det resultat, som du \u00f8nsker at opn\u00e5. T\u00e6nk p\u00e5 det som dit projektm\u00e5l eller hypotese formet som et sp\u00f8rgsm\u00e5l.<\/li>\n<li>Tegn diagrammer eller flow-charts for at organisere den information du f\u00e5r indsamlet om rumfart og is\u00e6r om dit emne og for at hj\u00e6lpe dig med at udt\u00e6nke, hvordan du kan overs\u00e6tte denne information til noget meningsfuldt.<\/li>\n<li>L\u00e6s om og studer demoprojekterne p\u00e5 Odysseus II-hjemmesiden og <a href=\"http:\/\/odysseus-contests.eu\/2016\/da\/opdagelsesrejsende\/ofte-stillede-sporgsmal\/\" target=\"_blank\">Ofte Stillede Sp\u00f8rgsm\u00e5l<\/a> (FAQ).<\/li>\n<li>Stil opklarende sp\u00f8rgsm\u00e5l til arrag\u00f8rerne ved hj\u00e6lp af den relevante kontaktformular.<\/li>\n<li>Organiser redskaber, materialer og ekstraudstyr til konkurrencen.<\/li>\n<li>Find nyttige hjemmesider om rummet og kilder til relevant materiale om dit projekt, men hold dig til anerkendte og trov\u00e6rdige kilder (for eksempel ESAs eller NASAs hjemmesider og web-sites med .edu som endelse).<\/li>\n<li>Brug meget tid p\u00e5 at indsamle baggrundsinformation om dit emne.<\/li>\n<li>V\u00e6r sikker p\u00e5, at alle fakta, som du anvender i din argumentation, kan efterpr\u00f8ves hos trov\u00e6rdige kilder, inden du accepterer, at de er gyldige.<\/li>\n<li>G\u00e5 i dybden med din research. Fors\u00f8g at l\u00e6re videnskabelige tankes\u00e6t og v\u00e6r s\u00e5 detaljeret som mulig.<\/li>\n<li>Tab ikke modet, hvis du l\u00f8ber ind i problemer undervejs. Rom blev ikke bygget p\u00e5 en dag.<\/li>\n<li>Hav det sjovt! Nyd din tur i rummet!<\/li>\n<\/ul>\n<p>&nbsp;<\/p>\n","protected":false},"excerpt":{"rendered":"<p>Forst\u00e5 konkurrencen. L\u00e6s den generelle beskrivelse samt de enkelte dele grundigt. Fokuser p\u00e5 at leve op til de s\u00e6rlige bed\u00f8mmelseskriterier. Den videnskabelige komit\u00e9 best\u00e5r af professionelle videnskabsfolk, forskere og undervisere. De bed\u00f8mmer hvert bidrag i forhold til de s\u00e6rlige kriterier, der g\u00e6lder for den konkurrence. Indhold, herunder videnskabelig n\u00f8jagtighed og udm\u00e6rkelse, vil v\u00e6re afg\u00f8rende for [&hellip;]<\/p>\n","protected":false},"author":1,"featured_media":0,"parent":517,"menu_order":80,"comment_status":"closed","ping_status":"closed","template":"","meta":[],"acf":[],"yoast_head":"<!-- This site is optimized with the Yoast SEO plugin v19.14 - https:\/\/yoast.com\/wordpress\/plugins\/seo\/ -->\n<title>Tips til success - ODYSSEUS II<\/title>\n<meta name=\"robots\" content=\"index, follow, max-snippet:-1, max-image-preview:large, max-video-preview:-1\" \/>\n<link rel=\"canonical\" href=\"https:\/\/odysseus-contests.eu\/2016\/da\/opdagelsesrejsende\/tips-til-success\/\" \/>\n<meta property=\"og:locale\" content=\"da_DK\" \/>\n<meta property=\"og:type\" content=\"article\" \/>\n<meta property=\"og:title\" content=\"Tips til success - ODYSSEUS II\" \/>\n<meta property=\"og:description\" content=\"Forst\u00e5 konkurrencen. L\u00e6s den generelle beskrivelse samt de enkelte dele grundigt. Fokuser p\u00e5 at leve op til de s\u00e6rlige bed\u00f8mmelseskriterier. Den videnskabelige komit\u00e9 best\u00e5r af professionelle videnskabsfolk, forskere og undervisere. De bed\u00f8mmer hvert bidrag i forhold til de s\u00e6rlige kriterier, der g\u00e6lder for den konkurrence. Indhold, herunder videnskabelig n\u00f8jagtighed og udm\u00e6rkelse, vil v\u00e6re afg\u00f8rende for [&hellip;]\" \/>\n<meta property=\"og:url\" content=\"https:\/\/odysseus-contests.eu\/2016\/da\/opdagelsesrejsende\/tips-til-success\/\" \/>\n<meta property=\"og:site_name\" content=\"ODYSSEUS II\" \/>\n<meta property=\"article:modified_time\" content=\"2015-09-07T06:58:40+00:00\" \/>\n<meta name=\"twitter:card\" content=\"summary_large_image\" \/>\n<meta name=\"twitter:label1\" content=\"Estimeret l\u00e6setid\" \/>\n\t<meta name=\"twitter:data1\" content=\"3 minutter\" \/>\n<script type=\"application\/ld+json\" class=\"yoast-schema-graph\">{\"@context\":\"https:\/\/schema.org\",\"@graph\":[{\"@type\":\"WebPage\",\"@id\":\"https:\/\/odysseus-contests.eu\/2016\/da\/opdagelsesrejsende\/tips-til-success\/\",\"url\":\"https:\/\/odysseus-contests.eu\/2016\/da\/opdagelsesrejsende\/tips-til-success\/\",\"name\":\"Tips til success - ODYSSEUS II\",\"isPartOf\":{\"@id\":\"https:\/\/odysseus-contests.eu\/2016\/de\/#website\"},\"datePublished\":\"2015-06-18T18:06:42+00:00\",\"dateModified\":\"2015-09-07T06:58:40+00:00\",\"breadcrumb\":{\"@id\":\"https:\/\/odysseus-contests.eu\/2016\/da\/opdagelsesrejsende\/tips-til-success\/#breadcrumb\"},\"inLanguage\":\"da-DK\",\"potentialAction\":[{\"@type\":\"ReadAction\",\"target\":[\"https:\/\/odysseus-contests.eu\/2016\/da\/opdagelsesrejsende\/tips-til-success\/\"]}]},{\"@type\":\"BreadcrumbList\",\"@id\":\"https:\/\/odysseus-contests.eu\/2016\/da\/opdagelsesrejsende\/tips-til-success\/#breadcrumb\",\"itemListElement\":[{\"@type\":\"ListItem\",\"position\":1,\"name\":\"Home\",\"item\":\"https:\/\/odysseus-contests.eu\/2016\/da\/\"},{\"@type\":\"ListItem\",\"position\":2,\"name\":\"Opdagelsesrejsende\",\"item\":\"https:\/\/odysseus-contests.eu\/2016\/da\/opdagelsesrejsende\/\"},{\"@type\":\"ListItem\",\"position\":3,\"name\":\"Tips til success\"}]},{\"@type\":\"WebSite\",\"@id\":\"https:\/\/odysseus-contests.eu\/2016\/de\/#website\",\"url\":\"https:\/\/odysseus-contests.eu\/2016\/de\/\",\"name\":\"ODYSSEUS II\",\"description\":\"Europ\u00e6isk Rumkonkurrence for Unger\",\"potentialAction\":[{\"@type\":\"SearchAction\",\"target\":{\"@type\":\"EntryPoint\",\"urlTemplate\":\"https:\/\/odysseus-contests.eu\/2016\/de\/?s={search_term_string}\"},\"query-input\":\"required name=search_term_string\"}],\"inLanguage\":\"da-DK\"}]}<\/script>\n<!-- \/ Yoast SEO plugin. -->","yoast_head_json":{"title":"Tips til success - ODYSSEUS II","robots":{"index":"index","follow":"follow","max-snippet":"max-snippet:-1","max-image-preview":"max-image-preview:large","max-video-preview":"max-video-preview:-1"},"canonical":"https:\/\/odysseus-contests.eu\/2016\/da\/opdagelsesrejsende\/tips-til-success\/","og_locale":"da_DK","og_type":"article","og_title":"Tips til success - ODYSSEUS II","og_description":"Forst\u00e5 konkurrencen. L\u00e6s den generelle beskrivelse samt de enkelte dele grundigt. Fokuser p\u00e5 at leve op til de s\u00e6rlige bed\u00f8mmelseskriterier. Den videnskabelige komit\u00e9 best\u00e5r af professionelle videnskabsfolk, forskere og undervisere. De bed\u00f8mmer hvert bidrag i forhold til de s\u00e6rlige kriterier, der g\u00e6lder for den konkurrence. Indhold, herunder videnskabelig n\u00f8jagtighed og udm\u00e6rkelse, vil v\u00e6re afg\u00f8rende for [&hellip;]","og_url":"https:\/\/odysseus-contests.eu\/2016\/da\/opdagelsesrejsende\/tips-til-success\/","og_site_name":"ODYSSEUS II","article_modified_time":"2015-09-07T06:58:40+00:00","twitter_card":"summary_large_image","twitter_misc":{"Estimeret l\u00e6setid":"3 minutter"},"schema":{"@context":"https:\/\/schema.org","@graph":[{"@type":"WebPage","@id":"https:\/\/odysseus-contests.eu\/2016\/da\/opdagelsesrejsende\/tips-til-success\/","url":"https:\/\/odysseus-contests.eu\/2016\/da\/opdagelsesrejsende\/tips-til-success\/","name":"Tips til success - ODYSSEUS II","isPartOf":{"@id":"https:\/\/odysseus-contests.eu\/2016\/de\/#website"},"datePublished":"2015-06-18T18:06:42+00:00","dateModified":"2015-09-07T06:58:40+00:00","breadcrumb":{"@id":"https:\/\/odysseus-contests.eu\/2016\/da\/opdagelsesrejsende\/tips-til-success\/#breadcrumb"},"inLanguage":"da-DK","potentialAction":[{"@type":"ReadAction","target":["https:\/\/odysseus-contests.eu\/2016\/da\/opdagelsesrejsende\/tips-til-success\/"]}]},{"@type":"BreadcrumbList","@id":"https:\/\/odysseus-contests.eu\/2016\/da\/opdagelsesrejsende\/tips-til-success\/#breadcrumb","itemListElement":[{"@type":"ListItem","position":1,"name":"Home","item":"https:\/\/odysseus-contests.eu\/2016\/da\/"},{"@type":"ListItem","position":2,"name":"Opdagelsesrejsende","item":"https:\/\/odysseus-contests.eu\/2016\/da\/opdagelsesrejsende\/"},{"@type":"ListItem","position":3,"name":"Tips til success"}]},{"@type":"WebSite","@id":"https:\/\/odysseus-contests.eu\/2016\/de\/#website","url":"https:\/\/odysseus-contests.eu\/2016\/de\/","name":"ODYSSEUS II","description":"Europ\u00e6isk Rumkonkurrence for Unger","potentialAction":[{"@type":"SearchAction","target":{"@type":"EntryPoint","urlTemplate":"https:\/\/odysseus-contests.eu\/2016\/de\/?s={search_term_string}"},"query-input":"required name=search_term_string"}],"inLanguage":"da-DK"}]}},"_links":{"self":[{"href":"https:\/\/odysseus-contests.eu\/2016\/da\/wp-json\/wp\/v2\/pages\/540"}],"collection":[{"href":"https:\/\/odysseus-contests.eu\/2016\/da\/wp-json\/wp\/v2\/pages"}],"about":[{"href":"https:\/\/odysseus-contests.eu\/2016\/da\/wp-json\/wp\/v2\/types\/page"}],"author":[{"embeddable":true,"href":"https:\/\/odysseus-contests.eu\/2016\/da\/wp-json\/wp\/v2\/users\/1"}],"replies":[{"embeddable":true,"href":"https:\/\/odysseus-contests.eu\/2016\/da\/wp-json\/wp\/v2\/comments?post=540"}],"version-history":[{"count":0,"href":"https:\/\/odysseus-contests.eu\/2016\/da\/wp-json\/wp\/v2\/pages\/540\/revisions"}],"up":[{"embeddable":true,"href":"https:\/\/odysseus-contests.eu\/2016\/da\/wp-json\/wp\/v2\/pages\/517"}],"wp:attachment":[{"href":"https:\/\/odysseus-contests.eu\/2016\/da\/wp-json\/wp\/v2\/media?parent=540"}],"curies":[{"name":"wp","href":"https:\/\/api.w.org\/{rel}","templated":true}]}}