{"id":534,"date":"2015-06-18T21:01:22","date_gmt":"2015-06-18T18:01:22","guid":{"rendered":"http:\/\/odysseus-contests.eu\/2016\/?page_id=534"},"modified":"2015-10-02T20:22:21","modified_gmt":"2015-10-02T17:22:21","slug":"bedommelseskriterier","status":"publish","type":"page","link":"https:\/\/odysseus-contests.eu\/2016\/da\/opdagelsesrejsende\/bedommelseskriterier\/","title":{"rendered":"Bed\u00f8mmelseskriterier"},"content":{"rendered":"<p style=\"text-align: justify;\">Indsendte bidrag vil f\u00f8rst blive bed\u00f8mt p\u00e5 nationalt niveau. Dette vil ske online mellem den 1. februar og den 31. marts 2016. Hvis projekter udv\u00e6lges til at deltage p\u00e5 det regionale niveau, vil deltagerne blive inviteret til at deltage i semifinalerne sammen med de \u00f8vrige nationale vindere i deres region. De regionale semifinaler finder sted mellem den 15. marts og den 26. april 2016. Vinderne af de regionale finaler vil derefter m\u00f8des i Bruxelles eller Toulouse til den internationale finale, hvor de vil pr\u00e6sentere deres projekt for et panel af internationale dommere. Denne finale finder sted mellem den 4. og 7. juli 2016.<\/p>\n<p style=\"text-align: justify;\">Projekter vil blive tildelt point ud fra f\u00f8lgende kriterier:<\/p>\n<ul style=\"text-align: justify;\">\n<li><strong>Faglig fortr\u00e6ffelighed <\/strong>(v\u00e6gtning 20%)<\/li>\n<\/ul>\n<p style=\"padding-left: 30px; text-align: justify;\">Et bidrag med faglig fortr\u00e6ffelighed har veldokumenteret argumentation og bruger videnskabelige metoder, der er trov\u00e6rdige og kan efterpr\u00f8ves. Bidraget inkluderer citater og bruger kritisk videnskabelige kilder og undervisningskapaciteter. Projektet fremh\u00e6ver deltagernes nye viden indenfor emnets s\u00e6rlige sammenh\u00e6ng og viser deres forst\u00e5else af de grundl\u00e6ggende begreber der er relevante for projektet.<\/p>\n<ul style=\"text-align: justify;\">\n<li><strong>Sammenh\u00e6ng med det valgte tema <\/strong>(v\u00e6gtning 10%)<\/li>\n<\/ul>\n<p style=\"padding-left: 30px; text-align: justify;\">Dette kriterium m\u00e5ler projektets relevans for det valgte tema og emnets omfang indenfor dette tema. Den relevante teori og videnskabelige kilder skal bruges tilstr\u00e6kkeligt.<\/p>\n<ul style=\"text-align: justify;\">\n<li><strong>Probleml\u00f8sningsevner <\/strong>(v\u00e6gtning 15%)<\/li>\n<\/ul>\n<p style=\"padding-left: 30px; text-align: justify;\">Dette kriterium m\u00e5ler deltagernes mentale processer der bruges i deres h\u00e5ndtering af bidragets problematik, beskrivelsen af problemet, bestemmelse af hvilken slags data og oplysninger der skal samles ind. Det skal vises hvordan projektet blev planlagt og udf\u00f8rt og hvordan mulige l\u00f8sninger blev valgt og bed\u00f8mt.<\/p>\n<ul style=\"text-align: justify;\">\n<li><strong>Originalitet <\/strong>(v\u00e6gtning 20%)<\/li>\n<\/ul>\n<p style=\"padding-left: 30px; text-align: justify;\">Bundkriteriet for at projektet kan betegnes som originalt, er at det er holdets egne produkter og id\u00e9er og at bidraget er enest\u00e5ende, nyt\u00e6nkende eller innovativt. Selv hvis projektet bygger p\u00e5 andres id\u00e9er kan det stadig betegnes som originalt hvis holdet udfolder en ny id\u00e9, pr\u00e6senterer problemet p\u00e5 en ny m\u00e5de, bruger en ny metode eller implementerer det p\u00e5 en innovativ m\u00e5de.<\/p>\n<ul style=\"text-align: justify;\">\n<li><strong>Samfundsnyttig sammenh\u00e6ng <\/strong>(v\u00e6gtning 10%)<\/li>\n<\/ul>\n<p style=\"padding-left: 30px; text-align: justify;\">Her bliver det m\u00e5lt i hvilken omfang bidraget kommer med l\u00f8sninger og id\u00e9er der kan have langvarige, direkte eller indirekte, gavn for samfundet og p\u00e5 hvilken m\u00e5de det henvender sig til de aktuelle globale udfordringer(f.eks. klimaforandringer, begr\u00e6nsede ressourcer som energi, vand og mad).<\/p>\n<ul style=\"text-align: justify;\">\n<li><strong>Pr\u00e6sentation <\/strong>(v\u00e6gtning 10%)<\/li>\n<\/ul>\n<p style=\"padding-left: 30px; text-align: justify;\">Dette kriterium vurderer projektets struktur og format, og m\u00e5ler hvorvidt dets m\u00e5l, metoder og resultater fremstilles klart og overskueligt. Projektets logiske sammenh\u00e6ng, organisation og sammenk\u00e6dning af id\u00e9er, klarhed og brug af underst\u00f8ttende materialer og teknologi bed\u00f8mmes ogs\u00e5 her (f.eks. billeder, tegninger, slides, lydfiler, videoer osv.).<\/p>\n<ul style=\"text-align: justify;\">\n<li><strong>Teknisk niveau og praktiske f\u00e6rdigheder <\/strong>(v\u00e6gtning 10%)<\/li>\n<\/ul>\n<p style=\"padding-left: 30px; text-align: justify;\">Bidraget udviser et godt teknisk niveau n\u00e5r det fremstiller en klar teoretisk ramme der forankrer projektet i baggrundsviden og f\u00f8rer til godt design og n\u00f8gleparametre i arbejdet. Dommerne vil bed\u00f8mme holdets praktiske f\u00e6rdigheder s\u00e5som observationer, pr\u00e6cision, formidling, indsamling og fremvisning af data, brugen af teknologiske v\u00e6rkt\u00f8j og manuelle f\u00e6rdigheder s\u00e5som lodning, formning og sl\u00f8jd.<\/p>\n<ul style=\"text-align: justify;\">\n<li><strong>B\u00e6redygtighed og milj\u00f8bevidsthed <\/strong>(v\u00e6gtning 5%)<\/li>\n<\/ul>\n<p style=\"padding-left: 30px; text-align: justify;\">Dette kriterium m\u00e5ler hvor vidt milj\u00f8problemer bliver integreret i projektet, f.eks. ved at dr\u00f8fte id\u00e9ens b\u00e6redygtighed eller at bruge milj\u00f8venlige materialer og metoder til selve projektet eller til pr\u00e6sentationen.<\/p>\n<p style=\"text-align: justify;\">Endvidere vil dommerne give et antal s\u00e6rlige udm\u00e6rkelser til ikke-vindende projekter p\u00e5 hvert niveau, heriblandt: mest i\u00f8jnefaldende grafik, mest originale problem, mest professionelle pr\u00e6sentation, mest kunstneriske bidrag, bedste brug af musik i et videnskabeligt projekt eller mest milj\u00f8bevidste projekt.<\/p>\n<p style=\"text-align: justify;\">Hver deltager eller deltagerpar vil f\u00e5 en sammenfatning af dommernes vurdering af deres projekt i forbindelse med bed\u00f8mmelsen.<\/p>\n","protected":false},"excerpt":{"rendered":"<p>Indsendte bidrag vil f\u00f8rst blive bed\u00f8mt p\u00e5 nationalt niveau. Dette vil ske online mellem den 1. februar og den 31. marts 2016. Hvis projekter udv\u00e6lges til at deltage p\u00e5 det regionale niveau, vil deltagerne blive inviteret til at deltage i semifinalerne sammen med de \u00f8vrige nationale vindere i deres region. De regionale semifinaler finder sted [&hellip;]<\/p>\n","protected":false},"author":1,"featured_media":0,"parent":517,"menu_order":50,"comment_status":"closed","ping_status":"closed","template":"","meta":[],"acf":[],"yoast_head":"<!-- This site is optimized with the Yoast SEO plugin v19.14 - https:\/\/yoast.com\/wordpress\/plugins\/seo\/ -->\n<title>Bed\u00f8mmelseskriterier - ODYSSEUS II<\/title>\n<meta name=\"robots\" content=\"index, follow, max-snippet:-1, max-image-preview:large, max-video-preview:-1\" \/>\n<link rel=\"canonical\" href=\"https:\/\/odysseus-contests.eu\/2016\/da\/opdagelsesrejsende\/bedommelseskriterier\/\" \/>\n<meta property=\"og:locale\" content=\"da_DK\" \/>\n<meta property=\"og:type\" content=\"article\" \/>\n<meta property=\"og:title\" content=\"Bed\u00f8mmelseskriterier - ODYSSEUS II\" \/>\n<meta property=\"og:description\" content=\"Indsendte bidrag vil f\u00f8rst blive bed\u00f8mt p\u00e5 nationalt niveau. Dette vil ske online mellem den 1. februar og den 31. marts 2016. Hvis projekter udv\u00e6lges til at deltage p\u00e5 det regionale niveau, vil deltagerne blive inviteret til at deltage i semifinalerne sammen med de \u00f8vrige nationale vindere i deres region. De regionale semifinaler finder sted [&hellip;]\" \/>\n<meta property=\"og:url\" content=\"https:\/\/odysseus-contests.eu\/2016\/da\/opdagelsesrejsende\/bedommelseskriterier\/\" \/>\n<meta property=\"og:site_name\" content=\"ODYSSEUS II\" \/>\n<meta property=\"article:modified_time\" content=\"2015-10-02T17:22:21+00:00\" \/>\n<meta name=\"twitter:card\" content=\"summary_large_image\" \/>\n<meta name=\"twitter:label1\" content=\"Estimeret l\u00e6setid\" \/>\n\t<meta name=\"twitter:data1\" content=\"3 minutter\" \/>\n<script type=\"application\/ld+json\" class=\"yoast-schema-graph\">{\"@context\":\"https:\/\/schema.org\",\"@graph\":[{\"@type\":\"WebPage\",\"@id\":\"https:\/\/odysseus-contests.eu\/2016\/da\/opdagelsesrejsende\/bedommelseskriterier\/\",\"url\":\"https:\/\/odysseus-contests.eu\/2016\/da\/opdagelsesrejsende\/bedommelseskriterier\/\",\"name\":\"Bed\u00f8mmelseskriterier - ODYSSEUS II\",\"isPartOf\":{\"@id\":\"https:\/\/odysseus-contests.eu\/2016\/de\/#website\"},\"datePublished\":\"2015-06-18T18:01:22+00:00\",\"dateModified\":\"2015-10-02T17:22:21+00:00\",\"breadcrumb\":{\"@id\":\"https:\/\/odysseus-contests.eu\/2016\/da\/opdagelsesrejsende\/bedommelseskriterier\/#breadcrumb\"},\"inLanguage\":\"da-DK\",\"potentialAction\":[{\"@type\":\"ReadAction\",\"target\":[\"https:\/\/odysseus-contests.eu\/2016\/da\/opdagelsesrejsende\/bedommelseskriterier\/\"]}]},{\"@type\":\"BreadcrumbList\",\"@id\":\"https:\/\/odysseus-contests.eu\/2016\/da\/opdagelsesrejsende\/bedommelseskriterier\/#breadcrumb\",\"itemListElement\":[{\"@type\":\"ListItem\",\"position\":1,\"name\":\"Home\",\"item\":\"https:\/\/odysseus-contests.eu\/2016\/da\/\"},{\"@type\":\"ListItem\",\"position\":2,\"name\":\"Opdagelsesrejsende\",\"item\":\"https:\/\/odysseus-contests.eu\/2016\/da\/opdagelsesrejsende\/\"},{\"@type\":\"ListItem\",\"position\":3,\"name\":\"Bed\u00f8mmelseskriterier\"}]},{\"@type\":\"WebSite\",\"@id\":\"https:\/\/odysseus-contests.eu\/2016\/de\/#website\",\"url\":\"https:\/\/odysseus-contests.eu\/2016\/de\/\",\"name\":\"ODYSSEUS II\",\"description\":\"Europ\u00e6isk Rumkonkurrence for Unger\",\"potentialAction\":[{\"@type\":\"SearchAction\",\"target\":{\"@type\":\"EntryPoint\",\"urlTemplate\":\"https:\/\/odysseus-contests.eu\/2016\/de\/?s={search_term_string}\"},\"query-input\":\"required name=search_term_string\"}],\"inLanguage\":\"da-DK\"}]}<\/script>\n<!-- \/ Yoast SEO plugin. -->","yoast_head_json":{"title":"Bed\u00f8mmelseskriterier - ODYSSEUS II","robots":{"index":"index","follow":"follow","max-snippet":"max-snippet:-1","max-image-preview":"max-image-preview:large","max-video-preview":"max-video-preview:-1"},"canonical":"https:\/\/odysseus-contests.eu\/2016\/da\/opdagelsesrejsende\/bedommelseskriterier\/","og_locale":"da_DK","og_type":"article","og_title":"Bed\u00f8mmelseskriterier - ODYSSEUS II","og_description":"Indsendte bidrag vil f\u00f8rst blive bed\u00f8mt p\u00e5 nationalt niveau. Dette vil ske online mellem den 1. februar og den 31. marts 2016. Hvis projekter udv\u00e6lges til at deltage p\u00e5 det regionale niveau, vil deltagerne blive inviteret til at deltage i semifinalerne sammen med de \u00f8vrige nationale vindere i deres region. De regionale semifinaler finder sted [&hellip;]","og_url":"https:\/\/odysseus-contests.eu\/2016\/da\/opdagelsesrejsende\/bedommelseskriterier\/","og_site_name":"ODYSSEUS II","article_modified_time":"2015-10-02T17:22:21+00:00","twitter_card":"summary_large_image","twitter_misc":{"Estimeret l\u00e6setid":"3 minutter"},"schema":{"@context":"https:\/\/schema.org","@graph":[{"@type":"WebPage","@id":"https:\/\/odysseus-contests.eu\/2016\/da\/opdagelsesrejsende\/bedommelseskriterier\/","url":"https:\/\/odysseus-contests.eu\/2016\/da\/opdagelsesrejsende\/bedommelseskriterier\/","name":"Bed\u00f8mmelseskriterier - ODYSSEUS II","isPartOf":{"@id":"https:\/\/odysseus-contests.eu\/2016\/de\/#website"},"datePublished":"2015-06-18T18:01:22+00:00","dateModified":"2015-10-02T17:22:21+00:00","breadcrumb":{"@id":"https:\/\/odysseus-contests.eu\/2016\/da\/opdagelsesrejsende\/bedommelseskriterier\/#breadcrumb"},"inLanguage":"da-DK","potentialAction":[{"@type":"ReadAction","target":["https:\/\/odysseus-contests.eu\/2016\/da\/opdagelsesrejsende\/bedommelseskriterier\/"]}]},{"@type":"BreadcrumbList","@id":"https:\/\/odysseus-contests.eu\/2016\/da\/opdagelsesrejsende\/bedommelseskriterier\/#breadcrumb","itemListElement":[{"@type":"ListItem","position":1,"name":"Home","item":"https:\/\/odysseus-contests.eu\/2016\/da\/"},{"@type":"ListItem","position":2,"name":"Opdagelsesrejsende","item":"https:\/\/odysseus-contests.eu\/2016\/da\/opdagelsesrejsende\/"},{"@type":"ListItem","position":3,"name":"Bed\u00f8mmelseskriterier"}]},{"@type":"WebSite","@id":"https:\/\/odysseus-contests.eu\/2016\/de\/#website","url":"https:\/\/odysseus-contests.eu\/2016\/de\/","name":"ODYSSEUS II","description":"Europ\u00e6isk Rumkonkurrence for Unger","potentialAction":[{"@type":"SearchAction","target":{"@type":"EntryPoint","urlTemplate":"https:\/\/odysseus-contests.eu\/2016\/de\/?s={search_term_string}"},"query-input":"required name=search_term_string"}],"inLanguage":"da-DK"}]}},"_links":{"self":[{"href":"https:\/\/odysseus-contests.eu\/2016\/da\/wp-json\/wp\/v2\/pages\/534"}],"collection":[{"href":"https:\/\/odysseus-contests.eu\/2016\/da\/wp-json\/wp\/v2\/pages"}],"about":[{"href":"https:\/\/odysseus-contests.eu\/2016\/da\/wp-json\/wp\/v2\/types\/page"}],"author":[{"embeddable":true,"href":"https:\/\/odysseus-contests.eu\/2016\/da\/wp-json\/wp\/v2\/users\/1"}],"replies":[{"embeddable":true,"href":"https:\/\/odysseus-contests.eu\/2016\/da\/wp-json\/wp\/v2\/comments?post=534"}],"version-history":[{"count":0,"href":"https:\/\/odysseus-contests.eu\/2016\/da\/wp-json\/wp\/v2\/pages\/534\/revisions"}],"up":[{"embeddable":true,"href":"https:\/\/odysseus-contests.eu\/2016\/da\/wp-json\/wp\/v2\/pages\/517"}],"wp:attachment":[{"href":"https:\/\/odysseus-contests.eu\/2016\/da\/wp-json\/wp\/v2\/media?parent=534"}],"curies":[{"name":"wp","href":"https:\/\/api.w.org\/{rel}","templated":true}]}}