{"id":505,"date":"2015-06-18T20:25:00","date_gmt":"2015-06-18T17:25:00","guid":{"rendered":"http:\/\/odysseus-contests.eu\/2016\/?page_id=505"},"modified":"2015-07-03T15:13:57","modified_gmt":"2015-07-03T12:13:57","slug":"generelle-oplysninger","status":"publish","type":"page","link":"https:\/\/odysseus-contests.eu\/2016\/da\/om-odysseus-konkurrencen\/generelle-oplysninger\/","title":{"rendered":"Generelle oplysninger"},"content":{"rendered":"<p>Ungdommen og rummet-konkurrencen Odysseus II sigter mod at inspirere unge fra hele Europa og engagere dem i udforskning af rummet gennem en serie af undervisningsaktiviteter, som kombinerer videnskabelig l\u00e6ring med praktiske erfaringer.<\/p>\n<p style=\"text-align: justify;\">Via en uddannelseskonkurrence med sjovt is\u00e6t, som bliver organiseret i flere runder og som vil rette sig imod alle elever og studerende i Europa, uanset hvor de bor, deres kulturelle baggrund og det sprog de taler, har projektet til form\u00e5l at fremme udviklingen af kvalificerede forskere, ingeni\u00f8rer og teknikere inden for omr\u00e5der af relevans for de v\u00e6sentligste dele af EUs rumfartspolitik.<\/p>\n<p style=\"text-align: justify;\"><img decoding=\"async\" loading=\"lazy\" class=\"alignnone size-full wp-image-1629\" src=\"http:\/\/odysseus-contests.eu\/2016\/wp-content\/uploads\/2015\/06\/Stages_DANISH-1.jpg\" alt=\"Stages\" width=\"700\" height=\"424\" srcset=\"https:\/\/odysseus-contests.eu\/2016\/wp-content\/uploads\/2015\/06\/Stages_DANISH-1.jpg 700w, https:\/\/odysseus-contests.eu\/2016\/wp-content\/uploads\/2015\/06\/Stages_DANISH-1-300x182.jpg 300w\" sizes=\"(max-width: 700px) 100vw, 700px\" \/><img decoding=\"async\" loading=\"lazy\" class=\"alignnone size-full wp-image-1637\" src=\"http:\/\/odysseus-contests.eu\/2016\/wp-content\/uploads\/2015\/06\/Stages_DANISH-2.jpg\" alt=\"Stages\" width=\"700\" height=\"425\" srcset=\"https:\/\/odysseus-contests.eu\/2016\/wp-content\/uploads\/2015\/06\/Stages_DANISH-2.jpg 700w, https:\/\/odysseus-contests.eu\/2016\/wp-content\/uploads\/2015\/06\/Stages_DANISH-2-300x182.jpg 300w\" sizes=\"(max-width: 700px) 100vw, 700px\" \/><\/p>\n","protected":false},"excerpt":{"rendered":"<p>Ungdommen og rummet-konkurrencen Odysseus II sigter mod at inspirere unge fra hele Europa og engagere dem i udforskning af rummet gennem en serie af undervisningsaktiviteter, som kombinerer videnskabelig l\u00e6ring med praktiske erfaringer. Via en uddannelseskonkurrence med sjovt is\u00e6t, som bliver organiseret i flere runder og som vil rette sig imod alle elever og studerende i [&hellip;]<\/p>\n","protected":false},"author":1,"featured_media":0,"parent":502,"menu_order":0,"comment_status":"closed","ping_status":"closed","template":"","meta":[],"acf":[],"yoast_head":"<!-- This site is optimized with the Yoast SEO plugin v19.14 - https:\/\/yoast.com\/wordpress\/plugins\/seo\/ -->\n<title>Generelle oplysninger - ODYSSEUS II<\/title>\n<meta name=\"robots\" content=\"index, follow, max-snippet:-1, max-image-preview:large, max-video-preview:-1\" \/>\n<link rel=\"canonical\" href=\"https:\/\/odysseus-contests.eu\/2016\/da\/om-odysseus-konkurrencen\/generelle-oplysninger\/\" \/>\n<meta property=\"og:locale\" content=\"da_DK\" \/>\n<meta property=\"og:type\" content=\"article\" \/>\n<meta property=\"og:title\" content=\"Generelle oplysninger - ODYSSEUS II\" \/>\n<meta property=\"og:description\" content=\"Ungdommen og rummet-konkurrencen Odysseus II sigter mod at inspirere unge fra hele Europa og engagere dem i udforskning af rummet gennem en serie af undervisningsaktiviteter, som kombinerer videnskabelig l\u00e6ring med praktiske erfaringer. Via en uddannelseskonkurrence med sjovt is\u00e6t, som bliver organiseret i flere runder og som vil rette sig imod alle elever og studerende i [&hellip;]\" \/>\n<meta property=\"og:url\" content=\"https:\/\/odysseus-contests.eu\/2016\/da\/om-odysseus-konkurrencen\/generelle-oplysninger\/\" \/>\n<meta property=\"og:site_name\" content=\"ODYSSEUS II\" \/>\n<meta property=\"article:modified_time\" content=\"2015-07-03T12:13:57+00:00\" \/>\n<meta property=\"og:image\" content=\"http:\/\/odysseus-contests.eu\/2016\/wp-content\/uploads\/2015\/06\/Stages_DANISH-1.jpg\" \/>\n<meta name=\"twitter:card\" content=\"summary_large_image\" \/>\n<script type=\"application\/ld+json\" class=\"yoast-schema-graph\">{\"@context\":\"https:\/\/schema.org\",\"@graph\":[{\"@type\":\"WebPage\",\"@id\":\"https:\/\/odysseus-contests.eu\/2016\/da\/om-odysseus-konkurrencen\/generelle-oplysninger\/\",\"url\":\"https:\/\/odysseus-contests.eu\/2016\/da\/om-odysseus-konkurrencen\/generelle-oplysninger\/\",\"name\":\"Generelle oplysninger - ODYSSEUS II\",\"isPartOf\":{\"@id\":\"https:\/\/odysseus-contests.eu\/2016\/de\/#website\"},\"datePublished\":\"2015-06-18T17:25:00+00:00\",\"dateModified\":\"2015-07-03T12:13:57+00:00\",\"breadcrumb\":{\"@id\":\"https:\/\/odysseus-contests.eu\/2016\/da\/om-odysseus-konkurrencen\/generelle-oplysninger\/#breadcrumb\"},\"inLanguage\":\"da-DK\",\"potentialAction\":[{\"@type\":\"ReadAction\",\"target\":[\"https:\/\/odysseus-contests.eu\/2016\/da\/om-odysseus-konkurrencen\/generelle-oplysninger\/\"]}]},{\"@type\":\"BreadcrumbList\",\"@id\":\"https:\/\/odysseus-contests.eu\/2016\/da\/om-odysseus-konkurrencen\/generelle-oplysninger\/#breadcrumb\",\"itemListElement\":[{\"@type\":\"ListItem\",\"position\":1,\"name\":\"Home\",\"item\":\"https:\/\/odysseus-contests.eu\/2016\/da\/\"},{\"@type\":\"ListItem\",\"position\":2,\"name\":\"Om Odysseus-konkurrencen\",\"item\":\"https:\/\/odysseus-contests.eu\/2016\/da\/om-odysseus-konkurrencen\/\"},{\"@type\":\"ListItem\",\"position\":3,\"name\":\"Generelle oplysninger\"}]},{\"@type\":\"WebSite\",\"@id\":\"https:\/\/odysseus-contests.eu\/2016\/de\/#website\",\"url\":\"https:\/\/odysseus-contests.eu\/2016\/de\/\",\"name\":\"ODYSSEUS II\",\"description\":\"Europ\u00e6isk Rumkonkurrence for Unger\",\"potentialAction\":[{\"@type\":\"SearchAction\",\"target\":{\"@type\":\"EntryPoint\",\"urlTemplate\":\"https:\/\/odysseus-contests.eu\/2016\/de\/?s={search_term_string}\"},\"query-input\":\"required name=search_term_string\"}],\"inLanguage\":\"da-DK\"}]}<\/script>\n<!-- \/ Yoast SEO plugin. -->","yoast_head_json":{"title":"Generelle oplysninger - ODYSSEUS II","robots":{"index":"index","follow":"follow","max-snippet":"max-snippet:-1","max-image-preview":"max-image-preview:large","max-video-preview":"max-video-preview:-1"},"canonical":"https:\/\/odysseus-contests.eu\/2016\/da\/om-odysseus-konkurrencen\/generelle-oplysninger\/","og_locale":"da_DK","og_type":"article","og_title":"Generelle oplysninger - ODYSSEUS II","og_description":"Ungdommen og rummet-konkurrencen Odysseus II sigter mod at inspirere unge fra hele Europa og engagere dem i udforskning af rummet gennem en serie af undervisningsaktiviteter, som kombinerer videnskabelig l\u00e6ring med praktiske erfaringer. Via en uddannelseskonkurrence med sjovt is\u00e6t, som bliver organiseret i flere runder og som vil rette sig imod alle elever og studerende i [&hellip;]","og_url":"https:\/\/odysseus-contests.eu\/2016\/da\/om-odysseus-konkurrencen\/generelle-oplysninger\/","og_site_name":"ODYSSEUS II","article_modified_time":"2015-07-03T12:13:57+00:00","og_image":[{"url":"http:\/\/odysseus-contests.eu\/2016\/wp-content\/uploads\/2015\/06\/Stages_DANISH-1.jpg"}],"twitter_card":"summary_large_image","schema":{"@context":"https:\/\/schema.org","@graph":[{"@type":"WebPage","@id":"https:\/\/odysseus-contests.eu\/2016\/da\/om-odysseus-konkurrencen\/generelle-oplysninger\/","url":"https:\/\/odysseus-contests.eu\/2016\/da\/om-odysseus-konkurrencen\/generelle-oplysninger\/","name":"Generelle oplysninger - ODYSSEUS II","isPartOf":{"@id":"https:\/\/odysseus-contests.eu\/2016\/de\/#website"},"datePublished":"2015-06-18T17:25:00+00:00","dateModified":"2015-07-03T12:13:57+00:00","breadcrumb":{"@id":"https:\/\/odysseus-contests.eu\/2016\/da\/om-odysseus-konkurrencen\/generelle-oplysninger\/#breadcrumb"},"inLanguage":"da-DK","potentialAction":[{"@type":"ReadAction","target":["https:\/\/odysseus-contests.eu\/2016\/da\/om-odysseus-konkurrencen\/generelle-oplysninger\/"]}]},{"@type":"BreadcrumbList","@id":"https:\/\/odysseus-contests.eu\/2016\/da\/om-odysseus-konkurrencen\/generelle-oplysninger\/#breadcrumb","itemListElement":[{"@type":"ListItem","position":1,"name":"Home","item":"https:\/\/odysseus-contests.eu\/2016\/da\/"},{"@type":"ListItem","position":2,"name":"Om Odysseus-konkurrencen","item":"https:\/\/odysseus-contests.eu\/2016\/da\/om-odysseus-konkurrencen\/"},{"@type":"ListItem","position":3,"name":"Generelle oplysninger"}]},{"@type":"WebSite","@id":"https:\/\/odysseus-contests.eu\/2016\/de\/#website","url":"https:\/\/odysseus-contests.eu\/2016\/de\/","name":"ODYSSEUS II","description":"Europ\u00e6isk Rumkonkurrence for Unger","potentialAction":[{"@type":"SearchAction","target":{"@type":"EntryPoint","urlTemplate":"https:\/\/odysseus-contests.eu\/2016\/de\/?s={search_term_string}"},"query-input":"required name=search_term_string"}],"inLanguage":"da-DK"}]}},"_links":{"self":[{"href":"https:\/\/odysseus-contests.eu\/2016\/da\/wp-json\/wp\/v2\/pages\/505"}],"collection":[{"href":"https:\/\/odysseus-contests.eu\/2016\/da\/wp-json\/wp\/v2\/pages"}],"about":[{"href":"https:\/\/odysseus-contests.eu\/2016\/da\/wp-json\/wp\/v2\/types\/page"}],"author":[{"embeddable":true,"href":"https:\/\/odysseus-contests.eu\/2016\/da\/wp-json\/wp\/v2\/users\/1"}],"replies":[{"embeddable":true,"href":"https:\/\/odysseus-contests.eu\/2016\/da\/wp-json\/wp\/v2\/comments?post=505"}],"version-history":[{"count":0,"href":"https:\/\/odysseus-contests.eu\/2016\/da\/wp-json\/wp\/v2\/pages\/505\/revisions"}],"up":[{"embeddable":true,"href":"https:\/\/odysseus-contests.eu\/2016\/da\/wp-json\/wp\/v2\/pages\/502"}],"wp:attachment":[{"href":"https:\/\/odysseus-contests.eu\/2016\/da\/wp-json\/wp\/v2\/media?parent=505"}],"curies":[{"name":"wp","href":"https:\/\/api.w.org\/{rel}","templated":true}]}}