{"id":3292,"date":"2015-07-25T23:10:24","date_gmt":"2015-07-25T20:10:24","guid":{"rendered":"http:\/\/odysseus-contests.eu\/2016\/?page_id=3292"},"modified":"2015-08-17T12:47:10","modified_gmt":"2015-08-17T09:47:10","slug":"poradni-vybor","status":"publish","type":"page","link":"https:\/\/odysseus-contests.eu\/2016\/cs\/the-odysseus-ii-project\/poradni-vybor\/","title":{"rendered":"Poradn\u00ed v\u00fdbor"},"content":{"rendered":"<p style=\"text-align: justify;\"><b><img decoding=\"async\" loading=\"lazy\" class=\"alignleft size-full wp-image-419\" src=\"http:\/\/odysseus-contests.eu\/2016\/wp-content\/uploads\/2015\/05\/image001.png\" alt=\"image001\" width=\"155\" height=\"215\" \/>Jean-Pierre Swings\u00a0<\/b>je \u010destn\u00fd profesor na univerzit\u011b v Liege (Belgie), kde obdr\u017eel sv\u016fj magistersk\u00fd titul ve vesm\u00edrn\u00e9m in\u017een\u00fdrstv\u00ed, doktor\u00e1t v astrofyzice. Zaj\u00edm\u00e1 se o slune\u010dn\u00ed fyziku a emisn\u00ed linie dal\u0161\u00edch objekt\u016f. Postupn\u011b p\u0159e\u0161el od pozorov\u00e1n\u00ed hv\u011bzd k \u201castropolitice\u201d, jako gener\u00e1ln\u00ed tajemn\u00edk v Mezin\u00e1rodn\u00ed astronomick\u00e9 unii, \u010dlen n\u011bkolika v\u00fdbor\u016f Evropsk\u00e9 vesm\u00edrn\u00e9 agentury, \u010dlen rady Evropsk\u00e9 ji\u017en\u00ed observato\u0159e a \u010dlen Evropsk\u00e9 astronomick\u00e9 spole\u010dnosti, kterou zalo\u017eil s dal\u0161\u00edmi t\u0159emi zakladateli. Jean-Pierre Swings je v sou\u010dasnosti p\u0159edsedou Evropsk\u00e9 vesm\u00edrn\u00e9 v\u011bdeck\u00e9 spole\u010dnosti, Evropsk\u00e9 v\u011bdeck\u00e9 nadace a \u010dlen poradn\u00ed skupiny ve v\u011bcech vesm\u00edru Evropsk\u00e9 komise 7.r\u00e1mcov\u00e9ho programu. (\u010clen mezin\u00e1rodn\u00ed poroty v sout\u011b\u017ei Odysseus od ro\u010dn\u00edku 2012-2013).<\/p>\n<p style=\"text-align: justify;\"><b><img decoding=\"async\" loading=\"lazy\" class=\"alignleft size-full wp-image-425\" src=\"http:\/\/odysseus-contests.eu\/2016\/wp-content\/uploads\/2015\/05\/image003.png\" alt=\"image003\" width=\"149\" height=\"215\" \/><\/b><strong>Athena Coustenis<\/strong> je \u0159editelka v\u00fdzkumu ve Francouzsk\u00e9m n\u00e1rodn\u00edm centru pro v\u011bdecky v\u00fdzkum (CNRS). Jej\u00ed specializac\u00ed je planetologie (pr\u016fzkum slune\u010dn\u00ed soustavy z pozemn\u00edch a kosmick\u00fdch pozorov\u00e1n\u00ed). Jej\u00ed astronomick\u00fd v\u00fdzkum je v\u011bnov\u00e1n v\u00fdzkumu atmosf\u00e9r a povrch\u016f planet, se zam\u011b\u0159en\u00edm na Titan a Saturnovy m\u011bs\u00edce, kter\u00e9 maj\u00ed hodn\u011b podobnost\u00ed s na\u0161\u00ed planetou. Tak\u00e9 zkoum\u00e1 exoplanety. V posledn\u00edch letech byla v\u016fd\u010d\u00ed osobnost\u00ed v \u00fasil\u00ed vytvo\u0159it dal\u0161\u00ed vesm\u00edrn\u00e9 mise. (\u010clenka mezin\u00e1rodn\u00ed poroty v sout\u011b\u017ei Odysseus od ro\u010dn\u00edku 2012-2013).<\/p>\n<p>&nbsp;<\/p>\n<p style=\"text-align: justify;\"><b><img decoding=\"async\" loading=\"lazy\" class=\"alignleft size-full wp-image-430\" src=\"http:\/\/odysseus-contests.eu\/2016\/wp-content\/uploads\/2015\/05\/image005.png\" alt=\"image005\" width=\"155\" height=\"203\" \/>Frank De Winne<\/b>\u00a0je astrounaut ESA. Ne\u017e p\u0159i\u0161el do Odd\u00edlu astronaut\u016f ESA byl zku\u0161ebn\u00edm testovac\u00edm pilotem v belgick\u00e9m letectvu. V roce 2002 se \u00fa\u010dastnil kosmick\u00e9 mise Odyssea na Mezin\u00e1rodn\u00ed vesm\u00edrn\u00e9 stanici ISS. V pr\u016fb\u011bhu jeden\u00e1ctidenn\u00ed mise provedl 23 experiment\u016f. Jeho druh\u00e1 mise OasISSprob\u011bhla od kv\u011btna do prosince 2009, b\u011bhem tohoto letu se stal prvn\u00edm evropsk\u00fdm velitelem ISS. B\u011bhem jeho mise do\u0161lo k\u00a0rozs\u00e1hl\u00e9\u00a0popularizaci v\u011bdeck\u00e9ho vyu\u017eit\u00ed stanice ISS. 1. srpna 2012 se De Winne stal vedouc\u00edm Evropsk\u00e9ho centra astronaut\u016f. (\u010clen mezin\u00e1rodn\u00ed poroty v sout\u011b\u017ei Odysseus od ro\u010dn\u00edku 2012-2013).<\/p>\n<p style=\"text-align: justify;\">\n<p><b><img decoding=\"async\" loading=\"lazy\" class=\"alignleft size-full wp-image-436\" src=\"http:\/\/odysseus-contests.eu\/2016\/wp-content\/uploads\/2015\/05\/image007.png\" alt=\"image007\" width=\"155\" height=\"215\" \/><\/b><\/p>\n<p style=\"text-align: justify;\"><strong>Manolis K. Georgoulis<\/strong> je v\u00fdzkumn\u00fd pracovn\u00edk V\u00fdzkumn\u00e9ho centra pro astronomii a aplikovanou matematiku Akademie v At\u00e9n\u00e1ch. Krom\u011b toho je \u0159eck\u00fd n\u00e1rodn\u00ed deleg\u00e1t ve v\u011bdeck\u00e9m v\u00fdboru Evropsk\u00e9 vesm\u00edrn\u00e9 agentury (ESA\/SPC) (2011 &#8211; sou\u010dasnost), viceprezident Evropsk\u00e9 slune\u010dn\u00ed fyzik\u00e1ln\u00ed divize (ESPD) v Evropsk\u00e9 fyzik\u00e1ln\u00ed spole\u010dnosti (EPS) (2011 &#8211; 2014), \u010dlen \u0158eck\u00e9 n\u00e1rodn\u00ed spole\u010dnosti pro astronomii (GNCA) (2012 &#8211; sou\u010dasnost), a Spole\u010dnosti Marie Curie Evropsk\u00e9 komise (2012 &#8211; 2014). Je dr\u017eitelem titul\u016f B.Sc. (fyzika) z Aristotelovy univerzity v Soluni (1993) a Ph.D. (fyzika slune\u010dn\u00edho plazmatu) na stejn\u00e9 univerzit\u011b. Byl sou\u010d\u00e1st\u00ed t\u0159\u00ed v\u011bdeck\u00fdch t\u00fdmu u NASA a dvou vesm\u00edrn\u00fdch mis\u00ed u ESA. (\u010clen mezin\u00e1rodn\u00ed poroty v sout\u011b\u017ei Odysseus od ro\u010dn\u00edku 2012-2013).<\/p>\n<p style=\"text-align: justify;\">\n<p style=\"text-align: justify;\"><b><img decoding=\"async\" loading=\"lazy\" class=\"alignleft wp-image-441\" src=\"http:\/\/odysseus-contests.eu\/2016\/wp-content\/uploads\/2015\/05\/image009.jpg\" alt=\"image009\" width=\"170\" height=\"187\" srcset=\"https:\/\/odysseus-contests.eu\/2016\/wp-content\/uploads\/2015\/05\/image009.jpg 282w, https:\/\/odysseus-contests.eu\/2016\/wp-content\/uploads\/2015\/05\/image009-272x300.jpg 272w\" sizes=\"(max-width: 170px) 100vw, 170px\" \/>Ya\u00ebl Naz\u00e9<\/b> je v\u00fdzkumn\u00e1 pracovnice FNRS na univerzit\u011b v Lutychu (Belgie). V\u011bnuje se studiu masivn\u00edch hv\u011bzd pomoc\u00ed pozorov\u00e1n\u00ed pozemn\u00edch a vesm\u00edrn\u00fdch observato\u0159\u00ed (v b\u0159eznu 2014: 39 odkaz\u016f jako na hlavn\u00edho autora, 49 jako na spoluautora, h-index = 25). Pracovala jako expert na hv\u011bzdn\u00e9 panely n\u011bkolika observato\u0159\u00ed (ESA, ESO, NASA) a jako garant pro astrofyzik\u00e1ln\u00ed m\u00e9dia. Tak\u00e9 se zapojila do multidisciplin\u00e1rn\u00edho v\u00fdzkumu (v\u010d. 9 zve\u0159ejn\u011bn\u00fdch knih).<\/p>\n<p style=\"text-align: justify;\">\n<p>\u00a0 \u00a0 <b><img decoding=\"async\" loading=\"lazy\" class=\"alignleft size-full wp-image-446\" src=\"http:\/\/odysseus-contests.eu\/2016\/wp-content\/uploads\/2015\/05\/image011.jpg\" alt=\"image011\" width=\"184\" height=\"207\" \/>Rosa M. Ros Ferr\u00e9<\/b> je viceprezidentka Mezin\u00e1rodn\u00ed astronomick\u00e9 unie (IAU). Krom\u011b toho je viceprezidentka Evropsk\u00e9 asociace pro vzd\u011bl\u00e1n\u00ed v astronomii (EAAE) a \u0159editelka program\u016f \u201cCiencia en Acci\u00f3n\u201c a \u201cAdopta una Estrella\u201d. U\u010d\u00ed tak\u00e9 matematiku pro leteck\u00e9 in\u017een\u00fdrstv\u00ed, telematiku a telekomunikace na Escola Polit\u00e8cnica Superior de Castelldefels. Je p\u0159edsedkyn\u00ed \u201cJunta Directiva\u201d asociace \u201cAsociaci\u00f3n para la Ense\u00f1anza de la Astronom\u00eda\u201d (ApEA), je \u010dlenkou vzd\u011bl\u00e1vac\u00edho v\u00fdboru pro \u201cuv\u011bdom\u011bn\u00ed vesm\u00edru\u201d (UNAWE), poradkyn\u00ed v\u00fdkonn\u00e9ho v\u00fdboru EIRO f\u00f3ra a \u010dlenka poradn\u00edho panelu ve vzd\u011bl\u00e1n\u00ed fyziky. Od roku 1994 je tak\u00e9 n\u00e1rodn\u00ed reprezentant pro IAU. Od roku 1999 je \u0161pan\u011blsk\u00fdm n\u00e1rodn\u00edm reprezentantem pro \u201eDivadlo fyziky\u201c a \u0160pan\u011blsk\u00fdm n\u00e1rodn\u00ed reprezentant pro \u201cUNAWE &#8211; Explora el Universo\u201d od roku 2006.<\/p>\n","protected":false},"excerpt":{"rendered":"<p>Jean-Pierre Swings\u00a0je \u010destn\u00fd profesor na univerzit\u011b v Liege (Belgie), kde obdr\u017eel sv\u016fj magistersk\u00fd titul ve vesm\u00edrn\u00e9m in\u017een\u00fdrstv\u00ed, doktor\u00e1t v astrofyzice. Zaj\u00edm\u00e1 se o slune\u010dn\u00ed fyziku a emisn\u00ed linie dal\u0161\u00edch objekt\u016f. Postupn\u011b p\u0159e\u0161el od pozorov\u00e1n\u00ed hv\u011bzd k \u201castropolitice\u201d, jako gener\u00e1ln\u00ed tajemn\u00edk v Mezin\u00e1rodn\u00ed astronomick\u00e9 unii, \u010dlen n\u011bkolika v\u00fdbor\u016f Evropsk\u00e9 vesm\u00edrn\u00e9 agentury, \u010dlen rady Evropsk\u00e9 ji\u017en\u00ed observato\u0159e [&hellip;]<\/p>\n","protected":false},"author":2,"featured_media":0,"parent":3282,"menu_order":40,"comment_status":"closed","ping_status":"closed","template":"","meta":[],"acf":[],"yoast_head":"<!-- This site is optimized with the Yoast SEO plugin v19.14 - https:\/\/yoast.com\/wordpress\/plugins\/seo\/ -->\n<title>Poradn\u00ed v\u00fdbor - ODYSSEUS II<\/title>\n<meta name=\"robots\" content=\"index, follow, max-snippet:-1, max-image-preview:large, max-video-preview:-1\" \/>\n<link rel=\"canonical\" href=\"https:\/\/odysseus-contests.eu\/2016\/cs\/the-odysseus-ii-project\/poradni-vybor\/\" \/>\n<meta property=\"og:locale\" content=\"cs_CZ\" \/>\n<meta property=\"og:type\" content=\"article\" \/>\n<meta property=\"og:title\" content=\"Poradn\u00ed v\u00fdbor - ODYSSEUS II\" \/>\n<meta property=\"og:description\" content=\"Jean-Pierre Swings\u00a0je \u010destn\u00fd profesor na univerzit\u011b v Liege (Belgie), kde obdr\u017eel sv\u016fj magistersk\u00fd titul ve vesm\u00edrn\u00e9m in\u017een\u00fdrstv\u00ed, doktor\u00e1t v astrofyzice. Zaj\u00edm\u00e1 se o slune\u010dn\u00ed fyziku a emisn\u00ed linie dal\u0161\u00edch objekt\u016f. Postupn\u011b p\u0159e\u0161el od pozorov\u00e1n\u00ed hv\u011bzd k \u201castropolitice\u201d, jako gener\u00e1ln\u00ed tajemn\u00edk v Mezin\u00e1rodn\u00ed astronomick\u00e9 unii, \u010dlen n\u011bkolika v\u00fdbor\u016f Evropsk\u00e9 vesm\u00edrn\u00e9 agentury, \u010dlen rady Evropsk\u00e9 ji\u017en\u00ed observato\u0159e [&hellip;]\" \/>\n<meta property=\"og:url\" content=\"https:\/\/odysseus-contests.eu\/2016\/cs\/the-odysseus-ii-project\/poradni-vybor\/\" \/>\n<meta property=\"og:site_name\" content=\"ODYSSEUS II\" \/>\n<meta property=\"article:modified_time\" content=\"2015-08-17T09:47:10+00:00\" \/>\n<meta property=\"og:image\" content=\"http:\/\/odysseus-contests.eu\/2016\/wp-content\/uploads\/2015\/05\/image001.png\" \/>\n<meta name=\"twitter:card\" content=\"summary_large_image\" \/>\n<meta name=\"twitter:label1\" content=\"Odhadovan\u00e1 doba \u010dten\u00ed\" \/>\n\t<meta name=\"twitter:data1\" content=\"4 minuty\" \/>\n<script type=\"application\/ld+json\" class=\"yoast-schema-graph\">{\"@context\":\"https:\/\/schema.org\",\"@graph\":[{\"@type\":\"WebPage\",\"@id\":\"https:\/\/odysseus-contests.eu\/2016\/cs\/the-odysseus-ii-project\/poradni-vybor\/\",\"url\":\"https:\/\/odysseus-contests.eu\/2016\/cs\/the-odysseus-ii-project\/poradni-vybor\/\",\"name\":\"Poradn\u00ed v\u00fdbor - ODYSSEUS II\",\"isPartOf\":{\"@id\":\"https:\/\/odysseus-contests.eu\/2016\/de\/#website\"},\"datePublished\":\"2015-07-25T20:10:24+00:00\",\"dateModified\":\"2015-08-17T09:47:10+00:00\",\"breadcrumb\":{\"@id\":\"https:\/\/odysseus-contests.eu\/2016\/cs\/the-odysseus-ii-project\/poradni-vybor\/#breadcrumb\"},\"inLanguage\":\"cs\",\"potentialAction\":[{\"@type\":\"ReadAction\",\"target\":[\"https:\/\/odysseus-contests.eu\/2016\/cs\/the-odysseus-ii-project\/poradni-vybor\/\"]}]},{\"@type\":\"BreadcrumbList\",\"@id\":\"https:\/\/odysseus-contests.eu\/2016\/cs\/the-odysseus-ii-project\/poradni-vybor\/#breadcrumb\",\"itemListElement\":[{\"@type\":\"ListItem\",\"position\":1,\"name\":\"Home\",\"item\":\"https:\/\/odysseus-contests.eu\/2016\/cs\/\"},{\"@type\":\"ListItem\",\"position\":2,\"name\":\"Projekt Odysseus II\",\"item\":\"https:\/\/odysseus-contests.eu\/2016\/cs\/the-odysseus-ii-project\/\"},{\"@type\":\"ListItem\",\"position\":3,\"name\":\"Poradn\u00ed v\u00fdbor\"}]},{\"@type\":\"WebSite\",\"@id\":\"https:\/\/odysseus-contests.eu\/2016\/de\/#website\",\"url\":\"https:\/\/odysseus-contests.eu\/2016\/de\/\",\"name\":\"ODYSSEUS II\",\"description\":\"European Youth Space Contest\",\"potentialAction\":[{\"@type\":\"SearchAction\",\"target\":{\"@type\":\"EntryPoint\",\"urlTemplate\":\"https:\/\/odysseus-contests.eu\/2016\/de\/?s={search_term_string}\"},\"query-input\":\"required name=search_term_string\"}],\"inLanguage\":\"cs\"}]}<\/script>\n<!-- \/ Yoast SEO plugin. -->","yoast_head_json":{"title":"Poradn\u00ed v\u00fdbor - ODYSSEUS II","robots":{"index":"index","follow":"follow","max-snippet":"max-snippet:-1","max-image-preview":"max-image-preview:large","max-video-preview":"max-video-preview:-1"},"canonical":"https:\/\/odysseus-contests.eu\/2016\/cs\/the-odysseus-ii-project\/poradni-vybor\/","og_locale":"cs_CZ","og_type":"article","og_title":"Poradn\u00ed v\u00fdbor - ODYSSEUS II","og_description":"Jean-Pierre Swings\u00a0je \u010destn\u00fd profesor na univerzit\u011b v Liege (Belgie), kde obdr\u017eel sv\u016fj magistersk\u00fd titul ve vesm\u00edrn\u00e9m in\u017een\u00fdrstv\u00ed, doktor\u00e1t v astrofyzice. Zaj\u00edm\u00e1 se o slune\u010dn\u00ed fyziku a emisn\u00ed linie dal\u0161\u00edch objekt\u016f. Postupn\u011b p\u0159e\u0161el od pozorov\u00e1n\u00ed hv\u011bzd k \u201castropolitice\u201d, jako gener\u00e1ln\u00ed tajemn\u00edk v Mezin\u00e1rodn\u00ed astronomick\u00e9 unii, \u010dlen n\u011bkolika v\u00fdbor\u016f Evropsk\u00e9 vesm\u00edrn\u00e9 agentury, \u010dlen rady Evropsk\u00e9 ji\u017en\u00ed observato\u0159e [&hellip;]","og_url":"https:\/\/odysseus-contests.eu\/2016\/cs\/the-odysseus-ii-project\/poradni-vybor\/","og_site_name":"ODYSSEUS II","article_modified_time":"2015-08-17T09:47:10+00:00","og_image":[{"url":"http:\/\/odysseus-contests.eu\/2016\/wp-content\/uploads\/2015\/05\/image001.png"}],"twitter_card":"summary_large_image","twitter_misc":{"Odhadovan\u00e1 doba \u010dten\u00ed":"4 minuty"},"schema":{"@context":"https:\/\/schema.org","@graph":[{"@type":"WebPage","@id":"https:\/\/odysseus-contests.eu\/2016\/cs\/the-odysseus-ii-project\/poradni-vybor\/","url":"https:\/\/odysseus-contests.eu\/2016\/cs\/the-odysseus-ii-project\/poradni-vybor\/","name":"Poradn\u00ed v\u00fdbor - ODYSSEUS II","isPartOf":{"@id":"https:\/\/odysseus-contests.eu\/2016\/de\/#website"},"datePublished":"2015-07-25T20:10:24+00:00","dateModified":"2015-08-17T09:47:10+00:00","breadcrumb":{"@id":"https:\/\/odysseus-contests.eu\/2016\/cs\/the-odysseus-ii-project\/poradni-vybor\/#breadcrumb"},"inLanguage":"cs","potentialAction":[{"@type":"ReadAction","target":["https:\/\/odysseus-contests.eu\/2016\/cs\/the-odysseus-ii-project\/poradni-vybor\/"]}]},{"@type":"BreadcrumbList","@id":"https:\/\/odysseus-contests.eu\/2016\/cs\/the-odysseus-ii-project\/poradni-vybor\/#breadcrumb","itemListElement":[{"@type":"ListItem","position":1,"name":"Home","item":"https:\/\/odysseus-contests.eu\/2016\/cs\/"},{"@type":"ListItem","position":2,"name":"Projekt Odysseus II","item":"https:\/\/odysseus-contests.eu\/2016\/cs\/the-odysseus-ii-project\/"},{"@type":"ListItem","position":3,"name":"Poradn\u00ed v\u00fdbor"}]},{"@type":"WebSite","@id":"https:\/\/odysseus-contests.eu\/2016\/de\/#website","url":"https:\/\/odysseus-contests.eu\/2016\/de\/","name":"ODYSSEUS II","description":"European Youth Space Contest","potentialAction":[{"@type":"SearchAction","target":{"@type":"EntryPoint","urlTemplate":"https:\/\/odysseus-contests.eu\/2016\/de\/?s={search_term_string}"},"query-input":"required name=search_term_string"}],"inLanguage":"cs"}]}},"_links":{"self":[{"href":"https:\/\/odysseus-contests.eu\/2016\/cs\/wp-json\/wp\/v2\/pages\/3292"}],"collection":[{"href":"https:\/\/odysseus-contests.eu\/2016\/cs\/wp-json\/wp\/v2\/pages"}],"about":[{"href":"https:\/\/odysseus-contests.eu\/2016\/cs\/wp-json\/wp\/v2\/types\/page"}],"author":[{"embeddable":true,"href":"https:\/\/odysseus-contests.eu\/2016\/cs\/wp-json\/wp\/v2\/users\/2"}],"replies":[{"embeddable":true,"href":"https:\/\/odysseus-contests.eu\/2016\/cs\/wp-json\/wp\/v2\/comments?post=3292"}],"version-history":[{"count":0,"href":"https:\/\/odysseus-contests.eu\/2016\/cs\/wp-json\/wp\/v2\/pages\/3292\/revisions"}],"up":[{"embeddable":true,"href":"https:\/\/odysseus-contests.eu\/2016\/cs\/wp-json\/wp\/v2\/pages\/3282"}],"wp:attachment":[{"href":"https:\/\/odysseus-contests.eu\/2016\/cs\/wp-json\/wp\/v2\/media?parent=3292"}],"curies":[{"name":"wp","href":"https:\/\/api.w.org\/{rel}","templated":true}]}}