{"id":3287,"date":"2015-07-25T23:07:46","date_gmt":"2015-07-25T20:07:46","guid":{"rendered":"http:\/\/odysseus-contests.eu\/2016\/?page_id=3287"},"modified":"2015-07-29T17:26:40","modified_gmt":"2015-07-29T14:26:40","slug":"projekt-odysseus-ii","status":"publish","type":"page","link":"https:\/\/odysseus-contests.eu\/2016\/cs\/the-odysseus-ii-project\/projekt-odysseus-ii\/","title":{"rendered":"Projekt Odysseus II"},"content":{"rendered":"<p>V\u00fdzva Ml\u00e1de\u017e pro vesm\u00edr \u2013projekt ODYSSEUS II si klade za c\u00edl inspirovat mlad\u00e9 lidi z cel\u00e9 Evropy a zapojit je do objevov\u00e1n\u00ed vesm\u00edru skrze s\u00e9rii vzd\u011bl\u00e1vac\u00edch aktivit, kter\u00e9 budou kombinac\u00ed v\u011bdeck\u00e9ho u\u010den\u00ed a z\u00e1\u017eitk\u016f. Prost\u0159ednictv\u00edm organizov\u00e1n\u00ed z\u00e1bavn\u00e9 a z\u00e1rove\u0148 vzd\u011bl\u00e1vac\u00ed sout\u011b\u017ee, kter\u00e1 bude organizov\u00e1na v n\u011bkolika kolech a je zam\u011b\u0159en\u00e1 na \u017e\u00e1ky a studenty v Evrop\u011b, a\u0165 u\u017e bydl\u00ed kdekoli, bez ohledu na jejich kulturn\u00ed z\u00e1zem\u00ed a jazyk, kter\u00fdm mluv\u00ed, projekt chce podporovat zrod nov\u00fdch mlad\u00fdch kvalitn\u00edch v\u011bdc\u016f, in\u017een\u00fdr\u016f a technik\u016f v oblastech relevantn\u00edch pro kosmickou politiku EU.<\/p>\n<p>Sout\u011b\u017e Odysseus se klade za c\u00edl stav\u011bt na \u00fasp\u011b\u0161\u00edch <a href=\"http:\/\/www.odysseus-contests.eu\" target=\"_blank\">projektu Odysseus<\/a>\u00a0a poskytnout mo\u017enosti vzd\u011bl\u00e1v\u00e1n\u00ed ve v\u011bd\u011b o vesm\u00edru a v technologi\u00edch mlad\u00fdm lidem z\u00a0cel\u00e9 Evropy. V kontextu dvou kol sout\u011b\u017ee (\u0161koln\u00ed\/akademick\u00fd rok 2015-2016 a \u0161koln\u00ed\/akademick\u00fd rok 2016-2017) projekt Odysseus II zam\u00fd\u0161l\u00ed zaujmout\u00a0des\u00edtky tis\u00edc \u017e\u00e1k\u016f a student\u016f v Evrop\u011b i mimo n\u00ed.<\/p>\n<p>Projekt Odysseus II je financov\u00e1n z programu Evropsk\u00e9 unie Horizont 2020 pod grantem \u010d. 640218, d\u00edky kter\u00e9mu z\u00edskal od Evropsk\u00e9 komise t\u00e9m\u011b\u0159 dva miliony EUR. Projekt byl zah\u00e1jen 1.ledna 2015 a bude pokra\u010dovat do 31. prosince 2017. Siln\u00e1 asociace 14 partner\u016f a 4 podporuj\u00edc\u00edch organizac\u00ed z 11 evropsk\u00fdch zem\u00ed bude spolupracovat na tom, aby poskytla mlad\u00fdm lidem znalosti v kosmick\u00fdch v\u011bd\u00e1ch a technologi\u00edch.<\/p>\n","protected":false},"excerpt":{"rendered":"<p>V\u00fdzva Ml\u00e1de\u017e pro vesm\u00edr \u2013projekt ODYSSEUS II si klade za c\u00edl inspirovat mlad\u00e9 lidi z cel\u00e9 Evropy a zapojit je do objevov\u00e1n\u00ed vesm\u00edru skrze s\u00e9rii vzd\u011bl\u00e1vac\u00edch aktivit, kter\u00e9 budou kombinac\u00ed v\u011bdeck\u00e9ho u\u010den\u00ed a z\u00e1\u017eitk\u016f. Prost\u0159ednictv\u00edm organizov\u00e1n\u00ed z\u00e1bavn\u00e9 a z\u00e1rove\u0148 vzd\u011bl\u00e1vac\u00ed sout\u011b\u017ee, kter\u00e1 bude organizov\u00e1na v n\u011bkolika kolech a je zam\u011b\u0159en\u00e1 na \u017e\u00e1ky a studenty v [&hellip;]<\/p>\n","protected":false},"author":2,"featured_media":0,"parent":3282,"menu_order":10,"comment_status":"closed","ping_status":"closed","template":"","meta":[],"acf":[],"yoast_head":"<!-- This site is optimized with the Yoast SEO plugin v19.14 - https:\/\/yoast.com\/wordpress\/plugins\/seo\/ -->\n<title>Projekt Odysseus II - ODYSSEUS II<\/title>\n<meta name=\"robots\" content=\"index, follow, max-snippet:-1, max-image-preview:large, max-video-preview:-1\" \/>\n<link rel=\"canonical\" href=\"https:\/\/odysseus-contests.eu\/2016\/cs\/the-odysseus-ii-project\/projekt-odysseus-ii\/\" \/>\n<meta property=\"og:locale\" content=\"cs_CZ\" \/>\n<meta property=\"og:type\" content=\"article\" \/>\n<meta property=\"og:title\" content=\"Projekt Odysseus II - ODYSSEUS II\" \/>\n<meta property=\"og:description\" content=\"V\u00fdzva Ml\u00e1de\u017e pro vesm\u00edr \u2013projekt ODYSSEUS II si klade za c\u00edl inspirovat mlad\u00e9 lidi z cel\u00e9 Evropy a zapojit je do objevov\u00e1n\u00ed vesm\u00edru skrze s\u00e9rii vzd\u011bl\u00e1vac\u00edch aktivit, kter\u00e9 budou kombinac\u00ed v\u011bdeck\u00e9ho u\u010den\u00ed a z\u00e1\u017eitk\u016f. Prost\u0159ednictv\u00edm organizov\u00e1n\u00ed z\u00e1bavn\u00e9 a z\u00e1rove\u0148 vzd\u011bl\u00e1vac\u00ed sout\u011b\u017ee, kter\u00e1 bude organizov\u00e1na v n\u011bkolika kolech a je zam\u011b\u0159en\u00e1 na \u017e\u00e1ky a studenty v [&hellip;]\" \/>\n<meta property=\"og:url\" content=\"https:\/\/odysseus-contests.eu\/2016\/cs\/the-odysseus-ii-project\/projekt-odysseus-ii\/\" \/>\n<meta property=\"og:site_name\" content=\"ODYSSEUS II\" \/>\n<meta property=\"article:modified_time\" content=\"2015-07-29T14:26:40+00:00\" \/>\n<meta name=\"twitter:card\" content=\"summary_large_image\" \/>\n<meta name=\"twitter:label1\" content=\"Odhadovan\u00e1 doba \u010dten\u00ed\" \/>\n\t<meta name=\"twitter:data1\" content=\"1 minuta\" \/>\n<script type=\"application\/ld+json\" class=\"yoast-schema-graph\">{\"@context\":\"https:\/\/schema.org\",\"@graph\":[{\"@type\":\"WebPage\",\"@id\":\"https:\/\/odysseus-contests.eu\/2016\/cs\/the-odysseus-ii-project\/projekt-odysseus-ii\/\",\"url\":\"https:\/\/odysseus-contests.eu\/2016\/cs\/the-odysseus-ii-project\/projekt-odysseus-ii\/\",\"name\":\"Projekt Odysseus II - ODYSSEUS II\",\"isPartOf\":{\"@id\":\"https:\/\/odysseus-contests.eu\/2016\/de\/#website\"},\"datePublished\":\"2015-07-25T20:07:46+00:00\",\"dateModified\":\"2015-07-29T14:26:40+00:00\",\"breadcrumb\":{\"@id\":\"https:\/\/odysseus-contests.eu\/2016\/cs\/the-odysseus-ii-project\/projekt-odysseus-ii\/#breadcrumb\"},\"inLanguage\":\"cs\",\"potentialAction\":[{\"@type\":\"ReadAction\",\"target\":[\"https:\/\/odysseus-contests.eu\/2016\/cs\/the-odysseus-ii-project\/projekt-odysseus-ii\/\"]}]},{\"@type\":\"BreadcrumbList\",\"@id\":\"https:\/\/odysseus-contests.eu\/2016\/cs\/the-odysseus-ii-project\/projekt-odysseus-ii\/#breadcrumb\",\"itemListElement\":[{\"@type\":\"ListItem\",\"position\":1,\"name\":\"Home\",\"item\":\"https:\/\/odysseus-contests.eu\/2016\/cs\/\"},{\"@type\":\"ListItem\",\"position\":2,\"name\":\"Projekt Odysseus II\",\"item\":\"https:\/\/odysseus-contests.eu\/2016\/cs\/the-odysseus-ii-project\/\"},{\"@type\":\"ListItem\",\"position\":3,\"name\":\"Projekt Odysseus II\"}]},{\"@type\":\"WebSite\",\"@id\":\"https:\/\/odysseus-contests.eu\/2016\/de\/#website\",\"url\":\"https:\/\/odysseus-contests.eu\/2016\/de\/\",\"name\":\"ODYSSEUS II\",\"description\":\"European Youth Space Contest\",\"potentialAction\":[{\"@type\":\"SearchAction\",\"target\":{\"@type\":\"EntryPoint\",\"urlTemplate\":\"https:\/\/odysseus-contests.eu\/2016\/de\/?s={search_term_string}\"},\"query-input\":\"required name=search_term_string\"}],\"inLanguage\":\"cs\"}]}<\/script>\n<!-- \/ Yoast SEO plugin. -->","yoast_head_json":{"title":"Projekt Odysseus II - ODYSSEUS II","robots":{"index":"index","follow":"follow","max-snippet":"max-snippet:-1","max-image-preview":"max-image-preview:large","max-video-preview":"max-video-preview:-1"},"canonical":"https:\/\/odysseus-contests.eu\/2016\/cs\/the-odysseus-ii-project\/projekt-odysseus-ii\/","og_locale":"cs_CZ","og_type":"article","og_title":"Projekt Odysseus II - ODYSSEUS II","og_description":"V\u00fdzva Ml\u00e1de\u017e pro vesm\u00edr \u2013projekt ODYSSEUS II si klade za c\u00edl inspirovat mlad\u00e9 lidi z cel\u00e9 Evropy a zapojit je do objevov\u00e1n\u00ed vesm\u00edru skrze s\u00e9rii vzd\u011bl\u00e1vac\u00edch aktivit, kter\u00e9 budou kombinac\u00ed v\u011bdeck\u00e9ho u\u010den\u00ed a z\u00e1\u017eitk\u016f. Prost\u0159ednictv\u00edm organizov\u00e1n\u00ed z\u00e1bavn\u00e9 a z\u00e1rove\u0148 vzd\u011bl\u00e1vac\u00ed sout\u011b\u017ee, kter\u00e1 bude organizov\u00e1na v n\u011bkolika kolech a je zam\u011b\u0159en\u00e1 na \u017e\u00e1ky a studenty v [&hellip;]","og_url":"https:\/\/odysseus-contests.eu\/2016\/cs\/the-odysseus-ii-project\/projekt-odysseus-ii\/","og_site_name":"ODYSSEUS II","article_modified_time":"2015-07-29T14:26:40+00:00","twitter_card":"summary_large_image","twitter_misc":{"Odhadovan\u00e1 doba \u010dten\u00ed":"1 minuta"},"schema":{"@context":"https:\/\/schema.org","@graph":[{"@type":"WebPage","@id":"https:\/\/odysseus-contests.eu\/2016\/cs\/the-odysseus-ii-project\/projekt-odysseus-ii\/","url":"https:\/\/odysseus-contests.eu\/2016\/cs\/the-odysseus-ii-project\/projekt-odysseus-ii\/","name":"Projekt Odysseus II - ODYSSEUS II","isPartOf":{"@id":"https:\/\/odysseus-contests.eu\/2016\/de\/#website"},"datePublished":"2015-07-25T20:07:46+00:00","dateModified":"2015-07-29T14:26:40+00:00","breadcrumb":{"@id":"https:\/\/odysseus-contests.eu\/2016\/cs\/the-odysseus-ii-project\/projekt-odysseus-ii\/#breadcrumb"},"inLanguage":"cs","potentialAction":[{"@type":"ReadAction","target":["https:\/\/odysseus-contests.eu\/2016\/cs\/the-odysseus-ii-project\/projekt-odysseus-ii\/"]}]},{"@type":"BreadcrumbList","@id":"https:\/\/odysseus-contests.eu\/2016\/cs\/the-odysseus-ii-project\/projekt-odysseus-ii\/#breadcrumb","itemListElement":[{"@type":"ListItem","position":1,"name":"Home","item":"https:\/\/odysseus-contests.eu\/2016\/cs\/"},{"@type":"ListItem","position":2,"name":"Projekt Odysseus II","item":"https:\/\/odysseus-contests.eu\/2016\/cs\/the-odysseus-ii-project\/"},{"@type":"ListItem","position":3,"name":"Projekt Odysseus II"}]},{"@type":"WebSite","@id":"https:\/\/odysseus-contests.eu\/2016\/de\/#website","url":"https:\/\/odysseus-contests.eu\/2016\/de\/","name":"ODYSSEUS II","description":"European Youth Space Contest","potentialAction":[{"@type":"SearchAction","target":{"@type":"EntryPoint","urlTemplate":"https:\/\/odysseus-contests.eu\/2016\/de\/?s={search_term_string}"},"query-input":"required name=search_term_string"}],"inLanguage":"cs"}]}},"_links":{"self":[{"href":"https:\/\/odysseus-contests.eu\/2016\/cs\/wp-json\/wp\/v2\/pages\/3287"}],"collection":[{"href":"https:\/\/odysseus-contests.eu\/2016\/cs\/wp-json\/wp\/v2\/pages"}],"about":[{"href":"https:\/\/odysseus-contests.eu\/2016\/cs\/wp-json\/wp\/v2\/types\/page"}],"author":[{"embeddable":true,"href":"https:\/\/odysseus-contests.eu\/2016\/cs\/wp-json\/wp\/v2\/users\/2"}],"replies":[{"embeddable":true,"href":"https:\/\/odysseus-contests.eu\/2016\/cs\/wp-json\/wp\/v2\/comments?post=3287"}],"version-history":[{"count":0,"href":"https:\/\/odysseus-contests.eu\/2016\/cs\/wp-json\/wp\/v2\/pages\/3287\/revisions"}],"up":[{"embeddable":true,"href":"https:\/\/odysseus-contests.eu\/2016\/cs\/wp-json\/wp\/v2\/pages\/3282"}],"wp:attachment":[{"href":"https:\/\/odysseus-contests.eu\/2016\/cs\/wp-json\/wp\/v2\/media?parent=3287"}],"curies":[{"name":"wp","href":"https:\/\/api.w.org\/{rel}","templated":true}]}}