{"id":3272,"date":"2015-07-25T23:01:25","date_gmt":"2015-07-25T20:01:25","guid":{"rendered":"http:\/\/odysseus-contests.eu\/2016\/?page_id=3272"},"modified":"2015-07-30T09:25:06","modified_gmt":"2015-07-30T06:25:06","slug":"rules","status":"publish","type":"page","link":"https:\/\/odysseus-contests.eu\/2016\/cs\/skywalkers-6\/rules\/","title":{"rendered":"Pravidla"},"content":{"rendered":"<ul>\n<li>Sout\u011b\u017e je otev\u0159ena \u017e\u00e1k\u016fm ve v\u011bku od sedmi (7) do t\u0159in\u00e1cti (13) let, tzn. \u017e\u00e1k\u016fm narozen\u00fdm mezi 1.dubnem 2002 a 31.b\u0159eznem 2009 (v\u010detn\u011b).<\/li>\n<li>Sout\u011b\u017e\u00edc\u00ed v kategorii Skywalkers odevzd\u00e1vaj\u00ed obr\u00e1zky, kter\u00e9 vytvo\u0159ili sami. Term\u00ednem \u201eobr\u00e1zek\u201c se rozum\u00ed obraz vytvo\u0159en\u00fd jakoukoliv technikou bu\u010f ru\u010dn\u011b (kresba, malba, kol\u00e1\u017e, atd.), nebo elektronicky (fotografie, kresby vytvo\u0159en\u00e9 prost\u0159ednictv\u00edm po\u010d\u00edta\u010dov\u00e9ho programu, atd.). Obr\u00e1zky nevytvo\u0159en\u00e9 elektronicky mus\u00ed b\u00fdt naskenov\u00e1ny a nahr\u00e1ny v jednom z povolen\u00fdch form\u00e1t\u016f.<\/li>\n<li>Sout\u011b\u017e\u00edc\u00ed v kategorii Skywalkers sout\u011b\u017e\u00ed jako jednotlivci, ale s registrac\u00ed a odevzd\u00e1n\u00edm sout\u011b\u017en\u00edho p\u0159\u00edsp\u011bvku jim mus\u00ed pomoci dosp\u011bl\u00e1 osoba (u\u010ditel, rodinn\u00fd p\u0159\u00edslu\u0161n\u00edk nebo pracovn\u00edk s ml\u00e1de\u017e\u00ed).<\/li>\n<li>Ka\u017ed\u00fd sout\u011b\u017e\u00edc\u00ed v kategorii Skywalkers m\u016f\u017ee v r\u00e1mci sout\u011b\u017ee odevzdat jen jeden obr\u00e1zek.<\/li>\n<li>V\u0161ichni sout\u011b\u017e\u00edc\u00ed mus\u00ed odevzdat origin\u00e1ln\u00ed obr\u00e1zek t\u00fdkaj\u00edc\u00ed se vesm\u00edrn\u00e9ho v\u00fdzkumu na jedno z t\u00e9mat specifikovan\u00fdch pro jejich v\u011bkovou kategorii.<\/li>\n<li>Sout\u011b\u017e\u00edc\u00ed mohou odevzdat svoj\u00ed sout\u011b\u017en\u00ed pr\u00e1ci v term\u00ednu od 1. z\u00e1\u0159\u00ed 2015 do 31. b\u0159ezna 2016.<\/li>\n<li>V\u0161echny p\u0159\u00edsp\u011bvky mus\u00ed b\u00fdt vlastn\u00ed prac\u00ed sout\u011b\u017e\u00edc\u00edch a mus\u00ed b\u00fdt vytvo\u0159en\u00e9 speci\u00e1ln\u011b pro tuto sout\u011b\u017e.<\/li>\n<li>V kategorii Skywalker budou v\u0161echny p\u0159\u00edsp\u011bvky hodnoceny prost\u0159ednictv\u00edm online hlasov\u00e1n\u00ed samotn\u00fdmi sout\u011b\u017e\u00edc\u00edmi. V\u00edt\u011bz a sout\u011b\u017e\u00edc\u00ed na druh\u00e9m a t\u0159et\u00edm m\u00edst\u011b budou vybr\u00e1ninez\u00e1visle v ka\u017ed\u00e9 zemi EU \u00fa\u010dastn\u00edc\u00ed se sout\u011b\u017ee (a v ka\u017ed\u00e9m bloku zem\u00ed mimo EU), v ka\u017ed\u00e9 z n\u00e1sleduj\u00edc\u00edch v\u011bkov\u00fdch kategori\u00ed: sedm (7) a\u017e deset (10) let (Junior Skywalkers) a jeden\u00e1ct (11) a\u017e t\u0159in\u00e1ct (13) let (Senior Skywalkers). Rozd\u011blen\u00ed do v\u011bkov\u00fdch kategori\u00ed bude ur\u010deno v\u011bkem sout\u011b\u017e\u00edc\u00edho Skywalkera v posledn\u00ed den odevzd\u00e1v\u00e1n\u00ed p\u0159\u00edsp\u011bvk\u016f (31. b\u0159ezen 2016). Kategorie Junior Skywalker zahrnuje \u017e\u00e1ky narozen\u00e9 mezi 1. dubnem 2005 a 31. b\u0159eznem 2009 (v\u010detn\u011b). Kategorie Senior Skywalker zahrnuje \u017e\u00e1ky narozen\u00e9 mezi 1. dubnem 2002 a 31. b\u0159eznem 2005 (v\u010detn\u011b).<\/li>\n<li>P\u0159ed online hlasov\u00e1n\u00edm sout\u011b\u017e\u00edc\u00edmi Skywalkery o obr\u00e1zc\u00edch v jejich v\u011bkov\u00e9 kategorii budou nejlep\u0161\u00ed v\u00fdtvory v ka\u017ed\u00e9 v\u011bkov\u00e9 kategorii v ka\u017ed\u00e9 zemi vybr\u00e1ny sout\u011b\u017en\u00ed porotou a za\u0159azeny do hlasov\u00e1n\u00ed. To zaru\u010duje zvl\u00e1dnuteln\u00fd po\u010det obr\u00e1zk\u016f p\u0159edkl\u00e1dan\u00fd Skywalker\u016fm k hodnocen\u00ed.<\/li>\n<li>Sout\u011b\u017e\u00edc\u00ed Skywalke\u0159i budou hlasovat pouze o obr\u00e1zc\u00edch v jejich vlastn\u00ed zemi a v\u011bkov\u00e9 kategorii.<\/li>\n<li>Obr\u00e1zky od sout\u011b\u017e\u00edc\u00edch Skywalker\u016f ze zem\u00ed mimo EU utvo\u0159\u00ed jedin\u00fd blok v r\u00e1mci jejich p\u0159i\u0159azen\u00e9ho regionu a budou posuzov\u00e1ny, jako kdyby poch\u00e1zely z jedin\u00e9 zem\u011b.<\/li>\n<li>N\u00e1rodn\u00ed v\u00edt\u011bzov\u00e9 obr\u00e1zkov\u00e9 sout\u011b\u017ee Skywalkers budou vyhl\u00e1\u0161eni 3. \u010dervna 2016.<\/li>\n<li>Online hlasov\u00e1n\u00ed mezi n\u00e1rodn\u00edmi v\u00edt\u011bzi za\u010dne po vyhl\u00e1\u0161en\u00ed finalist\u016f a potrv\u00e1 do 3. \u010dervence 2016. Dva hlavn\u00ed v\u00edt\u011bzov\u00e9 kategorie Skywalkers budou vyhl\u00e1\u0161eni na slavnostn\u00edm p\u0159ed\u00e1v\u00e1n\u00ed cen sout\u011b\u017ee Odysseus dne 7. \u010dervence 2016.<\/li>\n<li>Skywalke\u0159i v obr\u00e1zkov\u00e9 sout\u011b\u017ei se nebudou \u00fa\u010dastnit region\u00e1ln\u00edho semifin\u00e1le, ani nepojedou na celoevropsk\u00e9 fin\u00e1le do Bruselu nebo Toulouse, ale n\u00e1rodn\u00ed v\u00edt\u011bzov\u00e9 budou vyhl\u00e1\u0161eni a jejich obr\u00e1zky budou vystaveny na celoevropsk\u00e9m fin\u00e1le.<\/li>\n<li>Ka\u017ed\u00fd \u00fa\u010dastn\u00edk mus\u00ed dolo\u017eit od rodi\u010d\u016f podepsan\u00fd formul\u00e1\u0159 o \u00fa\u010dasti v sout\u011b\u017ei.<\/li>\n<li>Ka\u017ed\u00e9mu sout\u011b\u017e\u00edc\u00edmu v\u00a0kategorii Skywalker by m\u011bla p\u0159i registraci a odesl\u00e1n\u00ed sout\u011b\u017en\u00edho obr\u00e1zkuasistovat dosp\u011bl\u00e1 osoba (u\u010ditel, rodinn\u00fd p\u0159\u00edslu\u0161n\u00edk nebo pracovn\u00edk s\u00a0ml\u00e1de\u017e\u00ed)<\/li>\n<li>Ka\u017ed\u00fd dosp\u011bl\u00fd (u\u010ditel, rodinn\u00fd p\u0159\u00edslu\u0161n\u00edk nebo pracovn\u00edk s ml\u00e1de\u017e\u00ed) m\u016f\u017ee odevzdat a\u017e pades\u00e1t (50) obr\u00e1zk\u016f od pades\u00e1ti (50) r\u016fzn\u00fdch sout\u011b\u017e\u00edc\u00edch v kategorii Skywalker. Ka\u017ed\u00fd z nich mus\u00ed m\u00edt souhlas rodi\u010d\u016f.<\/li>\n<\/ul>\n","protected":false},"excerpt":{"rendered":"<p>Sout\u011b\u017e je otev\u0159ena \u017e\u00e1k\u016fm ve v\u011bku od sedmi (7) do t\u0159in\u00e1cti (13) let, tzn. \u017e\u00e1k\u016fm narozen\u00fdm mezi 1.dubnem 2002 a 31.b\u0159eznem 2009 (v\u010detn\u011b). Sout\u011b\u017e\u00edc\u00ed v kategorii Skywalkers odevzd\u00e1vaj\u00ed obr\u00e1zky, kter\u00e9 vytvo\u0159ili sami. Term\u00ednem \u201eobr\u00e1zek\u201c se rozum\u00ed obraz vytvo\u0159en\u00fd jakoukoliv technikou bu\u010f ru\u010dn\u011b (kresba, malba, kol\u00e1\u017e, atd.), nebo elektronicky (fotografie, kresby vytvo\u0159en\u00e9 prost\u0159ednictv\u00edm po\u010d\u00edta\u010dov\u00e9ho programu, atd.). [&hellip;]<\/p>\n","protected":false},"author":2,"featured_media":0,"parent":3268,"menu_order":20,"comment_status":"closed","ping_status":"closed","template":"","meta":[],"acf":[],"yoast_head":"<!-- This site is optimized with the Yoast SEO plugin v19.14 - https:\/\/yoast.com\/wordpress\/plugins\/seo\/ -->\n<title>Pravidla - ODYSSEUS II<\/title>\n<meta name=\"robots\" content=\"index, follow, max-snippet:-1, max-image-preview:large, max-video-preview:-1\" \/>\n<link rel=\"canonical\" href=\"https:\/\/odysseus-contests.eu\/2016\/cs\/skywalkers-6\/rules\/\" \/>\n<meta property=\"og:locale\" content=\"cs_CZ\" \/>\n<meta property=\"og:type\" content=\"article\" \/>\n<meta property=\"og:title\" content=\"Pravidla - ODYSSEUS II\" \/>\n<meta property=\"og:description\" content=\"Sout\u011b\u017e je otev\u0159ena \u017e\u00e1k\u016fm ve v\u011bku od sedmi (7) do t\u0159in\u00e1cti (13) let, tzn. \u017e\u00e1k\u016fm narozen\u00fdm mezi 1.dubnem 2002 a 31.b\u0159eznem 2009 (v\u010detn\u011b). Sout\u011b\u017e\u00edc\u00ed v kategorii Skywalkers odevzd\u00e1vaj\u00ed obr\u00e1zky, kter\u00e9 vytvo\u0159ili sami. Term\u00ednem \u201eobr\u00e1zek\u201c se rozum\u00ed obraz vytvo\u0159en\u00fd jakoukoliv technikou bu\u010f ru\u010dn\u011b (kresba, malba, kol\u00e1\u017e, atd.), nebo elektronicky (fotografie, kresby vytvo\u0159en\u00e9 prost\u0159ednictv\u00edm po\u010d\u00edta\u010dov\u00e9ho programu, atd.). [&hellip;]\" \/>\n<meta property=\"og:url\" content=\"https:\/\/odysseus-contests.eu\/2016\/cs\/skywalkers-6\/rules\/\" \/>\n<meta property=\"og:site_name\" content=\"ODYSSEUS II\" \/>\n<meta property=\"article:modified_time\" content=\"2015-07-30T06:25:06+00:00\" \/>\n<meta name=\"twitter:card\" content=\"summary_large_image\" \/>\n<meta name=\"twitter:label1\" content=\"Odhadovan\u00e1 doba \u010dten\u00ed\" \/>\n\t<meta name=\"twitter:data1\" content=\"3 minuty\" \/>\n<script type=\"application\/ld+json\" class=\"yoast-schema-graph\">{\"@context\":\"https:\/\/schema.org\",\"@graph\":[{\"@type\":\"WebPage\",\"@id\":\"https:\/\/odysseus-contests.eu\/2016\/cs\/skywalkers-6\/rules\/\",\"url\":\"https:\/\/odysseus-contests.eu\/2016\/cs\/skywalkers-6\/rules\/\",\"name\":\"Pravidla - ODYSSEUS II\",\"isPartOf\":{\"@id\":\"https:\/\/odysseus-contests.eu\/2016\/de\/#website\"},\"datePublished\":\"2015-07-25T20:01:25+00:00\",\"dateModified\":\"2015-07-30T06:25:06+00:00\",\"breadcrumb\":{\"@id\":\"https:\/\/odysseus-contests.eu\/2016\/cs\/skywalkers-6\/rules\/#breadcrumb\"},\"inLanguage\":\"cs\",\"potentialAction\":[{\"@type\":\"ReadAction\",\"target\":[\"https:\/\/odysseus-contests.eu\/2016\/cs\/skywalkers-6\/rules\/\"]}]},{\"@type\":\"BreadcrumbList\",\"@id\":\"https:\/\/odysseus-contests.eu\/2016\/cs\/skywalkers-6\/rules\/#breadcrumb\",\"itemListElement\":[{\"@type\":\"ListItem\",\"position\":1,\"name\":\"Home\",\"item\":\"https:\/\/odysseus-contests.eu\/2016\/cs\/\"},{\"@type\":\"ListItem\",\"position\":2,\"name\":\"Skywalkers\",\"item\":\"https:\/\/odysseus-contests.eu\/2016\/cs\/skywalkers-6\/\"},{\"@type\":\"ListItem\",\"position\":3,\"name\":\"Pravidla\"}]},{\"@type\":\"WebSite\",\"@id\":\"https:\/\/odysseus-contests.eu\/2016\/de\/#website\",\"url\":\"https:\/\/odysseus-contests.eu\/2016\/de\/\",\"name\":\"ODYSSEUS II\",\"description\":\"European Youth Space Contest\",\"potentialAction\":[{\"@type\":\"SearchAction\",\"target\":{\"@type\":\"EntryPoint\",\"urlTemplate\":\"https:\/\/odysseus-contests.eu\/2016\/de\/?s={search_term_string}\"},\"query-input\":\"required name=search_term_string\"}],\"inLanguage\":\"cs\"}]}<\/script>\n<!-- \/ Yoast SEO plugin. -->","yoast_head_json":{"title":"Pravidla - ODYSSEUS II","robots":{"index":"index","follow":"follow","max-snippet":"max-snippet:-1","max-image-preview":"max-image-preview:large","max-video-preview":"max-video-preview:-1"},"canonical":"https:\/\/odysseus-contests.eu\/2016\/cs\/skywalkers-6\/rules\/","og_locale":"cs_CZ","og_type":"article","og_title":"Pravidla - ODYSSEUS II","og_description":"Sout\u011b\u017e je otev\u0159ena \u017e\u00e1k\u016fm ve v\u011bku od sedmi (7) do t\u0159in\u00e1cti (13) let, tzn. \u017e\u00e1k\u016fm narozen\u00fdm mezi 1.dubnem 2002 a 31.b\u0159eznem 2009 (v\u010detn\u011b). Sout\u011b\u017e\u00edc\u00ed v kategorii Skywalkers odevzd\u00e1vaj\u00ed obr\u00e1zky, kter\u00e9 vytvo\u0159ili sami. Term\u00ednem \u201eobr\u00e1zek\u201c se rozum\u00ed obraz vytvo\u0159en\u00fd jakoukoliv technikou bu\u010f ru\u010dn\u011b (kresba, malba, kol\u00e1\u017e, atd.), nebo elektronicky (fotografie, kresby vytvo\u0159en\u00e9 prost\u0159ednictv\u00edm po\u010d\u00edta\u010dov\u00e9ho programu, atd.). [&hellip;]","og_url":"https:\/\/odysseus-contests.eu\/2016\/cs\/skywalkers-6\/rules\/","og_site_name":"ODYSSEUS II","article_modified_time":"2015-07-30T06:25:06+00:00","twitter_card":"summary_large_image","twitter_misc":{"Odhadovan\u00e1 doba \u010dten\u00ed":"3 minuty"},"schema":{"@context":"https:\/\/schema.org","@graph":[{"@type":"WebPage","@id":"https:\/\/odysseus-contests.eu\/2016\/cs\/skywalkers-6\/rules\/","url":"https:\/\/odysseus-contests.eu\/2016\/cs\/skywalkers-6\/rules\/","name":"Pravidla - ODYSSEUS II","isPartOf":{"@id":"https:\/\/odysseus-contests.eu\/2016\/de\/#website"},"datePublished":"2015-07-25T20:01:25+00:00","dateModified":"2015-07-30T06:25:06+00:00","breadcrumb":{"@id":"https:\/\/odysseus-contests.eu\/2016\/cs\/skywalkers-6\/rules\/#breadcrumb"},"inLanguage":"cs","potentialAction":[{"@type":"ReadAction","target":["https:\/\/odysseus-contests.eu\/2016\/cs\/skywalkers-6\/rules\/"]}]},{"@type":"BreadcrumbList","@id":"https:\/\/odysseus-contests.eu\/2016\/cs\/skywalkers-6\/rules\/#breadcrumb","itemListElement":[{"@type":"ListItem","position":1,"name":"Home","item":"https:\/\/odysseus-contests.eu\/2016\/cs\/"},{"@type":"ListItem","position":2,"name":"Skywalkers","item":"https:\/\/odysseus-contests.eu\/2016\/cs\/skywalkers-6\/"},{"@type":"ListItem","position":3,"name":"Pravidla"}]},{"@type":"WebSite","@id":"https:\/\/odysseus-contests.eu\/2016\/de\/#website","url":"https:\/\/odysseus-contests.eu\/2016\/de\/","name":"ODYSSEUS II","description":"European Youth Space Contest","potentialAction":[{"@type":"SearchAction","target":{"@type":"EntryPoint","urlTemplate":"https:\/\/odysseus-contests.eu\/2016\/de\/?s={search_term_string}"},"query-input":"required name=search_term_string"}],"inLanguage":"cs"}]}},"_links":{"self":[{"href":"https:\/\/odysseus-contests.eu\/2016\/cs\/wp-json\/wp\/v2\/pages\/3272"}],"collection":[{"href":"https:\/\/odysseus-contests.eu\/2016\/cs\/wp-json\/wp\/v2\/pages"}],"about":[{"href":"https:\/\/odysseus-contests.eu\/2016\/cs\/wp-json\/wp\/v2\/types\/page"}],"author":[{"embeddable":true,"href":"https:\/\/odysseus-contests.eu\/2016\/cs\/wp-json\/wp\/v2\/users\/2"}],"replies":[{"embeddable":true,"href":"https:\/\/odysseus-contests.eu\/2016\/cs\/wp-json\/wp\/v2\/comments?post=3272"}],"version-history":[{"count":0,"href":"https:\/\/odysseus-contests.eu\/2016\/cs\/wp-json\/wp\/v2\/pages\/3272\/revisions"}],"up":[{"embeddable":true,"href":"https:\/\/odysseus-contests.eu\/2016\/cs\/wp-json\/wp\/v2\/pages\/3268"}],"wp:attachment":[{"href":"https:\/\/odysseus-contests.eu\/2016\/cs\/wp-json\/wp\/v2\/media?parent=3272"}],"curies":[{"name":"wp","href":"https:\/\/api.w.org\/{rel}","templated":true}]}}