{"id":3262,"date":"2015-07-25T22:58:37","date_gmt":"2015-07-25T19:58:37","guid":{"rendered":"http:\/\/odysseus-contests.eu\/2016\/?page_id=3262"},"modified":"2015-07-25T22:58:37","modified_gmt":"2015-07-25T19:58:37","slug":"vedouci-a-mentori","status":"publish","type":"page","link":"https:\/\/odysseus-contests.eu\/2016\/cs\/pravidla\/vedouci-a-mentori\/","title":{"rendered":"Vedouc\u00ed a mento\u0159i"},"content":{"rendered":"<ul>\n<li>P\u0159edpokl\u00e1d\u00e1 se, \u017ee vedouc\u00ed t\u00fdm\u016f a sout\u011b\u017e\u00edc\u00ed studenti jsou sezn\u00e1meni s pravidly sout\u011b\u017ee, v\u010detn\u011b pozn\u00e1mek napsan\u00fdch mal\u00fdm p\u00edsmem.<\/li>\n<li>Ka\u017ed\u00fd \u201cPioneer\u201d t\u00fdm mus\u00ed m\u00edt vedouc\u00edho a ka\u017ed\u00fd Skywalker sout\u011b\u017e\u00edc\u00ed by m\u011bl m\u00edt u\u010ditele, \u010dlena rodiny nebo mlad\u00e9ho l\u00eddra, kter\u00fd jim bude pom\u00e1hat.<\/li>\n<li>Mento\u0159i zaji\u0161\u0165uj\u00ed pouze technickou a v\u011bdeckou pomoc sout\u011b\u017e\u00edc\u00edm, nebo t\u00fdm\u016fm v kategorii \u201cPioneer\u201d a \u201cExplorer\u201d, a po\u010det prac\u00ed, kolika m\u016f\u017ee jeden mentor radit, nen\u00ed omezen.<\/li>\n<li>Pro v\u00edce informac\u00ed se pros\u00edm pod\u00edvejte na str\u00e1nku Pioneers (pro vedouc\u00ed) a na sekci <em><a href=\"http:\/\/odysseus-contests.eu\/2016\/cs\/zdroje\/sit-mentoru\/\" target=\"_blank\">Mento\u0159i<\/a> a hodnotitel\u00e9<\/em>.<\/li>\n<\/ul>\n","protected":false},"excerpt":{"rendered":"<p>P\u0159edpokl\u00e1d\u00e1 se, \u017ee vedouc\u00ed t\u00fdm\u016f a sout\u011b\u017e\u00edc\u00ed studenti jsou sezn\u00e1meni s pravidly sout\u011b\u017ee, v\u010detn\u011b pozn\u00e1mek napsan\u00fdch mal\u00fdm p\u00edsmem. Ka\u017ed\u00fd \u201cPioneer\u201d t\u00fdm mus\u00ed m\u00edt vedouc\u00edho a ka\u017ed\u00fd Skywalker sout\u011b\u017e\u00edc\u00ed by m\u011bl m\u00edt u\u010ditele, \u010dlena rodiny nebo mlad\u00e9ho l\u00eddra, kter\u00fd jim bude pom\u00e1hat. Mento\u0159i zaji\u0161\u0165uj\u00ed pouze technickou a v\u011bdeckou pomoc sout\u011b\u017e\u00edc\u00edm, nebo t\u00fdm\u016fm v kategorii \u201cPioneer\u201d a [&hellip;]<\/p>\n","protected":false},"author":2,"featured_media":0,"parent":3240,"menu_order":130,"comment_status":"closed","ping_status":"closed","template":"","meta":[],"acf":[],"yoast_head":"<!-- This site is optimized with the Yoast SEO plugin v19.14 - https:\/\/yoast.com\/wordpress\/plugins\/seo\/ -->\n<title>Vedouc\u00ed a mento\u0159i - ODYSSEUS II<\/title>\n<meta name=\"robots\" content=\"index, follow, max-snippet:-1, max-image-preview:large, max-video-preview:-1\" \/>\n<link rel=\"canonical\" href=\"https:\/\/odysseus-contests.eu\/2016\/cs\/pravidla\/vedouci-a-mentori\/\" \/>\n<meta property=\"og:locale\" content=\"cs_CZ\" \/>\n<meta property=\"og:type\" content=\"article\" \/>\n<meta property=\"og:title\" content=\"Vedouc\u00ed a mento\u0159i - ODYSSEUS II\" \/>\n<meta property=\"og:description\" content=\"P\u0159edpokl\u00e1d\u00e1 se, \u017ee vedouc\u00ed t\u00fdm\u016f a sout\u011b\u017e\u00edc\u00ed studenti jsou sezn\u00e1meni s pravidly sout\u011b\u017ee, v\u010detn\u011b pozn\u00e1mek napsan\u00fdch mal\u00fdm p\u00edsmem. Ka\u017ed\u00fd \u201cPioneer\u201d t\u00fdm mus\u00ed m\u00edt vedouc\u00edho a ka\u017ed\u00fd Skywalker sout\u011b\u017e\u00edc\u00ed by m\u011bl m\u00edt u\u010ditele, \u010dlena rodiny nebo mlad\u00e9ho l\u00eddra, kter\u00fd jim bude pom\u00e1hat. Mento\u0159i zaji\u0161\u0165uj\u00ed pouze technickou a v\u011bdeckou pomoc sout\u011b\u017e\u00edc\u00edm, nebo t\u00fdm\u016fm v kategorii \u201cPioneer\u201d a [&hellip;]\" \/>\n<meta property=\"og:url\" content=\"https:\/\/odysseus-contests.eu\/2016\/cs\/pravidla\/vedouci-a-mentori\/\" \/>\n<meta property=\"og:site_name\" content=\"ODYSSEUS II\" \/>\n<meta name=\"twitter:card\" content=\"summary_large_image\" \/>\n<meta name=\"twitter:label1\" content=\"Odhadovan\u00e1 doba \u010dten\u00ed\" \/>\n\t<meta name=\"twitter:data1\" content=\"1 minuta\" \/>\n<script type=\"application\/ld+json\" class=\"yoast-schema-graph\">{\"@context\":\"https:\/\/schema.org\",\"@graph\":[{\"@type\":\"WebPage\",\"@id\":\"https:\/\/odysseus-contests.eu\/2016\/cs\/pravidla\/vedouci-a-mentori\/\",\"url\":\"https:\/\/odysseus-contests.eu\/2016\/cs\/pravidla\/vedouci-a-mentori\/\",\"name\":\"Vedouc\u00ed a mento\u0159i - ODYSSEUS II\",\"isPartOf\":{\"@id\":\"https:\/\/odysseus-contests.eu\/2016\/de\/#website\"},\"datePublished\":\"2015-07-25T19:58:37+00:00\",\"dateModified\":\"2015-07-25T19:58:37+00:00\",\"breadcrumb\":{\"@id\":\"https:\/\/odysseus-contests.eu\/2016\/cs\/pravidla\/vedouci-a-mentori\/#breadcrumb\"},\"inLanguage\":\"cs\",\"potentialAction\":[{\"@type\":\"ReadAction\",\"target\":[\"https:\/\/odysseus-contests.eu\/2016\/cs\/pravidla\/vedouci-a-mentori\/\"]}]},{\"@type\":\"BreadcrumbList\",\"@id\":\"https:\/\/odysseus-contests.eu\/2016\/cs\/pravidla\/vedouci-a-mentori\/#breadcrumb\",\"itemListElement\":[{\"@type\":\"ListItem\",\"position\":1,\"name\":\"Home\",\"item\":\"https:\/\/odysseus-contests.eu\/2016\/cs\/\"},{\"@type\":\"ListItem\",\"position\":2,\"name\":\"Pravidla\",\"item\":\"https:\/\/odysseus-contests.eu\/2016\/cs\/pravidla\/\"},{\"@type\":\"ListItem\",\"position\":3,\"name\":\"Vedouc\u00ed a mento\u0159i\"}]},{\"@type\":\"WebSite\",\"@id\":\"https:\/\/odysseus-contests.eu\/2016\/de\/#website\",\"url\":\"https:\/\/odysseus-contests.eu\/2016\/de\/\",\"name\":\"ODYSSEUS II\",\"description\":\"European Youth Space Contest\",\"potentialAction\":[{\"@type\":\"SearchAction\",\"target\":{\"@type\":\"EntryPoint\",\"urlTemplate\":\"https:\/\/odysseus-contests.eu\/2016\/de\/?s={search_term_string}\"},\"query-input\":\"required name=search_term_string\"}],\"inLanguage\":\"cs\"}]}<\/script>\n<!-- \/ Yoast SEO plugin. -->","yoast_head_json":{"title":"Vedouc\u00ed a mento\u0159i - ODYSSEUS II","robots":{"index":"index","follow":"follow","max-snippet":"max-snippet:-1","max-image-preview":"max-image-preview:large","max-video-preview":"max-video-preview:-1"},"canonical":"https:\/\/odysseus-contests.eu\/2016\/cs\/pravidla\/vedouci-a-mentori\/","og_locale":"cs_CZ","og_type":"article","og_title":"Vedouc\u00ed a mento\u0159i - ODYSSEUS II","og_description":"P\u0159edpokl\u00e1d\u00e1 se, \u017ee vedouc\u00ed t\u00fdm\u016f a sout\u011b\u017e\u00edc\u00ed studenti jsou sezn\u00e1meni s pravidly sout\u011b\u017ee, v\u010detn\u011b pozn\u00e1mek napsan\u00fdch mal\u00fdm p\u00edsmem. Ka\u017ed\u00fd \u201cPioneer\u201d t\u00fdm mus\u00ed m\u00edt vedouc\u00edho a ka\u017ed\u00fd Skywalker sout\u011b\u017e\u00edc\u00ed by m\u011bl m\u00edt u\u010ditele, \u010dlena rodiny nebo mlad\u00e9ho l\u00eddra, kter\u00fd jim bude pom\u00e1hat. Mento\u0159i zaji\u0161\u0165uj\u00ed pouze technickou a v\u011bdeckou pomoc sout\u011b\u017e\u00edc\u00edm, nebo t\u00fdm\u016fm v kategorii \u201cPioneer\u201d a [&hellip;]","og_url":"https:\/\/odysseus-contests.eu\/2016\/cs\/pravidla\/vedouci-a-mentori\/","og_site_name":"ODYSSEUS II","twitter_card":"summary_large_image","twitter_misc":{"Odhadovan\u00e1 doba \u010dten\u00ed":"1 minuta"},"schema":{"@context":"https:\/\/schema.org","@graph":[{"@type":"WebPage","@id":"https:\/\/odysseus-contests.eu\/2016\/cs\/pravidla\/vedouci-a-mentori\/","url":"https:\/\/odysseus-contests.eu\/2016\/cs\/pravidla\/vedouci-a-mentori\/","name":"Vedouc\u00ed a mento\u0159i - ODYSSEUS II","isPartOf":{"@id":"https:\/\/odysseus-contests.eu\/2016\/de\/#website"},"datePublished":"2015-07-25T19:58:37+00:00","dateModified":"2015-07-25T19:58:37+00:00","breadcrumb":{"@id":"https:\/\/odysseus-contests.eu\/2016\/cs\/pravidla\/vedouci-a-mentori\/#breadcrumb"},"inLanguage":"cs","potentialAction":[{"@type":"ReadAction","target":["https:\/\/odysseus-contests.eu\/2016\/cs\/pravidla\/vedouci-a-mentori\/"]}]},{"@type":"BreadcrumbList","@id":"https:\/\/odysseus-contests.eu\/2016\/cs\/pravidla\/vedouci-a-mentori\/#breadcrumb","itemListElement":[{"@type":"ListItem","position":1,"name":"Home","item":"https:\/\/odysseus-contests.eu\/2016\/cs\/"},{"@type":"ListItem","position":2,"name":"Pravidla","item":"https:\/\/odysseus-contests.eu\/2016\/cs\/pravidla\/"},{"@type":"ListItem","position":3,"name":"Vedouc\u00ed a mento\u0159i"}]},{"@type":"WebSite","@id":"https:\/\/odysseus-contests.eu\/2016\/de\/#website","url":"https:\/\/odysseus-contests.eu\/2016\/de\/","name":"ODYSSEUS II","description":"European Youth Space Contest","potentialAction":[{"@type":"SearchAction","target":{"@type":"EntryPoint","urlTemplate":"https:\/\/odysseus-contests.eu\/2016\/de\/?s={search_term_string}"},"query-input":"required name=search_term_string"}],"inLanguage":"cs"}]}},"_links":{"self":[{"href":"https:\/\/odysseus-contests.eu\/2016\/cs\/wp-json\/wp\/v2\/pages\/3262"}],"collection":[{"href":"https:\/\/odysseus-contests.eu\/2016\/cs\/wp-json\/wp\/v2\/pages"}],"about":[{"href":"https:\/\/odysseus-contests.eu\/2016\/cs\/wp-json\/wp\/v2\/types\/page"}],"author":[{"embeddable":true,"href":"https:\/\/odysseus-contests.eu\/2016\/cs\/wp-json\/wp\/v2\/users\/2"}],"replies":[{"embeddable":true,"href":"https:\/\/odysseus-contests.eu\/2016\/cs\/wp-json\/wp\/v2\/comments?post=3262"}],"version-history":[{"count":0,"href":"https:\/\/odysseus-contests.eu\/2016\/cs\/wp-json\/wp\/v2\/pages\/3262\/revisions"}],"up":[{"embeddable":true,"href":"https:\/\/odysseus-contests.eu\/2016\/cs\/wp-json\/wp\/v2\/pages\/3240"}],"wp:attachment":[{"href":"https:\/\/odysseus-contests.eu\/2016\/cs\/wp-json\/wp\/v2\/media?parent=3262"}],"curies":[{"name":"wp","href":"https:\/\/api.w.org\/{rel}","templated":true}]}}