{"id":3261,"date":"2015-07-25T22:57:49","date_gmt":"2015-07-25T19:57:49","guid":{"rendered":"http:\/\/odysseus-contests.eu\/2016\/?page_id=3261"},"modified":"2015-08-10T13:36:18","modified_gmt":"2015-08-10T10:36:18","slug":"prava-a-ochrana-nezletilych","status":"publish","type":"page","link":"https:\/\/odysseus-contests.eu\/2016\/cs\/pravidla\/prava-a-ochrana-nezletilych\/","title":{"rendered":"Pr\u00e1va a ochrana nezletil\u00fdch"},"content":{"rendered":"<ul>\n<li>Zodpov\u011bdnost\u00ed vedouc\u00edho t\u00fdmu je zajistit plnou a spr\u00e1vnou informovanost o ka\u017ed\u00e9m \u00fa\u010dastn\u00edkovi v t\u00fdmu skrze registra\u010dn\u00ed formul\u00e1\u0159 na str\u00e1nk\u00e1ch sout\u011b\u017ee Odysseus.<\/li>\n<li>Ka\u017ed\u00fd \u00fa\u010dastn\u00edk mlad\u0161\u00ed 18 let mus\u00ed dolo\u017eit podepsan\u00fd souhlas, \u017ee se m\u016f\u017ee z\u00fa\u010dastnit sout\u011b\u017ee. Formul\u00e1\u0159 se souhlasem rodi\u010d\u016f pro cestu a \u00fa\u010dast na region\u00e1ln\u00edm semifin\u00e1le a celoevropsk\u00e9m fin\u00e1le si mus\u00ed opat\u0159it ka\u017ed\u00fd sout\u011b\u017e\u00edc\u00ed, kter\u00e9mu je m\u00e9n\u011b ne\u017e 18 let a \u00fa\u010dastn\u00ed se p\u0159\u00edslu\u0161n\u00e9 akce.<\/li>\n<li>Zodpov\u011bdnost\u00ed vedouc\u00edho t\u00fdmu je dodat organiz\u00e1tor\u016fm podepsan\u00e9 souhlasy rodi\u010d\u016f za v\u0161echny sout\u011b\u017e\u00edc\u00ed.<\/li>\n<li>V\u0161ichni v\u00fdherci sout\u011b\u017ee v ka\u017ed\u00e9m kole sout\u011b\u017ee se budou fotit jako skupina a mus\u00ed souhlasit s publikov\u00e1n\u00edm sv\u00fdch tv\u00e1\u0159\u00ed na str\u00e1nk\u00e1ch sout\u011b\u017ee Odysseus a dal\u0161\u00edch vzd\u011bl\u00e1vac\u00edch str\u00e1nk\u00e1ch a v ti\u0161t\u011bn\u00fdch sout\u011b\u017en\u00edch materi\u00e1lech.<\/li>\n<\/ul>\n","protected":false},"excerpt":{"rendered":"<p>Zodpov\u011bdnost\u00ed vedouc\u00edho t\u00fdmu je zajistit plnou a spr\u00e1vnou informovanost o ka\u017ed\u00e9m \u00fa\u010dastn\u00edkovi v t\u00fdmu skrze registra\u010dn\u00ed formul\u00e1\u0159 na str\u00e1nk\u00e1ch sout\u011b\u017ee Odysseus. Ka\u017ed\u00fd \u00fa\u010dastn\u00edk mlad\u0161\u00ed 18 let mus\u00ed dolo\u017eit podepsan\u00fd souhlas, \u017ee se m\u016f\u017ee z\u00fa\u010dastnit sout\u011b\u017ee. Formul\u00e1\u0159 se souhlasem rodi\u010d\u016f pro cestu a \u00fa\u010dast na region\u00e1ln\u00edm semifin\u00e1le a celoevropsk\u00e9m fin\u00e1le si mus\u00ed opat\u0159it ka\u017ed\u00fd sout\u011b\u017e\u00edc\u00ed, kter\u00e9mu [&hellip;]<\/p>\n","protected":false},"author":2,"featured_media":0,"parent":3240,"menu_order":0,"comment_status":"closed","ping_status":"closed","template":"","meta":[],"acf":[],"yoast_head":"<!-- This site is optimized with the Yoast SEO plugin v19.14 - https:\/\/yoast.com\/wordpress\/plugins\/seo\/ -->\n<title>Pr\u00e1va a ochrana nezletil\u00fdch - ODYSSEUS II<\/title>\n<meta name=\"robots\" content=\"index, follow, max-snippet:-1, max-image-preview:large, max-video-preview:-1\" \/>\n<link rel=\"canonical\" href=\"https:\/\/odysseus-contests.eu\/2016\/cs\/pravidla\/prava-a-ochrana-nezletilych\/\" \/>\n<meta property=\"og:locale\" content=\"cs_CZ\" \/>\n<meta property=\"og:type\" content=\"article\" \/>\n<meta property=\"og:title\" content=\"Pr\u00e1va a ochrana nezletil\u00fdch - ODYSSEUS II\" \/>\n<meta property=\"og:description\" content=\"Zodpov\u011bdnost\u00ed vedouc\u00edho t\u00fdmu je zajistit plnou a spr\u00e1vnou informovanost o ka\u017ed\u00e9m \u00fa\u010dastn\u00edkovi v t\u00fdmu skrze registra\u010dn\u00ed formul\u00e1\u0159 na str\u00e1nk\u00e1ch sout\u011b\u017ee Odysseus. Ka\u017ed\u00fd \u00fa\u010dastn\u00edk mlad\u0161\u00ed 18 let mus\u00ed dolo\u017eit podepsan\u00fd souhlas, \u017ee se m\u016f\u017ee z\u00fa\u010dastnit sout\u011b\u017ee. Formul\u00e1\u0159 se souhlasem rodi\u010d\u016f pro cestu a \u00fa\u010dast na region\u00e1ln\u00edm semifin\u00e1le a celoevropsk\u00e9m fin\u00e1le si mus\u00ed opat\u0159it ka\u017ed\u00fd sout\u011b\u017e\u00edc\u00ed, kter\u00e9mu [&hellip;]\" \/>\n<meta property=\"og:url\" content=\"https:\/\/odysseus-contests.eu\/2016\/cs\/pravidla\/prava-a-ochrana-nezletilych\/\" \/>\n<meta property=\"og:site_name\" content=\"ODYSSEUS II\" \/>\n<meta property=\"article:modified_time\" content=\"2015-08-10T10:36:18+00:00\" \/>\n<meta name=\"twitter:card\" content=\"summary_large_image\" \/>\n<meta name=\"twitter:label1\" content=\"Odhadovan\u00e1 doba \u010dten\u00ed\" \/>\n\t<meta name=\"twitter:data1\" content=\"1 minuta\" \/>\n<script type=\"application\/ld+json\" class=\"yoast-schema-graph\">{\"@context\":\"https:\/\/schema.org\",\"@graph\":[{\"@type\":\"WebPage\",\"@id\":\"https:\/\/odysseus-contests.eu\/2016\/cs\/pravidla\/prava-a-ochrana-nezletilych\/\",\"url\":\"https:\/\/odysseus-contests.eu\/2016\/cs\/pravidla\/prava-a-ochrana-nezletilych\/\",\"name\":\"Pr\u00e1va a ochrana nezletil\u00fdch - ODYSSEUS II\",\"isPartOf\":{\"@id\":\"https:\/\/odysseus-contests.eu\/2016\/de\/#website\"},\"datePublished\":\"2015-07-25T19:57:49+00:00\",\"dateModified\":\"2015-08-10T10:36:18+00:00\",\"breadcrumb\":{\"@id\":\"https:\/\/odysseus-contests.eu\/2016\/cs\/pravidla\/prava-a-ochrana-nezletilych\/#breadcrumb\"},\"inLanguage\":\"cs\",\"potentialAction\":[{\"@type\":\"ReadAction\",\"target\":[\"https:\/\/odysseus-contests.eu\/2016\/cs\/pravidla\/prava-a-ochrana-nezletilych\/\"]}]},{\"@type\":\"BreadcrumbList\",\"@id\":\"https:\/\/odysseus-contests.eu\/2016\/cs\/pravidla\/prava-a-ochrana-nezletilych\/#breadcrumb\",\"itemListElement\":[{\"@type\":\"ListItem\",\"position\":1,\"name\":\"Home\",\"item\":\"https:\/\/odysseus-contests.eu\/2016\/cs\/\"},{\"@type\":\"ListItem\",\"position\":2,\"name\":\"Pravidla\",\"item\":\"https:\/\/odysseus-contests.eu\/2016\/cs\/pravidla\/\"},{\"@type\":\"ListItem\",\"position\":3,\"name\":\"Pr\u00e1va a ochrana nezletil\u00fdch\"}]},{\"@type\":\"WebSite\",\"@id\":\"https:\/\/odysseus-contests.eu\/2016\/de\/#website\",\"url\":\"https:\/\/odysseus-contests.eu\/2016\/de\/\",\"name\":\"ODYSSEUS II\",\"description\":\"European Youth Space Contest\",\"potentialAction\":[{\"@type\":\"SearchAction\",\"target\":{\"@type\":\"EntryPoint\",\"urlTemplate\":\"https:\/\/odysseus-contests.eu\/2016\/de\/?s={search_term_string}\"},\"query-input\":\"required name=search_term_string\"}],\"inLanguage\":\"cs\"}]}<\/script>\n<!-- \/ Yoast SEO plugin. -->","yoast_head_json":{"title":"Pr\u00e1va a ochrana nezletil\u00fdch - ODYSSEUS II","robots":{"index":"index","follow":"follow","max-snippet":"max-snippet:-1","max-image-preview":"max-image-preview:large","max-video-preview":"max-video-preview:-1"},"canonical":"https:\/\/odysseus-contests.eu\/2016\/cs\/pravidla\/prava-a-ochrana-nezletilych\/","og_locale":"cs_CZ","og_type":"article","og_title":"Pr\u00e1va a ochrana nezletil\u00fdch - ODYSSEUS II","og_description":"Zodpov\u011bdnost\u00ed vedouc\u00edho t\u00fdmu je zajistit plnou a spr\u00e1vnou informovanost o ka\u017ed\u00e9m \u00fa\u010dastn\u00edkovi v t\u00fdmu skrze registra\u010dn\u00ed formul\u00e1\u0159 na str\u00e1nk\u00e1ch sout\u011b\u017ee Odysseus. Ka\u017ed\u00fd \u00fa\u010dastn\u00edk mlad\u0161\u00ed 18 let mus\u00ed dolo\u017eit podepsan\u00fd souhlas, \u017ee se m\u016f\u017ee z\u00fa\u010dastnit sout\u011b\u017ee. Formul\u00e1\u0159 se souhlasem rodi\u010d\u016f pro cestu a \u00fa\u010dast na region\u00e1ln\u00edm semifin\u00e1le a celoevropsk\u00e9m fin\u00e1le si mus\u00ed opat\u0159it ka\u017ed\u00fd sout\u011b\u017e\u00edc\u00ed, kter\u00e9mu [&hellip;]","og_url":"https:\/\/odysseus-contests.eu\/2016\/cs\/pravidla\/prava-a-ochrana-nezletilych\/","og_site_name":"ODYSSEUS II","article_modified_time":"2015-08-10T10:36:18+00:00","twitter_card":"summary_large_image","twitter_misc":{"Odhadovan\u00e1 doba \u010dten\u00ed":"1 minuta"},"schema":{"@context":"https:\/\/schema.org","@graph":[{"@type":"WebPage","@id":"https:\/\/odysseus-contests.eu\/2016\/cs\/pravidla\/prava-a-ochrana-nezletilych\/","url":"https:\/\/odysseus-contests.eu\/2016\/cs\/pravidla\/prava-a-ochrana-nezletilych\/","name":"Pr\u00e1va a ochrana nezletil\u00fdch - ODYSSEUS II","isPartOf":{"@id":"https:\/\/odysseus-contests.eu\/2016\/de\/#website"},"datePublished":"2015-07-25T19:57:49+00:00","dateModified":"2015-08-10T10:36:18+00:00","breadcrumb":{"@id":"https:\/\/odysseus-contests.eu\/2016\/cs\/pravidla\/prava-a-ochrana-nezletilych\/#breadcrumb"},"inLanguage":"cs","potentialAction":[{"@type":"ReadAction","target":["https:\/\/odysseus-contests.eu\/2016\/cs\/pravidla\/prava-a-ochrana-nezletilych\/"]}]},{"@type":"BreadcrumbList","@id":"https:\/\/odysseus-contests.eu\/2016\/cs\/pravidla\/prava-a-ochrana-nezletilych\/#breadcrumb","itemListElement":[{"@type":"ListItem","position":1,"name":"Home","item":"https:\/\/odysseus-contests.eu\/2016\/cs\/"},{"@type":"ListItem","position":2,"name":"Pravidla","item":"https:\/\/odysseus-contests.eu\/2016\/cs\/pravidla\/"},{"@type":"ListItem","position":3,"name":"Pr\u00e1va a ochrana nezletil\u00fdch"}]},{"@type":"WebSite","@id":"https:\/\/odysseus-contests.eu\/2016\/de\/#website","url":"https:\/\/odysseus-contests.eu\/2016\/de\/","name":"ODYSSEUS II","description":"European Youth Space Contest","potentialAction":[{"@type":"SearchAction","target":{"@type":"EntryPoint","urlTemplate":"https:\/\/odysseus-contests.eu\/2016\/de\/?s={search_term_string}"},"query-input":"required name=search_term_string"}],"inLanguage":"cs"}]}},"_links":{"self":[{"href":"https:\/\/odysseus-contests.eu\/2016\/cs\/wp-json\/wp\/v2\/pages\/3261"}],"collection":[{"href":"https:\/\/odysseus-contests.eu\/2016\/cs\/wp-json\/wp\/v2\/pages"}],"about":[{"href":"https:\/\/odysseus-contests.eu\/2016\/cs\/wp-json\/wp\/v2\/types\/page"}],"author":[{"embeddable":true,"href":"https:\/\/odysseus-contests.eu\/2016\/cs\/wp-json\/wp\/v2\/users\/2"}],"replies":[{"embeddable":true,"href":"https:\/\/odysseus-contests.eu\/2016\/cs\/wp-json\/wp\/v2\/comments?post=3261"}],"version-history":[{"count":0,"href":"https:\/\/odysseus-contests.eu\/2016\/cs\/wp-json\/wp\/v2\/pages\/3261\/revisions"}],"up":[{"embeddable":true,"href":"https:\/\/odysseus-contests.eu\/2016\/cs\/wp-json\/wp\/v2\/pages\/3240"}],"wp:attachment":[{"href":"https:\/\/odysseus-contests.eu\/2016\/cs\/wp-json\/wp\/v2\/media?parent=3261"}],"curies":[{"name":"wp","href":"https:\/\/api.w.org\/{rel}","templated":true}]}}