{"id":3260,"date":"2015-07-25T22:57:34","date_gmt":"2015-07-25T19:57:34","guid":{"rendered":"http:\/\/odysseus-contests.eu\/2016\/?page_id=3260"},"modified":"2015-07-25T22:57:34","modified_gmt":"2015-07-25T19:57:34","slug":"diskvalifikace-a-pochybnosti","status":"publish","type":"page","link":"https:\/\/odysseus-contests.eu\/2016\/cs\/pravidla\/diskvalifikace-a-pochybnosti\/","title":{"rendered":"Diskvalifikace a pochybnosti"},"content":{"rendered":"<ul>\n<li>Pozdn\u00ed nahr\u00e1n\u00ed p\u0159\u00edsp\u011bvku po p\u016flnoci (CET) specifick\u00e9ho data pro odevzd\u00e1n\u00ed pr\u00e1ce pro sout\u011b\u017e Odysseus a p\u0159\u00edsp\u011bvek nevyhovuj\u00edc\u00ed pravidl\u016fm sout\u011b\u017ee, pr\u00e1vn\u00edm podm\u00ednk\u00e1m a poskytnut\u00fdm pokyn\u016fm na str\u00e1nk\u00e1ch sout\u011b\u017ee, bude diskvalifikov\u00e1n podle uv\u00e1\u017een\u00ed po\u0159adatel\u016f sout\u011b\u017ee.<\/li>\n<li>Rozhodnut\u00ed hodnot\u00edc\u00edch panel\u016f a porotc\u016f je kone\u010dn\u00e9 a s \u00fa\u010dastn\u00edc\u00edmi se t\u00fdmy, jejich vedouc\u00edmi nebo mentory se nebude vyjedn\u00e1vat ani se nebudou \u0159e\u0161it odvol\u00e1n\u00ed.<\/li>\n<li>T\u00fdmy, u kter\u00fdch bude objeveno poru\u0161en\u00ed pravidel, kter\u00e1 jsou stanovena v tomto dokumentu, budou diskvalifikov\u00e1ny ze sout\u011b\u017ee Odysseus.<\/li>\n<li>Nevhodn\u00e9 chov\u00e1n\u00ed na akc\u00edch na region\u00e1ln\u00edm semifin\u00e1le nebo celoevropsk\u00e9ho fin\u00e1le m\u016f\u017ee v\u00e9st k diskvalifikaci a p\u0159ed\u010dasn\u00e9mu posl\u00e1n\u00ed \u00fa\u010dastn\u00edka dom\u016f, podle uv\u00e1\u017een\u00ed organiz\u00e1tor\u016f.<\/li>\n<\/ul>\n","protected":false},"excerpt":{"rendered":"<p>Pozdn\u00ed nahr\u00e1n\u00ed p\u0159\u00edsp\u011bvku po p\u016flnoci (CET) specifick\u00e9ho data pro odevzd\u00e1n\u00ed pr\u00e1ce pro sout\u011b\u017e Odysseus a p\u0159\u00edsp\u011bvek nevyhovuj\u00edc\u00ed pravidl\u016fm sout\u011b\u017ee, pr\u00e1vn\u00edm podm\u00ednk\u00e1m a poskytnut\u00fdm pokyn\u016fm na str\u00e1nk\u00e1ch sout\u011b\u017ee, bude diskvalifikov\u00e1n podle uv\u00e1\u017een\u00ed po\u0159adatel\u016f sout\u011b\u017ee. Rozhodnut\u00ed hodnot\u00edc\u00edch panel\u016f a porotc\u016f je kone\u010dn\u00e9 a s \u00fa\u010dastn\u00edc\u00edmi se t\u00fdmy, jejich vedouc\u00edmi nebo mentory se nebude vyjedn\u00e1vat ani se nebudou [&hellip;]<\/p>\n","protected":false},"author":2,"featured_media":0,"parent":3240,"menu_order":100,"comment_status":"closed","ping_status":"closed","template":"","meta":[],"acf":[],"yoast_head":"<!-- This site is optimized with the Yoast SEO plugin v19.14 - https:\/\/yoast.com\/wordpress\/plugins\/seo\/ -->\n<title>Diskvalifikace a pochybnosti - ODYSSEUS II<\/title>\n<meta name=\"robots\" content=\"index, follow, max-snippet:-1, max-image-preview:large, max-video-preview:-1\" \/>\n<link rel=\"canonical\" href=\"https:\/\/odysseus-contests.eu\/2016\/cs\/pravidla\/diskvalifikace-a-pochybnosti\/\" \/>\n<meta property=\"og:locale\" content=\"cs_CZ\" \/>\n<meta property=\"og:type\" content=\"article\" \/>\n<meta property=\"og:title\" content=\"Diskvalifikace a pochybnosti - ODYSSEUS II\" \/>\n<meta property=\"og:description\" content=\"Pozdn\u00ed nahr\u00e1n\u00ed p\u0159\u00edsp\u011bvku po p\u016flnoci (CET) specifick\u00e9ho data pro odevzd\u00e1n\u00ed pr\u00e1ce pro sout\u011b\u017e Odysseus a p\u0159\u00edsp\u011bvek nevyhovuj\u00edc\u00ed pravidl\u016fm sout\u011b\u017ee, pr\u00e1vn\u00edm podm\u00ednk\u00e1m a poskytnut\u00fdm pokyn\u016fm na str\u00e1nk\u00e1ch sout\u011b\u017ee, bude diskvalifikov\u00e1n podle uv\u00e1\u017een\u00ed po\u0159adatel\u016f sout\u011b\u017ee. Rozhodnut\u00ed hodnot\u00edc\u00edch panel\u016f a porotc\u016f je kone\u010dn\u00e9 a s \u00fa\u010dastn\u00edc\u00edmi se t\u00fdmy, jejich vedouc\u00edmi nebo mentory se nebude vyjedn\u00e1vat ani se nebudou [&hellip;]\" \/>\n<meta property=\"og:url\" content=\"https:\/\/odysseus-contests.eu\/2016\/cs\/pravidla\/diskvalifikace-a-pochybnosti\/\" \/>\n<meta property=\"og:site_name\" content=\"ODYSSEUS II\" \/>\n<meta name=\"twitter:card\" content=\"summary_large_image\" \/>\n<meta name=\"twitter:label1\" content=\"Odhadovan\u00e1 doba \u010dten\u00ed\" \/>\n\t<meta name=\"twitter:data1\" content=\"1 minuta\" \/>\n<script type=\"application\/ld+json\" class=\"yoast-schema-graph\">{\"@context\":\"https:\/\/schema.org\",\"@graph\":[{\"@type\":\"WebPage\",\"@id\":\"https:\/\/odysseus-contests.eu\/2016\/cs\/pravidla\/diskvalifikace-a-pochybnosti\/\",\"url\":\"https:\/\/odysseus-contests.eu\/2016\/cs\/pravidla\/diskvalifikace-a-pochybnosti\/\",\"name\":\"Diskvalifikace a pochybnosti - ODYSSEUS II\",\"isPartOf\":{\"@id\":\"https:\/\/odysseus-contests.eu\/2016\/de\/#website\"},\"datePublished\":\"2015-07-25T19:57:34+00:00\",\"dateModified\":\"2015-07-25T19:57:34+00:00\",\"breadcrumb\":{\"@id\":\"https:\/\/odysseus-contests.eu\/2016\/cs\/pravidla\/diskvalifikace-a-pochybnosti\/#breadcrumb\"},\"inLanguage\":\"cs\",\"potentialAction\":[{\"@type\":\"ReadAction\",\"target\":[\"https:\/\/odysseus-contests.eu\/2016\/cs\/pravidla\/diskvalifikace-a-pochybnosti\/\"]}]},{\"@type\":\"BreadcrumbList\",\"@id\":\"https:\/\/odysseus-contests.eu\/2016\/cs\/pravidla\/diskvalifikace-a-pochybnosti\/#breadcrumb\",\"itemListElement\":[{\"@type\":\"ListItem\",\"position\":1,\"name\":\"Home\",\"item\":\"https:\/\/odysseus-contests.eu\/2016\/cs\/\"},{\"@type\":\"ListItem\",\"position\":2,\"name\":\"Pravidla\",\"item\":\"https:\/\/odysseus-contests.eu\/2016\/cs\/pravidla\/\"},{\"@type\":\"ListItem\",\"position\":3,\"name\":\"Diskvalifikace a pochybnosti\"}]},{\"@type\":\"WebSite\",\"@id\":\"https:\/\/odysseus-contests.eu\/2016\/de\/#website\",\"url\":\"https:\/\/odysseus-contests.eu\/2016\/de\/\",\"name\":\"ODYSSEUS II\",\"description\":\"European Youth Space Contest\",\"potentialAction\":[{\"@type\":\"SearchAction\",\"target\":{\"@type\":\"EntryPoint\",\"urlTemplate\":\"https:\/\/odysseus-contests.eu\/2016\/de\/?s={search_term_string}\"},\"query-input\":\"required name=search_term_string\"}],\"inLanguage\":\"cs\"}]}<\/script>\n<!-- \/ Yoast SEO plugin. -->","yoast_head_json":{"title":"Diskvalifikace a pochybnosti - ODYSSEUS II","robots":{"index":"index","follow":"follow","max-snippet":"max-snippet:-1","max-image-preview":"max-image-preview:large","max-video-preview":"max-video-preview:-1"},"canonical":"https:\/\/odysseus-contests.eu\/2016\/cs\/pravidla\/diskvalifikace-a-pochybnosti\/","og_locale":"cs_CZ","og_type":"article","og_title":"Diskvalifikace a pochybnosti - ODYSSEUS II","og_description":"Pozdn\u00ed nahr\u00e1n\u00ed p\u0159\u00edsp\u011bvku po p\u016flnoci (CET) specifick\u00e9ho data pro odevzd\u00e1n\u00ed pr\u00e1ce pro sout\u011b\u017e Odysseus a p\u0159\u00edsp\u011bvek nevyhovuj\u00edc\u00ed pravidl\u016fm sout\u011b\u017ee, pr\u00e1vn\u00edm podm\u00ednk\u00e1m a poskytnut\u00fdm pokyn\u016fm na str\u00e1nk\u00e1ch sout\u011b\u017ee, bude diskvalifikov\u00e1n podle uv\u00e1\u017een\u00ed po\u0159adatel\u016f sout\u011b\u017ee. Rozhodnut\u00ed hodnot\u00edc\u00edch panel\u016f a porotc\u016f je kone\u010dn\u00e9 a s \u00fa\u010dastn\u00edc\u00edmi se t\u00fdmy, jejich vedouc\u00edmi nebo mentory se nebude vyjedn\u00e1vat ani se nebudou [&hellip;]","og_url":"https:\/\/odysseus-contests.eu\/2016\/cs\/pravidla\/diskvalifikace-a-pochybnosti\/","og_site_name":"ODYSSEUS II","twitter_card":"summary_large_image","twitter_misc":{"Odhadovan\u00e1 doba \u010dten\u00ed":"1 minuta"},"schema":{"@context":"https:\/\/schema.org","@graph":[{"@type":"WebPage","@id":"https:\/\/odysseus-contests.eu\/2016\/cs\/pravidla\/diskvalifikace-a-pochybnosti\/","url":"https:\/\/odysseus-contests.eu\/2016\/cs\/pravidla\/diskvalifikace-a-pochybnosti\/","name":"Diskvalifikace a pochybnosti - ODYSSEUS II","isPartOf":{"@id":"https:\/\/odysseus-contests.eu\/2016\/de\/#website"},"datePublished":"2015-07-25T19:57:34+00:00","dateModified":"2015-07-25T19:57:34+00:00","breadcrumb":{"@id":"https:\/\/odysseus-contests.eu\/2016\/cs\/pravidla\/diskvalifikace-a-pochybnosti\/#breadcrumb"},"inLanguage":"cs","potentialAction":[{"@type":"ReadAction","target":["https:\/\/odysseus-contests.eu\/2016\/cs\/pravidla\/diskvalifikace-a-pochybnosti\/"]}]},{"@type":"BreadcrumbList","@id":"https:\/\/odysseus-contests.eu\/2016\/cs\/pravidla\/diskvalifikace-a-pochybnosti\/#breadcrumb","itemListElement":[{"@type":"ListItem","position":1,"name":"Home","item":"https:\/\/odysseus-contests.eu\/2016\/cs\/"},{"@type":"ListItem","position":2,"name":"Pravidla","item":"https:\/\/odysseus-contests.eu\/2016\/cs\/pravidla\/"},{"@type":"ListItem","position":3,"name":"Diskvalifikace a pochybnosti"}]},{"@type":"WebSite","@id":"https:\/\/odysseus-contests.eu\/2016\/de\/#website","url":"https:\/\/odysseus-contests.eu\/2016\/de\/","name":"ODYSSEUS II","description":"European Youth Space Contest","potentialAction":[{"@type":"SearchAction","target":{"@type":"EntryPoint","urlTemplate":"https:\/\/odysseus-contests.eu\/2016\/de\/?s={search_term_string}"},"query-input":"required name=search_term_string"}],"inLanguage":"cs"}]}},"_links":{"self":[{"href":"https:\/\/odysseus-contests.eu\/2016\/cs\/wp-json\/wp\/v2\/pages\/3260"}],"collection":[{"href":"https:\/\/odysseus-contests.eu\/2016\/cs\/wp-json\/wp\/v2\/pages"}],"about":[{"href":"https:\/\/odysseus-contests.eu\/2016\/cs\/wp-json\/wp\/v2\/types\/page"}],"author":[{"embeddable":true,"href":"https:\/\/odysseus-contests.eu\/2016\/cs\/wp-json\/wp\/v2\/users\/2"}],"replies":[{"embeddable":true,"href":"https:\/\/odysseus-contests.eu\/2016\/cs\/wp-json\/wp\/v2\/comments?post=3260"}],"version-history":[{"count":0,"href":"https:\/\/odysseus-contests.eu\/2016\/cs\/wp-json\/wp\/v2\/pages\/3260\/revisions"}],"up":[{"embeddable":true,"href":"https:\/\/odysseus-contests.eu\/2016\/cs\/wp-json\/wp\/v2\/pages\/3240"}],"wp:attachment":[{"href":"https:\/\/odysseus-contests.eu\/2016\/cs\/wp-json\/wp\/v2\/media?parent=3260"}],"curies":[{"name":"wp","href":"https:\/\/api.w.org\/{rel}","templated":true}]}}