{"id":3250,"date":"2015-07-25T22:55:36","date_gmt":"2015-07-25T19:55:36","guid":{"rendered":"http:\/\/odysseus-contests.eu\/2016\/?page_id=3250"},"modified":"2015-08-10T13:32:09","modified_gmt":"2015-08-10T10:32:09","slug":"originality","status":"publish","type":"page","link":"https:\/\/odysseus-contests.eu\/2016\/cs\/pravidla\/originality\/","title":{"rendered":"Originalita"},"content":{"rendered":"<ul>\n<li>V\u0161echny p\u0159\u00edsp\u011bvky mus\u00ed b\u00fdt pr\u00e1ce sout\u011b\u017e\u00edc\u00edho nebo sout\u011b\u017en\u00edho t\u00fdmu, vytvo\u0159en\u00e9 speci\u00e1ln\u011b pro tuto sout\u011b\u017e. Nejd\u016fle\u017eit\u011bj\u0161\u00ed pro odevzd\u00e1n\u00ed je, \u017ee sout\u011b\u017e\u00edc\u00ed jakoukoli \u010d\u00e1st sv\u00e9ho p\u0159\u00edsp\u011bvku ji\u017e p\u0159edt\u00edm nenab\u00edzel k publikov\u00e1n\u00ed, ani s\u00a0n\u00ed nevyhr\u00e1l, nebo nebyl finalistou v jak\u00e9koli jin\u00e9 studentsk\u00e9 sout\u011b\u017ei.<\/li>\n<li>Odevzdan\u00fd p\u0159\u00edsp\u011bvek ve v\u0161ech kategori\u00edch mus\u00ed obsahovat origin\u00e1ln\u00ed v\u00fdtvarnou pr\u00e1ci, data, zkoum\u00e1n\u00ed, v\u00fdrobky, modely nebo experimenty od sout\u011b\u017e\u00edc\u00edho.<\/li>\n<li>\u00da\u010dastn\u00edci souhlas\u00ed s neza\u0159azen\u00edm takov\u00fdch materi\u00e1l\u016f, kter\u00e9 poru\u0161uj\u00ed a\/nebo zneu\u017e\u00edvaj\u00ed du\u0161evn\u00ed vlastnictv\u00ed jak\u00e9koli t\u0159et\u00ed strany, v\u010detn\u011b autorsk\u00fdch pr\u00e1v, pr\u00e1v k ochrann\u00fdm zn\u00e1mk\u00e1m, pr\u00e1va na soukrom\u00ed nebo reklamy, do jejich p\u0159\u00edsp\u011bvku.<\/li>\n<li>Materi\u00e1ly t\u0159et\u00ed strany mohou b\u00fdt se spr\u00e1vn\u00fdmi citacemi a informacemi \u0161etrn\u011b pou\u017eity.<\/li>\n<li>Jak\u00fdkoli druh plagi\u00e1torstv\u00ed je zak\u00e1z\u00e1n a povede k diskvalifikaci \u00fa\u010dastn\u00edka; citace my\u0161lenek nebo pr\u00e1ce jin\u00e9 osoby je povolen\u00e1, ale mus\u00ed b\u00fdt spr\u00e1vn\u011b referov\u00e1na.<\/li>\n<\/ul>\n","protected":false},"excerpt":{"rendered":"<p>V\u0161echny p\u0159\u00edsp\u011bvky mus\u00ed b\u00fdt pr\u00e1ce sout\u011b\u017e\u00edc\u00edho nebo sout\u011b\u017en\u00edho t\u00fdmu, vytvo\u0159en\u00e9 speci\u00e1ln\u011b pro tuto sout\u011b\u017e. Nejd\u016fle\u017eit\u011bj\u0161\u00ed pro odevzd\u00e1n\u00ed je, \u017ee sout\u011b\u017e\u00edc\u00ed jakoukoli \u010d\u00e1st sv\u00e9ho p\u0159\u00edsp\u011bvku ji\u017e p\u0159edt\u00edm nenab\u00edzel k publikov\u00e1n\u00ed, ani s\u00a0n\u00ed nevyhr\u00e1l, nebo nebyl finalistou v jak\u00e9koli jin\u00e9 studentsk\u00e9 sout\u011b\u017ei. Odevzdan\u00fd p\u0159\u00edsp\u011bvek ve v\u0161ech kategori\u00edch mus\u00ed obsahovat origin\u00e1ln\u00ed v\u00fdtvarnou pr\u00e1ci, data, zkoum\u00e1n\u00ed, v\u00fdrobky, modely nebo [&hellip;]<\/p>\n","protected":false},"author":2,"featured_media":0,"parent":3240,"menu_order":60,"comment_status":"closed","ping_status":"closed","template":"","meta":[],"acf":[],"yoast_head":"<!-- This site is optimized with the Yoast SEO plugin v19.14 - https:\/\/yoast.com\/wordpress\/plugins\/seo\/ -->\n<title>Originalita - ODYSSEUS II<\/title>\n<meta name=\"robots\" content=\"index, follow, max-snippet:-1, max-image-preview:large, max-video-preview:-1\" \/>\n<link rel=\"canonical\" href=\"https:\/\/odysseus-contests.eu\/2016\/cs\/pravidla\/originality\/\" \/>\n<meta property=\"og:locale\" content=\"cs_CZ\" \/>\n<meta property=\"og:type\" content=\"article\" \/>\n<meta property=\"og:title\" content=\"Originalita - ODYSSEUS II\" \/>\n<meta property=\"og:description\" content=\"V\u0161echny p\u0159\u00edsp\u011bvky mus\u00ed b\u00fdt pr\u00e1ce sout\u011b\u017e\u00edc\u00edho nebo sout\u011b\u017en\u00edho t\u00fdmu, vytvo\u0159en\u00e9 speci\u00e1ln\u011b pro tuto sout\u011b\u017e. Nejd\u016fle\u017eit\u011bj\u0161\u00ed pro odevzd\u00e1n\u00ed je, \u017ee sout\u011b\u017e\u00edc\u00ed jakoukoli \u010d\u00e1st sv\u00e9ho p\u0159\u00edsp\u011bvku ji\u017e p\u0159edt\u00edm nenab\u00edzel k publikov\u00e1n\u00ed, ani s\u00a0n\u00ed nevyhr\u00e1l, nebo nebyl finalistou v jak\u00e9koli jin\u00e9 studentsk\u00e9 sout\u011b\u017ei. Odevzdan\u00fd p\u0159\u00edsp\u011bvek ve v\u0161ech kategori\u00edch mus\u00ed obsahovat origin\u00e1ln\u00ed v\u00fdtvarnou pr\u00e1ci, data, zkoum\u00e1n\u00ed, v\u00fdrobky, modely nebo [&hellip;]\" \/>\n<meta property=\"og:url\" content=\"https:\/\/odysseus-contests.eu\/2016\/cs\/pravidla\/originality\/\" \/>\n<meta property=\"og:site_name\" content=\"ODYSSEUS II\" \/>\n<meta property=\"article:modified_time\" content=\"2015-08-10T10:32:09+00:00\" \/>\n<meta name=\"twitter:card\" content=\"summary_large_image\" \/>\n<meta name=\"twitter:label1\" content=\"Odhadovan\u00e1 doba \u010dten\u00ed\" \/>\n\t<meta name=\"twitter:data1\" content=\"1 minuta\" \/>\n<script type=\"application\/ld+json\" class=\"yoast-schema-graph\">{\"@context\":\"https:\/\/schema.org\",\"@graph\":[{\"@type\":\"WebPage\",\"@id\":\"https:\/\/odysseus-contests.eu\/2016\/cs\/pravidla\/originality\/\",\"url\":\"https:\/\/odysseus-contests.eu\/2016\/cs\/pravidla\/originality\/\",\"name\":\"Originalita - ODYSSEUS II\",\"isPartOf\":{\"@id\":\"https:\/\/odysseus-contests.eu\/2016\/de\/#website\"},\"datePublished\":\"2015-07-25T19:55:36+00:00\",\"dateModified\":\"2015-08-10T10:32:09+00:00\",\"breadcrumb\":{\"@id\":\"https:\/\/odysseus-contests.eu\/2016\/cs\/pravidla\/originality\/#breadcrumb\"},\"inLanguage\":\"cs\",\"potentialAction\":[{\"@type\":\"ReadAction\",\"target\":[\"https:\/\/odysseus-contests.eu\/2016\/cs\/pravidla\/originality\/\"]}]},{\"@type\":\"BreadcrumbList\",\"@id\":\"https:\/\/odysseus-contests.eu\/2016\/cs\/pravidla\/originality\/#breadcrumb\",\"itemListElement\":[{\"@type\":\"ListItem\",\"position\":1,\"name\":\"Home\",\"item\":\"https:\/\/odysseus-contests.eu\/2016\/cs\/\"},{\"@type\":\"ListItem\",\"position\":2,\"name\":\"Pravidla\",\"item\":\"https:\/\/odysseus-contests.eu\/2016\/cs\/pravidla\/\"},{\"@type\":\"ListItem\",\"position\":3,\"name\":\"Originalita\"}]},{\"@type\":\"WebSite\",\"@id\":\"https:\/\/odysseus-contests.eu\/2016\/de\/#website\",\"url\":\"https:\/\/odysseus-contests.eu\/2016\/de\/\",\"name\":\"ODYSSEUS II\",\"description\":\"European Youth Space Contest\",\"potentialAction\":[{\"@type\":\"SearchAction\",\"target\":{\"@type\":\"EntryPoint\",\"urlTemplate\":\"https:\/\/odysseus-contests.eu\/2016\/de\/?s={search_term_string}\"},\"query-input\":\"required name=search_term_string\"}],\"inLanguage\":\"cs\"}]}<\/script>\n<!-- \/ Yoast SEO plugin. -->","yoast_head_json":{"title":"Originalita - ODYSSEUS II","robots":{"index":"index","follow":"follow","max-snippet":"max-snippet:-1","max-image-preview":"max-image-preview:large","max-video-preview":"max-video-preview:-1"},"canonical":"https:\/\/odysseus-contests.eu\/2016\/cs\/pravidla\/originality\/","og_locale":"cs_CZ","og_type":"article","og_title":"Originalita - ODYSSEUS II","og_description":"V\u0161echny p\u0159\u00edsp\u011bvky mus\u00ed b\u00fdt pr\u00e1ce sout\u011b\u017e\u00edc\u00edho nebo sout\u011b\u017en\u00edho t\u00fdmu, vytvo\u0159en\u00e9 speci\u00e1ln\u011b pro tuto sout\u011b\u017e. Nejd\u016fle\u017eit\u011bj\u0161\u00ed pro odevzd\u00e1n\u00ed je, \u017ee sout\u011b\u017e\u00edc\u00ed jakoukoli \u010d\u00e1st sv\u00e9ho p\u0159\u00edsp\u011bvku ji\u017e p\u0159edt\u00edm nenab\u00edzel k publikov\u00e1n\u00ed, ani s\u00a0n\u00ed nevyhr\u00e1l, nebo nebyl finalistou v jak\u00e9koli jin\u00e9 studentsk\u00e9 sout\u011b\u017ei. Odevzdan\u00fd p\u0159\u00edsp\u011bvek ve v\u0161ech kategori\u00edch mus\u00ed obsahovat origin\u00e1ln\u00ed v\u00fdtvarnou pr\u00e1ci, data, zkoum\u00e1n\u00ed, v\u00fdrobky, modely nebo [&hellip;]","og_url":"https:\/\/odysseus-contests.eu\/2016\/cs\/pravidla\/originality\/","og_site_name":"ODYSSEUS II","article_modified_time":"2015-08-10T10:32:09+00:00","twitter_card":"summary_large_image","twitter_misc":{"Odhadovan\u00e1 doba \u010dten\u00ed":"1 minuta"},"schema":{"@context":"https:\/\/schema.org","@graph":[{"@type":"WebPage","@id":"https:\/\/odysseus-contests.eu\/2016\/cs\/pravidla\/originality\/","url":"https:\/\/odysseus-contests.eu\/2016\/cs\/pravidla\/originality\/","name":"Originalita - ODYSSEUS II","isPartOf":{"@id":"https:\/\/odysseus-contests.eu\/2016\/de\/#website"},"datePublished":"2015-07-25T19:55:36+00:00","dateModified":"2015-08-10T10:32:09+00:00","breadcrumb":{"@id":"https:\/\/odysseus-contests.eu\/2016\/cs\/pravidla\/originality\/#breadcrumb"},"inLanguage":"cs","potentialAction":[{"@type":"ReadAction","target":["https:\/\/odysseus-contests.eu\/2016\/cs\/pravidla\/originality\/"]}]},{"@type":"BreadcrumbList","@id":"https:\/\/odysseus-contests.eu\/2016\/cs\/pravidla\/originality\/#breadcrumb","itemListElement":[{"@type":"ListItem","position":1,"name":"Home","item":"https:\/\/odysseus-contests.eu\/2016\/cs\/"},{"@type":"ListItem","position":2,"name":"Pravidla","item":"https:\/\/odysseus-contests.eu\/2016\/cs\/pravidla\/"},{"@type":"ListItem","position":3,"name":"Originalita"}]},{"@type":"WebSite","@id":"https:\/\/odysseus-contests.eu\/2016\/de\/#website","url":"https:\/\/odysseus-contests.eu\/2016\/de\/","name":"ODYSSEUS II","description":"European Youth Space Contest","potentialAction":[{"@type":"SearchAction","target":{"@type":"EntryPoint","urlTemplate":"https:\/\/odysseus-contests.eu\/2016\/de\/?s={search_term_string}"},"query-input":"required name=search_term_string"}],"inLanguage":"cs"}]}},"_links":{"self":[{"href":"https:\/\/odysseus-contests.eu\/2016\/cs\/wp-json\/wp\/v2\/pages\/3250"}],"collection":[{"href":"https:\/\/odysseus-contests.eu\/2016\/cs\/wp-json\/wp\/v2\/pages"}],"about":[{"href":"https:\/\/odysseus-contests.eu\/2016\/cs\/wp-json\/wp\/v2\/types\/page"}],"author":[{"embeddable":true,"href":"https:\/\/odysseus-contests.eu\/2016\/cs\/wp-json\/wp\/v2\/users\/2"}],"replies":[{"embeddable":true,"href":"https:\/\/odysseus-contests.eu\/2016\/cs\/wp-json\/wp\/v2\/comments?post=3250"}],"version-history":[{"count":0,"href":"https:\/\/odysseus-contests.eu\/2016\/cs\/wp-json\/wp\/v2\/pages\/3250\/revisions"}],"up":[{"embeddable":true,"href":"https:\/\/odysseus-contests.eu\/2016\/cs\/wp-json\/wp\/v2\/pages\/3240"}],"wp:attachment":[{"href":"https:\/\/odysseus-contests.eu\/2016\/cs\/wp-json\/wp\/v2\/media?parent=3250"}],"curies":[{"name":"wp","href":"https:\/\/api.w.org\/{rel}","templated":true}]}}