{"id":3249,"date":"2015-07-25T22:55:00","date_gmt":"2015-07-25T19:55:00","guid":{"rendered":"http:\/\/odysseus-contests.eu\/2016\/?page_id=3249"},"modified":"2015-07-25T22:55:00","modified_gmt":"2015-07-25T19:55:00","slug":"registration","status":"publish","type":"page","link":"https:\/\/odysseus-contests.eu\/2016\/cs\/pravidla\/registration\/","title":{"rendered":"Registrace"},"content":{"rendered":"<ul>\n<li>Registraci do sout\u011b\u017ee Odysseus m\u016f\u017eete vytvo\u0159it na ofici\u00e1ln\u00edch str\u00e1nk\u00e1ch t\u00e9to sout\u011b\u017ee: <a href=\"http:\/\/www.odysseus-contest.eu\" target=\"_blank\">www.odysseus-contest.eu<\/a>.<\/li>\n<li>Registrace prob\u00edh\u00e1 od 1.z\u00e1\u0159\u00ed 2015 do 15.ledna 2016.<\/li>\n<li>Registrac\u00ed k \u00fa\u010dasti na str\u00e1nk\u00e1ch sout\u011b\u017ee Odysseus v\u0161ichni sout\u011b\u017e\u00edc\u00ed a jejich vedouc\u00ed souhlas\u00ed s pravidly sout\u011b\u017ee, kter\u00e1 jsou uvedena v tomto dokumentu a na str\u00e1nk\u00e1ch sout\u011b\u017ee Odysseus.<\/li>\n<li>\u00da\u010dastn\u00edci sout\u011b\u017ee Odysseus nebo jejich vedouc\u00ed, by m\u011bli poskytnout organiz\u00e1tor\u016fm sout\u011b\u017ee z\u00e1kladn\u00ed registra\u010dn\u00ed informace, jak je uvedeno v on-line registra\u010dn\u00edm formul\u00e1\u0159i p\u0159i registrov\u00e1n\u00ed t\u00fdmu nebo \u017e\u00e1k\u016f k \u00fa\u010dasti v sout\u011b\u017ei Odysseus.<\/li>\n<li>Organiz\u00e1to\u0159i budou schvalovat t\u00fdmy a vytvo\u0159\u00ed bezpe\u010dn\u00fd \u00fa\u010det pro ka\u017ed\u00e9ho Skywalker sout\u011b\u017e\u00edc\u00edho, \u201ePioneer\u201c t\u00fdm, Explorer sout\u011b\u017e\u00edc\u00edho nebo dvojici sout\u011b\u017e\u00edc\u00edch. Pot\u00e9 ka\u017ed\u00fd \u017e\u00e1k, student, nebo t\u00fdm obdr\u017e\u00ed jedine\u010dn\u00e9 p\u0159ihla\u0161ovac\u00ed jm\u00e9no a heslo, aby se mohli p\u0159ihl\u00e1sit ke sv\u00fdm \u00fa\u010dt\u016fm (tzn. pro ka\u017ed\u00fd projekt nebo obr\u00e1zek bude jeden \u00fa\u010det)<\/li>\n<li>Vedouc\u00ed ka\u017ed\u00e9ho \u017e\u00e1ka nebo t\u00fdmu mus\u00ed potvrdit a garantovat p\u0159esnost v\u0161ech uveden\u00fdch osobn\u00edch \u00fadaj\u016f a souhlasit, \u017ee organiz\u00e1to\u0159i m\u016f\u017eou pou\u017e\u00edt uveden\u00e9 informace k ov\u011b\u0159en\u00ed. Stejnou odpov\u011bdnost maj\u00ed vysoko\u0161kol\u0161t\u00ed studenti, kte\u0159\u00ed se registruj\u00ed sami.<\/li>\n<li>Organiz\u00e1to\u0159i m\u016f\u017eou uzav\u0159\u00edt \u00fa\u010det \u017e\u00e1ka, t\u00fdmu nebo studenta, a blokovat pou\u017e\u00edv\u00e1n\u00ed str\u00e1nky sout\u011b\u017ee Odysseus, pokud nen\u00ed registrace kompletn\u00ed; pokud jsou uveden\u00e1 data nepravdiv\u00e1(nebo na to maj\u00ed organiz\u00e1to\u0159i podez\u0159en\u00ed), nep\u0159esn\u00e1 nebo nekompletn\u00ed; nebo organiz\u00e1to\u0159i nejsou schopni ov\u011b\u0159it jak\u00e9koli z registra\u010dn\u00edch dat t\u00fdmu.<\/li>\n<li>Sout\u011b\u017e\u00edc\u00ed a vedouc\u00ed jsou zodpov\u011bdn\u00ed za uchov\u00e1n\u00ed jejich \u00fa\u010dtu v bezpe\u010d\u00ed a za aktivity proveden\u00e9 skrze jejich \u00fa\u010det. Vedouc\u00ed t\u00fdmu by m\u011bl okam\u017eit\u011b upozornit organiz\u00e1tory na jak\u00e9koli neautorizovan\u00e9 u\u017eit\u00ed \u00fa\u010dtu t\u00fdmu, nebo \u017e\u00e1k\u016f, nebo na podez\u0159el\u00e9 poru\u0161en\u00ed bezpe\u010dnosti \u00fa\u010dtu.<\/li>\n<\/ul>\n","protected":false},"excerpt":{"rendered":"<p>Registraci do sout\u011b\u017ee Odysseus m\u016f\u017eete vytvo\u0159it na ofici\u00e1ln\u00edch str\u00e1nk\u00e1ch t\u00e9to sout\u011b\u017ee: www.odysseus-contest.eu. Registrace prob\u00edh\u00e1 od 1.z\u00e1\u0159\u00ed 2015 do 15.ledna 2016. Registrac\u00ed k \u00fa\u010dasti na str\u00e1nk\u00e1ch sout\u011b\u017ee Odysseus v\u0161ichni sout\u011b\u017e\u00edc\u00ed a jejich vedouc\u00ed souhlas\u00ed s pravidly sout\u011b\u017ee, kter\u00e1 jsou uvedena v tomto dokumentu a na str\u00e1nk\u00e1ch sout\u011b\u017ee Odysseus. \u00da\u010dastn\u00edci sout\u011b\u017ee Odysseus nebo jejich vedouc\u00ed, by m\u011bli [&hellip;]<\/p>\n","protected":false},"author":2,"featured_media":0,"parent":3240,"menu_order":40,"comment_status":"closed","ping_status":"closed","template":"","meta":[],"acf":[],"yoast_head":"<!-- This site is optimized with the Yoast SEO plugin v19.14 - https:\/\/yoast.com\/wordpress\/plugins\/seo\/ -->\n<title>Registrace - ODYSSEUS II<\/title>\n<meta name=\"robots\" content=\"index, follow, max-snippet:-1, max-image-preview:large, max-video-preview:-1\" \/>\n<link rel=\"canonical\" href=\"https:\/\/odysseus-contests.eu\/2016\/cs\/pravidla\/registration\/\" \/>\n<meta property=\"og:locale\" content=\"cs_CZ\" \/>\n<meta property=\"og:type\" content=\"article\" \/>\n<meta property=\"og:title\" content=\"Registrace - ODYSSEUS II\" \/>\n<meta property=\"og:description\" content=\"Registraci do sout\u011b\u017ee Odysseus m\u016f\u017eete vytvo\u0159it na ofici\u00e1ln\u00edch str\u00e1nk\u00e1ch t\u00e9to sout\u011b\u017ee: www.odysseus-contest.eu. Registrace prob\u00edh\u00e1 od 1.z\u00e1\u0159\u00ed 2015 do 15.ledna 2016. Registrac\u00ed k \u00fa\u010dasti na str\u00e1nk\u00e1ch sout\u011b\u017ee Odysseus v\u0161ichni sout\u011b\u017e\u00edc\u00ed a jejich vedouc\u00ed souhlas\u00ed s pravidly sout\u011b\u017ee, kter\u00e1 jsou uvedena v tomto dokumentu a na str\u00e1nk\u00e1ch sout\u011b\u017ee Odysseus. \u00da\u010dastn\u00edci sout\u011b\u017ee Odysseus nebo jejich vedouc\u00ed, by m\u011bli [&hellip;]\" \/>\n<meta property=\"og:url\" content=\"https:\/\/odysseus-contests.eu\/2016\/cs\/pravidla\/registration\/\" \/>\n<meta property=\"og:site_name\" content=\"ODYSSEUS II\" \/>\n<meta name=\"twitter:card\" content=\"summary_large_image\" \/>\n<meta name=\"twitter:label1\" content=\"Odhadovan\u00e1 doba \u010dten\u00ed\" \/>\n\t<meta name=\"twitter:data1\" content=\"2 minuty\" \/>\n<script type=\"application\/ld+json\" class=\"yoast-schema-graph\">{\"@context\":\"https:\/\/schema.org\",\"@graph\":[{\"@type\":\"WebPage\",\"@id\":\"https:\/\/odysseus-contests.eu\/2016\/cs\/pravidla\/registration\/\",\"url\":\"https:\/\/odysseus-contests.eu\/2016\/cs\/pravidla\/registration\/\",\"name\":\"Registrace - ODYSSEUS II\",\"isPartOf\":{\"@id\":\"https:\/\/odysseus-contests.eu\/2016\/de\/#website\"},\"datePublished\":\"2015-07-25T19:55:00+00:00\",\"dateModified\":\"2015-07-25T19:55:00+00:00\",\"breadcrumb\":{\"@id\":\"https:\/\/odysseus-contests.eu\/2016\/cs\/pravidla\/registration\/#breadcrumb\"},\"inLanguage\":\"cs\",\"potentialAction\":[{\"@type\":\"ReadAction\",\"target\":[\"https:\/\/odysseus-contests.eu\/2016\/cs\/pravidla\/registration\/\"]}]},{\"@type\":\"BreadcrumbList\",\"@id\":\"https:\/\/odysseus-contests.eu\/2016\/cs\/pravidla\/registration\/#breadcrumb\",\"itemListElement\":[{\"@type\":\"ListItem\",\"position\":1,\"name\":\"Home\",\"item\":\"https:\/\/odysseus-contests.eu\/2016\/cs\/\"},{\"@type\":\"ListItem\",\"position\":2,\"name\":\"Pravidla\",\"item\":\"https:\/\/odysseus-contests.eu\/2016\/cs\/pravidla\/\"},{\"@type\":\"ListItem\",\"position\":3,\"name\":\"Registrace\"}]},{\"@type\":\"WebSite\",\"@id\":\"https:\/\/odysseus-contests.eu\/2016\/de\/#website\",\"url\":\"https:\/\/odysseus-contests.eu\/2016\/de\/\",\"name\":\"ODYSSEUS II\",\"description\":\"European Youth Space Contest\",\"potentialAction\":[{\"@type\":\"SearchAction\",\"target\":{\"@type\":\"EntryPoint\",\"urlTemplate\":\"https:\/\/odysseus-contests.eu\/2016\/de\/?s={search_term_string}\"},\"query-input\":\"required name=search_term_string\"}],\"inLanguage\":\"cs\"}]}<\/script>\n<!-- \/ Yoast SEO plugin. -->","yoast_head_json":{"title":"Registrace - ODYSSEUS II","robots":{"index":"index","follow":"follow","max-snippet":"max-snippet:-1","max-image-preview":"max-image-preview:large","max-video-preview":"max-video-preview:-1"},"canonical":"https:\/\/odysseus-contests.eu\/2016\/cs\/pravidla\/registration\/","og_locale":"cs_CZ","og_type":"article","og_title":"Registrace - ODYSSEUS II","og_description":"Registraci do sout\u011b\u017ee Odysseus m\u016f\u017eete vytvo\u0159it na ofici\u00e1ln\u00edch str\u00e1nk\u00e1ch t\u00e9to sout\u011b\u017ee: www.odysseus-contest.eu. Registrace prob\u00edh\u00e1 od 1.z\u00e1\u0159\u00ed 2015 do 15.ledna 2016. Registrac\u00ed k \u00fa\u010dasti na str\u00e1nk\u00e1ch sout\u011b\u017ee Odysseus v\u0161ichni sout\u011b\u017e\u00edc\u00ed a jejich vedouc\u00ed souhlas\u00ed s pravidly sout\u011b\u017ee, kter\u00e1 jsou uvedena v tomto dokumentu a na str\u00e1nk\u00e1ch sout\u011b\u017ee Odysseus. \u00da\u010dastn\u00edci sout\u011b\u017ee Odysseus nebo jejich vedouc\u00ed, by m\u011bli [&hellip;]","og_url":"https:\/\/odysseus-contests.eu\/2016\/cs\/pravidla\/registration\/","og_site_name":"ODYSSEUS II","twitter_card":"summary_large_image","twitter_misc":{"Odhadovan\u00e1 doba \u010dten\u00ed":"2 minuty"},"schema":{"@context":"https:\/\/schema.org","@graph":[{"@type":"WebPage","@id":"https:\/\/odysseus-contests.eu\/2016\/cs\/pravidla\/registration\/","url":"https:\/\/odysseus-contests.eu\/2016\/cs\/pravidla\/registration\/","name":"Registrace - ODYSSEUS II","isPartOf":{"@id":"https:\/\/odysseus-contests.eu\/2016\/de\/#website"},"datePublished":"2015-07-25T19:55:00+00:00","dateModified":"2015-07-25T19:55:00+00:00","breadcrumb":{"@id":"https:\/\/odysseus-contests.eu\/2016\/cs\/pravidla\/registration\/#breadcrumb"},"inLanguage":"cs","potentialAction":[{"@type":"ReadAction","target":["https:\/\/odysseus-contests.eu\/2016\/cs\/pravidla\/registration\/"]}]},{"@type":"BreadcrumbList","@id":"https:\/\/odysseus-contests.eu\/2016\/cs\/pravidla\/registration\/#breadcrumb","itemListElement":[{"@type":"ListItem","position":1,"name":"Home","item":"https:\/\/odysseus-contests.eu\/2016\/cs\/"},{"@type":"ListItem","position":2,"name":"Pravidla","item":"https:\/\/odysseus-contests.eu\/2016\/cs\/pravidla\/"},{"@type":"ListItem","position":3,"name":"Registrace"}]},{"@type":"WebSite","@id":"https:\/\/odysseus-contests.eu\/2016\/de\/#website","url":"https:\/\/odysseus-contests.eu\/2016\/de\/","name":"ODYSSEUS II","description":"European Youth Space Contest","potentialAction":[{"@type":"SearchAction","target":{"@type":"EntryPoint","urlTemplate":"https:\/\/odysseus-contests.eu\/2016\/de\/?s={search_term_string}"},"query-input":"required name=search_term_string"}],"inLanguage":"cs"}]}},"_links":{"self":[{"href":"https:\/\/odysseus-contests.eu\/2016\/cs\/wp-json\/wp\/v2\/pages\/3249"}],"collection":[{"href":"https:\/\/odysseus-contests.eu\/2016\/cs\/wp-json\/wp\/v2\/pages"}],"about":[{"href":"https:\/\/odysseus-contests.eu\/2016\/cs\/wp-json\/wp\/v2\/types\/page"}],"author":[{"embeddable":true,"href":"https:\/\/odysseus-contests.eu\/2016\/cs\/wp-json\/wp\/v2\/users\/2"}],"replies":[{"embeddable":true,"href":"https:\/\/odysseus-contests.eu\/2016\/cs\/wp-json\/wp\/v2\/comments?post=3249"}],"version-history":[{"count":0,"href":"https:\/\/odysseus-contests.eu\/2016\/cs\/wp-json\/wp\/v2\/pages\/3249\/revisions"}],"up":[{"embeddable":true,"href":"https:\/\/odysseus-contests.eu\/2016\/cs\/wp-json\/wp\/v2\/pages\/3240"}],"wp:attachment":[{"href":"https:\/\/odysseus-contests.eu\/2016\/cs\/wp-json\/wp\/v2\/media?parent=3249"}],"curies":[{"name":"wp","href":"https:\/\/api.w.org\/{rel}","templated":true}]}}