{"id":3243,"date":"2015-07-25T22:52:22","date_gmt":"2015-07-25T19:52:22","guid":{"rendered":"http:\/\/odysseus-contests.eu\/2016\/?page_id=3243"},"modified":"2015-08-10T13:25:58","modified_gmt":"2015-08-10T10:25:58","slug":"eligibility","status":"publish","type":"page","link":"https:\/\/odysseus-contests.eu\/2016\/cs\/pravidla\/eligibility\/","title":{"rendered":"Zp\u016fsobilost"},"content":{"rendered":"<ul>\n<li>Sout\u011b\u017e je otev\u0159ena pro \u017e\u00e1ky, st\u0159edo\u0161kolsk\u00e9 a vysoko\u0161kolsk\u00e9 studenty, kter\u00fdm je mezi 7 a 22 roky. Sout\u011b\u017e\u00edc\u00ed mus\u00ed nab\u00fdt v\u00fd\u0161e uveden\u00e9ho v\u011bku nejpozd\u011bji v posledn\u00ed den mo\u017enosti p\u0159ihl\u00e1\u0161en\u00ed do kategorie Skywalkers (31. b\u0159ezen 2016)\n<ul>\n<li>Skywalkers: 7 a\u017e 13 let (\u017e\u00e1ci prvn\u00edho stupn\u011b Z\u0160, narozeni mezi 1.dubnem 2002 a 31.b\u0159eznem 2009)<\/li>\n<li>Pioneers: 14 a\u017e 18 let (\u017e\u00e1ci druh\u00e9ho stupn\u011b Z\u0160 a st\u0159edn\u00ed \u0161koly, narozen\u00ed mezi 1.dubnem 1997 a 31.b\u0159eznem 2002)<\/li>\n<li>Explorers: 17 a\u017e 22 let (vysoko\u0161kol\u0161t\u00ed studenti narozen\u00ed mezi 1.dubnem 1993 a 31.b\u0159eznem 1999)<\/li>\n<\/ul>\n<\/li>\n<li>\u00da\u010dast v sout\u011b\u017ei je zdarma. Cestovn\u00ed a ubytovac\u00ed n\u00e1klady (letenky a vlakov\u00e9 j\u00edzdenky, ubytov\u00e1n\u00ed, j\u00eddlo a poji\u0161t\u011bn\u00ed) pro \u00fa\u010dastn\u00edky region\u00e1ln\u00edho semifin\u00e1le a celoevropsk\u00e9ho fin\u00e1le budou pokryty z\u00a0rozpo\u010dtu projektu Odysseus II v rozumn\u00fdch mez\u00edch. V\u00fddaje vynalo\u017een\u00e9 na cestov\u00e1n\u00ed dal\u0161\u00edch doprov\u00e1zej\u00edc\u00edch osob, poplatky za v\u00fdm\u011bnu pen\u011bz atd. mus\u00ed b\u00fdt uhrazeny \u00fa\u010dastn\u00edky nebo jejich sponzory. \u00da\u010dastn\u00edci ze zem\u00ed, kter\u00e9 nejsou \u010dleny EU, si v region\u00e1ln\u00edm semifin\u00e1le mus\u00ed uhradit v\u00fddaje na cestu do m\u00edsta kon\u00e1n\u00ed semifin\u00e1le a zp\u011bt ze sv\u00fdch zdroj\u016f.<\/li>\n<li>\u017d\u00e1ci a studenti jsou zp\u016fsobil\u00ed se \u00fa\u010dastnit sout\u011b\u017ee, pokud jsou ob\u010dan\u00e9 \u010di maj\u00ed trval\u00fd pobyt ve \u0161koln\u00edm roce kon\u00e1n\u00ed sout\u011b\u017ee (2015\/2016) v zemi, kter\u00e1 je sou\u010d\u00e1st\u00ed EU, konkr\u00e9tn\u011b: Rakousko, Belgie, Bulharsko, Chorvatsko, Kypr, \u010cesk\u00e1 republika, D\u00e1nsko, Estonsko, Finsko, Francie, N\u011bmecko, \u0158ecko, Ma\u010farsko, Irsko, It\u00e1lie, Loty\u0161sko, Litva, Lucembursko, Malta, Nizozemsko, Polsko, Portugalsko, Rumunsko, Slovensko, Slovinsko, \u0160pan\u011blsko, \u0160v\u00e9dsko a Velk\u00e1 Brit\u00e1nie.<\/li>\n<li>\u017d\u00e1ci a studenti ze zem\u00ed mimo Evropskou unii jsou tak\u00e9 zp\u016fsobil\u00ed se \u00fa\u010dastnit (nap\u0159. Alb\u00e1nie, Arm\u00e9nie, B\u011blorusko, Gruzie, Island, Izrael, Lichten\u0161tejnsko, Moldavsko, \u010cern\u00e1 Hora, Norsko, Makedonie, Rusko, Srbsko, \u0160v\u00fdcarsko, Monako, San Marino, Tunisko a Ukrajina), ale mus\u00ed nahr\u00e1t v\u0161echny materi\u00e1ly v jednom z 24 ofici\u00e1ln\u00edch jazyk\u016f EU.<\/li>\n<li>Pozn\u00e1mka: Uveden\u00fd seznam zem\u00ed nen\u00ed kompletn\u00ed a z\u00e1jemci z jin\u00fdch zem\u00ed jsou v\u00edt\u00e1ni, pokud spl\u0148uj\u00ed ostatn\u00ed podm\u00ednky zp\u016fsobilosti.<\/li>\n<li>\u010clenov\u00e9 rodin organiz\u00e1tor\u016f nejsou zp\u016fsobil\u00ed se sout\u011b\u017ee Odysseus z\u00fa\u010dastnit.<\/li>\n<\/ul>\n","protected":false},"excerpt":{"rendered":"<p>Sout\u011b\u017e je otev\u0159ena pro \u017e\u00e1ky, st\u0159edo\u0161kolsk\u00e9 a vysoko\u0161kolsk\u00e9 studenty, kter\u00fdm je mezi 7 a 22 roky. Sout\u011b\u017e\u00edc\u00ed mus\u00ed nab\u00fdt v\u00fd\u0161e uveden\u00e9ho v\u011bku nejpozd\u011bji v posledn\u00ed den mo\u017enosti p\u0159ihl\u00e1\u0161en\u00ed do kategorie Skywalkers (31. b\u0159ezen 2016) Skywalkers: 7 a\u017e 13 let (\u017e\u00e1ci prvn\u00edho stupn\u011b Z\u0160, narozeni mezi 1.dubnem 2002 a 31.b\u0159eznem 2009) Pioneers: 14 a\u017e 18 let [&hellip;]<\/p>\n","protected":false},"author":2,"featured_media":0,"parent":3240,"menu_order":10,"comment_status":"closed","ping_status":"closed","template":"","meta":[],"acf":[],"yoast_head":"<!-- This site is optimized with the Yoast SEO plugin v19.14 - https:\/\/yoast.com\/wordpress\/plugins\/seo\/ -->\n<title>Zp\u016fsobilost - ODYSSEUS II<\/title>\n<meta name=\"robots\" content=\"index, follow, max-snippet:-1, max-image-preview:large, max-video-preview:-1\" \/>\n<link rel=\"canonical\" href=\"https:\/\/odysseus-contests.eu\/2016\/cs\/pravidla\/eligibility\/\" \/>\n<meta property=\"og:locale\" content=\"cs_CZ\" \/>\n<meta property=\"og:type\" content=\"article\" \/>\n<meta property=\"og:title\" content=\"Zp\u016fsobilost - ODYSSEUS II\" \/>\n<meta property=\"og:description\" content=\"Sout\u011b\u017e je otev\u0159ena pro \u017e\u00e1ky, st\u0159edo\u0161kolsk\u00e9 a vysoko\u0161kolsk\u00e9 studenty, kter\u00fdm je mezi 7 a 22 roky. Sout\u011b\u017e\u00edc\u00ed mus\u00ed nab\u00fdt v\u00fd\u0161e uveden\u00e9ho v\u011bku nejpozd\u011bji v posledn\u00ed den mo\u017enosti p\u0159ihl\u00e1\u0161en\u00ed do kategorie Skywalkers (31. b\u0159ezen 2016) Skywalkers: 7 a\u017e 13 let (\u017e\u00e1ci prvn\u00edho stupn\u011b Z\u0160, narozeni mezi 1.dubnem 2002 a 31.b\u0159eznem 2009) Pioneers: 14 a\u017e 18 let [&hellip;]\" \/>\n<meta property=\"og:url\" content=\"https:\/\/odysseus-contests.eu\/2016\/cs\/pravidla\/eligibility\/\" \/>\n<meta property=\"og:site_name\" content=\"ODYSSEUS II\" \/>\n<meta property=\"article:modified_time\" content=\"2015-08-10T10:25:58+00:00\" \/>\n<meta name=\"twitter:card\" content=\"summary_large_image\" \/>\n<meta name=\"twitter:label1\" content=\"Odhadovan\u00e1 doba \u010dten\u00ed\" \/>\n\t<meta name=\"twitter:data1\" content=\"2 minuty\" \/>\n<script type=\"application\/ld+json\" class=\"yoast-schema-graph\">{\"@context\":\"https:\/\/schema.org\",\"@graph\":[{\"@type\":\"WebPage\",\"@id\":\"https:\/\/odysseus-contests.eu\/2016\/cs\/pravidla\/eligibility\/\",\"url\":\"https:\/\/odysseus-contests.eu\/2016\/cs\/pravidla\/eligibility\/\",\"name\":\"Zp\u016fsobilost - ODYSSEUS II\",\"isPartOf\":{\"@id\":\"https:\/\/odysseus-contests.eu\/2016\/de\/#website\"},\"datePublished\":\"2015-07-25T19:52:22+00:00\",\"dateModified\":\"2015-08-10T10:25:58+00:00\",\"breadcrumb\":{\"@id\":\"https:\/\/odysseus-contests.eu\/2016\/cs\/pravidla\/eligibility\/#breadcrumb\"},\"inLanguage\":\"cs\",\"potentialAction\":[{\"@type\":\"ReadAction\",\"target\":[\"https:\/\/odysseus-contests.eu\/2016\/cs\/pravidla\/eligibility\/\"]}]},{\"@type\":\"BreadcrumbList\",\"@id\":\"https:\/\/odysseus-contests.eu\/2016\/cs\/pravidla\/eligibility\/#breadcrumb\",\"itemListElement\":[{\"@type\":\"ListItem\",\"position\":1,\"name\":\"Home\",\"item\":\"https:\/\/odysseus-contests.eu\/2016\/cs\/\"},{\"@type\":\"ListItem\",\"position\":2,\"name\":\"Pravidla\",\"item\":\"https:\/\/odysseus-contests.eu\/2016\/cs\/pravidla\/\"},{\"@type\":\"ListItem\",\"position\":3,\"name\":\"Zp\u016fsobilost\"}]},{\"@type\":\"WebSite\",\"@id\":\"https:\/\/odysseus-contests.eu\/2016\/de\/#website\",\"url\":\"https:\/\/odysseus-contests.eu\/2016\/de\/\",\"name\":\"ODYSSEUS II\",\"description\":\"European Youth Space Contest\",\"potentialAction\":[{\"@type\":\"SearchAction\",\"target\":{\"@type\":\"EntryPoint\",\"urlTemplate\":\"https:\/\/odysseus-contests.eu\/2016\/de\/?s={search_term_string}\"},\"query-input\":\"required name=search_term_string\"}],\"inLanguage\":\"cs\"}]}<\/script>\n<!-- \/ Yoast SEO plugin. -->","yoast_head_json":{"title":"Zp\u016fsobilost - ODYSSEUS II","robots":{"index":"index","follow":"follow","max-snippet":"max-snippet:-1","max-image-preview":"max-image-preview:large","max-video-preview":"max-video-preview:-1"},"canonical":"https:\/\/odysseus-contests.eu\/2016\/cs\/pravidla\/eligibility\/","og_locale":"cs_CZ","og_type":"article","og_title":"Zp\u016fsobilost - ODYSSEUS II","og_description":"Sout\u011b\u017e je otev\u0159ena pro \u017e\u00e1ky, st\u0159edo\u0161kolsk\u00e9 a vysoko\u0161kolsk\u00e9 studenty, kter\u00fdm je mezi 7 a 22 roky. Sout\u011b\u017e\u00edc\u00ed mus\u00ed nab\u00fdt v\u00fd\u0161e uveden\u00e9ho v\u011bku nejpozd\u011bji v posledn\u00ed den mo\u017enosti p\u0159ihl\u00e1\u0161en\u00ed do kategorie Skywalkers (31. b\u0159ezen 2016) Skywalkers: 7 a\u017e 13 let (\u017e\u00e1ci prvn\u00edho stupn\u011b Z\u0160, narozeni mezi 1.dubnem 2002 a 31.b\u0159eznem 2009) Pioneers: 14 a\u017e 18 let [&hellip;]","og_url":"https:\/\/odysseus-contests.eu\/2016\/cs\/pravidla\/eligibility\/","og_site_name":"ODYSSEUS II","article_modified_time":"2015-08-10T10:25:58+00:00","twitter_card":"summary_large_image","twitter_misc":{"Odhadovan\u00e1 doba \u010dten\u00ed":"2 minuty"},"schema":{"@context":"https:\/\/schema.org","@graph":[{"@type":"WebPage","@id":"https:\/\/odysseus-contests.eu\/2016\/cs\/pravidla\/eligibility\/","url":"https:\/\/odysseus-contests.eu\/2016\/cs\/pravidla\/eligibility\/","name":"Zp\u016fsobilost - ODYSSEUS II","isPartOf":{"@id":"https:\/\/odysseus-contests.eu\/2016\/de\/#website"},"datePublished":"2015-07-25T19:52:22+00:00","dateModified":"2015-08-10T10:25:58+00:00","breadcrumb":{"@id":"https:\/\/odysseus-contests.eu\/2016\/cs\/pravidla\/eligibility\/#breadcrumb"},"inLanguage":"cs","potentialAction":[{"@type":"ReadAction","target":["https:\/\/odysseus-contests.eu\/2016\/cs\/pravidla\/eligibility\/"]}]},{"@type":"BreadcrumbList","@id":"https:\/\/odysseus-contests.eu\/2016\/cs\/pravidla\/eligibility\/#breadcrumb","itemListElement":[{"@type":"ListItem","position":1,"name":"Home","item":"https:\/\/odysseus-contests.eu\/2016\/cs\/"},{"@type":"ListItem","position":2,"name":"Pravidla","item":"https:\/\/odysseus-contests.eu\/2016\/cs\/pravidla\/"},{"@type":"ListItem","position":3,"name":"Zp\u016fsobilost"}]},{"@type":"WebSite","@id":"https:\/\/odysseus-contests.eu\/2016\/de\/#website","url":"https:\/\/odysseus-contests.eu\/2016\/de\/","name":"ODYSSEUS II","description":"European Youth Space Contest","potentialAction":[{"@type":"SearchAction","target":{"@type":"EntryPoint","urlTemplate":"https:\/\/odysseus-contests.eu\/2016\/de\/?s={search_term_string}"},"query-input":"required name=search_term_string"}],"inLanguage":"cs"}]}},"_links":{"self":[{"href":"https:\/\/odysseus-contests.eu\/2016\/cs\/wp-json\/wp\/v2\/pages\/3243"}],"collection":[{"href":"https:\/\/odysseus-contests.eu\/2016\/cs\/wp-json\/wp\/v2\/pages"}],"about":[{"href":"https:\/\/odysseus-contests.eu\/2016\/cs\/wp-json\/wp\/v2\/types\/page"}],"author":[{"embeddable":true,"href":"https:\/\/odysseus-contests.eu\/2016\/cs\/wp-json\/wp\/v2\/users\/2"}],"replies":[{"embeddable":true,"href":"https:\/\/odysseus-contests.eu\/2016\/cs\/wp-json\/wp\/v2\/comments?post=3243"}],"version-history":[{"count":0,"href":"https:\/\/odysseus-contests.eu\/2016\/cs\/wp-json\/wp\/v2\/pages\/3243\/revisions"}],"up":[{"embeddable":true,"href":"https:\/\/odysseus-contests.eu\/2016\/cs\/wp-json\/wp\/v2\/pages\/3240"}],"wp:attachment":[{"href":"https:\/\/odysseus-contests.eu\/2016\/cs\/wp-json\/wp\/v2\/media?parent=3243"}],"curies":[{"name":"wp","href":"https:\/\/api.w.org\/{rel}","templated":true}]}}