{"id":3236,"date":"2015-08-26T14:35:30","date_gmt":"2015-08-26T11:35:30","guid":{"rendered":"http:\/\/odysseus-contests.eu\/2016\/?page_id=3236"},"modified":"2015-08-26T14:35:30","modified_gmt":"2015-08-26T11:35:30","slug":"evaluators","status":"publish","type":"page","link":"https:\/\/odysseus-contests.eu\/2016\/cs\/zdroje\/evaluators\/","title":{"rendered":"Hodnotitel\u00e9"},"content":{"rendered":"<p>V\u0161echny p\u0159\u00edsp\u011bvky budou posouzeny n\u00e1rodn\u00edm panelem porotc\u016f, kter\u00fd je slo\u017een z velmi zku\u0161en\u00fdch hodnotitel\u016f. Ka\u017ed\u00fd n\u00e1rodn\u00ed panel porotc\u016f se skl\u00e1d\u00e1 z u\u010ditel\u016f v\u011bdy, expert\u016f na v\u00fdzkum vesm\u00edru a z\u00a0profesion\u00e1ln\u00edch odborn\u00edk\u016f ze st\u0159edn\u00edch \u0161kol, vysok\u00fdch \u0161kol a univerzit, nebo z dal\u0161\u00edch vzd\u011bl\u00e1vac\u00edch instituc\u00ed a program\u016f se zam\u011b\u0159en\u00edm na v\u011bdu.<\/p>\n<p>Porotci v\u00a0region\u00e1ln\u00edm semifin\u00e1le budou takt\u00e9\u017e dobrovoln\u00edci se zku\u0161enostmi ve v\u00fdzkumu vesm\u00edru, in\u017een\u00fdrstv\u00ed nebo vzd\u011bl\u00e1v\u00e1n\u00ed. Jejich cestovn\u00ed n\u00e1klady pro \u00fa\u010dast na region\u00e1ln\u00edm semifin\u00e1le a celoevropsk\u00e9m fin\u00e1le budou uhrazeny projektem Odysseus II.<\/p>\n<p>Mezin\u00e1rodn\u00ed v\u011bdeck\u00e1 komise se bude skl\u00e1dat z expert\u016f na v\u00fdzkum vesm\u00edru a z profesion\u00e1l\u016f ve vzd\u011bl\u00e1v\u00e1n\u00ed se zku\u0161enostmi s v\u011bdou. Vedouc\u00ed t\u00fdm\u016f registrovan\u00fdch v sout\u011b\u017ei Odysseus nem\u016f\u017eou b\u00fdt sou\u010dasn\u011b porotci.<\/p>\n","protected":false},"excerpt":{"rendered":"<p>V\u0161echny p\u0159\u00edsp\u011bvky budou posouzeny n\u00e1rodn\u00edm panelem porotc\u016f, kter\u00fd je slo\u017een z velmi zku\u0161en\u00fdch hodnotitel\u016f. Ka\u017ed\u00fd n\u00e1rodn\u00ed panel porotc\u016f se skl\u00e1d\u00e1 z u\u010ditel\u016f v\u011bdy, expert\u016f na v\u00fdzkum vesm\u00edru a z\u00a0profesion\u00e1ln\u00edch odborn\u00edk\u016f ze st\u0159edn\u00edch \u0161kol, vysok\u00fdch \u0161kol a univerzit, nebo z dal\u0161\u00edch vzd\u011bl\u00e1vac\u00edch instituc\u00ed a program\u016f se zam\u011b\u0159en\u00edm na v\u011bdu. Porotci v\u00a0region\u00e1ln\u00edm semifin\u00e1le budou takt\u00e9\u017e dobrovoln\u00edci se [&hellip;]<\/p>\n","protected":false},"author":2,"featured_media":0,"parent":3232,"menu_order":0,"comment_status":"closed","ping_status":"closed","template":"template_evaluators.php","meta":[],"acf":[],"yoast_head":"<!-- This site is optimized with the Yoast SEO plugin v19.14 - https:\/\/yoast.com\/wordpress\/plugins\/seo\/ -->\n<title>Hodnotitel\u00e9 - ODYSSEUS II<\/title>\n<meta name=\"robots\" content=\"index, follow, max-snippet:-1, max-image-preview:large, max-video-preview:-1\" \/>\n<link rel=\"canonical\" href=\"https:\/\/odysseus-contests.eu\/2016\/cs\/zdroje\/evaluators\/\" \/>\n<meta property=\"og:locale\" content=\"cs_CZ\" \/>\n<meta property=\"og:type\" content=\"article\" \/>\n<meta property=\"og:title\" content=\"Hodnotitel\u00e9 - ODYSSEUS II\" \/>\n<meta property=\"og:description\" content=\"V\u0161echny p\u0159\u00edsp\u011bvky budou posouzeny n\u00e1rodn\u00edm panelem porotc\u016f, kter\u00fd je slo\u017een z velmi zku\u0161en\u00fdch hodnotitel\u016f. Ka\u017ed\u00fd n\u00e1rodn\u00ed panel porotc\u016f se skl\u00e1d\u00e1 z u\u010ditel\u016f v\u011bdy, expert\u016f na v\u00fdzkum vesm\u00edru a z\u00a0profesion\u00e1ln\u00edch odborn\u00edk\u016f ze st\u0159edn\u00edch \u0161kol, vysok\u00fdch \u0161kol a univerzit, nebo z dal\u0161\u00edch vzd\u011bl\u00e1vac\u00edch instituc\u00ed a program\u016f se zam\u011b\u0159en\u00edm na v\u011bdu. Porotci v\u00a0region\u00e1ln\u00edm semifin\u00e1le budou takt\u00e9\u017e dobrovoln\u00edci se [&hellip;]\" \/>\n<meta property=\"og:url\" content=\"https:\/\/odysseus-contests.eu\/2016\/cs\/zdroje\/evaluators\/\" \/>\n<meta property=\"og:site_name\" content=\"ODYSSEUS II\" \/>\n<meta name=\"twitter:card\" content=\"summary_large_image\" \/>\n<meta name=\"twitter:label1\" content=\"Odhadovan\u00e1 doba \u010dten\u00ed\" \/>\n\t<meta name=\"twitter:data1\" content=\"1 minuta\" \/>\n<script type=\"application\/ld+json\" class=\"yoast-schema-graph\">{\"@context\":\"https:\/\/schema.org\",\"@graph\":[{\"@type\":\"WebPage\",\"@id\":\"https:\/\/odysseus-contests.eu\/2016\/cs\/zdroje\/evaluators\/\",\"url\":\"https:\/\/odysseus-contests.eu\/2016\/cs\/zdroje\/evaluators\/\",\"name\":\"Hodnotitel\u00e9 - ODYSSEUS II\",\"isPartOf\":{\"@id\":\"https:\/\/odysseus-contests.eu\/2016\/de\/#website\"},\"datePublished\":\"2015-08-26T11:35:30+00:00\",\"dateModified\":\"2015-08-26T11:35:30+00:00\",\"breadcrumb\":{\"@id\":\"https:\/\/odysseus-contests.eu\/2016\/cs\/zdroje\/evaluators\/#breadcrumb\"},\"inLanguage\":\"cs\",\"potentialAction\":[{\"@type\":\"ReadAction\",\"target\":[\"https:\/\/odysseus-contests.eu\/2016\/cs\/zdroje\/evaluators\/\"]}]},{\"@type\":\"BreadcrumbList\",\"@id\":\"https:\/\/odysseus-contests.eu\/2016\/cs\/zdroje\/evaluators\/#breadcrumb\",\"itemListElement\":[{\"@type\":\"ListItem\",\"position\":1,\"name\":\"Home\",\"item\":\"https:\/\/odysseus-contests.eu\/2016\/cs\/\"},{\"@type\":\"ListItem\",\"position\":2,\"name\":\"Zdroje\",\"item\":\"https:\/\/odysseus-contests.eu\/2016\/cs\/zdroje\/\"},{\"@type\":\"ListItem\",\"position\":3,\"name\":\"Hodnotitel\u00e9\"}]},{\"@type\":\"WebSite\",\"@id\":\"https:\/\/odysseus-contests.eu\/2016\/de\/#website\",\"url\":\"https:\/\/odysseus-contests.eu\/2016\/de\/\",\"name\":\"ODYSSEUS II\",\"description\":\"European Youth Space Contest\",\"potentialAction\":[{\"@type\":\"SearchAction\",\"target\":{\"@type\":\"EntryPoint\",\"urlTemplate\":\"https:\/\/odysseus-contests.eu\/2016\/de\/?s={search_term_string}\"},\"query-input\":\"required name=search_term_string\"}],\"inLanguage\":\"cs\"}]}<\/script>\n<!-- \/ Yoast SEO plugin. -->","yoast_head_json":{"title":"Hodnotitel\u00e9 - ODYSSEUS II","robots":{"index":"index","follow":"follow","max-snippet":"max-snippet:-1","max-image-preview":"max-image-preview:large","max-video-preview":"max-video-preview:-1"},"canonical":"https:\/\/odysseus-contests.eu\/2016\/cs\/zdroje\/evaluators\/","og_locale":"cs_CZ","og_type":"article","og_title":"Hodnotitel\u00e9 - ODYSSEUS II","og_description":"V\u0161echny p\u0159\u00edsp\u011bvky budou posouzeny n\u00e1rodn\u00edm panelem porotc\u016f, kter\u00fd je slo\u017een z velmi zku\u0161en\u00fdch hodnotitel\u016f. Ka\u017ed\u00fd n\u00e1rodn\u00ed panel porotc\u016f se skl\u00e1d\u00e1 z u\u010ditel\u016f v\u011bdy, expert\u016f na v\u00fdzkum vesm\u00edru a z\u00a0profesion\u00e1ln\u00edch odborn\u00edk\u016f ze st\u0159edn\u00edch \u0161kol, vysok\u00fdch \u0161kol a univerzit, nebo z dal\u0161\u00edch vzd\u011bl\u00e1vac\u00edch instituc\u00ed a program\u016f se zam\u011b\u0159en\u00edm na v\u011bdu. Porotci v\u00a0region\u00e1ln\u00edm semifin\u00e1le budou takt\u00e9\u017e dobrovoln\u00edci se [&hellip;]","og_url":"https:\/\/odysseus-contests.eu\/2016\/cs\/zdroje\/evaluators\/","og_site_name":"ODYSSEUS II","twitter_card":"summary_large_image","twitter_misc":{"Odhadovan\u00e1 doba \u010dten\u00ed":"1 minuta"},"schema":{"@context":"https:\/\/schema.org","@graph":[{"@type":"WebPage","@id":"https:\/\/odysseus-contests.eu\/2016\/cs\/zdroje\/evaluators\/","url":"https:\/\/odysseus-contests.eu\/2016\/cs\/zdroje\/evaluators\/","name":"Hodnotitel\u00e9 - ODYSSEUS II","isPartOf":{"@id":"https:\/\/odysseus-contests.eu\/2016\/de\/#website"},"datePublished":"2015-08-26T11:35:30+00:00","dateModified":"2015-08-26T11:35:30+00:00","breadcrumb":{"@id":"https:\/\/odysseus-contests.eu\/2016\/cs\/zdroje\/evaluators\/#breadcrumb"},"inLanguage":"cs","potentialAction":[{"@type":"ReadAction","target":["https:\/\/odysseus-contests.eu\/2016\/cs\/zdroje\/evaluators\/"]}]},{"@type":"BreadcrumbList","@id":"https:\/\/odysseus-contests.eu\/2016\/cs\/zdroje\/evaluators\/#breadcrumb","itemListElement":[{"@type":"ListItem","position":1,"name":"Home","item":"https:\/\/odysseus-contests.eu\/2016\/cs\/"},{"@type":"ListItem","position":2,"name":"Zdroje","item":"https:\/\/odysseus-contests.eu\/2016\/cs\/zdroje\/"},{"@type":"ListItem","position":3,"name":"Hodnotitel\u00e9"}]},{"@type":"WebSite","@id":"https:\/\/odysseus-contests.eu\/2016\/de\/#website","url":"https:\/\/odysseus-contests.eu\/2016\/de\/","name":"ODYSSEUS II","description":"European Youth Space Contest","potentialAction":[{"@type":"SearchAction","target":{"@type":"EntryPoint","urlTemplate":"https:\/\/odysseus-contests.eu\/2016\/de\/?s={search_term_string}"},"query-input":"required name=search_term_string"}],"inLanguage":"cs"}]}},"_links":{"self":[{"href":"https:\/\/odysseus-contests.eu\/2016\/cs\/wp-json\/wp\/v2\/pages\/3236"}],"collection":[{"href":"https:\/\/odysseus-contests.eu\/2016\/cs\/wp-json\/wp\/v2\/pages"}],"about":[{"href":"https:\/\/odysseus-contests.eu\/2016\/cs\/wp-json\/wp\/v2\/types\/page"}],"author":[{"embeddable":true,"href":"https:\/\/odysseus-contests.eu\/2016\/cs\/wp-json\/wp\/v2\/users\/2"}],"replies":[{"embeddable":true,"href":"https:\/\/odysseus-contests.eu\/2016\/cs\/wp-json\/wp\/v2\/comments?post=3236"}],"version-history":[{"count":0,"href":"https:\/\/odysseus-contests.eu\/2016\/cs\/wp-json\/wp\/v2\/pages\/3236\/revisions"}],"up":[{"embeddable":true,"href":"https:\/\/odysseus-contests.eu\/2016\/cs\/wp-json\/wp\/v2\/pages\/3232"}],"wp:attachment":[{"href":"https:\/\/odysseus-contests.eu\/2016\/cs\/wp-json\/wp\/v2\/media?parent=3236"}],"curies":[{"name":"wp","href":"https:\/\/api.w.org\/{rel}","templated":true}]}}