{"id":3235,"date":"2015-08-26T14:37:22","date_gmt":"2015-08-26T11:37:22","guid":{"rendered":"http:\/\/odysseus-contests.eu\/2016\/?page_id=3235"},"modified":"2015-08-26T14:37:22","modified_gmt":"2015-08-26T11:37:22","slug":"submitted-entries","status":"publish","type":"page","link":"https:\/\/odysseus-contests.eu\/2016\/cs\/zdroje\/submitted-entries\/","title":{"rendered":"Odevzdan\u00e9 p\u0159\u00edsp\u011bvky"},"content":{"rendered":"<p>V\u0161echny p\u0159\u00edsp\u011bvky budou vystaveny na str\u00e1nk\u00e1ch Odysseus po uzav\u0159en\u00ed odevzd\u00e1v\u00e1n\u00ed pr\u00e1c\u00ed (\u00fanor 2016).<\/p>\n<p><em>\u00a0<\/em><\/p>\n","protected":false},"excerpt":{"rendered":"<p>V\u0161echny p\u0159\u00edsp\u011bvky budou vystaveny na str\u00e1nk\u00e1ch Odysseus po uzav\u0159en\u00ed odevzd\u00e1v\u00e1n\u00ed pr\u00e1c\u00ed (\u00fanor 2016). \u00a0<\/p>\n","protected":false},"author":2,"featured_media":0,"parent":3232,"menu_order":0,"comment_status":"closed","ping_status":"closed","template":"","meta":[],"acf":[],"yoast_head":"<!-- This site is optimized with the Yoast SEO plugin v19.14 - https:\/\/yoast.com\/wordpress\/plugins\/seo\/ -->\n<title>Odevzdan\u00e9 p\u0159\u00edsp\u011bvky - ODYSSEUS II<\/title>\n<meta name=\"robots\" content=\"index, follow, max-snippet:-1, max-image-preview:large, max-video-preview:-1\" \/>\n<link rel=\"canonical\" href=\"https:\/\/odysseus-contests.eu\/2016\/cs\/zdroje\/submitted-entries\/\" \/>\n<meta property=\"og:locale\" content=\"cs_CZ\" \/>\n<meta property=\"og:type\" content=\"article\" \/>\n<meta property=\"og:title\" content=\"Odevzdan\u00e9 p\u0159\u00edsp\u011bvky - ODYSSEUS II\" \/>\n<meta property=\"og:description\" content=\"V\u0161echny p\u0159\u00edsp\u011bvky budou vystaveny na str\u00e1nk\u00e1ch Odysseus po uzav\u0159en\u00ed odevzd\u00e1v\u00e1n\u00ed pr\u00e1c\u00ed (\u00fanor 2016). \u00a0\" \/>\n<meta property=\"og:url\" content=\"https:\/\/odysseus-contests.eu\/2016\/cs\/zdroje\/submitted-entries\/\" \/>\n<meta property=\"og:site_name\" content=\"ODYSSEUS II\" \/>\n<meta name=\"twitter:card\" content=\"summary_large_image\" \/>\n<script type=\"application\/ld+json\" class=\"yoast-schema-graph\">{\"@context\":\"https:\/\/schema.org\",\"@graph\":[{\"@type\":\"WebPage\",\"@id\":\"https:\/\/odysseus-contests.eu\/2016\/cs\/zdroje\/submitted-entries\/\",\"url\":\"https:\/\/odysseus-contests.eu\/2016\/cs\/zdroje\/submitted-entries\/\",\"name\":\"Odevzdan\u00e9 p\u0159\u00edsp\u011bvky - ODYSSEUS II\",\"isPartOf\":{\"@id\":\"https:\/\/odysseus-contests.eu\/2016\/de\/#website\"},\"datePublished\":\"2015-08-26T11:37:22+00:00\",\"dateModified\":\"2015-08-26T11:37:22+00:00\",\"breadcrumb\":{\"@id\":\"https:\/\/odysseus-contests.eu\/2016\/cs\/zdroje\/submitted-entries\/#breadcrumb\"},\"inLanguage\":\"cs\",\"potentialAction\":[{\"@type\":\"ReadAction\",\"target\":[\"https:\/\/odysseus-contests.eu\/2016\/cs\/zdroje\/submitted-entries\/\"]}]},{\"@type\":\"BreadcrumbList\",\"@id\":\"https:\/\/odysseus-contests.eu\/2016\/cs\/zdroje\/submitted-entries\/#breadcrumb\",\"itemListElement\":[{\"@type\":\"ListItem\",\"position\":1,\"name\":\"Home\",\"item\":\"https:\/\/odysseus-contests.eu\/2016\/cs\/\"},{\"@type\":\"ListItem\",\"position\":2,\"name\":\"Zdroje\",\"item\":\"https:\/\/odysseus-contests.eu\/2016\/cs\/zdroje\/\"},{\"@type\":\"ListItem\",\"position\":3,\"name\":\"Odevzdan\u00e9 p\u0159\u00edsp\u011bvky\"}]},{\"@type\":\"WebSite\",\"@id\":\"https:\/\/odysseus-contests.eu\/2016\/de\/#website\",\"url\":\"https:\/\/odysseus-contests.eu\/2016\/de\/\",\"name\":\"ODYSSEUS II\",\"description\":\"European Youth Space Contest\",\"potentialAction\":[{\"@type\":\"SearchAction\",\"target\":{\"@type\":\"EntryPoint\",\"urlTemplate\":\"https:\/\/odysseus-contests.eu\/2016\/de\/?s={search_term_string}\"},\"query-input\":\"required name=search_term_string\"}],\"inLanguage\":\"cs\"}]}<\/script>\n<!-- \/ Yoast SEO plugin. -->","yoast_head_json":{"title":"Odevzdan\u00e9 p\u0159\u00edsp\u011bvky - ODYSSEUS II","robots":{"index":"index","follow":"follow","max-snippet":"max-snippet:-1","max-image-preview":"max-image-preview:large","max-video-preview":"max-video-preview:-1"},"canonical":"https:\/\/odysseus-contests.eu\/2016\/cs\/zdroje\/submitted-entries\/","og_locale":"cs_CZ","og_type":"article","og_title":"Odevzdan\u00e9 p\u0159\u00edsp\u011bvky - ODYSSEUS II","og_description":"V\u0161echny p\u0159\u00edsp\u011bvky budou vystaveny na str\u00e1nk\u00e1ch Odysseus po uzav\u0159en\u00ed odevzd\u00e1v\u00e1n\u00ed pr\u00e1c\u00ed (\u00fanor 2016). \u00a0","og_url":"https:\/\/odysseus-contests.eu\/2016\/cs\/zdroje\/submitted-entries\/","og_site_name":"ODYSSEUS II","twitter_card":"summary_large_image","schema":{"@context":"https:\/\/schema.org","@graph":[{"@type":"WebPage","@id":"https:\/\/odysseus-contests.eu\/2016\/cs\/zdroje\/submitted-entries\/","url":"https:\/\/odysseus-contests.eu\/2016\/cs\/zdroje\/submitted-entries\/","name":"Odevzdan\u00e9 p\u0159\u00edsp\u011bvky - ODYSSEUS II","isPartOf":{"@id":"https:\/\/odysseus-contests.eu\/2016\/de\/#website"},"datePublished":"2015-08-26T11:37:22+00:00","dateModified":"2015-08-26T11:37:22+00:00","breadcrumb":{"@id":"https:\/\/odysseus-contests.eu\/2016\/cs\/zdroje\/submitted-entries\/#breadcrumb"},"inLanguage":"cs","potentialAction":[{"@type":"ReadAction","target":["https:\/\/odysseus-contests.eu\/2016\/cs\/zdroje\/submitted-entries\/"]}]},{"@type":"BreadcrumbList","@id":"https:\/\/odysseus-contests.eu\/2016\/cs\/zdroje\/submitted-entries\/#breadcrumb","itemListElement":[{"@type":"ListItem","position":1,"name":"Home","item":"https:\/\/odysseus-contests.eu\/2016\/cs\/"},{"@type":"ListItem","position":2,"name":"Zdroje","item":"https:\/\/odysseus-contests.eu\/2016\/cs\/zdroje\/"},{"@type":"ListItem","position":3,"name":"Odevzdan\u00e9 p\u0159\u00edsp\u011bvky"}]},{"@type":"WebSite","@id":"https:\/\/odysseus-contests.eu\/2016\/de\/#website","url":"https:\/\/odysseus-contests.eu\/2016\/de\/","name":"ODYSSEUS II","description":"European Youth Space Contest","potentialAction":[{"@type":"SearchAction","target":{"@type":"EntryPoint","urlTemplate":"https:\/\/odysseus-contests.eu\/2016\/de\/?s={search_term_string}"},"query-input":"required name=search_term_string"}],"inLanguage":"cs"}]}},"_links":{"self":[{"href":"https:\/\/odysseus-contests.eu\/2016\/cs\/wp-json\/wp\/v2\/pages\/3235"}],"collection":[{"href":"https:\/\/odysseus-contests.eu\/2016\/cs\/wp-json\/wp\/v2\/pages"}],"about":[{"href":"https:\/\/odysseus-contests.eu\/2016\/cs\/wp-json\/wp\/v2\/types\/page"}],"author":[{"embeddable":true,"href":"https:\/\/odysseus-contests.eu\/2016\/cs\/wp-json\/wp\/v2\/users\/2"}],"replies":[{"embeddable":true,"href":"https:\/\/odysseus-contests.eu\/2016\/cs\/wp-json\/wp\/v2\/comments?post=3235"}],"version-history":[{"count":0,"href":"https:\/\/odysseus-contests.eu\/2016\/cs\/wp-json\/wp\/v2\/pages\/3235\/revisions"}],"up":[{"embeddable":true,"href":"https:\/\/odysseus-contests.eu\/2016\/cs\/wp-json\/wp\/v2\/pages\/3232"}],"wp:attachment":[{"href":"https:\/\/odysseus-contests.eu\/2016\/cs\/wp-json\/wp\/v2\/media?parent=3235"}],"curies":[{"name":"wp","href":"https:\/\/api.w.org\/{rel}","templated":true}]}}