{"id":3211,"date":"2015-07-25T22:28:07","date_gmt":"2015-07-25T19:28:07","guid":{"rendered":"http:\/\/odysseus-contests.eu\/2016\/?page_id=3211"},"modified":"2015-07-25T22:28:07","modified_gmt":"2015-07-25T19:28:07","slug":"zdroje","status":"publish","type":"page","link":"https:\/\/odysseus-contests.eu\/2016\/cs\/pioneers-5\/zdroje\/","title":{"rendered":"Zdroje"},"content":{"rendered":"<h4><strong>Slune\u010dn\u00ed soustava a vesm\u00edrn\u00fd v\u00fdzkum<\/strong><\/h4>\n<p><em>Ji\u017e brzy <\/em><\/p>\n<h4><strong>Evropa ve vesm\u00edrn\u00fdch mis\u00edch<\/strong><\/h4>\n<p><em>Ji\u017e brzy <\/em><\/p>\n<h4><strong>Lid\u00e9 na Marsu<\/strong><\/h4>\n<p><em>Ji\u017e brzy<\/em><\/p>\n<h4><strong>Astrobiologie \u2013 hled\u00e1n\u00ed \u017eivota ve vesm\u00edru <\/strong><\/h4>\n<p><em>Ji\u017e brzy<\/em><\/p>\n","protected":false},"excerpt":{"rendered":"<p>Slune\u010dn\u00ed soustava a vesm\u00edrn\u00fd v\u00fdzkum Ji\u017e brzy Evropa ve vesm\u00edrn\u00fdch mis\u00edch Ji\u017e brzy Lid\u00e9 na Marsu Ji\u017e brzy Astrobiologie \u2013 hled\u00e1n\u00ed \u017eivota ve vesm\u00edru Ji\u017e brzy<\/p>\n","protected":false},"author":2,"featured_media":0,"parent":3198,"menu_order":70,"comment_status":"closed","ping_status":"closed","template":"","meta":[],"acf":[],"yoast_head":"<!-- This site is optimized with the Yoast SEO plugin v19.14 - https:\/\/yoast.com\/wordpress\/plugins\/seo\/ -->\n<title>Zdroje - ODYSSEUS II<\/title>\n<meta name=\"robots\" content=\"index, follow, max-snippet:-1, max-image-preview:large, max-video-preview:-1\" \/>\n<link rel=\"canonical\" href=\"https:\/\/odysseus-contests.eu\/2016\/cs\/pioneers-5\/zdroje\/\" \/>\n<meta property=\"og:locale\" content=\"cs_CZ\" \/>\n<meta property=\"og:type\" content=\"article\" \/>\n<meta property=\"og:title\" content=\"Zdroje - ODYSSEUS II\" \/>\n<meta property=\"og:description\" content=\"Slune\u010dn\u00ed soustava a vesm\u00edrn\u00fd v\u00fdzkum Ji\u017e brzy Evropa ve vesm\u00edrn\u00fdch mis\u00edch Ji\u017e brzy Lid\u00e9 na Marsu Ji\u017e brzy Astrobiologie \u2013 hled\u00e1n\u00ed \u017eivota ve vesm\u00edru Ji\u017e brzy\" \/>\n<meta property=\"og:url\" content=\"https:\/\/odysseus-contests.eu\/2016\/cs\/pioneers-5\/zdroje\/\" \/>\n<meta property=\"og:site_name\" content=\"ODYSSEUS II\" \/>\n<meta name=\"twitter:card\" content=\"summary_large_image\" \/>\n<script type=\"application\/ld+json\" class=\"yoast-schema-graph\">{\"@context\":\"https:\/\/schema.org\",\"@graph\":[{\"@type\":\"WebPage\",\"@id\":\"https:\/\/odysseus-contests.eu\/2016\/cs\/pioneers-5\/zdroje\/\",\"url\":\"https:\/\/odysseus-contests.eu\/2016\/cs\/pioneers-5\/zdroje\/\",\"name\":\"Zdroje - ODYSSEUS II\",\"isPartOf\":{\"@id\":\"https:\/\/odysseus-contests.eu\/2016\/de\/#website\"},\"datePublished\":\"2015-07-25T19:28:07+00:00\",\"dateModified\":\"2015-07-25T19:28:07+00:00\",\"breadcrumb\":{\"@id\":\"https:\/\/odysseus-contests.eu\/2016\/cs\/pioneers-5\/zdroje\/#breadcrumb\"},\"inLanguage\":\"cs\",\"potentialAction\":[{\"@type\":\"ReadAction\",\"target\":[\"https:\/\/odysseus-contests.eu\/2016\/cs\/pioneers-5\/zdroje\/\"]}]},{\"@type\":\"BreadcrumbList\",\"@id\":\"https:\/\/odysseus-contests.eu\/2016\/cs\/pioneers-5\/zdroje\/#breadcrumb\",\"itemListElement\":[{\"@type\":\"ListItem\",\"position\":1,\"name\":\"Home\",\"item\":\"https:\/\/odysseus-contests.eu\/2016\/cs\/\"},{\"@type\":\"ListItem\",\"position\":2,\"name\":\"Pioneers\",\"item\":\"https:\/\/odysseus-contests.eu\/2016\/cs\/pioneers-5\/\"},{\"@type\":\"ListItem\",\"position\":3,\"name\":\"Zdroje\"}]},{\"@type\":\"WebSite\",\"@id\":\"https:\/\/odysseus-contests.eu\/2016\/de\/#website\",\"url\":\"https:\/\/odysseus-contests.eu\/2016\/de\/\",\"name\":\"ODYSSEUS II\",\"description\":\"European Youth Space Contest\",\"potentialAction\":[{\"@type\":\"SearchAction\",\"target\":{\"@type\":\"EntryPoint\",\"urlTemplate\":\"https:\/\/odysseus-contests.eu\/2016\/de\/?s={search_term_string}\"},\"query-input\":\"required name=search_term_string\"}],\"inLanguage\":\"cs\"}]}<\/script>\n<!-- \/ Yoast SEO plugin. -->","yoast_head_json":{"title":"Zdroje - ODYSSEUS II","robots":{"index":"index","follow":"follow","max-snippet":"max-snippet:-1","max-image-preview":"max-image-preview:large","max-video-preview":"max-video-preview:-1"},"canonical":"https:\/\/odysseus-contests.eu\/2016\/cs\/pioneers-5\/zdroje\/","og_locale":"cs_CZ","og_type":"article","og_title":"Zdroje - ODYSSEUS II","og_description":"Slune\u010dn\u00ed soustava a vesm\u00edrn\u00fd v\u00fdzkum Ji\u017e brzy Evropa ve vesm\u00edrn\u00fdch mis\u00edch Ji\u017e brzy Lid\u00e9 na Marsu Ji\u017e brzy Astrobiologie \u2013 hled\u00e1n\u00ed \u017eivota ve vesm\u00edru Ji\u017e brzy","og_url":"https:\/\/odysseus-contests.eu\/2016\/cs\/pioneers-5\/zdroje\/","og_site_name":"ODYSSEUS II","twitter_card":"summary_large_image","schema":{"@context":"https:\/\/schema.org","@graph":[{"@type":"WebPage","@id":"https:\/\/odysseus-contests.eu\/2016\/cs\/pioneers-5\/zdroje\/","url":"https:\/\/odysseus-contests.eu\/2016\/cs\/pioneers-5\/zdroje\/","name":"Zdroje - ODYSSEUS II","isPartOf":{"@id":"https:\/\/odysseus-contests.eu\/2016\/de\/#website"},"datePublished":"2015-07-25T19:28:07+00:00","dateModified":"2015-07-25T19:28:07+00:00","breadcrumb":{"@id":"https:\/\/odysseus-contests.eu\/2016\/cs\/pioneers-5\/zdroje\/#breadcrumb"},"inLanguage":"cs","potentialAction":[{"@type":"ReadAction","target":["https:\/\/odysseus-contests.eu\/2016\/cs\/pioneers-5\/zdroje\/"]}]},{"@type":"BreadcrumbList","@id":"https:\/\/odysseus-contests.eu\/2016\/cs\/pioneers-5\/zdroje\/#breadcrumb","itemListElement":[{"@type":"ListItem","position":1,"name":"Home","item":"https:\/\/odysseus-contests.eu\/2016\/cs\/"},{"@type":"ListItem","position":2,"name":"Pioneers","item":"https:\/\/odysseus-contests.eu\/2016\/cs\/pioneers-5\/"},{"@type":"ListItem","position":3,"name":"Zdroje"}]},{"@type":"WebSite","@id":"https:\/\/odysseus-contests.eu\/2016\/de\/#website","url":"https:\/\/odysseus-contests.eu\/2016\/de\/","name":"ODYSSEUS II","description":"European Youth Space Contest","potentialAction":[{"@type":"SearchAction","target":{"@type":"EntryPoint","urlTemplate":"https:\/\/odysseus-contests.eu\/2016\/de\/?s={search_term_string}"},"query-input":"required name=search_term_string"}],"inLanguage":"cs"}]}},"_links":{"self":[{"href":"https:\/\/odysseus-contests.eu\/2016\/cs\/wp-json\/wp\/v2\/pages\/3211"}],"collection":[{"href":"https:\/\/odysseus-contests.eu\/2016\/cs\/wp-json\/wp\/v2\/pages"}],"about":[{"href":"https:\/\/odysseus-contests.eu\/2016\/cs\/wp-json\/wp\/v2\/types\/page"}],"author":[{"embeddable":true,"href":"https:\/\/odysseus-contests.eu\/2016\/cs\/wp-json\/wp\/v2\/users\/2"}],"replies":[{"embeddable":true,"href":"https:\/\/odysseus-contests.eu\/2016\/cs\/wp-json\/wp\/v2\/comments?post=3211"}],"version-history":[{"count":0,"href":"https:\/\/odysseus-contests.eu\/2016\/cs\/wp-json\/wp\/v2\/pages\/3211\/revisions"}],"up":[{"embeddable":true,"href":"https:\/\/odysseus-contests.eu\/2016\/cs\/wp-json\/wp\/v2\/pages\/3198"}],"wp:attachment":[{"href":"https:\/\/odysseus-contests.eu\/2016\/cs\/wp-json\/wp\/v2\/media?parent=3211"}],"curies":[{"name":"wp","href":"https:\/\/api.w.org\/{rel}","templated":true}]}}