{"id":3205,"date":"2015-07-25T22:18:05","date_gmt":"2015-07-25T19:18:05","guid":{"rendered":"http:\/\/odysseus-contests.eu\/2016\/?page_id=3205"},"modified":"2015-09-29T21:38:20","modified_gmt":"2015-09-29T18:38:20","slug":"rules","status":"publish","type":"page","link":"https:\/\/odysseus-contests.eu\/2016\/cs\/pioneers-5\/rules\/","title":{"rendered":"Pravidla"},"content":{"rendered":"<ul>\n<li>Sout\u011b\u017ee se mohou z\u00fa\u010dastnit student od 14 do 18 let. To zahrnuje \u017e\u00e1ky narozen\u00e9 mezi 1. dubnem 1997 a 31. b\u0159eznem 2002 (v\u010detn\u011b).<\/li>\n<li>\u201ePioneers\u201c pracuj\u00ed v\u00a0t\u00fdmech o dvou (2) a\u017e t\u0159ech (3) \u010dlenech, veden\u00fdch jedn\u00edm u\u010ditelem\/vedouc\u00edm. \u017d\u00e1ci v\u00a0r\u00e1mci jednoho t\u00fdmu mohou b\u00fdt z\u00a0r\u016fzn\u00fdch \u0161kol ve stejn\u00e9 zemi nebo z\u00a0r\u016fzn\u00fdch t\u0159\u00edd\/ro\u010dn\u00edk\u016f ze stejn\u00e9 \u0161koly. Mus\u00ed b\u00fdt ale respektov\u00e1no v\u011bkov\u00e9 krit\u00e9rium. Ka\u017ed\u00fd t\u00fdm m\u016f\u017ee m\u00edt tak\u00e9 <a href=\"http:\/\/odysseus-contests.eu\/2016\/cs\/zdroje\/sit-mentoru\/\" target=\"_blank\">mentora<\/a>\/poradce, kter\u00fd je bude v\u00e9st technicky nebo v\u011bdecky.<\/li>\n<li>Ka\u017ed\u00fd t\u00fdm v kategorii \u201ePioneers\u201c mus\u00ed m\u00edt u\u010ditele\/vedouc\u00edho, kter\u00fd bude m\u00edt na starost registraci a odevzd\u00e1n\u00ed projektu, povede t\u00fdm b\u011bhem pr\u00e1ce na projektu a p\u0159\u00edpadn\u011b i b\u011bhem cesty na region\u00e1ln\u00ed semifin\u00e1le a celoevropsk\u00e9 fin\u00e1le.<\/li>\n<li>Ka\u017ed\u00fd t\u00fdm m\u016f\u017ee odevzdat pouze jeden projekt a ka\u017ed\u00fd sout\u011b\u017e\u00edc\u00ed m\u016f\u017ee sout\u011b\u017eit pouze v\u00a0jednom t\u00fdmu.<\/li>\n<li>T\u00fdmy by m\u011bly zvolit unik\u00e1tn\u00ed, identifikuj\u00edc\u00ed n\u00e1zev, kter\u00fd odr\u00e1\u017e\u00ed vzd\u011bl\u00e1vac\u00ed, v\u011bdeck\u00e9 nebo spole\u010densk\u00e9 c\u00edle sout\u011b\u017ee.<\/li>\n<li>V\u0161ichni sout\u011b\u017e\u00edc\u00ed nebo t\u00fdmy mus\u00ed odevzdat origin\u00e1ln\u00ed projekt t\u00fdkaj\u00edc\u00ed se vesm\u00edrn\u00e9ho v\u00fdzkumu na jedno z t\u00e9mat specifikovan\u00fdch pro jejich v\u011bkovou kategorii.<\/li>\n<li>Sout\u011b\u017e\u00edc\u00ed v\u00a0kategorii \u201ePioneers\u201c mohou odevzdat sv\u016fj sout\u011b\u017en\u00ed p\u0159\u00edsp\u011bvek elektronicky mezi 1. z\u00e1\u0159\u00edm 2015 a 15. lednem 2016.<\/li>\n<li>V\u0161echny p\u0159\u00edsp\u011bvky mus\u00ed b\u00fdt vlastn\u00ed prac\u00ed sout\u011b\u017e\u00edc\u00edch a b\u00fdt vytvo\u0159en\u00e9 speci\u00e1ln\u011b pro tuto sout\u011b\u017e.<\/li>\n<li>Projekty kategorie \u201ePioneers\u201c budou hodnoceny ve t\u0159ech kolech:\n<ul>\n<li>V\u00a0n\u00e1rodn\u00edm kole porotou ze zem\u011b sout\u011b\u017e\u00edc\u00edch, kter\u00e1 bude hodnotit sout\u011b\u017en\u00ed p\u0159\u00edsp\u011bvky odeslan\u00e9 p\u0159es internet. To bude prob\u00edhat mezi 16. lednem 2016 a 26. \u00fanorem 2016. N\u00e1rodn\u00ed v\u00edt\u011bzov\u00e9 budou vyhl\u00e1\u0161eni 28. \u00fanora 2016. P\u0159\u00edsp\u011bvky ze zem\u00ed mimo EU budou p\u0159i\u0159azeny organiz\u00e1tory sout\u011b\u017ee k\u00a0jedn\u00e9 z\u00a0porot podle zvolen\u00e9ho jazyka sout\u011b\u017e\u00edc\u00edch.<\/li>\n<li>V region\u00e1ln\u00edm semifin\u00e1len\u011bkolika vybran\u00fdmi porotci z\u00a0p\u0159edchoz\u00edho kola, kte\u0159\u00ed budou vybr\u00e1ni z\u00a0ka\u017ed\u00e9 zem\u011b dan\u00e9ho regionu. Hodnocen\u00ed projekt\u016f prob\u011bhne na semifin\u00e1le po\u0159\u00e1dan\u00e9m v\u00a0ka\u017ed\u00e9m regionu. Semifin\u00e1le se budou \u00fa\u010dastnit n\u00e1rodn\u00ed v\u00edt\u011bzov\u00e9 z\u00a0dan\u00e9ho regionu. T\u00fdmy, kter\u00e9 postoup\u00ed do semifin\u00e1le, budou prezentovat sv\u00e9 projekty \u017eiv\u011b p\u0159ed porotou. Region\u00e1ln\u00ed semifin\u00e1le se budou konat mezi 15. b\u0159eznem a 26. dubnem 2016. P\u0159esn\u00e1 data pro konkr\u00e9tn\u00ed region budou vyhl\u00e1\u0161ena na internetov\u00e9 str\u00e1nce sout\u011b\u017ee Odysseus.<\/li>\n<li>V\u00a0celoevropsk\u00e9m fin\u00e1le porotou slo\u017eenou z\u00a0p\u0159edn\u00edch osobnost\u00ed z\u00a0oblast\u00ed vesm\u00edrn\u00e9ho v\u00fdzkumu, vzd\u011bl\u00e1v\u00e1n\u00ed a v\u011bdy. V\u00edt\u011bzov\u00e9 region\u00e1ln\u00edho semifin\u00e1le se setkaj\u00ed v\u00a0Bruselu nebo Toulouse, aby prezentovali sv\u00e9 projekty porot\u011b. Celoevropsk\u00e9 fin\u00e1le prob\u011bhne 4. a\u017e 7. \u010dervence 2016.<\/li>\n<\/ul>\n<\/li>\n<li>Po\u010det postupuj\u00edc\u00edch z\u00a0n\u00e1rodn\u00edho kola bude ur\u010den na z\u00e1klad\u011b relativn\u00ed populace sout\u011b\u017e\u00edc\u00edch st\u00e1t\u016f a po\u010dtu p\u0159\u00edsp\u011bvk\u016f v\u00a0ka\u017ed\u00e9m regionu a tematick\u00e9 kategorii. Organiz\u00e1to\u0159i sout\u011b\u017ee Odysseus vyhl\u00e1s\u00ed, kolik v\u00edt\u011bz\u016f postoup\u00ed do semifin\u00e1le, prost\u0159ednictv\u00edm ofici\u00e1ln\u00ed internetov\u00e9 str\u00e1nky sout\u011b\u017ee. Deset v\u00edt\u011bzn\u00fdch t\u00fdm\u016f z\u00a0region\u00e1ln\u00edchsemifin\u00e1l\u00ed postoup\u00ed do celoevropsk\u00e9ho fin\u00e1le.<\/li>\n<li>B\u011bhem v\u00fdb\u011bru nejlep\u0161\u00edch projekt\u016f na celoevropsk\u00e9 \u00farovni se nep\u0159ihl\u00ed\u017e\u00ed k\u00a0ob\u010danstv\u00ed nebo bydli\u0161ti finalist\u016f. Tedy nejsou d\u00e1ny kv\u00f3ty na z\u00e1klad\u011b po\u010dtu obyvatel jednotliv\u00fdch zem\u00ed nebo pom\u011br\u016f p\u0159ihl\u00e1\u0161en\u00fdch sout\u011b\u017e\u00edc\u00edch.<\/li>\n<li>Porotci sout\u011b\u017en\u00edch projekt\u016f budou ud\u011blovat body dle n\u00e1sleduj\u00edc\u00edch krit\u00e9ri\u00ed:\n<ul>\n<li>Akademick\u00e1 dokonalost (p\u0159esnost, n\u00e1ro\u010dnost)<\/li>\n<li>Relevance k dan\u00e9mu t\u00e9matu<\/li>\n<li>Schopnost \u0159e\u0161en\u00ed probl\u00e9m\u016f<\/li>\n<li>Originalita<\/li>\n<li>Spole\u010densk\u00fd p\u0159\u00ednos<\/li>\n<li>Prezentace<\/li>\n<li>Technick\u00e1 hodnota a praktick\u00e9 dovednosti<\/li>\n<li>Zohledn\u011bn\u00ed udr\u017eitelnosti a ovlivn\u011bn\u00ed \u017eivotn\u00edho prost\u0159ed\u00ed<\/li>\n<\/ul>\n<\/li>\n<li>Ka\u017ed\u00fd t\u00fdm dostane shrnut\u00ed hodnocen\u00ed sv\u00e9ho projektu porotou. Pozd\u011bj\u0161\u00edm \u017e\u00e1dostem o dal\u0161\u00ed hodnocen\u00ed nebude vyhov\u011bno.<\/li>\n<li>Porota takt\u00e9\u017e vyhl\u00e1s\u00ed n\u011bkolik zvl\u00e1\u0161tn\u00edch ohodnocen\u00edi pro nepostupuj\u00edc\u00ed t\u00fdmy z\u00a0ka\u017ed\u00e9ho kola, nap\u0159.:\n<ul>\n<li>Nejlep\u0161\u00ed grafika<\/li>\n<li>Nejorigin\u00e1ln\u011bj\u0161\u00ed probl\u00e9m<\/li>\n<li>Nejprofesion\u00e1ln\u011bj\u0161\u00ed prezentace<\/li>\n<li>Nejl\u00e9pe um\u011blecky zpracovan\u00fd projekt<\/li>\n<li>Nejlep\u0161\u00ed vyu\u017eit\u00ed hudby ve v\u011bdeck\u00e9m projektu<\/li>\n<li>Nejinovativn\u011bj\u0161\u00ed p\u0159\u00edstup k t\u00e9matu<\/li>\n<li>Nejekologi\u010dt\u011bj\u0161\u00ed projekt<\/li>\n<li>Nejv\u00edce inovativn\u00ed \u0159e\u0161en\u00ed probl\u00e9mu<\/li>\n<li>Nejlep\u0161\u00ed vyu\u017eit\u00ed poznatk\u016f o vesm\u00edru<\/li>\n<\/ul>\n<\/li>\n<li>Ka\u017ed\u00fd t\u00fdm kategorie \u201ePioneers\u201c dostane diplom potvrzuj\u00edc\u00ed \u00fa\u010dast v\u00a0sout\u011b\u017ei Odysseus, stejn\u011b jako u\u010ditel\/vedouc\u00ed ka\u017ed\u00e9ho t\u00fdmu.<\/li>\n<li>V\u0161echny v\u00edt\u011bzn\u00e9 projekty budou vystaveny v S\u00edni sl\u00e1vy na internetov\u00fdch str\u00e1nk\u00e1ch sout\u011b\u017ee Odysseus a \u010dlen\u016fm dan\u00fdch t\u00fdm\u016f bude ud\u011blena medaile.<\/li>\n<li>\u00da\u010dast v sout\u011b\u017ei je zdarma a cestovn\u00ed n\u00e1klady (j\u00edzdenky na vlak \u010di letenky, ubytov\u00e1n\u00ed, strava a poji\u0161t\u011bn\u00ed) na \u00fa\u010dast v\u00a0region\u00e1ln\u00edm semifin\u00e1le a celoevropsk\u00e9m fin\u00e1le budou hrazeny organiz\u00e1tory sout\u011b\u017ee Odysseus do smyslupln\u00e9 v\u00fd\u0161e pro jednoho u\u010ditele\/vedouc\u00edho a maxim\u00e1ln\u011b t\u0159i sout\u011b\u017e\u00edc\u00ed.<\/li>\n<li>Jak na region\u00e1ln\u00edm semifin\u00e1le, tak na celoevropsk\u00e9m fin\u00e1le se sout\u011b\u017e\u00edc\u00ed budou \u00fa\u010dastnit \u0159ady dal\u0161\u00edch doprovodn\u00fdch aktivit spojen\u00fdch s vesm\u00edrem. Ty budou organizov\u00e1ny a hrazeny organiz\u00e1tory sout\u011b\u017ee Odysseus.<\/li>\n<li>Je zodpov\u011bdnost\u00ed t\u00fdmov\u00e9ho u\u010ditele\/vedouc\u00edho, aby poskytl kompletn\u00ed a spr\u00e1vn\u00e9 informace o ka\u017ed\u00e9m sout\u011b\u017e\u00edc\u00edm z dan\u00e9ho t\u00fdmu prost\u0159ednictv\u00edm registra\u010dn\u00edho formul\u00e1\u0159e na str\u00e1nk\u00e1ch sout\u011b\u017ee Odysseus.<\/li>\n<li>Ka\u017ed\u00fd nezletil\u00fd \u00fa\u010dastn\u00edk (mlad\u0161\u00ed 18 let) mus\u00ed dolo\u017eit souhlas rodi\u010d\u016f, aby se mohl sout\u011b\u017ee \u00fa\u010dastnit.<\/li>\n<li>Rodi\u010dovsk\u00fd souhlas s cestou a \u00fa\u010dast\u00ed na region\u00e1ln\u00edm semifin\u00e1le a celoevropsk\u00e9m fin\u00e1le mus\u00ed b\u00fdt poskytnut ka\u017ed\u00fdm \u00fa\u010dastn\u00edkem mlad\u0161\u00edm osmn\u00e1cti (18) let \u00fa\u010dastn\u00edc\u00edm se dan\u00e9ho fin\u00e1le.<\/li>\n<li>Je zodpov\u011bdnost\u00ed t\u00fdmov\u00e9ho u\u010ditele\/vedouc\u00edho, aby poskytl organiz\u00e1tor\u016fm sout\u011b\u017ee podepsan\u00fd souhlas rodi\u010d\u016f pro v\u0161echny sv\u00e9 sout\u011b\u017e\u00edc\u00ed.<\/li>\n<li>Ka\u017ed\u00fd u\u010ditel\/vedouc\u00ed m\u016f\u017ee v\u00e9st a\u017e 4 t\u00fdmy v sout\u011b\u017ei.<\/li>\n<\/ul>\n","protected":false},"excerpt":{"rendered":"<p>Sout\u011b\u017ee se mohou z\u00fa\u010dastnit student od 14 do 18 let. To zahrnuje \u017e\u00e1ky narozen\u00e9 mezi 1. dubnem 1997 a 31. b\u0159eznem 2002 (v\u010detn\u011b). \u201ePioneers\u201c pracuj\u00ed v\u00a0t\u00fdmech o dvou (2) a\u017e t\u0159ech (3) \u010dlenech, veden\u00fdch jedn\u00edm u\u010ditelem\/vedouc\u00edm. \u017d\u00e1ci v\u00a0r\u00e1mci jednoho t\u00fdmu mohou b\u00fdt z\u00a0r\u016fzn\u00fdch \u0161kol ve stejn\u00e9 zemi nebo z\u00a0r\u016fzn\u00fdch t\u0159\u00edd\/ro\u010dn\u00edk\u016f ze stejn\u00e9 \u0161koly. Mus\u00ed b\u00fdt [&hellip;]<\/p>\n","protected":false},"author":2,"featured_media":0,"parent":3198,"menu_order":20,"comment_status":"closed","ping_status":"closed","template":"","meta":[],"acf":[],"yoast_head":"<!-- This site is optimized with the Yoast SEO plugin v19.14 - https:\/\/yoast.com\/wordpress\/plugins\/seo\/ -->\n<title>Pravidla - ODYSSEUS II<\/title>\n<meta name=\"robots\" content=\"index, follow, max-snippet:-1, max-image-preview:large, max-video-preview:-1\" \/>\n<link rel=\"canonical\" href=\"https:\/\/odysseus-contests.eu\/2016\/cs\/pioneers-5\/rules\/\" \/>\n<meta property=\"og:locale\" content=\"cs_CZ\" \/>\n<meta property=\"og:type\" content=\"article\" \/>\n<meta property=\"og:title\" content=\"Pravidla - ODYSSEUS II\" \/>\n<meta property=\"og:description\" content=\"Sout\u011b\u017ee se mohou z\u00fa\u010dastnit student od 14 do 18 let. To zahrnuje \u017e\u00e1ky narozen\u00e9 mezi 1. dubnem 1997 a 31. b\u0159eznem 2002 (v\u010detn\u011b). \u201ePioneers\u201c pracuj\u00ed v\u00a0t\u00fdmech o dvou (2) a\u017e t\u0159ech (3) \u010dlenech, veden\u00fdch jedn\u00edm u\u010ditelem\/vedouc\u00edm. \u017d\u00e1ci v\u00a0r\u00e1mci jednoho t\u00fdmu mohou b\u00fdt z\u00a0r\u016fzn\u00fdch \u0161kol ve stejn\u00e9 zemi nebo z\u00a0r\u016fzn\u00fdch t\u0159\u00edd\/ro\u010dn\u00edk\u016f ze stejn\u00e9 \u0161koly. Mus\u00ed b\u00fdt [&hellip;]\" \/>\n<meta property=\"og:url\" content=\"https:\/\/odysseus-contests.eu\/2016\/cs\/pioneers-5\/rules\/\" \/>\n<meta property=\"og:site_name\" content=\"ODYSSEUS II\" \/>\n<meta property=\"article:modified_time\" content=\"2015-09-29T18:38:20+00:00\" \/>\n<meta name=\"twitter:card\" content=\"summary_large_image\" \/>\n<meta name=\"twitter:label1\" content=\"Odhadovan\u00e1 doba \u010dten\u00ed\" \/>\n\t<meta name=\"twitter:data1\" content=\"5 minut\" \/>\n<script type=\"application\/ld+json\" class=\"yoast-schema-graph\">{\"@context\":\"https:\/\/schema.org\",\"@graph\":[{\"@type\":\"WebPage\",\"@id\":\"https:\/\/odysseus-contests.eu\/2016\/cs\/pioneers-5\/rules\/\",\"url\":\"https:\/\/odysseus-contests.eu\/2016\/cs\/pioneers-5\/rules\/\",\"name\":\"Pravidla - ODYSSEUS II\",\"isPartOf\":{\"@id\":\"https:\/\/odysseus-contests.eu\/2016\/de\/#website\"},\"datePublished\":\"2015-07-25T19:18:05+00:00\",\"dateModified\":\"2015-09-29T18:38:20+00:00\",\"breadcrumb\":{\"@id\":\"https:\/\/odysseus-contests.eu\/2016\/cs\/pioneers-5\/rules\/#breadcrumb\"},\"inLanguage\":\"cs\",\"potentialAction\":[{\"@type\":\"ReadAction\",\"target\":[\"https:\/\/odysseus-contests.eu\/2016\/cs\/pioneers-5\/rules\/\"]}]},{\"@type\":\"BreadcrumbList\",\"@id\":\"https:\/\/odysseus-contests.eu\/2016\/cs\/pioneers-5\/rules\/#breadcrumb\",\"itemListElement\":[{\"@type\":\"ListItem\",\"position\":1,\"name\":\"Home\",\"item\":\"https:\/\/odysseus-contests.eu\/2016\/cs\/\"},{\"@type\":\"ListItem\",\"position\":2,\"name\":\"Pioneers\",\"item\":\"https:\/\/odysseus-contests.eu\/2016\/cs\/pioneers-5\/\"},{\"@type\":\"ListItem\",\"position\":3,\"name\":\"Pravidla\"}]},{\"@type\":\"WebSite\",\"@id\":\"https:\/\/odysseus-contests.eu\/2016\/de\/#website\",\"url\":\"https:\/\/odysseus-contests.eu\/2016\/de\/\",\"name\":\"ODYSSEUS II\",\"description\":\"European Youth Space Contest\",\"potentialAction\":[{\"@type\":\"SearchAction\",\"target\":{\"@type\":\"EntryPoint\",\"urlTemplate\":\"https:\/\/odysseus-contests.eu\/2016\/de\/?s={search_term_string}\"},\"query-input\":\"required name=search_term_string\"}],\"inLanguage\":\"cs\"}]}<\/script>\n<!-- \/ Yoast SEO plugin. -->","yoast_head_json":{"title":"Pravidla - ODYSSEUS II","robots":{"index":"index","follow":"follow","max-snippet":"max-snippet:-1","max-image-preview":"max-image-preview:large","max-video-preview":"max-video-preview:-1"},"canonical":"https:\/\/odysseus-contests.eu\/2016\/cs\/pioneers-5\/rules\/","og_locale":"cs_CZ","og_type":"article","og_title":"Pravidla - ODYSSEUS II","og_description":"Sout\u011b\u017ee se mohou z\u00fa\u010dastnit student od 14 do 18 let. To zahrnuje \u017e\u00e1ky narozen\u00e9 mezi 1. dubnem 1997 a 31. b\u0159eznem 2002 (v\u010detn\u011b). \u201ePioneers\u201c pracuj\u00ed v\u00a0t\u00fdmech o dvou (2) a\u017e t\u0159ech (3) \u010dlenech, veden\u00fdch jedn\u00edm u\u010ditelem\/vedouc\u00edm. \u017d\u00e1ci v\u00a0r\u00e1mci jednoho t\u00fdmu mohou b\u00fdt z\u00a0r\u016fzn\u00fdch \u0161kol ve stejn\u00e9 zemi nebo z\u00a0r\u016fzn\u00fdch t\u0159\u00edd\/ro\u010dn\u00edk\u016f ze stejn\u00e9 \u0161koly. Mus\u00ed b\u00fdt [&hellip;]","og_url":"https:\/\/odysseus-contests.eu\/2016\/cs\/pioneers-5\/rules\/","og_site_name":"ODYSSEUS II","article_modified_time":"2015-09-29T18:38:20+00:00","twitter_card":"summary_large_image","twitter_misc":{"Odhadovan\u00e1 doba \u010dten\u00ed":"5 minut"},"schema":{"@context":"https:\/\/schema.org","@graph":[{"@type":"WebPage","@id":"https:\/\/odysseus-contests.eu\/2016\/cs\/pioneers-5\/rules\/","url":"https:\/\/odysseus-contests.eu\/2016\/cs\/pioneers-5\/rules\/","name":"Pravidla - ODYSSEUS II","isPartOf":{"@id":"https:\/\/odysseus-contests.eu\/2016\/de\/#website"},"datePublished":"2015-07-25T19:18:05+00:00","dateModified":"2015-09-29T18:38:20+00:00","breadcrumb":{"@id":"https:\/\/odysseus-contests.eu\/2016\/cs\/pioneers-5\/rules\/#breadcrumb"},"inLanguage":"cs","potentialAction":[{"@type":"ReadAction","target":["https:\/\/odysseus-contests.eu\/2016\/cs\/pioneers-5\/rules\/"]}]},{"@type":"BreadcrumbList","@id":"https:\/\/odysseus-contests.eu\/2016\/cs\/pioneers-5\/rules\/#breadcrumb","itemListElement":[{"@type":"ListItem","position":1,"name":"Home","item":"https:\/\/odysseus-contests.eu\/2016\/cs\/"},{"@type":"ListItem","position":2,"name":"Pioneers","item":"https:\/\/odysseus-contests.eu\/2016\/cs\/pioneers-5\/"},{"@type":"ListItem","position":3,"name":"Pravidla"}]},{"@type":"WebSite","@id":"https:\/\/odysseus-contests.eu\/2016\/de\/#website","url":"https:\/\/odysseus-contests.eu\/2016\/de\/","name":"ODYSSEUS II","description":"European Youth Space Contest","potentialAction":[{"@type":"SearchAction","target":{"@type":"EntryPoint","urlTemplate":"https:\/\/odysseus-contests.eu\/2016\/de\/?s={search_term_string}"},"query-input":"required name=search_term_string"}],"inLanguage":"cs"}]}},"_links":{"self":[{"href":"https:\/\/odysseus-contests.eu\/2016\/cs\/wp-json\/wp\/v2\/pages\/3205"}],"collection":[{"href":"https:\/\/odysseus-contests.eu\/2016\/cs\/wp-json\/wp\/v2\/pages"}],"about":[{"href":"https:\/\/odysseus-contests.eu\/2016\/cs\/wp-json\/wp\/v2\/types\/page"}],"author":[{"embeddable":true,"href":"https:\/\/odysseus-contests.eu\/2016\/cs\/wp-json\/wp\/v2\/users\/2"}],"replies":[{"embeddable":true,"href":"https:\/\/odysseus-contests.eu\/2016\/cs\/wp-json\/wp\/v2\/comments?post=3205"}],"version-history":[{"count":0,"href":"https:\/\/odysseus-contests.eu\/2016\/cs\/wp-json\/wp\/v2\/pages\/3205\/revisions"}],"up":[{"embeddable":true,"href":"https:\/\/odysseus-contests.eu\/2016\/cs\/wp-json\/wp\/v2\/pages\/3198"}],"wp:attachment":[{"href":"https:\/\/odysseus-contests.eu\/2016\/cs\/wp-json\/wp\/v2\/media?parent=3205"}],"curies":[{"name":"wp","href":"https:\/\/api.w.org\/{rel}","templated":true}]}}