{"id":3201,"date":"2015-07-25T22:18:51","date_gmt":"2015-07-25T19:18:51","guid":{"rendered":"http:\/\/odysseus-contests.eu\/2016\/?page_id=3201"},"modified":"2015-07-25T22:18:51","modified_gmt":"2015-07-25T19:18:51","slug":"ceny","status":"publish","type":"page","link":"https:\/\/odysseus-contests.eu\/2016\/cs\/pioneers-5\/ceny\/","title":{"rendered":"Ceny"},"content":{"rendered":"<p><img decoding=\"async\" loading=\"lazy\" class=\"img-responsive alignleft wp-image-342 size-full\" src=\"http:\/\/odysseus-contests.eu\/2016\/wp-content\/uploads\/2015\/05\/content-prizes-pioneers.jpg\" alt=\"content-prizes-pioneers\" width=\"700\" height=\"400\" srcset=\"https:\/\/odysseus-contests.eu\/2016\/wp-content\/uploads\/2015\/05\/content-prizes-pioneers.jpg 700w, https:\/\/odysseus-contests.eu\/2016\/wp-content\/uploads\/2015\/05\/content-prizes-pioneers-300x171.jpg 300w\" sizes=\"(max-width: 700px) 100vw, 700px\" \/>\u00a0<strong><em>N\u00e1rodn\u00ed v\u00edt\u011bzov\u00e9<\/em><\/strong><\/p>\n<p>Ka\u017ed\u00fd t\u00fdm dostane diplom potvrzuj\u00edc\u00ed \u00fa\u010dast v sout\u011b\u017ei Odysseus. Nejlep\u0161\u00ed t\u00fdmy na n\u00e1rodn\u00ed \u00farovni dostanou medaile v\u00edt\u011bz\u016f,upom\u00ednkov\u00e9 p\u0159edm\u011bty a jejich p\u0159\u00edsp\u011bvky budou vystaveny v\u00a0S\u00edni sl\u00e1vy na str\u00e1nk\u00e1ch sout\u011b\u017ee Odysseus. Nejlep\u0161\u00ed t\u00fdmy postoup\u00ed do region\u00e1ln\u00edho semifin\u00e1le, kde se z\u00fa\u010dastn\u00ed \u0159ady akc\u00ed spojen\u00fdch s\u00a0vesm\u00edrem, a kter\u00e9 bude organizov\u00e1no v\u00a0jedn\u00e9 z\u00a0n\u00e1sleduj\u00edc\u00edch zem\u00ed: Rakousko, Belgie, \u010cesk\u00e1 republika, D\u00e1nsko, Francie, \u0158ecko, It\u00e1lie, Polsko, \u0160pan\u011blsko, Velk\u00e1 Brit\u00e1nie<\/p>\n<p><strong>Region\u00e1ln\u00ed semifinalist\u00e9<\/strong><\/p>\n<p>Ka\u017ed\u00fd sout\u011b\u017e\u00edc\u00ed, kter\u00fd p\u0159isp\u011bl k v\u00edt\u011bzn\u00e9mu projektu v ka\u017ed\u00e9m z region\u00e1ln\u00edho semifin\u00e1le, dostane jako cenu vysoce kvalitn\u00ed astronomick\u00fd dalekohled (Celestron Nexstar nebo podobn\u00fd typ). V\u00edt\u011bzn\u00e9 t\u00fdmy z\u00a0ka\u017ed\u00e9ho region\u00e1ln\u00edho semifin\u00e1le budou nominov\u00e1ny na celoevropsk\u00e9 fin\u00e1le, kter\u00e9 se bude konat v\u00a0Bruselu nebo Toulouse.<\/p>\n<p><strong>Celoevrop\u0161t\u00ed finalist\u00e9<\/strong><\/p>\n<p>Sout\u011b\u017e\u00edc\u00ed, kte\u0159\u00ed p\u0159isp\u011bli k\u00a0v\u00edt\u011bzn\u00e9mu projektu na celoevropsk\u00e9m fin\u00e1le, vyhraj\u00ed v\u00fdlet na Guiana Space Centre, kde se z\u00fa\u010dastn\u00ed akc\u00ed spojen\u00fdch s\u00a0vesm\u00edrem, prohl\u00eddek a dostanou diplom \u201eEuropean Youth Space Ambassador\u201c, kter\u00fd jim bude p\u0159ed\u00e1n naceloevropsk\u00e9m fin\u00e1le.<\/p>\n<p>Ceny nen\u00ed mo\u017en\u00e9 vym\u011bnit za odpov\u00eddaj\u00edc\u00ed finan\u010dn\u00ed ekvivalent.<\/p>\n","protected":false},"excerpt":{"rendered":"<p>\u00a0N\u00e1rodn\u00ed v\u00edt\u011bzov\u00e9 Ka\u017ed\u00fd t\u00fdm dostane diplom potvrzuj\u00edc\u00ed \u00fa\u010dast v sout\u011b\u017ei Odysseus. Nejlep\u0161\u00ed t\u00fdmy na n\u00e1rodn\u00ed \u00farovni dostanou medaile v\u00edt\u011bz\u016f,upom\u00ednkov\u00e9 p\u0159edm\u011bty a jejich p\u0159\u00edsp\u011bvky budou vystaveny v\u00a0S\u00edni sl\u00e1vy na str\u00e1nk\u00e1ch sout\u011b\u017ee Odysseus. Nejlep\u0161\u00ed t\u00fdmy postoup\u00ed do region\u00e1ln\u00edho semifin\u00e1le, kde se z\u00fa\u010dastn\u00ed \u0159ady akc\u00ed spojen\u00fdch s\u00a0vesm\u00edrem, a kter\u00e9 bude organizov\u00e1no v\u00a0jedn\u00e9 z\u00a0n\u00e1sleduj\u00edc\u00edch zem\u00ed: Rakousko, Belgie, \u010cesk\u00e1 republika, [&hellip;]<\/p>\n","protected":false},"author":2,"featured_media":0,"parent":3198,"menu_order":0,"comment_status":"closed","ping_status":"closed","template":"","meta":[],"acf":[],"yoast_head":"<!-- This site is optimized with the Yoast SEO plugin v19.14 - https:\/\/yoast.com\/wordpress\/plugins\/seo\/ -->\n<title>Ceny - ODYSSEUS II<\/title>\n<meta name=\"robots\" content=\"index, follow, max-snippet:-1, max-image-preview:large, max-video-preview:-1\" \/>\n<link rel=\"canonical\" href=\"https:\/\/odysseus-contests.eu\/2016\/cs\/pioneers-5\/ceny\/\" \/>\n<meta property=\"og:locale\" content=\"cs_CZ\" \/>\n<meta property=\"og:type\" content=\"article\" \/>\n<meta property=\"og:title\" content=\"Ceny - ODYSSEUS II\" \/>\n<meta property=\"og:description\" content=\"\u00a0N\u00e1rodn\u00ed v\u00edt\u011bzov\u00e9 Ka\u017ed\u00fd t\u00fdm dostane diplom potvrzuj\u00edc\u00ed \u00fa\u010dast v sout\u011b\u017ei Odysseus. Nejlep\u0161\u00ed t\u00fdmy na n\u00e1rodn\u00ed \u00farovni dostanou medaile v\u00edt\u011bz\u016f,upom\u00ednkov\u00e9 p\u0159edm\u011bty a jejich p\u0159\u00edsp\u011bvky budou vystaveny v\u00a0S\u00edni sl\u00e1vy na str\u00e1nk\u00e1ch sout\u011b\u017ee Odysseus. Nejlep\u0161\u00ed t\u00fdmy postoup\u00ed do region\u00e1ln\u00edho semifin\u00e1le, kde se z\u00fa\u010dastn\u00ed \u0159ady akc\u00ed spojen\u00fdch s\u00a0vesm\u00edrem, a kter\u00e9 bude organizov\u00e1no v\u00a0jedn\u00e9 z\u00a0n\u00e1sleduj\u00edc\u00edch zem\u00ed: Rakousko, Belgie, \u010cesk\u00e1 republika, [&hellip;]\" \/>\n<meta property=\"og:url\" content=\"https:\/\/odysseus-contests.eu\/2016\/cs\/pioneers-5\/ceny\/\" \/>\n<meta property=\"og:site_name\" content=\"ODYSSEUS II\" \/>\n<meta property=\"og:image\" content=\"http:\/\/odysseus-contests.eu\/2016\/wp-content\/uploads\/2015\/05\/content-prizes-pioneers.jpg\" \/>\n<meta name=\"twitter:card\" content=\"summary_large_image\" \/>\n<meta name=\"twitter:label1\" content=\"Odhadovan\u00e1 doba \u010dten\u00ed\" \/>\n\t<meta name=\"twitter:data1\" content=\"1 minuta\" \/>\n<script type=\"application\/ld+json\" class=\"yoast-schema-graph\">{\"@context\":\"https:\/\/schema.org\",\"@graph\":[{\"@type\":\"WebPage\",\"@id\":\"https:\/\/odysseus-contests.eu\/2016\/cs\/pioneers-5\/ceny\/\",\"url\":\"https:\/\/odysseus-contests.eu\/2016\/cs\/pioneers-5\/ceny\/\",\"name\":\"Ceny - ODYSSEUS II\",\"isPartOf\":{\"@id\":\"https:\/\/odysseus-contests.eu\/2016\/de\/#website\"},\"datePublished\":\"2015-07-25T19:18:51+00:00\",\"dateModified\":\"2015-07-25T19:18:51+00:00\",\"breadcrumb\":{\"@id\":\"https:\/\/odysseus-contests.eu\/2016\/cs\/pioneers-5\/ceny\/#breadcrumb\"},\"inLanguage\":\"cs\",\"potentialAction\":[{\"@type\":\"ReadAction\",\"target\":[\"https:\/\/odysseus-contests.eu\/2016\/cs\/pioneers-5\/ceny\/\"]}]},{\"@type\":\"BreadcrumbList\",\"@id\":\"https:\/\/odysseus-contests.eu\/2016\/cs\/pioneers-5\/ceny\/#breadcrumb\",\"itemListElement\":[{\"@type\":\"ListItem\",\"position\":1,\"name\":\"Home\",\"item\":\"https:\/\/odysseus-contests.eu\/2016\/cs\/\"},{\"@type\":\"ListItem\",\"position\":2,\"name\":\"Pioneers\",\"item\":\"https:\/\/odysseus-contests.eu\/2016\/cs\/pioneers-5\/\"},{\"@type\":\"ListItem\",\"position\":3,\"name\":\"Ceny\"}]},{\"@type\":\"WebSite\",\"@id\":\"https:\/\/odysseus-contests.eu\/2016\/de\/#website\",\"url\":\"https:\/\/odysseus-contests.eu\/2016\/de\/\",\"name\":\"ODYSSEUS II\",\"description\":\"European Youth Space Contest\",\"potentialAction\":[{\"@type\":\"SearchAction\",\"target\":{\"@type\":\"EntryPoint\",\"urlTemplate\":\"https:\/\/odysseus-contests.eu\/2016\/de\/?s={search_term_string}\"},\"query-input\":\"required name=search_term_string\"}],\"inLanguage\":\"cs\"}]}<\/script>\n<!-- \/ Yoast SEO plugin. -->","yoast_head_json":{"title":"Ceny - ODYSSEUS II","robots":{"index":"index","follow":"follow","max-snippet":"max-snippet:-1","max-image-preview":"max-image-preview:large","max-video-preview":"max-video-preview:-1"},"canonical":"https:\/\/odysseus-contests.eu\/2016\/cs\/pioneers-5\/ceny\/","og_locale":"cs_CZ","og_type":"article","og_title":"Ceny - ODYSSEUS II","og_description":"\u00a0N\u00e1rodn\u00ed v\u00edt\u011bzov\u00e9 Ka\u017ed\u00fd t\u00fdm dostane diplom potvrzuj\u00edc\u00ed \u00fa\u010dast v sout\u011b\u017ei Odysseus. Nejlep\u0161\u00ed t\u00fdmy na n\u00e1rodn\u00ed \u00farovni dostanou medaile v\u00edt\u011bz\u016f,upom\u00ednkov\u00e9 p\u0159edm\u011bty a jejich p\u0159\u00edsp\u011bvky budou vystaveny v\u00a0S\u00edni sl\u00e1vy na str\u00e1nk\u00e1ch sout\u011b\u017ee Odysseus. Nejlep\u0161\u00ed t\u00fdmy postoup\u00ed do region\u00e1ln\u00edho semifin\u00e1le, kde se z\u00fa\u010dastn\u00ed \u0159ady akc\u00ed spojen\u00fdch s\u00a0vesm\u00edrem, a kter\u00e9 bude organizov\u00e1no v\u00a0jedn\u00e9 z\u00a0n\u00e1sleduj\u00edc\u00edch zem\u00ed: Rakousko, Belgie, \u010cesk\u00e1 republika, [&hellip;]","og_url":"https:\/\/odysseus-contests.eu\/2016\/cs\/pioneers-5\/ceny\/","og_site_name":"ODYSSEUS II","og_image":[{"url":"http:\/\/odysseus-contests.eu\/2016\/wp-content\/uploads\/2015\/05\/content-prizes-pioneers.jpg"}],"twitter_card":"summary_large_image","twitter_misc":{"Odhadovan\u00e1 doba \u010dten\u00ed":"1 minuta"},"schema":{"@context":"https:\/\/schema.org","@graph":[{"@type":"WebPage","@id":"https:\/\/odysseus-contests.eu\/2016\/cs\/pioneers-5\/ceny\/","url":"https:\/\/odysseus-contests.eu\/2016\/cs\/pioneers-5\/ceny\/","name":"Ceny - ODYSSEUS II","isPartOf":{"@id":"https:\/\/odysseus-contests.eu\/2016\/de\/#website"},"datePublished":"2015-07-25T19:18:51+00:00","dateModified":"2015-07-25T19:18:51+00:00","breadcrumb":{"@id":"https:\/\/odysseus-contests.eu\/2016\/cs\/pioneers-5\/ceny\/#breadcrumb"},"inLanguage":"cs","potentialAction":[{"@type":"ReadAction","target":["https:\/\/odysseus-contests.eu\/2016\/cs\/pioneers-5\/ceny\/"]}]},{"@type":"BreadcrumbList","@id":"https:\/\/odysseus-contests.eu\/2016\/cs\/pioneers-5\/ceny\/#breadcrumb","itemListElement":[{"@type":"ListItem","position":1,"name":"Home","item":"https:\/\/odysseus-contests.eu\/2016\/cs\/"},{"@type":"ListItem","position":2,"name":"Pioneers","item":"https:\/\/odysseus-contests.eu\/2016\/cs\/pioneers-5\/"},{"@type":"ListItem","position":3,"name":"Ceny"}]},{"@type":"WebSite","@id":"https:\/\/odysseus-contests.eu\/2016\/de\/#website","url":"https:\/\/odysseus-contests.eu\/2016\/de\/","name":"ODYSSEUS II","description":"European Youth Space Contest","potentialAction":[{"@type":"SearchAction","target":{"@type":"EntryPoint","urlTemplate":"https:\/\/odysseus-contests.eu\/2016\/de\/?s={search_term_string}"},"query-input":"required name=search_term_string"}],"inLanguage":"cs"}]}},"_links":{"self":[{"href":"https:\/\/odysseus-contests.eu\/2016\/cs\/wp-json\/wp\/v2\/pages\/3201"}],"collection":[{"href":"https:\/\/odysseus-contests.eu\/2016\/cs\/wp-json\/wp\/v2\/pages"}],"about":[{"href":"https:\/\/odysseus-contests.eu\/2016\/cs\/wp-json\/wp\/v2\/types\/page"}],"author":[{"embeddable":true,"href":"https:\/\/odysseus-contests.eu\/2016\/cs\/wp-json\/wp\/v2\/users\/2"}],"replies":[{"embeddable":true,"href":"https:\/\/odysseus-contests.eu\/2016\/cs\/wp-json\/wp\/v2\/comments?post=3201"}],"version-history":[{"count":0,"href":"https:\/\/odysseus-contests.eu\/2016\/cs\/wp-json\/wp\/v2\/pages\/3201\/revisions"}],"up":[{"embeddable":true,"href":"https:\/\/odysseus-contests.eu\/2016\/cs\/wp-json\/wp\/v2\/pages\/3198"}],"wp:attachment":[{"href":"https:\/\/odysseus-contests.eu\/2016\/cs\/wp-json\/wp\/v2\/media?parent=3201"}],"curies":[{"name":"wp","href":"https:\/\/api.w.org\/{rel}","templated":true}]}}