{"id":3198,"date":"2015-07-25T22:11:09","date_gmt":"2015-07-25T19:11:09","guid":{"rendered":"http:\/\/odysseus-contests.eu\/2016\/?page_id=3198"},"modified":"2015-09-01T19:06:56","modified_gmt":"2015-09-01T16:06:56","slug":"pioneers-5","status":"publish","type":"page","link":"https:\/\/odysseus-contests.eu\/2016\/cs\/pioneers-5\/","title":{"rendered":"Pioneers"},"content":{"rendered":"<p>\u017d\u00e1ci ve v\u011bku od 14 do 18 let mohou uk\u00e1zat svou inspiraci vesm\u00edrem a za\u017e\u00edt z\u00e1bavu p\u0159i p\u0159\u00edprav\u011b projektu v oblasti vesm\u00edrn\u00e9ho v\u00fdzkumu a technologi\u00ed. Sout\u011b\u017e Odysseus nab\u00edz\u00ed \u017e\u00e1k\u016fm v kategorii Pioneers mo\u017enost osvojit si experiment\u00e1ln\u00ed metody a z\u00edskat pov\u011bdom\u00ed o sv\u011bt\u011b v\u011bdy. Dal\u0161\u00ed d\u016fle\u017eit\u00e9 informace najde\u0161 v odkazech.<\/p>\n","protected":false},"excerpt":{"rendered":"<p>\u017d\u00e1ci ve v\u011bku od 14 do 18 let mohou uk\u00e1zat svou inspiraci vesm\u00edrem a za\u017e\u00edt z\u00e1bavu p\u0159i p\u0159\u00edprav\u011b projektu v oblasti vesm\u00edrn\u00e9ho v\u00fdzkumu a technologi\u00ed. Sout\u011b\u017e Odysseus nab\u00edz\u00ed \u017e\u00e1k\u016fm v kategorii Pioneers mo\u017enost osvojit si experiment\u00e1ln\u00ed metody a z\u00edskat pov\u011bdom\u00ed o sv\u011bt\u011b v\u011bdy. Dal\u0161\u00ed d\u016fle\u017eit\u00e9 informace najde\u0161 v odkazech.<\/p>\n","protected":false},"author":1,"featured_media":0,"parent":0,"menu_order":0,"comment_status":"closed","ping_status":"closed","template":"","meta":[],"acf":[],"yoast_head":"<!-- This site is optimized with the Yoast SEO plugin v19.14 - https:\/\/yoast.com\/wordpress\/plugins\/seo\/ -->\n<title>Pioneers - ODYSSEUS II<\/title>\n<meta name=\"robots\" content=\"index, follow, max-snippet:-1, max-image-preview:large, max-video-preview:-1\" \/>\n<link rel=\"canonical\" href=\"https:\/\/odysseus-contests.eu\/2016\/cs\/pioneers-5\/\" \/>\n<meta property=\"og:locale\" content=\"cs_CZ\" \/>\n<meta property=\"og:type\" content=\"article\" \/>\n<meta property=\"og:title\" content=\"Pioneers - ODYSSEUS II\" \/>\n<meta property=\"og:description\" content=\"\u017d\u00e1ci ve v\u011bku od 14 do 18 let mohou uk\u00e1zat svou inspiraci vesm\u00edrem a za\u017e\u00edt z\u00e1bavu p\u0159i p\u0159\u00edprav\u011b projektu v oblasti vesm\u00edrn\u00e9ho v\u00fdzkumu a technologi\u00ed. Sout\u011b\u017e Odysseus nab\u00edz\u00ed \u017e\u00e1k\u016fm v kategorii Pioneers mo\u017enost osvojit si experiment\u00e1ln\u00ed metody a z\u00edskat pov\u011bdom\u00ed o sv\u011bt\u011b v\u011bdy. Dal\u0161\u00ed d\u016fle\u017eit\u00e9 informace najde\u0161 v odkazech.\" \/>\n<meta property=\"og:url\" content=\"https:\/\/odysseus-contests.eu\/2016\/cs\/pioneers-5\/\" \/>\n<meta property=\"og:site_name\" content=\"ODYSSEUS II\" \/>\n<meta property=\"article:modified_time\" content=\"2015-09-01T16:06:56+00:00\" \/>\n<meta name=\"twitter:card\" content=\"summary_large_image\" \/>\n<script type=\"application\/ld+json\" class=\"yoast-schema-graph\">{\"@context\":\"https:\/\/schema.org\",\"@graph\":[{\"@type\":\"WebPage\",\"@id\":\"https:\/\/odysseus-contests.eu\/2016\/cs\/pioneers-5\/\",\"url\":\"https:\/\/odysseus-contests.eu\/2016\/cs\/pioneers-5\/\",\"name\":\"Pioneers - ODYSSEUS II\",\"isPartOf\":{\"@id\":\"https:\/\/odysseus-contests.eu\/2016\/de\/#website\"},\"datePublished\":\"2015-07-25T19:11:09+00:00\",\"dateModified\":\"2015-09-01T16:06:56+00:00\",\"breadcrumb\":{\"@id\":\"https:\/\/odysseus-contests.eu\/2016\/cs\/pioneers-5\/#breadcrumb\"},\"inLanguage\":\"cs\",\"potentialAction\":[{\"@type\":\"ReadAction\",\"target\":[\"https:\/\/odysseus-contests.eu\/2016\/cs\/pioneers-5\/\"]}]},{\"@type\":\"BreadcrumbList\",\"@id\":\"https:\/\/odysseus-contests.eu\/2016\/cs\/pioneers-5\/#breadcrumb\",\"itemListElement\":[{\"@type\":\"ListItem\",\"position\":1,\"name\":\"Home\",\"item\":\"https:\/\/odysseus-contests.eu\/2016\/cs\/\"},{\"@type\":\"ListItem\",\"position\":2,\"name\":\"Pioneers\"}]},{\"@type\":\"WebSite\",\"@id\":\"https:\/\/odysseus-contests.eu\/2016\/de\/#website\",\"url\":\"https:\/\/odysseus-contests.eu\/2016\/de\/\",\"name\":\"ODYSSEUS II\",\"description\":\"European Youth Space Contest\",\"potentialAction\":[{\"@type\":\"SearchAction\",\"target\":{\"@type\":\"EntryPoint\",\"urlTemplate\":\"https:\/\/odysseus-contests.eu\/2016\/de\/?s={search_term_string}\"},\"query-input\":\"required name=search_term_string\"}],\"inLanguage\":\"cs\"}]}<\/script>\n<!-- \/ Yoast SEO plugin. -->","yoast_head_json":{"title":"Pioneers - ODYSSEUS II","robots":{"index":"index","follow":"follow","max-snippet":"max-snippet:-1","max-image-preview":"max-image-preview:large","max-video-preview":"max-video-preview:-1"},"canonical":"https:\/\/odysseus-contests.eu\/2016\/cs\/pioneers-5\/","og_locale":"cs_CZ","og_type":"article","og_title":"Pioneers - ODYSSEUS II","og_description":"\u017d\u00e1ci ve v\u011bku od 14 do 18 let mohou uk\u00e1zat svou inspiraci vesm\u00edrem a za\u017e\u00edt z\u00e1bavu p\u0159i p\u0159\u00edprav\u011b projektu v oblasti vesm\u00edrn\u00e9ho v\u00fdzkumu a technologi\u00ed. Sout\u011b\u017e Odysseus nab\u00edz\u00ed \u017e\u00e1k\u016fm v kategorii Pioneers mo\u017enost osvojit si experiment\u00e1ln\u00ed metody a z\u00edskat pov\u011bdom\u00ed o sv\u011bt\u011b v\u011bdy. Dal\u0161\u00ed d\u016fle\u017eit\u00e9 informace najde\u0161 v odkazech.","og_url":"https:\/\/odysseus-contests.eu\/2016\/cs\/pioneers-5\/","og_site_name":"ODYSSEUS II","article_modified_time":"2015-09-01T16:06:56+00:00","twitter_card":"summary_large_image","schema":{"@context":"https:\/\/schema.org","@graph":[{"@type":"WebPage","@id":"https:\/\/odysseus-contests.eu\/2016\/cs\/pioneers-5\/","url":"https:\/\/odysseus-contests.eu\/2016\/cs\/pioneers-5\/","name":"Pioneers - ODYSSEUS II","isPartOf":{"@id":"https:\/\/odysseus-contests.eu\/2016\/de\/#website"},"datePublished":"2015-07-25T19:11:09+00:00","dateModified":"2015-09-01T16:06:56+00:00","breadcrumb":{"@id":"https:\/\/odysseus-contests.eu\/2016\/cs\/pioneers-5\/#breadcrumb"},"inLanguage":"cs","potentialAction":[{"@type":"ReadAction","target":["https:\/\/odysseus-contests.eu\/2016\/cs\/pioneers-5\/"]}]},{"@type":"BreadcrumbList","@id":"https:\/\/odysseus-contests.eu\/2016\/cs\/pioneers-5\/#breadcrumb","itemListElement":[{"@type":"ListItem","position":1,"name":"Home","item":"https:\/\/odysseus-contests.eu\/2016\/cs\/"},{"@type":"ListItem","position":2,"name":"Pioneers"}]},{"@type":"WebSite","@id":"https:\/\/odysseus-contests.eu\/2016\/de\/#website","url":"https:\/\/odysseus-contests.eu\/2016\/de\/","name":"ODYSSEUS II","description":"European Youth Space Contest","potentialAction":[{"@type":"SearchAction","target":{"@type":"EntryPoint","urlTemplate":"https:\/\/odysseus-contests.eu\/2016\/de\/?s={search_term_string}"},"query-input":"required name=search_term_string"}],"inLanguage":"cs"}]}},"_links":{"self":[{"href":"https:\/\/odysseus-contests.eu\/2016\/cs\/wp-json\/wp\/v2\/pages\/3198"}],"collection":[{"href":"https:\/\/odysseus-contests.eu\/2016\/cs\/wp-json\/wp\/v2\/pages"}],"about":[{"href":"https:\/\/odysseus-contests.eu\/2016\/cs\/wp-json\/wp\/v2\/types\/page"}],"author":[{"embeddable":true,"href":"https:\/\/odysseus-contests.eu\/2016\/cs\/wp-json\/wp\/v2\/users\/1"}],"replies":[{"embeddable":true,"href":"https:\/\/odysseus-contests.eu\/2016\/cs\/wp-json\/wp\/v2\/comments?post=3198"}],"version-history":[{"count":0,"href":"https:\/\/odysseus-contests.eu\/2016\/cs\/wp-json\/wp\/v2\/pages\/3198\/revisions"}],"wp:attachment":[{"href":"https:\/\/odysseus-contests.eu\/2016\/cs\/wp-json\/wp\/v2\/media?parent=3198"}],"curies":[{"name":"wp","href":"https:\/\/api.w.org\/{rel}","templated":true}]}}