{"id":3187,"date":"2015-07-25T22:07:27","date_gmt":"2015-07-25T19:07:27","guid":{"rendered":"http:\/\/odysseus-contests.eu\/2016\/?page_id=3187"},"modified":"2015-09-27T15:11:38","modified_gmt":"2015-09-27T12:11:38","slug":"zdroje-medii","status":"publish","type":"page","link":"https:\/\/odysseus-contests.eu\/2016\/cs\/media-4\/zdroje-medii\/","title":{"rendered":"Zdroje m\u00e9di\u00ed"},"content":{"rendered":"<h3>Loga projektu Odysseus II<\/h3>\n<p>Klikni <strong><a href=\"http:\/\/odysseus-contests.eu\/2016\/wp-content\/uploads\/2015\/05\/odysseus_logos.zip\">zde<\/a><\/strong> ke sta\u017een\u00ed loga projektu Odysseus II v *.jpg a *.eps form\u00e1tu.<\/p>\n<h3>Odysseus II trailer<\/h3>\n<p><em>Propaga\u010dn\u00ed video 720p<\/em> <a href=\"http:\/\/odysseus-contests.eu\/2016\/wp-content\/uploads\/2015\/05\/odysseus_720p.mp4\">odysseus_720p<\/a><\/p>\n<h3>Let\u00e1k projektu Odysseus II (anglicky)<\/h3>\n<p><a href=\"http:\/\/iframewidth=650height=470src=\/\/e.issuu.com\/embed.html#16787370\/15293599frameborder=0allowfullscreen\/iframe\"><iframe loading=\"lazy\" src=\"\/\/e.issuu.com\/embed.html#16787370\/15293599\" width=\"650\" height=\"470\" frameborder=\"0\" allowfullscreen=\"allowfullscreen\"><\/iframe><\/a><\/p>\n<p>Download the Leaflet <a href=\"http:\/\/odysseus-contests.eu\/2016\/wp-content\/uploads\/2015\/05\/ODYSSEUS_Leafet_issuu.pdf\">here<\/a><\/p>\n<h3>Odysseus II Poster<\/h3>\n<p><a href=\"http:\/\/odysseus-contests.eu\/2016\/wp-content\/uploads\/2015\/05\/POSTER_A3_RGB1.jpg\" target=\"_blank\"><img decoding=\"async\" loading=\"lazy\" class=\"alignnone wp-image-5934 size-thumbnail\" title=\"Poster_A3\" src=\"http:\/\/odysseus-contests.eu\/2016\/wp-content\/uploads\/2015\/05\/POSTER_A3_RGB1-150x150.jpg\" alt=\"\" width=\"150\" height=\"150\" \/><\/a><\/p>\n<p>Download the Poster in A3 size in .pdf format <a href=\"http:\/\/odysseus-contests.eu\/2016\/wp-content\/uploads\/2015\/05\/POSTER_ODYSSEUS_A3_RGB.pdf\" target=\"_blank\">here<\/a><\/p>\n<p><a href=\"http:\/\/odysseus-contests.eu\/2016\/wp-content\/uploads\/2015\/05\/POSTER_A4_RGB1.jpg\"><img decoding=\"async\" loading=\"lazy\" class=\"alignnone size-thumbnail wp-image-5948\" src=\"http:\/\/odysseus-contests.eu\/2016\/wp-content\/uploads\/2015\/05\/POSTER_A4_RGB1-150x150.jpg\" alt=\"POSTER_A4_RGB_OUTLINED TEXTS\" width=\"150\" height=\"150\" \/><\/a><\/p>\n<p>Download the Poster in A4 size and in .pdf format <a href=\"http:\/\/odysseus-contests.eu\/2016\/wp-content\/uploads\/2015\/05\/POSTER_ODYSSEUS_A4_RGB.pdf\" target=\"_blank\">here<\/a><\/p>\n","protected":false},"excerpt":{"rendered":"<p>Loga projektu Odysseus II Klikni zde ke sta\u017een\u00ed loga projektu Odysseus II v *.jpg a *.eps form\u00e1tu. Odysseus II trailer Propaga\u010dn\u00ed video 720p odysseus_720p Let\u00e1k projektu Odysseus II (anglicky) Download the Leaflet here Odysseus II Poster Download the Poster in A3 size in .pdf format here Download the Poster in A4 size and in .pdf [&hellip;]<\/p>\n","protected":false},"author":2,"featured_media":0,"parent":3185,"menu_order":0,"comment_status":"closed","ping_status":"closed","template":"","meta":[],"acf":[],"yoast_head":"<!-- This site is optimized with the Yoast SEO plugin v19.14 - https:\/\/yoast.com\/wordpress\/plugins\/seo\/ -->\n<title>Zdroje m\u00e9di\u00ed - ODYSSEUS II<\/title>\n<meta name=\"robots\" content=\"index, follow, max-snippet:-1, max-image-preview:large, max-video-preview:-1\" \/>\n<link rel=\"canonical\" href=\"https:\/\/odysseus-contests.eu\/2016\/cs\/media-4\/zdroje-medii\/\" \/>\n<meta property=\"og:locale\" content=\"cs_CZ\" \/>\n<meta property=\"og:type\" content=\"article\" \/>\n<meta property=\"og:title\" content=\"Zdroje m\u00e9di\u00ed - ODYSSEUS II\" \/>\n<meta property=\"og:description\" content=\"Loga projektu Odysseus II Klikni zde ke sta\u017een\u00ed loga projektu Odysseus II v *.jpg a *.eps form\u00e1tu. Odysseus II trailer Propaga\u010dn\u00ed video 720p odysseus_720p Let\u00e1k projektu Odysseus II (anglicky) Download the Leaflet here Odysseus II Poster Download the Poster in A3 size in .pdf format here Download the Poster in A4 size and in .pdf [&hellip;]\" \/>\n<meta property=\"og:url\" content=\"https:\/\/odysseus-contests.eu\/2016\/cs\/media-4\/zdroje-medii\/\" \/>\n<meta property=\"og:site_name\" content=\"ODYSSEUS II\" \/>\n<meta property=\"article:modified_time\" content=\"2015-09-27T12:11:38+00:00\" \/>\n<meta property=\"og:image\" content=\"http:\/\/odysseus-contests.eu\/2016\/wp-content\/uploads\/2015\/05\/POSTER_A3_RGB1-150x150.jpg\" \/>\n<meta name=\"twitter:card\" content=\"summary_large_image\" \/>\n<script type=\"application\/ld+json\" class=\"yoast-schema-graph\">{\"@context\":\"https:\/\/schema.org\",\"@graph\":[{\"@type\":\"WebPage\",\"@id\":\"https:\/\/odysseus-contests.eu\/2016\/cs\/media-4\/zdroje-medii\/\",\"url\":\"https:\/\/odysseus-contests.eu\/2016\/cs\/media-4\/zdroje-medii\/\",\"name\":\"Zdroje m\u00e9di\u00ed - ODYSSEUS II\",\"isPartOf\":{\"@id\":\"https:\/\/odysseus-contests.eu\/2016\/de\/#website\"},\"datePublished\":\"2015-07-25T19:07:27+00:00\",\"dateModified\":\"2015-09-27T12:11:38+00:00\",\"breadcrumb\":{\"@id\":\"https:\/\/odysseus-contests.eu\/2016\/cs\/media-4\/zdroje-medii\/#breadcrumb\"},\"inLanguage\":\"cs\",\"potentialAction\":[{\"@type\":\"ReadAction\",\"target\":[\"https:\/\/odysseus-contests.eu\/2016\/cs\/media-4\/zdroje-medii\/\"]}]},{\"@type\":\"BreadcrumbList\",\"@id\":\"https:\/\/odysseus-contests.eu\/2016\/cs\/media-4\/zdroje-medii\/#breadcrumb\",\"itemListElement\":[{\"@type\":\"ListItem\",\"position\":1,\"name\":\"Home\",\"item\":\"https:\/\/odysseus-contests.eu\/2016\/cs\/\"},{\"@type\":\"ListItem\",\"position\":2,\"name\":\"M\u00e9dia\",\"item\":\"https:\/\/odysseus-contests.eu\/2016\/cs\/media-4\/\"},{\"@type\":\"ListItem\",\"position\":3,\"name\":\"Zdroje m\u00e9di\u00ed\"}]},{\"@type\":\"WebSite\",\"@id\":\"https:\/\/odysseus-contests.eu\/2016\/de\/#website\",\"url\":\"https:\/\/odysseus-contests.eu\/2016\/de\/\",\"name\":\"ODYSSEUS II\",\"description\":\"European Youth Space Contest\",\"potentialAction\":[{\"@type\":\"SearchAction\",\"target\":{\"@type\":\"EntryPoint\",\"urlTemplate\":\"https:\/\/odysseus-contests.eu\/2016\/de\/?s={search_term_string}\"},\"query-input\":\"required name=search_term_string\"}],\"inLanguage\":\"cs\"}]}<\/script>\n<!-- \/ Yoast SEO plugin. -->","yoast_head_json":{"title":"Zdroje m\u00e9di\u00ed - ODYSSEUS II","robots":{"index":"index","follow":"follow","max-snippet":"max-snippet:-1","max-image-preview":"max-image-preview:large","max-video-preview":"max-video-preview:-1"},"canonical":"https:\/\/odysseus-contests.eu\/2016\/cs\/media-4\/zdroje-medii\/","og_locale":"cs_CZ","og_type":"article","og_title":"Zdroje m\u00e9di\u00ed - ODYSSEUS II","og_description":"Loga projektu Odysseus II Klikni zde ke sta\u017een\u00ed loga projektu Odysseus II v *.jpg a *.eps form\u00e1tu. Odysseus II trailer Propaga\u010dn\u00ed video 720p odysseus_720p Let\u00e1k projektu Odysseus II (anglicky) Download the Leaflet here Odysseus II Poster Download the Poster in A3 size in .pdf format here Download the Poster in A4 size and in .pdf [&hellip;]","og_url":"https:\/\/odysseus-contests.eu\/2016\/cs\/media-4\/zdroje-medii\/","og_site_name":"ODYSSEUS II","article_modified_time":"2015-09-27T12:11:38+00:00","og_image":[{"url":"http:\/\/odysseus-contests.eu\/2016\/wp-content\/uploads\/2015\/05\/POSTER_A3_RGB1-150x150.jpg"}],"twitter_card":"summary_large_image","schema":{"@context":"https:\/\/schema.org","@graph":[{"@type":"WebPage","@id":"https:\/\/odysseus-contests.eu\/2016\/cs\/media-4\/zdroje-medii\/","url":"https:\/\/odysseus-contests.eu\/2016\/cs\/media-4\/zdroje-medii\/","name":"Zdroje m\u00e9di\u00ed - ODYSSEUS II","isPartOf":{"@id":"https:\/\/odysseus-contests.eu\/2016\/de\/#website"},"datePublished":"2015-07-25T19:07:27+00:00","dateModified":"2015-09-27T12:11:38+00:00","breadcrumb":{"@id":"https:\/\/odysseus-contests.eu\/2016\/cs\/media-4\/zdroje-medii\/#breadcrumb"},"inLanguage":"cs","potentialAction":[{"@type":"ReadAction","target":["https:\/\/odysseus-contests.eu\/2016\/cs\/media-4\/zdroje-medii\/"]}]},{"@type":"BreadcrumbList","@id":"https:\/\/odysseus-contests.eu\/2016\/cs\/media-4\/zdroje-medii\/#breadcrumb","itemListElement":[{"@type":"ListItem","position":1,"name":"Home","item":"https:\/\/odysseus-contests.eu\/2016\/cs\/"},{"@type":"ListItem","position":2,"name":"M\u00e9dia","item":"https:\/\/odysseus-contests.eu\/2016\/cs\/media-4\/"},{"@type":"ListItem","position":3,"name":"Zdroje m\u00e9di\u00ed"}]},{"@type":"WebSite","@id":"https:\/\/odysseus-contests.eu\/2016\/de\/#website","url":"https:\/\/odysseus-contests.eu\/2016\/de\/","name":"ODYSSEUS II","description":"European Youth Space Contest","potentialAction":[{"@type":"SearchAction","target":{"@type":"EntryPoint","urlTemplate":"https:\/\/odysseus-contests.eu\/2016\/de\/?s={search_term_string}"},"query-input":"required name=search_term_string"}],"inLanguage":"cs"}]}},"_links":{"self":[{"href":"https:\/\/odysseus-contests.eu\/2016\/cs\/wp-json\/wp\/v2\/pages\/3187"}],"collection":[{"href":"https:\/\/odysseus-contests.eu\/2016\/cs\/wp-json\/wp\/v2\/pages"}],"about":[{"href":"https:\/\/odysseus-contests.eu\/2016\/cs\/wp-json\/wp\/v2\/types\/page"}],"author":[{"embeddable":true,"href":"https:\/\/odysseus-contests.eu\/2016\/cs\/wp-json\/wp\/v2\/users\/2"}],"replies":[{"embeddable":true,"href":"https:\/\/odysseus-contests.eu\/2016\/cs\/wp-json\/wp\/v2\/comments?post=3187"}],"version-history":[{"count":0,"href":"https:\/\/odysseus-contests.eu\/2016\/cs\/wp-json\/wp\/v2\/pages\/3187\/revisions"}],"up":[{"embeddable":true,"href":"https:\/\/odysseus-contests.eu\/2016\/cs\/wp-json\/wp\/v2\/pages\/3185"}],"wp:attachment":[{"href":"https:\/\/odysseus-contests.eu\/2016\/cs\/wp-json\/wp\/v2\/media?parent=3187"}],"curies":[{"name":"wp","href":"https:\/\/api.w.org\/{rel}","templated":true}]}}