{"id":3166,"date":"2015-07-25T22:05:04","date_gmt":"2015-07-25T19:05:04","guid":{"rendered":"http:\/\/odysseus-contests.eu\/2016\/?page_id=3166"},"modified":"2016-01-26T19:15:06","modified_gmt":"2016-01-26T16:15:06","slug":"rosetta-mission-space-exploration","status":"publish","type":"page","link":"https:\/\/odysseus-contests.eu\/2016\/cs\/knihovna\/rosetta-mission-space-exploration\/","title":{"rendered":"Mise Rosetta: Objevov\u00e1n\u00ed vesm\u00edru"},"content":{"rendered":"<p><img decoding=\"async\" loading=\"lazy\" width=\"700\" height=\"400\" class=\"alignleft size-full wp-image-484 img-responsive\" src=\"http:\/\/odysseus-contests.eu\/2016\/wp-content\/uploads\/2015\/06\/content-resources-library-rosseta1.jpg\" alt=\"content-resources-library-rosseta\" srcset=\"https:\/\/odysseus-contests.eu\/2016\/wp-content\/uploads\/2015\/06\/content-resources-library-rosseta1.jpg 700w, https:\/\/odysseus-contests.eu\/2016\/wp-content\/uploads\/2015\/06\/content-resources-library-rosseta1-300x171.jpg 300w\" sizes=\"(max-width: 700px) 100vw, 700px\" \/><\/p>\n<p>Ji\u017e brzy<\/p>\n<p>&nbsp;<\/p>\n<p>Links in other languages<\/p>\n<ul>\n<li><a href=\"http:\/\/odysseus-contests.eu\/2016\/?p=199\" target=\"_blank\">English<\/a><\/li>\n<li><a href=\"http:\/\/odysseus-contests.eu\/2016\/?p=1079\" target=\"_blank\">German<\/a><\/li>\n<li><a href=\"http:\/\/odysseus-contests.eu\/2016\/?p=1366\" target=\"_blank\">French<\/a><\/li>\n<li><a href=\"http:\/\/odysseus-contests.eu\/2016\/?p=3791\" target=\"_blank\">Spanish<\/a><\/li>\n<li><a href=\"http:\/\/odysseus-contests.eu\/2016\/?p=2126\" target=\"_blank\">Italian<\/a><\/li>\n<\/ul>\n","protected":false},"excerpt":{"rendered":"<p>Ji\u017e brzy &nbsp; Links in other languages English German French Spanish Italian<\/p>\n","protected":false},"author":2,"featured_media":0,"parent":3158,"menu_order":70,"comment_status":"closed","ping_status":"closed","template":"","meta":[],"acf":[],"yoast_head":"<!-- This site is optimized with the Yoast SEO plugin v19.14 - https:\/\/yoast.com\/wordpress\/plugins\/seo\/ -->\n<title>Mise Rosetta: Objevov\u00e1n\u00ed vesm\u00edru - ODYSSEUS II<\/title>\n<meta name=\"robots\" content=\"index, follow, max-snippet:-1, max-image-preview:large, max-video-preview:-1\" \/>\n<link rel=\"canonical\" href=\"https:\/\/odysseus-contests.eu\/2016\/cs\/knihovna\/rosetta-mission-space-exploration\/\" \/>\n<meta property=\"og:locale\" content=\"cs_CZ\" \/>\n<meta property=\"og:type\" content=\"article\" \/>\n<meta property=\"og:title\" content=\"Mise Rosetta: Objevov\u00e1n\u00ed vesm\u00edru - ODYSSEUS II\" \/>\n<meta property=\"og:description\" content=\"Ji\u017e brzy &nbsp; Links in other languages English German French Spanish Italian\" \/>\n<meta property=\"og:url\" content=\"https:\/\/odysseus-contests.eu\/2016\/cs\/knihovna\/rosetta-mission-space-exploration\/\" \/>\n<meta property=\"og:site_name\" content=\"ODYSSEUS II\" \/>\n<meta property=\"article:modified_time\" content=\"2016-01-26T16:15:06+00:00\" \/>\n<meta property=\"og:image\" content=\"http:\/\/odysseus-contests.eu\/2016\/wp-content\/uploads\/2015\/06\/content-resources-library-rosseta1.jpg\" \/>\n<meta name=\"twitter:card\" content=\"summary_large_image\" \/>\n<script type=\"application\/ld+json\" class=\"yoast-schema-graph\">{\"@context\":\"https:\/\/schema.org\",\"@graph\":[{\"@type\":\"WebPage\",\"@id\":\"https:\/\/odysseus-contests.eu\/2016\/cs\/knihovna\/rosetta-mission-space-exploration\/\",\"url\":\"https:\/\/odysseus-contests.eu\/2016\/cs\/knihovna\/rosetta-mission-space-exploration\/\",\"name\":\"Mise Rosetta: Objevov\u00e1n\u00ed vesm\u00edru - ODYSSEUS II\",\"isPartOf\":{\"@id\":\"https:\/\/odysseus-contests.eu\/2016\/de\/#website\"},\"datePublished\":\"2015-07-25T19:05:04+00:00\",\"dateModified\":\"2016-01-26T16:15:06+00:00\",\"breadcrumb\":{\"@id\":\"https:\/\/odysseus-contests.eu\/2016\/cs\/knihovna\/rosetta-mission-space-exploration\/#breadcrumb\"},\"inLanguage\":\"cs\",\"potentialAction\":[{\"@type\":\"ReadAction\",\"target\":[\"https:\/\/odysseus-contests.eu\/2016\/cs\/knihovna\/rosetta-mission-space-exploration\/\"]}]},{\"@type\":\"BreadcrumbList\",\"@id\":\"https:\/\/odysseus-contests.eu\/2016\/cs\/knihovna\/rosetta-mission-space-exploration\/#breadcrumb\",\"itemListElement\":[{\"@type\":\"ListItem\",\"position\":1,\"name\":\"Home\",\"item\":\"https:\/\/odysseus-contests.eu\/2016\/cs\/\"},{\"@type\":\"ListItem\",\"position\":2,\"name\":\"Knihovna\",\"item\":\"https:\/\/odysseus-contests.eu\/2016\/cs\/knihovna\/\"},{\"@type\":\"ListItem\",\"position\":3,\"name\":\"Mise Rosetta: Objevov\u00e1n\u00ed vesm\u00edru\"}]},{\"@type\":\"WebSite\",\"@id\":\"https:\/\/odysseus-contests.eu\/2016\/de\/#website\",\"url\":\"https:\/\/odysseus-contests.eu\/2016\/de\/\",\"name\":\"ODYSSEUS II\",\"description\":\"European Youth Space Contest\",\"potentialAction\":[{\"@type\":\"SearchAction\",\"target\":{\"@type\":\"EntryPoint\",\"urlTemplate\":\"https:\/\/odysseus-contests.eu\/2016\/de\/?s={search_term_string}\"},\"query-input\":\"required name=search_term_string\"}],\"inLanguage\":\"cs\"}]}<\/script>\n<!-- \/ Yoast SEO plugin. -->","yoast_head_json":{"title":"Mise Rosetta: Objevov\u00e1n\u00ed vesm\u00edru - ODYSSEUS II","robots":{"index":"index","follow":"follow","max-snippet":"max-snippet:-1","max-image-preview":"max-image-preview:large","max-video-preview":"max-video-preview:-1"},"canonical":"https:\/\/odysseus-contests.eu\/2016\/cs\/knihovna\/rosetta-mission-space-exploration\/","og_locale":"cs_CZ","og_type":"article","og_title":"Mise Rosetta: Objevov\u00e1n\u00ed vesm\u00edru - ODYSSEUS II","og_description":"Ji\u017e brzy &nbsp; Links in other languages English German French Spanish Italian","og_url":"https:\/\/odysseus-contests.eu\/2016\/cs\/knihovna\/rosetta-mission-space-exploration\/","og_site_name":"ODYSSEUS II","article_modified_time":"2016-01-26T16:15:06+00:00","og_image":[{"url":"http:\/\/odysseus-contests.eu\/2016\/wp-content\/uploads\/2015\/06\/content-resources-library-rosseta1.jpg"}],"twitter_card":"summary_large_image","schema":{"@context":"https:\/\/schema.org","@graph":[{"@type":"WebPage","@id":"https:\/\/odysseus-contests.eu\/2016\/cs\/knihovna\/rosetta-mission-space-exploration\/","url":"https:\/\/odysseus-contests.eu\/2016\/cs\/knihovna\/rosetta-mission-space-exploration\/","name":"Mise Rosetta: Objevov\u00e1n\u00ed vesm\u00edru - ODYSSEUS II","isPartOf":{"@id":"https:\/\/odysseus-contests.eu\/2016\/de\/#website"},"datePublished":"2015-07-25T19:05:04+00:00","dateModified":"2016-01-26T16:15:06+00:00","breadcrumb":{"@id":"https:\/\/odysseus-contests.eu\/2016\/cs\/knihovna\/rosetta-mission-space-exploration\/#breadcrumb"},"inLanguage":"cs","potentialAction":[{"@type":"ReadAction","target":["https:\/\/odysseus-contests.eu\/2016\/cs\/knihovna\/rosetta-mission-space-exploration\/"]}]},{"@type":"BreadcrumbList","@id":"https:\/\/odysseus-contests.eu\/2016\/cs\/knihovna\/rosetta-mission-space-exploration\/#breadcrumb","itemListElement":[{"@type":"ListItem","position":1,"name":"Home","item":"https:\/\/odysseus-contests.eu\/2016\/cs\/"},{"@type":"ListItem","position":2,"name":"Knihovna","item":"https:\/\/odysseus-contests.eu\/2016\/cs\/knihovna\/"},{"@type":"ListItem","position":3,"name":"Mise Rosetta: Objevov\u00e1n\u00ed vesm\u00edru"}]},{"@type":"WebSite","@id":"https:\/\/odysseus-contests.eu\/2016\/de\/#website","url":"https:\/\/odysseus-contests.eu\/2016\/de\/","name":"ODYSSEUS II","description":"European Youth Space Contest","potentialAction":[{"@type":"SearchAction","target":{"@type":"EntryPoint","urlTemplate":"https:\/\/odysseus-contests.eu\/2016\/de\/?s={search_term_string}"},"query-input":"required name=search_term_string"}],"inLanguage":"cs"}]}},"_links":{"self":[{"href":"https:\/\/odysseus-contests.eu\/2016\/cs\/wp-json\/wp\/v2\/pages\/3166"}],"collection":[{"href":"https:\/\/odysseus-contests.eu\/2016\/cs\/wp-json\/wp\/v2\/pages"}],"about":[{"href":"https:\/\/odysseus-contests.eu\/2016\/cs\/wp-json\/wp\/v2\/types\/page"}],"author":[{"embeddable":true,"href":"https:\/\/odysseus-contests.eu\/2016\/cs\/wp-json\/wp\/v2\/users\/2"}],"replies":[{"embeddable":true,"href":"https:\/\/odysseus-contests.eu\/2016\/cs\/wp-json\/wp\/v2\/comments?post=3166"}],"version-history":[{"count":1,"href":"https:\/\/odysseus-contests.eu\/2016\/cs\/wp-json\/wp\/v2\/pages\/3166\/revisions"}],"predecessor-version":[{"id":7428,"href":"https:\/\/odysseus-contests.eu\/2016\/cs\/wp-json\/wp\/v2\/pages\/3166\/revisions\/7428"}],"up":[{"embeddable":true,"href":"https:\/\/odysseus-contests.eu\/2016\/cs\/wp-json\/wp\/v2\/pages\/3158"}],"wp:attachment":[{"href":"https:\/\/odysseus-contests.eu\/2016\/cs\/wp-json\/wp\/v2\/media?parent=3166"}],"curies":[{"name":"wp","href":"https:\/\/api.w.org\/{rel}","templated":true}]}}