{"id":3163,"date":"2015-07-25T22:04:29","date_gmt":"2015-07-25T19:04:29","guid":{"rendered":"http:\/\/odysseus-contests.eu\/2016\/?page_id=3163"},"modified":"2016-01-26T18:49:14","modified_gmt":"2016-01-26T15:49:14","slug":"astrobiology-the-search-for-life-in-the-universe","status":"publish","type":"page","link":"https:\/\/odysseus-contests.eu\/2016\/cs\/knihovna\/astrobiology-the-search-for-life-in-the-universe\/","title":{"rendered":"Astrobiologie &#8211; hled\u00e1n\u00ed \u017eivota ve vesm\u00edru"},"content":{"rendered":"<p><img decoding=\"async\" loading=\"lazy\" class=\"img-responsive alignleft wp-image-281 size-full\" src=\"http:\/\/odysseus-contests.eu\/2016\/wp-content\/uploads\/2015\/06\/content-resources-library-astrobiology.jpg\" alt=\"content-resources-library-astrobiology\" width=\"700\" height=\"400\" srcset=\"https:\/\/odysseus-contests.eu\/2016\/wp-content\/uploads\/2015\/06\/content-resources-library-astrobiology.jpg 700w, https:\/\/odysseus-contests.eu\/2016\/wp-content\/uploads\/2015\/06\/content-resources-library-astrobiology-300x171.jpg 300w\" sizes=\"(max-width: 700px) 100vw, 700px\" \/><\/p>\n<p>&nbsp;<\/p>\n<p>&nbsp;<\/p>\n<p>&nbsp;<\/p>\n<p>&nbsp;<\/p>\n<p>&nbsp;<\/p>\n<p>&nbsp;<\/p>\n<p>&nbsp;<\/p>\n<p>&nbsp;<\/p>\n<p>&nbsp;<\/p>\n<p>&nbsp;<\/p>\n<ul>\n<li>What is life? What makes a planet habitable?\n<ul>\n<li><a href=\"http:\/\/stem.org.uk\/rx5ep\">http:\/\/stem.org.uk\/rx5ep<\/a><\/li>\n<\/ul>\n<\/li>\n<\/ul>\n<ul>\n<li>Co je \u017eivot? Co d\u011bl\u00e1 planetu obyvatelnou?\n<ul>\n<li><a href=\"https:\/\/cadmos.cnes.fr\/fr\/web\/CNES-fr\/10104-exobiologie.php\">https:\/\/cadmos.cnes.fr\/fr\/web\/CNES-fr\/10104-exobiologie.php<\/a><\/li>\n<li><a href=\"http:\/\/cnes.cborg.fr\/50ans\/wp-content\/uploads\/2011\/12\/02_Encrenaz.pdf\">http:\/\/cnes.cborg.fr\/50ans\/wp-content\/uploads\/2011\/12\/02_Encrenaz.pdf<\/a><\/li>\n<li><a href=\"https:\/\/jeunes.cnes.fr\/fr\/web\/CNES-Jeunes-fr\/11275-une-vie-extraterrestre-.php\">https:\/\/jeunes.cnes.fr\/fr\/web\/CNES-Jeunes-fr\/11275-une-vie-extraterrestre-.php<\/a><\/li>\n<\/ul>\n<\/li>\n<li>Napi\u0161 sci-fi pov\u00eddku o letu na exoplanetu s kosmickou lod\u00ed let\u00edc\u00ed asi 90% rychlost\u00ed sv\u011btla.\n<ul>\n<li><a href=\"https:\/\/jeunes.cnes.fr\/fr\/web\/CNES-Jeunes-fr\/8331-avatar-questions-posees-par-la-fiction.php\">https:\/\/jeunes.cnes.fr\/fr\/web\/CNES-Jeunes-fr\/8331-avatar-questions-posees-par-la-fiction.php<\/a><\/li>\n<\/ul>\n<\/li>\n<li>Na\u0161li jsme mimozem\u0161\u0165any &#8211; jak s nimi budeme komunikovat, v jak\u00e9m jazyce?\n<ul>\n<li><a href=\"https:\/\/jeunes.cnes.fr\/fr\/web\/CNES-Jeunes-fr\/8841-les-extraterrestres-dans-la-litterature-et-le-cinema.php\">https:\/\/jeunes.cnes.fr\/fr\/web\/CNES-Jeunes-fr\/8841-les-extraterrestres-dans-la-litterature-et-le-cinema.php<\/a><\/li>\n<\/ul>\n<\/li>\n<li>Nakreslete civilizaci, kter\u00e1 si vybudovala velmi vysok\u00fd technologick\u00fd standard\n<ul>\n<li><a href=\"http:\/\/www.cnes-jeunes.fr\/web\/CNES-Jeunes-fr\/8330-creatures-extraterrestres.php\">http:\/\/www.cnes-jeunes.fr\/web\/CNES-Jeunes-fr\/8330-creatures-extraterrestres.php<\/a><\/li>\n<\/ul>\n<\/li>\n<li>Rok na komet\u011b \u2013 na z\u00e1klad\u011b nov\u00fdch objev\u016f dru\u017eice Rosetta popi\u0161, co m\u016f\u017ee o\u010dek\u00e1vat \u010dlov\u011bk, kter\u00fd by tam \u017eil (ve form\u011b sci-fi pov\u00eddky);\n<ul>\n<li><a href=\"http:\/\/www.rosetta-cnes.fr\/rosetta\/\">http:\/\/www.rosetta-cnes.fr\/rosetta\/<\/a><\/li>\n<\/ul>\n<\/li>\n<\/ul>\n<p>&nbsp;<\/p>\n<p>Links in other languages<\/p>\n<ul>\n<li><a href=\"http:\/\/odysseus-contests.eu\/2016\/?p=190\" target=\"_blank\">English<\/a><\/li>\n<li><a href=\"http:\/\/odysseus-contests.eu\/2016\/?p=1064\" target=\"_blank\">German<\/a><\/li>\n<li><a href=\"http:\/\/odysseus-contests.eu\/2016\/?p=1363\" target=\"_blank\">French<\/a><\/li>\n<li><a href=\"http:\/\/odysseus-contests.eu\/2016\/?p=3775\" target=\"_blank\">Spanish<\/a><\/li>\n<li><a href=\"http:\/\/odysseus-contests.eu\/2016\/?p=2130\" target=\"_blank\">Italian<\/a><\/li>\n<\/ul>\n","protected":false},"excerpt":{"rendered":"<p>&nbsp; &nbsp; &nbsp; &nbsp; &nbsp; &nbsp; &nbsp; &nbsp; &nbsp; &nbsp; What is life? What makes a planet habitable? http:\/\/stem.org.uk\/rx5ep Co je \u017eivot? Co d\u011bl\u00e1 planetu obyvatelnou? https:\/\/cadmos.cnes.fr\/fr\/web\/CNES-fr\/10104-exobiologie.php http:\/\/cnes.cborg.fr\/50ans\/wp-content\/uploads\/2011\/12\/02_Encrenaz.pdf https:\/\/jeunes.cnes.fr\/fr\/web\/CNES-Jeunes-fr\/11275-une-vie-extraterrestre-.php Napi\u0161 sci-fi pov\u00eddku o letu na exoplanetu s kosmickou lod\u00ed let\u00edc\u00ed asi 90% rychlost\u00ed sv\u011btla. https:\/\/jeunes.cnes.fr\/fr\/web\/CNES-Jeunes-fr\/8331-avatar-questions-posees-par-la-fiction.php Na\u0161li jsme mimozem\u0161\u0165any &#8211; jak s nimi budeme komunikovat, v [&hellip;]<\/p>\n","protected":false},"author":1,"featured_media":0,"parent":3158,"menu_order":40,"comment_status":"closed","ping_status":"closed","template":"","meta":[],"acf":[],"yoast_head":"<!-- This site is optimized with the Yoast SEO plugin v19.14 - https:\/\/yoast.com\/wordpress\/plugins\/seo\/ -->\n<title>Astrobiologie - hled\u00e1n\u00ed \u017eivota ve vesm\u00edru - ODYSSEUS II<\/title>\n<meta name=\"robots\" content=\"index, follow, max-snippet:-1, max-image-preview:large, max-video-preview:-1\" \/>\n<link rel=\"canonical\" href=\"https:\/\/odysseus-contests.eu\/2016\/cs\/knihovna\/astrobiology-the-search-for-life-in-the-universe\/\" \/>\n<meta property=\"og:locale\" content=\"cs_CZ\" \/>\n<meta property=\"og:type\" content=\"article\" \/>\n<meta property=\"og:title\" content=\"Astrobiologie - hled\u00e1n\u00ed \u017eivota ve vesm\u00edru - ODYSSEUS II\" \/>\n<meta property=\"og:description\" content=\"&nbsp; &nbsp; &nbsp; &nbsp; &nbsp; &nbsp; &nbsp; &nbsp; &nbsp; &nbsp; What is life? What makes a planet habitable? http:\/\/stem.org.uk\/rx5ep Co je \u017eivot? Co d\u011bl\u00e1 planetu obyvatelnou? https:\/\/cadmos.cnes.fr\/fr\/web\/CNES-fr\/10104-exobiologie.php http:\/\/cnes.cborg.fr\/50ans\/wp-content\/uploads\/2011\/12\/02_Encrenaz.pdf https:\/\/jeunes.cnes.fr\/fr\/web\/CNES-Jeunes-fr\/11275-une-vie-extraterrestre-.php Napi\u0161 sci-fi pov\u00eddku o letu na exoplanetu s kosmickou lod\u00ed let\u00edc\u00ed asi 90% rychlost\u00ed sv\u011btla. https:\/\/jeunes.cnes.fr\/fr\/web\/CNES-Jeunes-fr\/8331-avatar-questions-posees-par-la-fiction.php Na\u0161li jsme mimozem\u0161\u0165any &#8211; jak s nimi budeme komunikovat, v [&hellip;]\" \/>\n<meta property=\"og:url\" content=\"https:\/\/odysseus-contests.eu\/2016\/cs\/knihovna\/astrobiology-the-search-for-life-in-the-universe\/\" \/>\n<meta property=\"og:site_name\" content=\"ODYSSEUS II\" \/>\n<meta property=\"article:modified_time\" content=\"2016-01-26T15:49:14+00:00\" \/>\n<meta property=\"og:image\" content=\"http:\/\/odysseus-contests.eu\/2016\/wp-content\/uploads\/2015\/06\/content-resources-library-astrobiology.jpg\" \/>\n<meta name=\"twitter:card\" content=\"summary_large_image\" \/>\n<meta name=\"twitter:label1\" content=\"Odhadovan\u00e1 doba \u010dten\u00ed\" \/>\n\t<meta name=\"twitter:data1\" content=\"1 minuta\" \/>\n<script type=\"application\/ld+json\" class=\"yoast-schema-graph\">{\"@context\":\"https:\/\/schema.org\",\"@graph\":[{\"@type\":\"WebPage\",\"@id\":\"https:\/\/odysseus-contests.eu\/2016\/cs\/knihovna\/astrobiology-the-search-for-life-in-the-universe\/\",\"url\":\"https:\/\/odysseus-contests.eu\/2016\/cs\/knihovna\/astrobiology-the-search-for-life-in-the-universe\/\",\"name\":\"Astrobiologie - hled\u00e1n\u00ed \u017eivota ve vesm\u00edru - ODYSSEUS II\",\"isPartOf\":{\"@id\":\"https:\/\/odysseus-contests.eu\/2016\/de\/#website\"},\"datePublished\":\"2015-07-25T19:04:29+00:00\",\"dateModified\":\"2016-01-26T15:49:14+00:00\",\"breadcrumb\":{\"@id\":\"https:\/\/odysseus-contests.eu\/2016\/cs\/knihovna\/astrobiology-the-search-for-life-in-the-universe\/#breadcrumb\"},\"inLanguage\":\"cs\",\"potentialAction\":[{\"@type\":\"ReadAction\",\"target\":[\"https:\/\/odysseus-contests.eu\/2016\/cs\/knihovna\/astrobiology-the-search-for-life-in-the-universe\/\"]}]},{\"@type\":\"BreadcrumbList\",\"@id\":\"https:\/\/odysseus-contests.eu\/2016\/cs\/knihovna\/astrobiology-the-search-for-life-in-the-universe\/#breadcrumb\",\"itemListElement\":[{\"@type\":\"ListItem\",\"position\":1,\"name\":\"Home\",\"item\":\"https:\/\/odysseus-contests.eu\/2016\/cs\/\"},{\"@type\":\"ListItem\",\"position\":2,\"name\":\"Knihovna\",\"item\":\"https:\/\/odysseus-contests.eu\/2016\/cs\/knihovna\/\"},{\"@type\":\"ListItem\",\"position\":3,\"name\":\"Astrobiologie &#8211; hled\u00e1n\u00ed \u017eivota ve vesm\u00edru\"}]},{\"@type\":\"WebSite\",\"@id\":\"https:\/\/odysseus-contests.eu\/2016\/de\/#website\",\"url\":\"https:\/\/odysseus-contests.eu\/2016\/de\/\",\"name\":\"ODYSSEUS II\",\"description\":\"European Youth Space Contest\",\"potentialAction\":[{\"@type\":\"SearchAction\",\"target\":{\"@type\":\"EntryPoint\",\"urlTemplate\":\"https:\/\/odysseus-contests.eu\/2016\/de\/?s={search_term_string}\"},\"query-input\":\"required name=search_term_string\"}],\"inLanguage\":\"cs\"}]}<\/script>\n<!-- \/ Yoast SEO plugin. -->","yoast_head_json":{"title":"Astrobiologie - hled\u00e1n\u00ed \u017eivota ve vesm\u00edru - ODYSSEUS II","robots":{"index":"index","follow":"follow","max-snippet":"max-snippet:-1","max-image-preview":"max-image-preview:large","max-video-preview":"max-video-preview:-1"},"canonical":"https:\/\/odysseus-contests.eu\/2016\/cs\/knihovna\/astrobiology-the-search-for-life-in-the-universe\/","og_locale":"cs_CZ","og_type":"article","og_title":"Astrobiologie - hled\u00e1n\u00ed \u017eivota ve vesm\u00edru - ODYSSEUS II","og_description":"&nbsp; &nbsp; &nbsp; &nbsp; &nbsp; &nbsp; &nbsp; &nbsp; &nbsp; &nbsp; What is life? What makes a planet habitable? http:\/\/stem.org.uk\/rx5ep Co je \u017eivot? Co d\u011bl\u00e1 planetu obyvatelnou? https:\/\/cadmos.cnes.fr\/fr\/web\/CNES-fr\/10104-exobiologie.php http:\/\/cnes.cborg.fr\/50ans\/wp-content\/uploads\/2011\/12\/02_Encrenaz.pdf https:\/\/jeunes.cnes.fr\/fr\/web\/CNES-Jeunes-fr\/11275-une-vie-extraterrestre-.php Napi\u0161 sci-fi pov\u00eddku o letu na exoplanetu s kosmickou lod\u00ed let\u00edc\u00ed asi 90% rychlost\u00ed sv\u011btla. https:\/\/jeunes.cnes.fr\/fr\/web\/CNES-Jeunes-fr\/8331-avatar-questions-posees-par-la-fiction.php Na\u0161li jsme mimozem\u0161\u0165any &#8211; jak s nimi budeme komunikovat, v [&hellip;]","og_url":"https:\/\/odysseus-contests.eu\/2016\/cs\/knihovna\/astrobiology-the-search-for-life-in-the-universe\/","og_site_name":"ODYSSEUS II","article_modified_time":"2016-01-26T15:49:14+00:00","og_image":[{"url":"http:\/\/odysseus-contests.eu\/2016\/wp-content\/uploads\/2015\/06\/content-resources-library-astrobiology.jpg"}],"twitter_card":"summary_large_image","twitter_misc":{"Odhadovan\u00e1 doba \u010dten\u00ed":"1 minuta"},"schema":{"@context":"https:\/\/schema.org","@graph":[{"@type":"WebPage","@id":"https:\/\/odysseus-contests.eu\/2016\/cs\/knihovna\/astrobiology-the-search-for-life-in-the-universe\/","url":"https:\/\/odysseus-contests.eu\/2016\/cs\/knihovna\/astrobiology-the-search-for-life-in-the-universe\/","name":"Astrobiologie - hled\u00e1n\u00ed \u017eivota ve vesm\u00edru - ODYSSEUS II","isPartOf":{"@id":"https:\/\/odysseus-contests.eu\/2016\/de\/#website"},"datePublished":"2015-07-25T19:04:29+00:00","dateModified":"2016-01-26T15:49:14+00:00","breadcrumb":{"@id":"https:\/\/odysseus-contests.eu\/2016\/cs\/knihovna\/astrobiology-the-search-for-life-in-the-universe\/#breadcrumb"},"inLanguage":"cs","potentialAction":[{"@type":"ReadAction","target":["https:\/\/odysseus-contests.eu\/2016\/cs\/knihovna\/astrobiology-the-search-for-life-in-the-universe\/"]}]},{"@type":"BreadcrumbList","@id":"https:\/\/odysseus-contests.eu\/2016\/cs\/knihovna\/astrobiology-the-search-for-life-in-the-universe\/#breadcrumb","itemListElement":[{"@type":"ListItem","position":1,"name":"Home","item":"https:\/\/odysseus-contests.eu\/2016\/cs\/"},{"@type":"ListItem","position":2,"name":"Knihovna","item":"https:\/\/odysseus-contests.eu\/2016\/cs\/knihovna\/"},{"@type":"ListItem","position":3,"name":"Astrobiologie &#8211; hled\u00e1n\u00ed \u017eivota ve vesm\u00edru"}]},{"@type":"WebSite","@id":"https:\/\/odysseus-contests.eu\/2016\/de\/#website","url":"https:\/\/odysseus-contests.eu\/2016\/de\/","name":"ODYSSEUS II","description":"European Youth Space Contest","potentialAction":[{"@type":"SearchAction","target":{"@type":"EntryPoint","urlTemplate":"https:\/\/odysseus-contests.eu\/2016\/de\/?s={search_term_string}"},"query-input":"required name=search_term_string"}],"inLanguage":"cs"}]}},"_links":{"self":[{"href":"https:\/\/odysseus-contests.eu\/2016\/cs\/wp-json\/wp\/v2\/pages\/3163"}],"collection":[{"href":"https:\/\/odysseus-contests.eu\/2016\/cs\/wp-json\/wp\/v2\/pages"}],"about":[{"href":"https:\/\/odysseus-contests.eu\/2016\/cs\/wp-json\/wp\/v2\/types\/page"}],"author":[{"embeddable":true,"href":"https:\/\/odysseus-contests.eu\/2016\/cs\/wp-json\/wp\/v2\/users\/1"}],"replies":[{"embeddable":true,"href":"https:\/\/odysseus-contests.eu\/2016\/cs\/wp-json\/wp\/v2\/comments?post=3163"}],"version-history":[{"count":1,"href":"https:\/\/odysseus-contests.eu\/2016\/cs\/wp-json\/wp\/v2\/pages\/3163\/revisions"}],"predecessor-version":[{"id":7400,"href":"https:\/\/odysseus-contests.eu\/2016\/cs\/wp-json\/wp\/v2\/pages\/3163\/revisions\/7400"}],"up":[{"embeddable":true,"href":"https:\/\/odysseus-contests.eu\/2016\/cs\/wp-json\/wp\/v2\/pages\/3158"}],"wp:attachment":[{"href":"https:\/\/odysseus-contests.eu\/2016\/cs\/wp-json\/wp\/v2\/media?parent=3163"}],"curies":[{"name":"wp","href":"https:\/\/api.w.org\/{rel}","templated":true}]}}