{"id":3160,"date":"2015-07-25T22:03:56","date_gmt":"2015-07-25T19:03:56","guid":{"rendered":"http:\/\/odysseus-contests.eu\/2016\/?page_id=3160"},"modified":"2016-04-23T21:54:34","modified_gmt":"2016-04-23T18:54:34","slug":"slunecni-soustava-a-veda-o-vesmiru","status":"publish","type":"page","link":"https:\/\/odysseus-contests.eu\/2016\/cs\/knihovna\/slunecni-soustava-a-veda-o-vesmiru\/","title":{"rendered":"Slune\u010dn\u00ed soustava a kosmick\u00e9 v\u011bdy"},"content":{"rendered":"<p><img decoding=\"async\" loading=\"lazy\" class=\"img-responsive alignleft wp-image-274 size-full\" src=\"http:\/\/odysseus-contests.eu\/2016\/wp-content\/uploads\/2015\/06\/content-resources-library-solar.jpg\" alt=\"content-resources-library-solar\" width=\"700\" height=\"400\" srcset=\"https:\/\/odysseus-contests.eu\/2016\/wp-content\/uploads\/2015\/06\/content-resources-library-solar.jpg 700w, https:\/\/odysseus-contests.eu\/2016\/wp-content\/uploads\/2015\/06\/content-resources-library-solar-300x171.jpg 300w\" sizes=\"(max-width: 700px) 100vw, 700px\" \/><\/p>\n<p>&nbsp;<\/p>\n<p>&nbsp;<\/p>\n<p>&nbsp;<\/p>\n<p>&nbsp;<\/p>\n<p>&nbsp;<\/p>\n<p>&nbsp;<\/p>\n<p>&nbsp;<\/p>\n<p>&nbsp;<\/p>\n<p>&nbsp;<\/p>\n<p>&nbsp;<\/p>\n<ul>\n<li><strong>Co n\u00e1m v\u00fdzkum planet zemsk\u00e9ho typu m\u016f\u017ee p\u0159in\u00e9st za znalosti u\u017eite\u010dn\u00e9 t\u00e9\u017e pro pozn\u00e1n\u00ed Zem\u011b<\/strong>\n<ul>\n<li><a href=\"http:\/\/stem.org.uk\/rx8qb\"> Mars a Venu\u0161e <\/a><\/li>\n<li><a href=\"http:\/\/stem.org.uk\/rx4kn\"> Merkur <\/a><\/li>\n<\/ul>\n<\/li>\n<li><strong>Velk\u00e9 dalekohledy ve vesm\u00edru &#8211; pro\u010d je ob\u011b\u017en\u00e1 dr\u00e1ha vhodn\u00e1 pro pozorov\u00e1n\u00ed objekt\u016f ve vesm\u00edru?<\/strong>\n<ul>\n<li><a href=\"http:\/\/www.spacetelescope.org\/\"> Spacetelescope.org <\/a><\/li>\n<li><a href=\"http:\/\/hubblesite.org\/\"> HST <\/a><\/li>\n<li><a href=\"http:\/\/sci.esa.int\/herschel\/\"> Dalekohled Herschel <\/a><\/li>\n<\/ul>\n<\/li>\n<li><strong>Rakety a jejich syst\u00e9my<\/strong> pro\u010d a jak vlastn\u011b l\u00e9taj\u00ed?\n<ul>\n<li><a href=\"http:\/\/www.esa.int\/esaKIDSen\/SEMYWIXJD1E_Technology_0.html\">esaKIDS p\u011bkn\u011b proveden\u00e9<\/a><\/li>\n<\/ul>\n<\/li>\n<li><strong>Pilotovan\u00fd kosmick\u00fd let \u2013 jak\u00e9 jsou pocity n\u011bkolik tis\u00edc km od Zem\u011b?<\/strong>\n<ul>\n<li><a href=\"http:\/\/www.esa.int\/esaKIDSen\/LifeinSpace.html\">\u017divot ve vesm\u00edru maskota ESA KIDS<\/a><\/li>\n<\/ul>\n<\/li>\n<li><strong>Koncept st\u00e1l\u00e9ho m\u011bs\u00ed\u010dn\u00edho m\u011bsta \u2013 Jak p\u0159e\u017e\u00edt na M\u011bs\u00edci?<\/strong>\n<ul>\n<li><a href=\"http:\/\/esa.int\/Our_Activities\/Space_Engineering_Technology\/Building_a_lunar_base_with_3D_printing\"> 3D tisk m\u011bs\u00ed\u010dn\u00ed z\u00e1kladny <\/a><\/li>\n<\/ul>\n<\/li>\n<li><strong>Nakresli, jak vypad\u00e1 Zem\u011b z povrchu M\u011bs\u00edce a jak z povrchu Venu\u0161e?<\/strong>\n<ul>\n<li><a href=\"http:\/\/www.esa.int\/esaKIDSen\/Earth.html\"> Zem\u011b <\/a><\/li>\n<\/ul>\n<\/li>\n<p>Odkazy v jin\u00fdch jazyc\u00edch<\/p>\n<ul>\n<li><a href=\"http:\/\/odysseus-contests.eu\/2016\/cs\/knihovna\/slunecni-soustava-a-veda-o-vesmiru\/\" target=\"_blank\">Anglick\u00e9 odkazy<\/a><\/li>\n<li><a href=\"http:\/\/odysseus-contests.eu\/2016\/da\/profile\/\" target=\"_blank\">N\u011bmeck\u00e9 odkazy<\/a><\/li>\n<li><a href=\"http:\/\/odysseus-contests.eu\/2016\/cs\/knihovna\/slunecni-soustava-a-veda-o-vesmiru\/\" target=\"_blank\">Francouzsk\u00e9 odkazy<\/a><\/li>\n<li><a href=\"http:\/\/odysseus-contests.eu\/2016\/cs\/knihovna\/slunecni-soustava-a-veda-o-vesmiru\/\" target=\"_blank\">\u0160pan\u011blsk\u00e9 odkazy<\/a><\/li>\n<\/ul>\n","protected":false},"excerpt":{"rendered":"<p>&nbsp; &nbsp; &nbsp; &nbsp; &nbsp; &nbsp; &nbsp; &nbsp; &nbsp; &nbsp; Co n\u00e1m v\u00fdzkum planet zemsk\u00e9ho typu m\u016f\u017ee p\u0159in\u00e9st za znalosti u\u017eite\u010dn\u00e9 t\u00e9\u017e pro pozn\u00e1n\u00ed Zem\u011b Mars a Venu\u0161e Merkur Velk\u00e9 dalekohledy ve vesm\u00edru &#8211; pro\u010d je ob\u011b\u017en\u00e1 dr\u00e1ha vhodn\u00e1 pro pozorov\u00e1n\u00ed objekt\u016f ve vesm\u00edru? Spacetelescope.org HST Dalekohled Herschel Rakety a jejich syst\u00e9my pro\u010d a jak [&hellip;]<\/p>\n","protected":false},"author":1,"featured_media":0,"parent":3158,"menu_order":10,"comment_status":"closed","ping_status":"closed","template":"","meta":[],"acf":[],"yoast_head":"<!-- This site is optimized with the Yoast SEO plugin v19.14 - https:\/\/yoast.com\/wordpress\/plugins\/seo\/ -->\n<title>Slune\u010dn\u00ed soustava a kosmick\u00e9 v\u011bdy - ODYSSEUS II<\/title>\n<meta name=\"robots\" content=\"index, follow, max-snippet:-1, max-image-preview:large, max-video-preview:-1\" \/>\n<link rel=\"canonical\" href=\"https:\/\/odysseus-contests.eu\/2016\/cs\/knihovna\/slunecni-soustava-a-veda-o-vesmiru\/\" \/>\n<meta property=\"og:locale\" content=\"cs_CZ\" \/>\n<meta property=\"og:type\" content=\"article\" \/>\n<meta property=\"og:title\" content=\"Slune\u010dn\u00ed soustava a kosmick\u00e9 v\u011bdy - ODYSSEUS II\" \/>\n<meta property=\"og:description\" content=\"&nbsp; &nbsp; &nbsp; &nbsp; &nbsp; &nbsp; &nbsp; &nbsp; &nbsp; &nbsp; Co n\u00e1m v\u00fdzkum planet zemsk\u00e9ho typu m\u016f\u017ee p\u0159in\u00e9st za znalosti u\u017eite\u010dn\u00e9 t\u00e9\u017e pro pozn\u00e1n\u00ed Zem\u011b Mars a Venu\u0161e Merkur Velk\u00e9 dalekohledy ve vesm\u00edru &#8211; pro\u010d je ob\u011b\u017en\u00e1 dr\u00e1ha vhodn\u00e1 pro pozorov\u00e1n\u00ed objekt\u016f ve vesm\u00edru? Spacetelescope.org HST Dalekohled Herschel Rakety a jejich syst\u00e9my pro\u010d a jak [&hellip;]\" \/>\n<meta property=\"og:url\" content=\"https:\/\/odysseus-contests.eu\/2016\/cs\/knihovna\/slunecni-soustava-a-veda-o-vesmiru\/\" \/>\n<meta property=\"og:site_name\" content=\"ODYSSEUS II\" \/>\n<meta property=\"article:modified_time\" content=\"2016-04-23T18:54:34+00:00\" \/>\n<meta property=\"og:image\" content=\"http:\/\/odysseus-contests.eu\/2016\/wp-content\/uploads\/2015\/06\/content-resources-library-solar.jpg\" \/>\n<meta name=\"twitter:card\" content=\"summary_large_image\" \/>\n<meta name=\"twitter:label1\" content=\"Odhadovan\u00e1 doba \u010dten\u00ed\" \/>\n\t<meta name=\"twitter:data1\" content=\"1 minuta\" \/>\n<script type=\"application\/ld+json\" class=\"yoast-schema-graph\">{\"@context\":\"https:\/\/schema.org\",\"@graph\":[{\"@type\":\"WebPage\",\"@id\":\"https:\/\/odysseus-contests.eu\/2016\/cs\/knihovna\/slunecni-soustava-a-veda-o-vesmiru\/\",\"url\":\"https:\/\/odysseus-contests.eu\/2016\/cs\/knihovna\/slunecni-soustava-a-veda-o-vesmiru\/\",\"name\":\"Slune\u010dn\u00ed soustava a kosmick\u00e9 v\u011bdy - ODYSSEUS II\",\"isPartOf\":{\"@id\":\"https:\/\/odysseus-contests.eu\/2016\/de\/#website\"},\"datePublished\":\"2015-07-25T19:03:56+00:00\",\"dateModified\":\"2016-04-23T18:54:34+00:00\",\"breadcrumb\":{\"@id\":\"https:\/\/odysseus-contests.eu\/2016\/cs\/knihovna\/slunecni-soustava-a-veda-o-vesmiru\/#breadcrumb\"},\"inLanguage\":\"cs\",\"potentialAction\":[{\"@type\":\"ReadAction\",\"target\":[\"https:\/\/odysseus-contests.eu\/2016\/cs\/knihovna\/slunecni-soustava-a-veda-o-vesmiru\/\"]}]},{\"@type\":\"BreadcrumbList\",\"@id\":\"https:\/\/odysseus-contests.eu\/2016\/cs\/knihovna\/slunecni-soustava-a-veda-o-vesmiru\/#breadcrumb\",\"itemListElement\":[{\"@type\":\"ListItem\",\"position\":1,\"name\":\"Home\",\"item\":\"https:\/\/odysseus-contests.eu\/2016\/cs\/\"},{\"@type\":\"ListItem\",\"position\":2,\"name\":\"Knihovna\",\"item\":\"https:\/\/odysseus-contests.eu\/2016\/cs\/knihovna\/\"},{\"@type\":\"ListItem\",\"position\":3,\"name\":\"Slune\u010dn\u00ed soustava a kosmick\u00e9 v\u011bdy\"}]},{\"@type\":\"WebSite\",\"@id\":\"https:\/\/odysseus-contests.eu\/2016\/de\/#website\",\"url\":\"https:\/\/odysseus-contests.eu\/2016\/de\/\",\"name\":\"ODYSSEUS II\",\"description\":\"European Youth Space Contest\",\"potentialAction\":[{\"@type\":\"SearchAction\",\"target\":{\"@type\":\"EntryPoint\",\"urlTemplate\":\"https:\/\/odysseus-contests.eu\/2016\/de\/?s={search_term_string}\"},\"query-input\":\"required name=search_term_string\"}],\"inLanguage\":\"cs\"}]}<\/script>\n<!-- \/ Yoast SEO plugin. -->","yoast_head_json":{"title":"Slune\u010dn\u00ed soustava a kosmick\u00e9 v\u011bdy - ODYSSEUS II","robots":{"index":"index","follow":"follow","max-snippet":"max-snippet:-1","max-image-preview":"max-image-preview:large","max-video-preview":"max-video-preview:-1"},"canonical":"https:\/\/odysseus-contests.eu\/2016\/cs\/knihovna\/slunecni-soustava-a-veda-o-vesmiru\/","og_locale":"cs_CZ","og_type":"article","og_title":"Slune\u010dn\u00ed soustava a kosmick\u00e9 v\u011bdy - ODYSSEUS II","og_description":"&nbsp; &nbsp; &nbsp; &nbsp; &nbsp; &nbsp; &nbsp; &nbsp; &nbsp; &nbsp; Co n\u00e1m v\u00fdzkum planet zemsk\u00e9ho typu m\u016f\u017ee p\u0159in\u00e9st za znalosti u\u017eite\u010dn\u00e9 t\u00e9\u017e pro pozn\u00e1n\u00ed Zem\u011b Mars a Venu\u0161e Merkur Velk\u00e9 dalekohledy ve vesm\u00edru &#8211; pro\u010d je ob\u011b\u017en\u00e1 dr\u00e1ha vhodn\u00e1 pro pozorov\u00e1n\u00ed objekt\u016f ve vesm\u00edru? Spacetelescope.org HST Dalekohled Herschel Rakety a jejich syst\u00e9my pro\u010d a jak [&hellip;]","og_url":"https:\/\/odysseus-contests.eu\/2016\/cs\/knihovna\/slunecni-soustava-a-veda-o-vesmiru\/","og_site_name":"ODYSSEUS II","article_modified_time":"2016-04-23T18:54:34+00:00","og_image":[{"url":"http:\/\/odysseus-contests.eu\/2016\/wp-content\/uploads\/2015\/06\/content-resources-library-solar.jpg"}],"twitter_card":"summary_large_image","twitter_misc":{"Odhadovan\u00e1 doba \u010dten\u00ed":"1 minuta"},"schema":{"@context":"https:\/\/schema.org","@graph":[{"@type":"WebPage","@id":"https:\/\/odysseus-contests.eu\/2016\/cs\/knihovna\/slunecni-soustava-a-veda-o-vesmiru\/","url":"https:\/\/odysseus-contests.eu\/2016\/cs\/knihovna\/slunecni-soustava-a-veda-o-vesmiru\/","name":"Slune\u010dn\u00ed soustava a kosmick\u00e9 v\u011bdy - ODYSSEUS II","isPartOf":{"@id":"https:\/\/odysseus-contests.eu\/2016\/de\/#website"},"datePublished":"2015-07-25T19:03:56+00:00","dateModified":"2016-04-23T18:54:34+00:00","breadcrumb":{"@id":"https:\/\/odysseus-contests.eu\/2016\/cs\/knihovna\/slunecni-soustava-a-veda-o-vesmiru\/#breadcrumb"},"inLanguage":"cs","potentialAction":[{"@type":"ReadAction","target":["https:\/\/odysseus-contests.eu\/2016\/cs\/knihovna\/slunecni-soustava-a-veda-o-vesmiru\/"]}]},{"@type":"BreadcrumbList","@id":"https:\/\/odysseus-contests.eu\/2016\/cs\/knihovna\/slunecni-soustava-a-veda-o-vesmiru\/#breadcrumb","itemListElement":[{"@type":"ListItem","position":1,"name":"Home","item":"https:\/\/odysseus-contests.eu\/2016\/cs\/"},{"@type":"ListItem","position":2,"name":"Knihovna","item":"https:\/\/odysseus-contests.eu\/2016\/cs\/knihovna\/"},{"@type":"ListItem","position":3,"name":"Slune\u010dn\u00ed soustava a kosmick\u00e9 v\u011bdy"}]},{"@type":"WebSite","@id":"https:\/\/odysseus-contests.eu\/2016\/de\/#website","url":"https:\/\/odysseus-contests.eu\/2016\/de\/","name":"ODYSSEUS II","description":"European Youth Space Contest","potentialAction":[{"@type":"SearchAction","target":{"@type":"EntryPoint","urlTemplate":"https:\/\/odysseus-contests.eu\/2016\/de\/?s={search_term_string}"},"query-input":"required name=search_term_string"}],"inLanguage":"cs"}]}},"_links":{"self":[{"href":"https:\/\/odysseus-contests.eu\/2016\/cs\/wp-json\/wp\/v2\/pages\/3160"}],"collection":[{"href":"https:\/\/odysseus-contests.eu\/2016\/cs\/wp-json\/wp\/v2\/pages"}],"about":[{"href":"https:\/\/odysseus-contests.eu\/2016\/cs\/wp-json\/wp\/v2\/types\/page"}],"author":[{"embeddable":true,"href":"https:\/\/odysseus-contests.eu\/2016\/cs\/wp-json\/wp\/v2\/users\/1"}],"replies":[{"embeddable":true,"href":"https:\/\/odysseus-contests.eu\/2016\/cs\/wp-json\/wp\/v2\/comments?post=3160"}],"version-history":[{"count":1,"href":"https:\/\/odysseus-contests.eu\/2016\/cs\/wp-json\/wp\/v2\/pages\/3160\/revisions"}],"predecessor-version":[{"id":10960,"href":"https:\/\/odysseus-contests.eu\/2016\/cs\/wp-json\/wp\/v2\/pages\/3160\/revisions\/10960"}],"up":[{"embeddable":true,"href":"https:\/\/odysseus-contests.eu\/2016\/cs\/wp-json\/wp\/v2\/pages\/3158"}],"wp:attachment":[{"href":"https:\/\/odysseus-contests.eu\/2016\/cs\/wp-json\/wp\/v2\/media?parent=3160"}],"curies":[{"name":"wp","href":"https:\/\/api.w.org\/{rel}","templated":true}]}}