{"id":3158,"date":"2015-07-25T22:01:41","date_gmt":"2015-07-25T19:01:41","guid":{"rendered":"http:\/\/odysseus-contests.eu\/2016\/?page_id=3158"},"modified":"2015-07-25T22:01:41","modified_gmt":"2015-07-25T19:01:41","slug":"knihovna","status":"publish","type":"page","link":"https:\/\/odysseus-contests.eu\/2016\/cs\/knihovna\/","title":{"rendered":"Knihovna"},"content":{"rendered":"<p>Knihovna sout\u011b\u017ee Odysseus pro \u017e\u00e1ky a studenty vyhled\u00e1v\u00e1 materi\u00e1ly o vesm\u00edrn\u00e9 v\u011bd\u011b a technice. Z\u00e1m\u011brem t\u00e9to knihovny je b\u00fdt z\u00e1bavnou a z\u00e1rove\u0148 vzd\u011bl\u00e1vac\u00ed, nab\u00edzej\u00edc\u00ed zaj\u00edmav\u00e9 odkazy na vesm\u00edr a zahrnuj\u00edc\u00ed materi\u00e1ly, kter\u00e9 by mohly povzbudit \u00fa\u010dastn\u00edky k informovanosti a k vytvo\u0159en\u00ed \u00fasp\u011b\u0161n\u00e9ho p\u0159\u00edsp\u011bvku. Povzbuzuje t\u00e9\u017e \u00fa\u010dastn\u00edky sout\u011b\u017ee Odysseus ke tvorb\u011b jejich vlastn\u00edch v\u00fdzkum\u016f a dokument\u016f. Sout\u011b\u017e\u00edc\u00ed m\u016f\u017eou pou\u017e\u00edt n\u00e1pady, materi\u00e1ly a v\u011bdomosti, kter\u00e9 jsou p\u0159istupn\u00e9 na internetov\u00fdch str\u00e1nk\u00e1ch a v knihovn\u011b, pokud na n\u011b vytvo\u0159\u00ed konkr\u00e9tn\u00ed\u00a0 reference a nenapodobuj\u00ed, nebo nekop\u00edruj\u00ed, pr\u00e1ci jin\u00fdch lid\u00ed v projektu, kter\u00fd pak odevzdaj\u00ed do sout\u011b\u017ee.<\/p>\n","protected":false},"excerpt":{"rendered":"<p>Knihovna sout\u011b\u017ee Odysseus pro \u017e\u00e1ky a studenty vyhled\u00e1v\u00e1 materi\u00e1ly o vesm\u00edrn\u00e9 v\u011bd\u011b a technice. Z\u00e1m\u011brem t\u00e9to knihovny je b\u00fdt z\u00e1bavnou a z\u00e1rove\u0148 vzd\u011bl\u00e1vac\u00ed, nab\u00edzej\u00edc\u00ed zaj\u00edmav\u00e9 odkazy na vesm\u00edr a zahrnuj\u00edc\u00ed materi\u00e1ly, kter\u00e9 by mohly povzbudit \u00fa\u010dastn\u00edky k informovanosti a k vytvo\u0159en\u00ed \u00fasp\u011b\u0161n\u00e9ho p\u0159\u00edsp\u011bvku. Povzbuzuje t\u00e9\u017e \u00fa\u010dastn\u00edky sout\u011b\u017ee Odysseus ke tvorb\u011b jejich vlastn\u00edch v\u00fdzkum\u016f a dokument\u016f. [&hellip;]<\/p>\n","protected":false},"author":2,"featured_media":0,"parent":0,"menu_order":0,"comment_status":"closed","ping_status":"closed","template":"","meta":[],"acf":[],"yoast_head":"<!-- This site is optimized with the Yoast SEO plugin v19.14 - https:\/\/yoast.com\/wordpress\/plugins\/seo\/ -->\n<title>Knihovna - ODYSSEUS II<\/title>\n<meta name=\"robots\" content=\"index, follow, max-snippet:-1, max-image-preview:large, max-video-preview:-1\" \/>\n<link rel=\"canonical\" href=\"https:\/\/odysseus-contests.eu\/2016\/cs\/knihovna\/\" \/>\n<meta property=\"og:locale\" content=\"cs_CZ\" \/>\n<meta property=\"og:type\" content=\"article\" \/>\n<meta property=\"og:title\" content=\"Knihovna - ODYSSEUS II\" \/>\n<meta property=\"og:description\" content=\"Knihovna sout\u011b\u017ee Odysseus pro \u017e\u00e1ky a studenty vyhled\u00e1v\u00e1 materi\u00e1ly o vesm\u00edrn\u00e9 v\u011bd\u011b a technice. Z\u00e1m\u011brem t\u00e9to knihovny je b\u00fdt z\u00e1bavnou a z\u00e1rove\u0148 vzd\u011bl\u00e1vac\u00ed, nab\u00edzej\u00edc\u00ed zaj\u00edmav\u00e9 odkazy na vesm\u00edr a zahrnuj\u00edc\u00ed materi\u00e1ly, kter\u00e9 by mohly povzbudit \u00fa\u010dastn\u00edky k informovanosti a k vytvo\u0159en\u00ed \u00fasp\u011b\u0161n\u00e9ho p\u0159\u00edsp\u011bvku. Povzbuzuje t\u00e9\u017e \u00fa\u010dastn\u00edky sout\u011b\u017ee Odysseus ke tvorb\u011b jejich vlastn\u00edch v\u00fdzkum\u016f a dokument\u016f. [&hellip;]\" \/>\n<meta property=\"og:url\" content=\"https:\/\/odysseus-contests.eu\/2016\/cs\/knihovna\/\" \/>\n<meta property=\"og:site_name\" content=\"ODYSSEUS II\" \/>\n<meta name=\"twitter:card\" content=\"summary_large_image\" \/>\n<meta name=\"twitter:label1\" content=\"Odhadovan\u00e1 doba \u010dten\u00ed\" \/>\n\t<meta name=\"twitter:data1\" content=\"1 minuta\" \/>\n<script type=\"application\/ld+json\" class=\"yoast-schema-graph\">{\"@context\":\"https:\/\/schema.org\",\"@graph\":[{\"@type\":\"WebPage\",\"@id\":\"https:\/\/odysseus-contests.eu\/2016\/cs\/knihovna\/\",\"url\":\"https:\/\/odysseus-contests.eu\/2016\/cs\/knihovna\/\",\"name\":\"Knihovna - ODYSSEUS II\",\"isPartOf\":{\"@id\":\"https:\/\/odysseus-contests.eu\/2016\/de\/#website\"},\"datePublished\":\"2015-07-25T19:01:41+00:00\",\"dateModified\":\"2015-07-25T19:01:41+00:00\",\"breadcrumb\":{\"@id\":\"https:\/\/odysseus-contests.eu\/2016\/cs\/knihovna\/#breadcrumb\"},\"inLanguage\":\"cs\",\"potentialAction\":[{\"@type\":\"ReadAction\",\"target\":[\"https:\/\/odysseus-contests.eu\/2016\/cs\/knihovna\/\"]}]},{\"@type\":\"BreadcrumbList\",\"@id\":\"https:\/\/odysseus-contests.eu\/2016\/cs\/knihovna\/#breadcrumb\",\"itemListElement\":[{\"@type\":\"ListItem\",\"position\":1,\"name\":\"Home\",\"item\":\"https:\/\/odysseus-contests.eu\/2016\/cs\/\"},{\"@type\":\"ListItem\",\"position\":2,\"name\":\"Knihovna\"}]},{\"@type\":\"WebSite\",\"@id\":\"https:\/\/odysseus-contests.eu\/2016\/de\/#website\",\"url\":\"https:\/\/odysseus-contests.eu\/2016\/de\/\",\"name\":\"ODYSSEUS II\",\"description\":\"European Youth Space Contest\",\"potentialAction\":[{\"@type\":\"SearchAction\",\"target\":{\"@type\":\"EntryPoint\",\"urlTemplate\":\"https:\/\/odysseus-contests.eu\/2016\/de\/?s={search_term_string}\"},\"query-input\":\"required name=search_term_string\"}],\"inLanguage\":\"cs\"}]}<\/script>\n<!-- \/ Yoast SEO plugin. -->","yoast_head_json":{"title":"Knihovna - ODYSSEUS II","robots":{"index":"index","follow":"follow","max-snippet":"max-snippet:-1","max-image-preview":"max-image-preview:large","max-video-preview":"max-video-preview:-1"},"canonical":"https:\/\/odysseus-contests.eu\/2016\/cs\/knihovna\/","og_locale":"cs_CZ","og_type":"article","og_title":"Knihovna - ODYSSEUS II","og_description":"Knihovna sout\u011b\u017ee Odysseus pro \u017e\u00e1ky a studenty vyhled\u00e1v\u00e1 materi\u00e1ly o vesm\u00edrn\u00e9 v\u011bd\u011b a technice. Z\u00e1m\u011brem t\u00e9to knihovny je b\u00fdt z\u00e1bavnou a z\u00e1rove\u0148 vzd\u011bl\u00e1vac\u00ed, nab\u00edzej\u00edc\u00ed zaj\u00edmav\u00e9 odkazy na vesm\u00edr a zahrnuj\u00edc\u00ed materi\u00e1ly, kter\u00e9 by mohly povzbudit \u00fa\u010dastn\u00edky k informovanosti a k vytvo\u0159en\u00ed \u00fasp\u011b\u0161n\u00e9ho p\u0159\u00edsp\u011bvku. Povzbuzuje t\u00e9\u017e \u00fa\u010dastn\u00edky sout\u011b\u017ee Odysseus ke tvorb\u011b jejich vlastn\u00edch v\u00fdzkum\u016f a dokument\u016f. [&hellip;]","og_url":"https:\/\/odysseus-contests.eu\/2016\/cs\/knihovna\/","og_site_name":"ODYSSEUS II","twitter_card":"summary_large_image","twitter_misc":{"Odhadovan\u00e1 doba \u010dten\u00ed":"1 minuta"},"schema":{"@context":"https:\/\/schema.org","@graph":[{"@type":"WebPage","@id":"https:\/\/odysseus-contests.eu\/2016\/cs\/knihovna\/","url":"https:\/\/odysseus-contests.eu\/2016\/cs\/knihovna\/","name":"Knihovna - ODYSSEUS II","isPartOf":{"@id":"https:\/\/odysseus-contests.eu\/2016\/de\/#website"},"datePublished":"2015-07-25T19:01:41+00:00","dateModified":"2015-07-25T19:01:41+00:00","breadcrumb":{"@id":"https:\/\/odysseus-contests.eu\/2016\/cs\/knihovna\/#breadcrumb"},"inLanguage":"cs","potentialAction":[{"@type":"ReadAction","target":["https:\/\/odysseus-contests.eu\/2016\/cs\/knihovna\/"]}]},{"@type":"BreadcrumbList","@id":"https:\/\/odysseus-contests.eu\/2016\/cs\/knihovna\/#breadcrumb","itemListElement":[{"@type":"ListItem","position":1,"name":"Home","item":"https:\/\/odysseus-contests.eu\/2016\/cs\/"},{"@type":"ListItem","position":2,"name":"Knihovna"}]},{"@type":"WebSite","@id":"https:\/\/odysseus-contests.eu\/2016\/de\/#website","url":"https:\/\/odysseus-contests.eu\/2016\/de\/","name":"ODYSSEUS II","description":"European Youth Space Contest","potentialAction":[{"@type":"SearchAction","target":{"@type":"EntryPoint","urlTemplate":"https:\/\/odysseus-contests.eu\/2016\/de\/?s={search_term_string}"},"query-input":"required name=search_term_string"}],"inLanguage":"cs"}]}},"_links":{"self":[{"href":"https:\/\/odysseus-contests.eu\/2016\/cs\/wp-json\/wp\/v2\/pages\/3158"}],"collection":[{"href":"https:\/\/odysseus-contests.eu\/2016\/cs\/wp-json\/wp\/v2\/pages"}],"about":[{"href":"https:\/\/odysseus-contests.eu\/2016\/cs\/wp-json\/wp\/v2\/types\/page"}],"author":[{"embeddable":true,"href":"https:\/\/odysseus-contests.eu\/2016\/cs\/wp-json\/wp\/v2\/users\/2"}],"replies":[{"embeddable":true,"href":"https:\/\/odysseus-contests.eu\/2016\/cs\/wp-json\/wp\/v2\/comments?post=3158"}],"version-history":[{"count":0,"href":"https:\/\/odysseus-contests.eu\/2016\/cs\/wp-json\/wp\/v2\/pages\/3158\/revisions"}],"wp:attachment":[{"href":"https:\/\/odysseus-contests.eu\/2016\/cs\/wp-json\/wp\/v2\/media?parent=3158"}],"curies":[{"name":"wp","href":"https:\/\/api.w.org\/{rel}","templated":true}]}}