{"id":3148,"date":"2015-07-25T21:55:34","date_gmt":"2015-07-25T18:55:34","guid":{"rendered":"http:\/\/odysseus-contests.eu\/2016\/?page_id=3148"},"modified":"2015-09-07T10:36:32","modified_gmt":"2015-09-07T07:36:32","slug":"tipy-pro-uspech","status":"publish","type":"page","link":"https:\/\/odysseus-contests.eu\/2016\/cs\/explorers\/tipy-pro-uspech\/","title":{"rendered":"Tipy pro \u00fasp\u011bch"},"content":{"rendered":"<ul>\n<li>Sna\u017e se dokonale porozum\u011bt zad\u00e1n\u00ed sout\u011b\u017ee. P\u0159e\u010dti si pozorn\u011b p\u0159ehled sout\u011b\u017ee a v\u0161echny jej\u00ed sou\u010d\u00e1sti.<\/li>\n<li>Zam\u011b\u0159 svou snahu na napln\u011bn\u00ed specifick\u00fdch hodnot\u00edc\u00edch krit\u00e9ri\u00ed. V\u011bdeck\u00fd v\u00fdbor se skl\u00e1d\u00e1 z profesion\u00e1ln\u00edch v\u011bdc\u016f, v\u00fdzkumn\u00fdch pracovn\u00edk\u016f a pedagog\u016f. Ti hodnot\u00ed ka\u017edou \u010d\u00e1st pr\u00e1v\u011b z pohledu specifick\u00fdch hodnot\u00edc\u00edch krit\u00e9ri\u00ed t\u00e9to sout\u011b\u017ee. Obsah, v\u010detn\u011b v\u011bdeck\u00e9 p\u0159esnosti, bude m\u00edt vliv na jejich rozhodov\u00e1n\u00ed.<\/li>\n<li>Bu\u010f p\u0159esn\u00fd a nepi\u0161 n\u011bco, co sis p\u0159ed t\u00edm neov\u011b\u0159il, a hlavn\u011b nepi\u0161 n\u011bco, \u010demu nerozum\u00ed\u0161. Pokus se udr\u017eovat konzistenci textu a zbyte\u010dn\u011b projekt nenatahuj. Konkr\u00e9tn\u011b zam\u011b\u0159en\u00e9 projekty budou sp\u00ed\u0161e \u00fasp\u011b\u0161n\u011bj\u0161\u00ed, proto\u017ee jsou d\u016fkladn\u00e9 a explicitn\u00ed. Pokus se projekt napsat tak, \u017ee bude m\u00edt logickou n\u00e1vaznost a strukturu. Tak\u00e9 zkus vytvo\u0159it atraktivn\u00ed \u00fapravu.<\/li>\n<li>Pracuj na z\u00e1kladech. Vzhled projektu je v\u017edy ukazatelem snahy studenta. Elegantn\u00ed, dob\u0159e upraven\u00fd, \u010diteln\u00e9 z\u00e1znamy bez pravopisn\u00fdch chyb, v\u017edy vytvo\u0159\u00ed lep\u0161\u00ed dojem. Doporu\u010duje se, aby z\u00e1vere\u010dnou korekturu provedl n\u011bkdo, kdo na projektu nepracoval.<\/li>\n<li>Vyhledej podporu Mentora. Koukni se na <a href=\"http:\/\/odysseus-contests.eu\/2016\/cs\/zdroje\/sit-mentoru\/\" target=\"_blank\">str\u00e1nky sout\u011b\u017ee Odysseus<\/a> a vyber si Mentora z tvoj\u00ed zem\u011b.<\/li>\n<li>Pl\u00e1nuj dop\u0159edu. Ud\u011blej si pl\u00e1n projektu, ur\u010di si hlavn\u00ed postup. Rozvrhni si projekt tak, abys m\u011bl v pl\u00e1nu \u010das na zkontrolov\u00e1n\u00ed a proch\u00e1zen\u00ed ji\u017e hotov\u00e9 pr\u00e1ce.<\/li>\n<li>Pou\u017eij \u0161ablony poskytnut\u00e9 po\u0159adateli na dokumentaci projektu.<\/li>\n<li>Vyber si t\u00e9ma, kter\u00e9 pro tebe n\u011bco znamen\u00e1. Usnadn\u00ed ti to se soust\u0159edit na projekt a v\u011bnovat mu \u010das.<\/li>\n<li>Rozpracuj v\u00fdzkumn\u00e9 ot\u00e1zky projektu, kter\u00e9 ti pom\u016f\u017eou definovat, na co tv\u016fj projekt odpov\u00ed. Zeptej se s\u00e1m sebe na vztah mezi zam\u011b\u0159en\u00edm tv\u00e9ho projektu a v\u00fdsledkem, kter\u00e9ho chce\u0161 dos\u00e1hnout.<\/li>\n<li>Kresli si v\u00fdvojov\u00e9 diagramy k lep\u0161\u00ed organizaci informac\u00ed, kter\u00e9 bys nasb\u00edral na vesm\u00edrn\u00e9 t\u00e9ma a zvl\u00e1\u0161t\u011b na t\u00e9ma tv\u00e9ho projektu, pom\u016f\u017eou ti p\u0159ij\u00edt na to, jak pou\u017e\u00edt tyto informace na n\u011bco smyslupln\u00e9ho v projektu.<\/li>\n<li>P\u0159e\u010dti si a nastuduj demo projekty na str\u00e1nk\u00e1ch Odysseus a <a href=\"http:\/\/odysseus-contests.eu\/2016\/cs\/explorers\/nejcastejsi-otazky\/\" target=\"_blank\">Nej\u010dast\u011bj\u0161\u00ed ot\u00e1zky<\/a>.<\/li>\n<li>Zeptej se na jakoukoli dopl\u0148uj\u00edc\u00ed ot\u00e1zku organiz\u00e1tor\u016f vypln\u011bn\u00edm p\u0159\u00edslu\u0161n\u00e9ho kontaktn\u00edho formul\u00e1\u0159e.<\/li>\n<li>Zorganizuj si pom\u016fcky, materi\u00e1ly a z\u00e1soby pro sout\u011b\u017e.<\/li>\n<li>Najdi si pomocnou str\u00e1nku o vesm\u00edru a zdroje relevantn\u00edch materi\u00e1lu pro tv\u016fj projekt, ale dr\u017e se seri\u00f3zn\u00edch a d\u016fv\u011bryhodn\u00fdch zdroj\u016f (nap\u0159. str\u00e1nky ESA nebo NASA a str\u00e1nky s\u00a0p\u0159\u00edponou <em>.edu<\/em>)<\/li>\n<li>V\u011bnuj hodn\u011b \u010dasu orientaci v podkladov\u00fdch informac\u00edch k tv\u00e9mu t\u00e9matu.<\/li>\n<li>Ujisti se, \u017ee v\u0161echny fakta, kter\u00e1 pou\u017e\u00edv\u00e1\u0161 jako argument, jsou prokazateln\u00e1 z d\u016fv\u011bryhodn\u00fdch zdroj\u016f, p\u0159ed t\u00edm ne\u017e uv\u00e1\u017e\u00ed\u0161, \u017ee jsou platn\u00e1.<\/li>\n<li>Se sv\u00fdm v\u00fdzkumem jdi do hloubky. Zkus se nau\u010dit v\u011bdeck\u00fd koncept a b\u00fdt detailn\u00ed, jak jen to je mo\u017en\u00e9.<\/li>\n<li>Nenech se odradit, pokud naraz\u00ed\u0161 na n\u011bjak\u00e9 probl\u00e9my p\u0159i tvo\u0159en\u00ed projektu. \u0158\u00edm tak\u00e9 nebyl vybudov\u00e1n za den.<\/li>\n<li>Bav se! U\u017eij si cestu k vesm\u00edrn\u00e9mu dobrodru\u017estv\u00ed!<\/li>\n<\/ul>\n","protected":false},"excerpt":{"rendered":"<p>Sna\u017e se dokonale porozum\u011bt zad\u00e1n\u00ed sout\u011b\u017ee. P\u0159e\u010dti si pozorn\u011b p\u0159ehled sout\u011b\u017ee a v\u0161echny jej\u00ed sou\u010d\u00e1sti. Zam\u011b\u0159 svou snahu na napln\u011bn\u00ed specifick\u00fdch hodnot\u00edc\u00edch krit\u00e9ri\u00ed. V\u011bdeck\u00fd v\u00fdbor se skl\u00e1d\u00e1 z profesion\u00e1ln\u00edch v\u011bdc\u016f, v\u00fdzkumn\u00fdch pracovn\u00edk\u016f a pedagog\u016f. Ti hodnot\u00ed ka\u017edou \u010d\u00e1st pr\u00e1v\u011b z pohledu specifick\u00fdch hodnot\u00edc\u00edch krit\u00e9ri\u00ed t\u00e9to sout\u011b\u017ee. Obsah, v\u010detn\u011b v\u011bdeck\u00e9 p\u0159esnosti, bude m\u00edt vliv na jejich [&hellip;]<\/p>\n","protected":false},"author":2,"featured_media":0,"parent":3131,"menu_order":80,"comment_status":"closed","ping_status":"closed","template":"","meta":[],"acf":[],"yoast_head":"<!-- This site is optimized with the Yoast SEO plugin v19.14 - https:\/\/yoast.com\/wordpress\/plugins\/seo\/ -->\n<title>Tipy pro \u00fasp\u011bch - ODYSSEUS II<\/title>\n<meta name=\"robots\" content=\"index, follow, max-snippet:-1, max-image-preview:large, max-video-preview:-1\" \/>\n<link rel=\"canonical\" href=\"https:\/\/odysseus-contests.eu\/2016\/cs\/explorers\/tipy-pro-uspech\/\" \/>\n<meta property=\"og:locale\" content=\"cs_CZ\" \/>\n<meta property=\"og:type\" content=\"article\" \/>\n<meta property=\"og:title\" content=\"Tipy pro \u00fasp\u011bch - ODYSSEUS II\" \/>\n<meta property=\"og:description\" content=\"Sna\u017e se dokonale porozum\u011bt zad\u00e1n\u00ed sout\u011b\u017ee. P\u0159e\u010dti si pozorn\u011b p\u0159ehled sout\u011b\u017ee a v\u0161echny jej\u00ed sou\u010d\u00e1sti. Zam\u011b\u0159 svou snahu na napln\u011bn\u00ed specifick\u00fdch hodnot\u00edc\u00edch krit\u00e9ri\u00ed. V\u011bdeck\u00fd v\u00fdbor se skl\u00e1d\u00e1 z profesion\u00e1ln\u00edch v\u011bdc\u016f, v\u00fdzkumn\u00fdch pracovn\u00edk\u016f a pedagog\u016f. Ti hodnot\u00ed ka\u017edou \u010d\u00e1st pr\u00e1v\u011b z pohledu specifick\u00fdch hodnot\u00edc\u00edch krit\u00e9ri\u00ed t\u00e9to sout\u011b\u017ee. Obsah, v\u010detn\u011b v\u011bdeck\u00e9 p\u0159esnosti, bude m\u00edt vliv na jejich [&hellip;]\" \/>\n<meta property=\"og:url\" content=\"https:\/\/odysseus-contests.eu\/2016\/cs\/explorers\/tipy-pro-uspech\/\" \/>\n<meta property=\"og:site_name\" content=\"ODYSSEUS II\" \/>\n<meta property=\"article:modified_time\" content=\"2015-09-07T07:36:32+00:00\" \/>\n<meta name=\"twitter:card\" content=\"summary_large_image\" \/>\n<meta name=\"twitter:label1\" content=\"Odhadovan\u00e1 doba \u010dten\u00ed\" \/>\n\t<meta name=\"twitter:data1\" content=\"3 minuty\" \/>\n<script type=\"application\/ld+json\" class=\"yoast-schema-graph\">{\"@context\":\"https:\/\/schema.org\",\"@graph\":[{\"@type\":\"WebPage\",\"@id\":\"https:\/\/odysseus-contests.eu\/2016\/cs\/explorers\/tipy-pro-uspech\/\",\"url\":\"https:\/\/odysseus-contests.eu\/2016\/cs\/explorers\/tipy-pro-uspech\/\",\"name\":\"Tipy pro \u00fasp\u011bch - ODYSSEUS II\",\"isPartOf\":{\"@id\":\"https:\/\/odysseus-contests.eu\/2016\/de\/#website\"},\"datePublished\":\"2015-07-25T18:55:34+00:00\",\"dateModified\":\"2015-09-07T07:36:32+00:00\",\"breadcrumb\":{\"@id\":\"https:\/\/odysseus-contests.eu\/2016\/cs\/explorers\/tipy-pro-uspech\/#breadcrumb\"},\"inLanguage\":\"cs\",\"potentialAction\":[{\"@type\":\"ReadAction\",\"target\":[\"https:\/\/odysseus-contests.eu\/2016\/cs\/explorers\/tipy-pro-uspech\/\"]}]},{\"@type\":\"BreadcrumbList\",\"@id\":\"https:\/\/odysseus-contests.eu\/2016\/cs\/explorers\/tipy-pro-uspech\/#breadcrumb\",\"itemListElement\":[{\"@type\":\"ListItem\",\"position\":1,\"name\":\"Home\",\"item\":\"https:\/\/odysseus-contests.eu\/2016\/cs\/\"},{\"@type\":\"ListItem\",\"position\":2,\"name\":\"Explorers\",\"item\":\"https:\/\/odysseus-contests.eu\/2016\/cs\/explorers\/\"},{\"@type\":\"ListItem\",\"position\":3,\"name\":\"Tipy pro \u00fasp\u011bch\"}]},{\"@type\":\"WebSite\",\"@id\":\"https:\/\/odysseus-contests.eu\/2016\/de\/#website\",\"url\":\"https:\/\/odysseus-contests.eu\/2016\/de\/\",\"name\":\"ODYSSEUS II\",\"description\":\"European Youth Space Contest\",\"potentialAction\":[{\"@type\":\"SearchAction\",\"target\":{\"@type\":\"EntryPoint\",\"urlTemplate\":\"https:\/\/odysseus-contests.eu\/2016\/de\/?s={search_term_string}\"},\"query-input\":\"required name=search_term_string\"}],\"inLanguage\":\"cs\"}]}<\/script>\n<!-- \/ Yoast SEO plugin. -->","yoast_head_json":{"title":"Tipy pro \u00fasp\u011bch - ODYSSEUS II","robots":{"index":"index","follow":"follow","max-snippet":"max-snippet:-1","max-image-preview":"max-image-preview:large","max-video-preview":"max-video-preview:-1"},"canonical":"https:\/\/odysseus-contests.eu\/2016\/cs\/explorers\/tipy-pro-uspech\/","og_locale":"cs_CZ","og_type":"article","og_title":"Tipy pro \u00fasp\u011bch - ODYSSEUS II","og_description":"Sna\u017e se dokonale porozum\u011bt zad\u00e1n\u00ed sout\u011b\u017ee. P\u0159e\u010dti si pozorn\u011b p\u0159ehled sout\u011b\u017ee a v\u0161echny jej\u00ed sou\u010d\u00e1sti. Zam\u011b\u0159 svou snahu na napln\u011bn\u00ed specifick\u00fdch hodnot\u00edc\u00edch krit\u00e9ri\u00ed. V\u011bdeck\u00fd v\u00fdbor se skl\u00e1d\u00e1 z profesion\u00e1ln\u00edch v\u011bdc\u016f, v\u00fdzkumn\u00fdch pracovn\u00edk\u016f a pedagog\u016f. Ti hodnot\u00ed ka\u017edou \u010d\u00e1st pr\u00e1v\u011b z pohledu specifick\u00fdch hodnot\u00edc\u00edch krit\u00e9ri\u00ed t\u00e9to sout\u011b\u017ee. Obsah, v\u010detn\u011b v\u011bdeck\u00e9 p\u0159esnosti, bude m\u00edt vliv na jejich [&hellip;]","og_url":"https:\/\/odysseus-contests.eu\/2016\/cs\/explorers\/tipy-pro-uspech\/","og_site_name":"ODYSSEUS II","article_modified_time":"2015-09-07T07:36:32+00:00","twitter_card":"summary_large_image","twitter_misc":{"Odhadovan\u00e1 doba \u010dten\u00ed":"3 minuty"},"schema":{"@context":"https:\/\/schema.org","@graph":[{"@type":"WebPage","@id":"https:\/\/odysseus-contests.eu\/2016\/cs\/explorers\/tipy-pro-uspech\/","url":"https:\/\/odysseus-contests.eu\/2016\/cs\/explorers\/tipy-pro-uspech\/","name":"Tipy pro \u00fasp\u011bch - ODYSSEUS II","isPartOf":{"@id":"https:\/\/odysseus-contests.eu\/2016\/de\/#website"},"datePublished":"2015-07-25T18:55:34+00:00","dateModified":"2015-09-07T07:36:32+00:00","breadcrumb":{"@id":"https:\/\/odysseus-contests.eu\/2016\/cs\/explorers\/tipy-pro-uspech\/#breadcrumb"},"inLanguage":"cs","potentialAction":[{"@type":"ReadAction","target":["https:\/\/odysseus-contests.eu\/2016\/cs\/explorers\/tipy-pro-uspech\/"]}]},{"@type":"BreadcrumbList","@id":"https:\/\/odysseus-contests.eu\/2016\/cs\/explorers\/tipy-pro-uspech\/#breadcrumb","itemListElement":[{"@type":"ListItem","position":1,"name":"Home","item":"https:\/\/odysseus-contests.eu\/2016\/cs\/"},{"@type":"ListItem","position":2,"name":"Explorers","item":"https:\/\/odysseus-contests.eu\/2016\/cs\/explorers\/"},{"@type":"ListItem","position":3,"name":"Tipy pro \u00fasp\u011bch"}]},{"@type":"WebSite","@id":"https:\/\/odysseus-contests.eu\/2016\/de\/#website","url":"https:\/\/odysseus-contests.eu\/2016\/de\/","name":"ODYSSEUS II","description":"European Youth Space Contest","potentialAction":[{"@type":"SearchAction","target":{"@type":"EntryPoint","urlTemplate":"https:\/\/odysseus-contests.eu\/2016\/de\/?s={search_term_string}"},"query-input":"required name=search_term_string"}],"inLanguage":"cs"}]}},"_links":{"self":[{"href":"https:\/\/odysseus-contests.eu\/2016\/cs\/wp-json\/wp\/v2\/pages\/3148"}],"collection":[{"href":"https:\/\/odysseus-contests.eu\/2016\/cs\/wp-json\/wp\/v2\/pages"}],"about":[{"href":"https:\/\/odysseus-contests.eu\/2016\/cs\/wp-json\/wp\/v2\/types\/page"}],"author":[{"embeddable":true,"href":"https:\/\/odysseus-contests.eu\/2016\/cs\/wp-json\/wp\/v2\/users\/2"}],"replies":[{"embeddable":true,"href":"https:\/\/odysseus-contests.eu\/2016\/cs\/wp-json\/wp\/v2\/comments?post=3148"}],"version-history":[{"count":0,"href":"https:\/\/odysseus-contests.eu\/2016\/cs\/wp-json\/wp\/v2\/pages\/3148\/revisions"}],"up":[{"embeddable":true,"href":"https:\/\/odysseus-contests.eu\/2016\/cs\/wp-json\/wp\/v2\/pages\/3131"}],"wp:attachment":[{"href":"https:\/\/odysseus-contests.eu\/2016\/cs\/wp-json\/wp\/v2\/media?parent=3148"}],"curies":[{"name":"wp","href":"https:\/\/api.w.org\/{rel}","templated":true}]}}