{"id":3137,"date":"2015-07-25T21:48:06","date_gmt":"2015-07-25T18:48:06","guid":{"rendered":"http:\/\/odysseus-contests.eu\/2016\/?page_id=3137"},"modified":"2015-07-25T21:48:06","modified_gmt":"2015-07-25T18:48:06","slug":"ceny","status":"publish","type":"page","link":"https:\/\/odysseus-contests.eu\/2016\/cs\/explorers\/ceny\/","title":{"rendered":"Ceny"},"content":{"rendered":"<p><img decoding=\"async\" loading=\"lazy\" class=\"img-responsive alignleft wp-image-331 size-full\" src=\"http:\/\/odysseus-contests.eu\/2016\/wp-content\/uploads\/2015\/05\/content-prizes-explorers1.jpg\" alt=\"content-prizes-explorers\" width=\"700\" height=\"400\" srcset=\"https:\/\/odysseus-contests.eu\/2016\/wp-content\/uploads\/2015\/05\/content-prizes-explorers1.jpg 700w, https:\/\/odysseus-contests.eu\/2016\/wp-content\/uploads\/2015\/05\/content-prizes-explorers1-300x171.jpg 300w\" sizes=\"(max-width: 700px) 100vw, 700px\" \/><\/p>\n<p><strong>N\u00e1rodn\u00ed v\u00edt\u011bzov\u00e9<\/strong><\/p>\n<p>V\u0161ichni sout\u011b\u017e\u00edc\u00ed dostanou diplom jako potvrzen\u00ed o \u00fa\u010dasti v sout\u011b\u017ei Odysseus.<\/p>\n<p>Nejlep\u0161\u00ed sout\u011b\u017e\u00edc\u00ed v n\u00e1rodn\u00edm kole z\u00edskaj\u00ed medaili, d\u00e1rkov\u00e9 p\u0159edm\u011bty sout\u011b\u017ee Odysseus a jejich cel\u00e9 projekty budou vystaveny v S\u00edni sl\u00e1vy na str\u00e1nk\u00e1ch sout\u011b\u017ee Odysseus. D\u00e1le budou nominov\u00e1ni do region\u00e1ln\u00edho semifin\u00e1le, kter\u00e9 se uskute\u010dn\u00ed v jedn\u00e9 z t\u011bchto zem\u00ed: Rakousko, Belgie, \u010cesk\u00e1 republika, D\u00e1nsko, Francie, \u0158ecko, It\u00e1lie, Polsko, \u0160pan\u011blsko a Velk\u00e1 Brit\u00e1nie.<\/p>\n<p><strong>Region\u00e1ln\u00ed semifinalist\u00e9<\/strong><\/p>\n<p>Sout\u011b\u017e\u00edc\u00ed, kte\u0159\u00ed se pod\u00edleli na v\u00edt\u011bzn\u00fdch projektech v region\u00e1ln\u00edm semifin\u00e1le, z\u00edskaj\u00ed vysoce kvalitn\u00ed astronomick\u00fd dalekohled (Celestron Nexstar nebo podobn\u00fd typ) a postoup\u00ed do celoevropsk\u00e9ho fin\u00e1le, kter\u00e9 se uskute\u010dn\u00ed v Bruselu nebo Toulouse.<\/p>\n<p><strong>Celoevrop\u0161t\u00ed finalist\u00e9<\/strong><\/p>\n<p>Sout\u011b\u017e\u00edc\u00ed pod\u00edlej\u00edc\u00ed se na v\u00edt\u011bzn\u00e9m projektu v celoevropsk\u00e9m fin\u00e1le budou ocen\u011bni\u00a0 v\u00fdletem do Guina Space Centre, kde pro n\u011b budou p\u0159ipraveny akce s vesm\u00edrnou t\u00e9matikou, komentovan\u00e9 prohl\u00eddky a obdr\u017e\u00ed<em> European Youth Space Ambassador<\/em> diplom.<\/p>\n<p>P\u011bt nejlep\u0161\u00edch sout\u011b\u017e\u00edc\u00edch bude odm\u011bn\u011bno st\u00e1\u017eemi v ESA nebo v evropsk\u00e9m letecko-kosmick\u00e9m pr\u016fmyslu. St\u00e1\u017e m\u016f\u017ee trvat od t\u0159\u00ed do \u0161esti m\u011bs\u00edc\u016f a student\u016fm budou pokryty cestovn\u00ed n\u00e1klady, zdravotn\u00ed poji\u0161t\u011bn\u00ed a m\u011bs\u00ed\u010dn\u00ed n\u00e1klady na \u017eivobyt\u00ed.<\/p>\n<p>Ceny nen\u00ed mo\u017en\u00e9 vym\u011bnit za odpov\u00eddaj\u00edc\u00ed finan\u010dn\u00ed ekvivalent.<\/p>\n","protected":false},"excerpt":{"rendered":"<p>N\u00e1rodn\u00ed v\u00edt\u011bzov\u00e9 V\u0161ichni sout\u011b\u017e\u00edc\u00ed dostanou diplom jako potvrzen\u00ed o \u00fa\u010dasti v sout\u011b\u017ei Odysseus. Nejlep\u0161\u00ed sout\u011b\u017e\u00edc\u00ed v n\u00e1rodn\u00edm kole z\u00edskaj\u00ed medaili, d\u00e1rkov\u00e9 p\u0159edm\u011bty sout\u011b\u017ee Odysseus a jejich cel\u00e9 projekty budou vystaveny v S\u00edni sl\u00e1vy na str\u00e1nk\u00e1ch sout\u011b\u017ee Odysseus. D\u00e1le budou nominov\u00e1ni do region\u00e1ln\u00edho semifin\u00e1le, kter\u00e9 se uskute\u010dn\u00ed v jedn\u00e9 z t\u011bchto zem\u00ed: Rakousko, Belgie, \u010cesk\u00e1 republika, [&hellip;]<\/p>\n","protected":false},"author":2,"featured_media":0,"parent":3131,"menu_order":40,"comment_status":"closed","ping_status":"closed","template":"","meta":[],"acf":[],"yoast_head":"<!-- This site is optimized with the Yoast SEO plugin v19.14 - https:\/\/yoast.com\/wordpress\/plugins\/seo\/ -->\n<title>Ceny - ODYSSEUS II<\/title>\n<meta name=\"robots\" content=\"index, follow, max-snippet:-1, max-image-preview:large, max-video-preview:-1\" \/>\n<link rel=\"canonical\" href=\"https:\/\/odysseus-contests.eu\/2016\/cs\/explorers\/ceny\/\" \/>\n<meta property=\"og:locale\" content=\"cs_CZ\" \/>\n<meta property=\"og:type\" content=\"article\" \/>\n<meta property=\"og:title\" content=\"Ceny - ODYSSEUS II\" \/>\n<meta property=\"og:description\" content=\"N\u00e1rodn\u00ed v\u00edt\u011bzov\u00e9 V\u0161ichni sout\u011b\u017e\u00edc\u00ed dostanou diplom jako potvrzen\u00ed o \u00fa\u010dasti v sout\u011b\u017ei Odysseus. Nejlep\u0161\u00ed sout\u011b\u017e\u00edc\u00ed v n\u00e1rodn\u00edm kole z\u00edskaj\u00ed medaili, d\u00e1rkov\u00e9 p\u0159edm\u011bty sout\u011b\u017ee Odysseus a jejich cel\u00e9 projekty budou vystaveny v S\u00edni sl\u00e1vy na str\u00e1nk\u00e1ch sout\u011b\u017ee Odysseus. D\u00e1le budou nominov\u00e1ni do region\u00e1ln\u00edho semifin\u00e1le, kter\u00e9 se uskute\u010dn\u00ed v jedn\u00e9 z t\u011bchto zem\u00ed: Rakousko, Belgie, \u010cesk\u00e1 republika, [&hellip;]\" \/>\n<meta property=\"og:url\" content=\"https:\/\/odysseus-contests.eu\/2016\/cs\/explorers\/ceny\/\" \/>\n<meta property=\"og:site_name\" content=\"ODYSSEUS II\" \/>\n<meta property=\"og:image\" content=\"http:\/\/odysseus-contests.eu\/2016\/wp-content\/uploads\/2015\/05\/content-prizes-explorers1.jpg\" \/>\n<meta name=\"twitter:card\" content=\"summary_large_image\" \/>\n<meta name=\"twitter:label1\" content=\"Odhadovan\u00e1 doba \u010dten\u00ed\" \/>\n\t<meta name=\"twitter:data1\" content=\"1 minuta\" \/>\n<script type=\"application\/ld+json\" class=\"yoast-schema-graph\">{\"@context\":\"https:\/\/schema.org\",\"@graph\":[{\"@type\":\"WebPage\",\"@id\":\"https:\/\/odysseus-contests.eu\/2016\/cs\/explorers\/ceny\/\",\"url\":\"https:\/\/odysseus-contests.eu\/2016\/cs\/explorers\/ceny\/\",\"name\":\"Ceny - ODYSSEUS II\",\"isPartOf\":{\"@id\":\"https:\/\/odysseus-contests.eu\/2016\/de\/#website\"},\"datePublished\":\"2015-07-25T18:48:06+00:00\",\"dateModified\":\"2015-07-25T18:48:06+00:00\",\"breadcrumb\":{\"@id\":\"https:\/\/odysseus-contests.eu\/2016\/cs\/explorers\/ceny\/#breadcrumb\"},\"inLanguage\":\"cs\",\"potentialAction\":[{\"@type\":\"ReadAction\",\"target\":[\"https:\/\/odysseus-contests.eu\/2016\/cs\/explorers\/ceny\/\"]}]},{\"@type\":\"BreadcrumbList\",\"@id\":\"https:\/\/odysseus-contests.eu\/2016\/cs\/explorers\/ceny\/#breadcrumb\",\"itemListElement\":[{\"@type\":\"ListItem\",\"position\":1,\"name\":\"Home\",\"item\":\"https:\/\/odysseus-contests.eu\/2016\/cs\/\"},{\"@type\":\"ListItem\",\"position\":2,\"name\":\"Explorers\",\"item\":\"https:\/\/odysseus-contests.eu\/2016\/cs\/explorers\/\"},{\"@type\":\"ListItem\",\"position\":3,\"name\":\"Ceny\"}]},{\"@type\":\"WebSite\",\"@id\":\"https:\/\/odysseus-contests.eu\/2016\/de\/#website\",\"url\":\"https:\/\/odysseus-contests.eu\/2016\/de\/\",\"name\":\"ODYSSEUS II\",\"description\":\"European Youth Space Contest\",\"potentialAction\":[{\"@type\":\"SearchAction\",\"target\":{\"@type\":\"EntryPoint\",\"urlTemplate\":\"https:\/\/odysseus-contests.eu\/2016\/de\/?s={search_term_string}\"},\"query-input\":\"required name=search_term_string\"}],\"inLanguage\":\"cs\"}]}<\/script>\n<!-- \/ Yoast SEO plugin. -->","yoast_head_json":{"title":"Ceny - ODYSSEUS II","robots":{"index":"index","follow":"follow","max-snippet":"max-snippet:-1","max-image-preview":"max-image-preview:large","max-video-preview":"max-video-preview:-1"},"canonical":"https:\/\/odysseus-contests.eu\/2016\/cs\/explorers\/ceny\/","og_locale":"cs_CZ","og_type":"article","og_title":"Ceny - ODYSSEUS II","og_description":"N\u00e1rodn\u00ed v\u00edt\u011bzov\u00e9 V\u0161ichni sout\u011b\u017e\u00edc\u00ed dostanou diplom jako potvrzen\u00ed o \u00fa\u010dasti v sout\u011b\u017ei Odysseus. Nejlep\u0161\u00ed sout\u011b\u017e\u00edc\u00ed v n\u00e1rodn\u00edm kole z\u00edskaj\u00ed medaili, d\u00e1rkov\u00e9 p\u0159edm\u011bty sout\u011b\u017ee Odysseus a jejich cel\u00e9 projekty budou vystaveny v S\u00edni sl\u00e1vy na str\u00e1nk\u00e1ch sout\u011b\u017ee Odysseus. D\u00e1le budou nominov\u00e1ni do region\u00e1ln\u00edho semifin\u00e1le, kter\u00e9 se uskute\u010dn\u00ed v jedn\u00e9 z t\u011bchto zem\u00ed: Rakousko, Belgie, \u010cesk\u00e1 republika, [&hellip;]","og_url":"https:\/\/odysseus-contests.eu\/2016\/cs\/explorers\/ceny\/","og_site_name":"ODYSSEUS II","og_image":[{"url":"http:\/\/odysseus-contests.eu\/2016\/wp-content\/uploads\/2015\/05\/content-prizes-explorers1.jpg"}],"twitter_card":"summary_large_image","twitter_misc":{"Odhadovan\u00e1 doba \u010dten\u00ed":"1 minuta"},"schema":{"@context":"https:\/\/schema.org","@graph":[{"@type":"WebPage","@id":"https:\/\/odysseus-contests.eu\/2016\/cs\/explorers\/ceny\/","url":"https:\/\/odysseus-contests.eu\/2016\/cs\/explorers\/ceny\/","name":"Ceny - ODYSSEUS II","isPartOf":{"@id":"https:\/\/odysseus-contests.eu\/2016\/de\/#website"},"datePublished":"2015-07-25T18:48:06+00:00","dateModified":"2015-07-25T18:48:06+00:00","breadcrumb":{"@id":"https:\/\/odysseus-contests.eu\/2016\/cs\/explorers\/ceny\/#breadcrumb"},"inLanguage":"cs","potentialAction":[{"@type":"ReadAction","target":["https:\/\/odysseus-contests.eu\/2016\/cs\/explorers\/ceny\/"]}]},{"@type":"BreadcrumbList","@id":"https:\/\/odysseus-contests.eu\/2016\/cs\/explorers\/ceny\/#breadcrumb","itemListElement":[{"@type":"ListItem","position":1,"name":"Home","item":"https:\/\/odysseus-contests.eu\/2016\/cs\/"},{"@type":"ListItem","position":2,"name":"Explorers","item":"https:\/\/odysseus-contests.eu\/2016\/cs\/explorers\/"},{"@type":"ListItem","position":3,"name":"Ceny"}]},{"@type":"WebSite","@id":"https:\/\/odysseus-contests.eu\/2016\/de\/#website","url":"https:\/\/odysseus-contests.eu\/2016\/de\/","name":"ODYSSEUS II","description":"European Youth Space Contest","potentialAction":[{"@type":"SearchAction","target":{"@type":"EntryPoint","urlTemplate":"https:\/\/odysseus-contests.eu\/2016\/de\/?s={search_term_string}"},"query-input":"required name=search_term_string"}],"inLanguage":"cs"}]}},"_links":{"self":[{"href":"https:\/\/odysseus-contests.eu\/2016\/cs\/wp-json\/wp\/v2\/pages\/3137"}],"collection":[{"href":"https:\/\/odysseus-contests.eu\/2016\/cs\/wp-json\/wp\/v2\/pages"}],"about":[{"href":"https:\/\/odysseus-contests.eu\/2016\/cs\/wp-json\/wp\/v2\/types\/page"}],"author":[{"embeddable":true,"href":"https:\/\/odysseus-contests.eu\/2016\/cs\/wp-json\/wp\/v2\/users\/2"}],"replies":[{"embeddable":true,"href":"https:\/\/odysseus-contests.eu\/2016\/cs\/wp-json\/wp\/v2\/comments?post=3137"}],"version-history":[{"count":0,"href":"https:\/\/odysseus-contests.eu\/2016\/cs\/wp-json\/wp\/v2\/pages\/3137\/revisions"}],"up":[{"embeddable":true,"href":"https:\/\/odysseus-contests.eu\/2016\/cs\/wp-json\/wp\/v2\/pages\/3131"}],"wp:attachment":[{"href":"https:\/\/odysseus-contests.eu\/2016\/cs\/wp-json\/wp\/v2\/media?parent=3137"}],"curies":[{"name":"wp","href":"https:\/\/api.w.org\/{rel}","templated":true}]}}