{"id":3136,"date":"2015-07-25T21:47:04","date_gmt":"2015-07-25T18:47:04","guid":{"rendered":"http:\/\/odysseus-contests.eu\/2016\/?page_id=3136"},"modified":"2016-04-10T00:16:46","modified_gmt":"2016-04-09T21:16:46","slug":"kalendar","status":"publish","type":"page","link":"https:\/\/odysseus-contests.eu\/2016\/cs\/explorers\/kalendar\/","title":{"rendered":"Kalend\u00e1\u0159"},"content":{"rendered":"<ul>\n<li>Otev\u0159en\u00ed registrac\u00ed: 1. z\u00e1\u0159\u00ed 2015<\/li>\n<li>Term\u00edn uz\u00e1v\u011brky odesl\u00e1n\u00ed p\u0159\u00edsp\u011bvk\u016f: 15. ledna 2016<\/li>\n<li>Hodnocen\u00ed p\u0159\u00edsp\u011bvk\u016f: 16. ledna 2016 a\u017e 26. \u00fanora 2016<\/li>\n<li>Vyhl\u00e1\u0161en\u00ed n\u00e1rodn\u00edch v\u00edt\u011bz\u016f: 28. \u00fanora 2016<\/li>\n<li>Region\u00e1ln\u00ed semifin\u00e1le: 15. b\u0159ezna 2016 a\u017e 15. kv\u011bten 2016<\/li>\n<li>Vyhl\u00e1\u0161en\u00ed v\u00edt\u011bz\u016fregion\u00e1ln\u00edch semifin\u00e1le: 15. kv\u011bten 2016<\/li>\n<li>celoevropsk\u00e9 fin\u00e1le: a\u017e 8. \u010dervence 2016<\/li>\n<li>Z\u00e1v\u011bre\u010dn\u00fd ceremoni\u00e1l a p\u0159ed\u00e1v\u00e1n\u00ed cen: 8. \u010dervence 2016<\/li>\n<\/ul>\n","protected":false},"excerpt":{"rendered":"<p>Otev\u0159en\u00ed registrac\u00ed: 1. z\u00e1\u0159\u00ed 2015 Term\u00edn uz\u00e1v\u011brky odesl\u00e1n\u00ed p\u0159\u00edsp\u011bvk\u016f: 15. ledna 2016 Hodnocen\u00ed p\u0159\u00edsp\u011bvk\u016f: 16. ledna 2016 a\u017e 26. \u00fanora 2016 Vyhl\u00e1\u0161en\u00ed n\u00e1rodn\u00edch v\u00edt\u011bz\u016f: 28. \u00fanora 2016 Region\u00e1ln\u00ed semifin\u00e1le: 15. b\u0159ezna 2016 a\u017e 15. kv\u011bten 2016 Vyhl\u00e1\u0161en\u00ed v\u00edt\u011bz\u016fregion\u00e1ln\u00edch semifin\u00e1le: 15. kv\u011bten 2016 celoevropsk\u00e9 fin\u00e1le: a\u017e 8. \u010dervence 2016 Z\u00e1v\u011bre\u010dn\u00fd ceremoni\u00e1l a p\u0159ed\u00e1v\u00e1n\u00ed cen: 8. \u010dervence [&hellip;]<\/p>\n","protected":false},"author":2,"featured_media":0,"parent":3131,"menu_order":30,"comment_status":"closed","ping_status":"closed","template":"","meta":[],"acf":[],"yoast_head":"<!-- This site is optimized with the Yoast SEO plugin v19.14 - https:\/\/yoast.com\/wordpress\/plugins\/seo\/ -->\n<title>Kalend\u00e1\u0159 - ODYSSEUS II<\/title>\n<meta name=\"robots\" content=\"index, follow, max-snippet:-1, max-image-preview:large, max-video-preview:-1\" \/>\n<link rel=\"canonical\" href=\"https:\/\/odysseus-contests.eu\/2016\/cs\/explorers\/kalendar\/\" \/>\n<meta property=\"og:locale\" content=\"cs_CZ\" \/>\n<meta property=\"og:type\" content=\"article\" \/>\n<meta property=\"og:title\" content=\"Kalend\u00e1\u0159 - ODYSSEUS II\" \/>\n<meta property=\"og:description\" content=\"Otev\u0159en\u00ed registrac\u00ed: 1. z\u00e1\u0159\u00ed 2015 Term\u00edn uz\u00e1v\u011brky odesl\u00e1n\u00ed p\u0159\u00edsp\u011bvk\u016f: 15. ledna 2016 Hodnocen\u00ed p\u0159\u00edsp\u011bvk\u016f: 16. ledna 2016 a\u017e 26. \u00fanora 2016 Vyhl\u00e1\u0161en\u00ed n\u00e1rodn\u00edch v\u00edt\u011bz\u016f: 28. \u00fanora 2016 Region\u00e1ln\u00ed semifin\u00e1le: 15. b\u0159ezna 2016 a\u017e 15. kv\u011bten 2016 Vyhl\u00e1\u0161en\u00ed v\u00edt\u011bz\u016fregion\u00e1ln\u00edch semifin\u00e1le: 15. kv\u011bten 2016 celoevropsk\u00e9 fin\u00e1le: a\u017e 8. \u010dervence 2016 Z\u00e1v\u011bre\u010dn\u00fd ceremoni\u00e1l a p\u0159ed\u00e1v\u00e1n\u00ed cen: 8. \u010dervence [&hellip;]\" \/>\n<meta property=\"og:url\" content=\"https:\/\/odysseus-contests.eu\/2016\/cs\/explorers\/kalendar\/\" \/>\n<meta property=\"og:site_name\" content=\"ODYSSEUS II\" \/>\n<meta property=\"article:modified_time\" content=\"2016-04-09T21:16:46+00:00\" \/>\n<meta name=\"twitter:card\" content=\"summary_large_image\" \/>\n<script type=\"application\/ld+json\" class=\"yoast-schema-graph\">{\"@context\":\"https:\/\/schema.org\",\"@graph\":[{\"@type\":\"WebPage\",\"@id\":\"https:\/\/odysseus-contests.eu\/2016\/cs\/explorers\/kalendar\/\",\"url\":\"https:\/\/odysseus-contests.eu\/2016\/cs\/explorers\/kalendar\/\",\"name\":\"Kalend\u00e1\u0159 - ODYSSEUS II\",\"isPartOf\":{\"@id\":\"https:\/\/odysseus-contests.eu\/2016\/de\/#website\"},\"datePublished\":\"2015-07-25T18:47:04+00:00\",\"dateModified\":\"2016-04-09T21:16:46+00:00\",\"breadcrumb\":{\"@id\":\"https:\/\/odysseus-contests.eu\/2016\/cs\/explorers\/kalendar\/#breadcrumb\"},\"inLanguage\":\"cs\",\"potentialAction\":[{\"@type\":\"ReadAction\",\"target\":[\"https:\/\/odysseus-contests.eu\/2016\/cs\/explorers\/kalendar\/\"]}]},{\"@type\":\"BreadcrumbList\",\"@id\":\"https:\/\/odysseus-contests.eu\/2016\/cs\/explorers\/kalendar\/#breadcrumb\",\"itemListElement\":[{\"@type\":\"ListItem\",\"position\":1,\"name\":\"Home\",\"item\":\"https:\/\/odysseus-contests.eu\/2016\/cs\/\"},{\"@type\":\"ListItem\",\"position\":2,\"name\":\"Explorers\",\"item\":\"https:\/\/odysseus-contests.eu\/2016\/cs\/explorers\/\"},{\"@type\":\"ListItem\",\"position\":3,\"name\":\"Kalend\u00e1\u0159\"}]},{\"@type\":\"WebSite\",\"@id\":\"https:\/\/odysseus-contests.eu\/2016\/de\/#website\",\"url\":\"https:\/\/odysseus-contests.eu\/2016\/de\/\",\"name\":\"ODYSSEUS II\",\"description\":\"European Youth Space Contest\",\"potentialAction\":[{\"@type\":\"SearchAction\",\"target\":{\"@type\":\"EntryPoint\",\"urlTemplate\":\"https:\/\/odysseus-contests.eu\/2016\/de\/?s={search_term_string}\"},\"query-input\":\"required name=search_term_string\"}],\"inLanguage\":\"cs\"}]}<\/script>\n<!-- \/ Yoast SEO plugin. -->","yoast_head_json":{"title":"Kalend\u00e1\u0159 - ODYSSEUS II","robots":{"index":"index","follow":"follow","max-snippet":"max-snippet:-1","max-image-preview":"max-image-preview:large","max-video-preview":"max-video-preview:-1"},"canonical":"https:\/\/odysseus-contests.eu\/2016\/cs\/explorers\/kalendar\/","og_locale":"cs_CZ","og_type":"article","og_title":"Kalend\u00e1\u0159 - ODYSSEUS II","og_description":"Otev\u0159en\u00ed registrac\u00ed: 1. z\u00e1\u0159\u00ed 2015 Term\u00edn uz\u00e1v\u011brky odesl\u00e1n\u00ed p\u0159\u00edsp\u011bvk\u016f: 15. ledna 2016 Hodnocen\u00ed p\u0159\u00edsp\u011bvk\u016f: 16. ledna 2016 a\u017e 26. \u00fanora 2016 Vyhl\u00e1\u0161en\u00ed n\u00e1rodn\u00edch v\u00edt\u011bz\u016f: 28. \u00fanora 2016 Region\u00e1ln\u00ed semifin\u00e1le: 15. b\u0159ezna 2016 a\u017e 15. kv\u011bten 2016 Vyhl\u00e1\u0161en\u00ed v\u00edt\u011bz\u016fregion\u00e1ln\u00edch semifin\u00e1le: 15. kv\u011bten 2016 celoevropsk\u00e9 fin\u00e1le: a\u017e 8. \u010dervence 2016 Z\u00e1v\u011bre\u010dn\u00fd ceremoni\u00e1l a p\u0159ed\u00e1v\u00e1n\u00ed cen: 8. \u010dervence [&hellip;]","og_url":"https:\/\/odysseus-contests.eu\/2016\/cs\/explorers\/kalendar\/","og_site_name":"ODYSSEUS II","article_modified_time":"2016-04-09T21:16:46+00:00","twitter_card":"summary_large_image","schema":{"@context":"https:\/\/schema.org","@graph":[{"@type":"WebPage","@id":"https:\/\/odysseus-contests.eu\/2016\/cs\/explorers\/kalendar\/","url":"https:\/\/odysseus-contests.eu\/2016\/cs\/explorers\/kalendar\/","name":"Kalend\u00e1\u0159 - ODYSSEUS II","isPartOf":{"@id":"https:\/\/odysseus-contests.eu\/2016\/de\/#website"},"datePublished":"2015-07-25T18:47:04+00:00","dateModified":"2016-04-09T21:16:46+00:00","breadcrumb":{"@id":"https:\/\/odysseus-contests.eu\/2016\/cs\/explorers\/kalendar\/#breadcrumb"},"inLanguage":"cs","potentialAction":[{"@type":"ReadAction","target":["https:\/\/odysseus-contests.eu\/2016\/cs\/explorers\/kalendar\/"]}]},{"@type":"BreadcrumbList","@id":"https:\/\/odysseus-contests.eu\/2016\/cs\/explorers\/kalendar\/#breadcrumb","itemListElement":[{"@type":"ListItem","position":1,"name":"Home","item":"https:\/\/odysseus-contests.eu\/2016\/cs\/"},{"@type":"ListItem","position":2,"name":"Explorers","item":"https:\/\/odysseus-contests.eu\/2016\/cs\/explorers\/"},{"@type":"ListItem","position":3,"name":"Kalend\u00e1\u0159"}]},{"@type":"WebSite","@id":"https:\/\/odysseus-contests.eu\/2016\/de\/#website","url":"https:\/\/odysseus-contests.eu\/2016\/de\/","name":"ODYSSEUS II","description":"European Youth Space Contest","potentialAction":[{"@type":"SearchAction","target":{"@type":"EntryPoint","urlTemplate":"https:\/\/odysseus-contests.eu\/2016\/de\/?s={search_term_string}"},"query-input":"required name=search_term_string"}],"inLanguage":"cs"}]}},"_links":{"self":[{"href":"https:\/\/odysseus-contests.eu\/2016\/cs\/wp-json\/wp\/v2\/pages\/3136"}],"collection":[{"href":"https:\/\/odysseus-contests.eu\/2016\/cs\/wp-json\/wp\/v2\/pages"}],"about":[{"href":"https:\/\/odysseus-contests.eu\/2016\/cs\/wp-json\/wp\/v2\/types\/page"}],"author":[{"embeddable":true,"href":"https:\/\/odysseus-contests.eu\/2016\/cs\/wp-json\/wp\/v2\/users\/2"}],"replies":[{"embeddable":true,"href":"https:\/\/odysseus-contests.eu\/2016\/cs\/wp-json\/wp\/v2\/comments?post=3136"}],"version-history":[{"count":2,"href":"https:\/\/odysseus-contests.eu\/2016\/cs\/wp-json\/wp\/v2\/pages\/3136\/revisions"}],"predecessor-version":[{"id":9663,"href":"https:\/\/odysseus-contests.eu\/2016\/cs\/wp-json\/wp\/v2\/pages\/3136\/revisions\/9663"}],"up":[{"embeddable":true,"href":"https:\/\/odysseus-contests.eu\/2016\/cs\/wp-json\/wp\/v2\/pages\/3131"}],"wp:attachment":[{"href":"https:\/\/odysseus-contests.eu\/2016\/cs\/wp-json\/wp\/v2\/media?parent=3136"}],"curies":[{"name":"wp","href":"https:\/\/api.w.org\/{rel}","templated":true}]}}