{"id":3135,"date":"2015-07-25T21:44:55","date_gmt":"2015-07-25T18:44:55","guid":{"rendered":"http:\/\/odysseus-contests.eu\/2016\/?page_id=3135"},"modified":"2015-09-29T20:03:52","modified_gmt":"2015-09-29T17:03:52","slug":"instrukce","status":"publish","type":"page","link":"https:\/\/odysseus-contests.eu\/2016\/cs\/explorers\/instrukce\/","title":{"rendered":"Instrukce"},"content":{"rendered":"<div class=\"panel-group\" id=\"custom-collapse-0\"> <div class=\"panel panel-default\">\n        <div class=\"panel-heading\">\n          <h4 class=\"panel-title\">\n            <a class=\"\" data-toggle=\"collapse\" data-parent=\"#custom-collapse-0\"\" href=\"#custom-collapse-0-0\">Prvn\u00ed krok<\/a>\n          <\/h4>\n        <\/div>\n        <div id=\"custom-collapse-0-0\" class=\"panel-collapse in\">\n          <div class=\"panel-body\"> Zaregistruj se do sout\u011b\u017ee Odysseus vypln\u011bn\u00edm registra\u010dn\u00edho formul\u00e1\u0159e a p\u0159ijmi podm\u00ednky sout\u011b\u017ee! <\/div>\n        <\/div>\n      <\/div> <div class=\"panel panel-default\">\n        <div class=\"panel-heading\">\n          <h4 class=\"panel-title\">\n            <a class=\"collapsed\" data-toggle=\"collapse\" data-parent=\"#custom-collapse-0\"\" href=\"#custom-collapse-0-1\">Druh\u00fd krok<\/a>\n          <\/h4>\n        <\/div>\n        <div id=\"custom-collapse-0-1\" class=\"panel-collapse collapse\">\n          <div class=\"panel-body\"> Druh\u00fdm krokem pro sout\u011b\u017e\u00edc\u00ed je vybr\u00e1n\u00ed t\u00e9matu projektu.<br \/>\nZast\u0159e\u0161uj\u00edc\u00ed t\u00e9ma projekt\u016f je vyu\u017eit\u00ed vesm\u00edru a sout\u011b\u017en\u00ed p\u0159\u00edsp\u011bvky se mohou zam\u011b\u0159it na mise jako Galileo, Copernicus, Rosetta a Gaia, kter\u00e9 jsou podporov\u00e1ny EU, ESA a evropsk\u00fdm kosmick\u00fdm pr\u016fmyslem, a kter\u00e9 raz\u00ed cestu slu\u017eb\u00e1m velice d\u016fle\u017eit\u00fdm pro modern\u00ed \u017eivot, nebo otev\u00edraj\u00ed dve\u0159e nov\u00fdm poznatk\u016fm o vesm\u00edru. Vysoko\u0161kol\u0161t\u00ed studenti v\u0161ech zam\u011b\u0159en\u00ed mohou sout\u011b\u017eit v kategorii Explorers, a proto sout\u011b\u017en\u00ed p\u0159\u00edsp\u011bvky na vypsan\u00e1 t\u00e9mata mohou zahrnovat p\u0159\u00edsp\u011bvky nejenom student\u016f in\u017een\u00fdrstv\u00ed a p\u0159\u00edrodn\u00edch v\u011bd, ale i student\u016f soci\u00e1ln\u00edch a humanitn\u00edch v\u011bd.<br \/>\nV tomto r\u00e1mci studenti mohou vyb\u00edrat z n\u00e1sleduj\u00edc\u00edch t\u00e9mat:<\/p>\n<h4>Galileo: ka\u017edodenn\u00ed prosp\u011bch z kosmick\u00fdch technologi\u00ed<\/h4>\n<p>Galileo je syst\u00e9m p\u0159\u00edbuzn\u00fd GPS a poch\u00e1zej\u00edc\u00ed z Evropy. Vytv\u00e1\u0159\u00ed pracovn\u00ed m\u00edsta a m\u00e1 i jin\u00e9 v\u00fdhody, mimo jin\u00e9 nap\u0159\u00edklad umo\u017en\u00ed v\u011bt\u0161\u00ed nez\u00e1vislost Evropy. Jak ovlivn\u00ed n\u00e1\u0161 \u017eivot? Jak vesm\u00edrn\u00e9 programy m\u011bn\u00ed na\u0161e \u017eivoty a jak\u00fd prosp\u011bch z\u00a0nich m\u00e1me nyn\u00ed?<\/p>\n<ul>\n<li>Optimalizace dopravy<\/li>\n<li>Reakce na krizov\u00e9 situace<\/li>\n<li>Pomoc region\u016fm v p\u0159\u00edstupu k informa\u010dn\u00edmu servisu<\/li>\n<li>Navy\u0161ov\u00e1n\u00ed efektivity pr\u00e1ce v zem\u011bd\u011blstv\u00ed a ryb\u00e1\u0159stv\u00ed<\/li>\n<li>Ochrana \u017eivotn\u00edho prost\u0159ed\u00ed a \u0159e\u0161en\u00ed klimatick\u00fdch zm\u011bn<\/li>\n<li>Zvy\u0161ov\u00e1n\u00ed n\u00e1rodn\u00ed bezpe\u010dnosti<\/li>\n<li>Zlep\u0161en\u00ed zdrav\u00ed ob\u010dan\u016f<\/li>\n<li>Pozorov\u00e1n\u00ed Zem\u011b<\/li>\n<li>Lep\u0161\u00ed a rychlej\u0161\u00ed komunikace<\/li>\n<\/ul>\n<h4>Copernicus: Pozorov\u00e1n\u00ed Zem\u011b<\/h4>\n<p>V 16. stolet\u00ed Mikul\u00e1\u0161 Kopern\u00edk pozoroval oblohu. Nyn\u00ed projekt ESA Copernicus pozoruje opa\u010dn\u011b, nebo\u0165 se d\u00edv\u00e1 z oblohy na Zemi. Jak m\u016f\u017eeme pozorovat Zemi? Jak m\u016f\u017eeme vyu\u017e\u00edt data z pozorov\u00e1n\u00ed Zem\u011b?<\/p>\n<ul>\n<li>Ochrana \u017eivotn\u00edho prost\u0159ed\u00ed a \u0159e\u0161en\u00ed klimatick\u00fdch zm\u011bn<\/li>\n<li>Reakce na krizov\u00e9 situace<\/li>\n<li>Navy\u0161ov\u00e1n\u00ed efektivity pr\u00e1ce v zem\u011bd\u011blstv\u00ed a ryb\u00e1\u0159stv\u00ed<\/li>\n<li>Zvy\u0161ov\u00e1n\u00ed n\u00e1rodn\u00ed bezpe\u010dnosti<\/li>\n<li>Sv\u011bteln\u00e9 zne\u010di\u0161t\u011bn\u00ed pozorovan\u00e9 z\u00a0vesm\u00edru a ze Zem\u011b<\/li>\n<\/ul>\n<h4>Mise Rosetta.:Pr\u016fzkum vesm\u00edru<\/h4>\n<p>Prvn\u00ed kr\u016f\u010dek na M\u011bs\u00edci byl obrovsk\u00fdm skokem pro lidstvo. Dal\u0161\u00edm skokem v pr\u016fzkumu vesm\u00edru bylo p\u0159ist\u00e1n\u00ed modulu Philae na komet\u011b. Jak\u00fd bude dal\u0161\u00ed velik\u00fd skok v pr\u016fzkumu vesm\u00edru? Co m\u016f\u017eeme naj\u00edt v na\u0161em vesm\u00edru a jak to m\u016f\u017eeme prozkoum\u00e1vat d\u00e1le?<\/p>\n<ul>\n<li>Raketov\u00e9 syst\u00e9my \u2013 koncept nejv\u00fdznamn\u011bj\u0161\u00edch a nejslibn\u011bj\u0161\u00edch syst\u00e9m\u016f pro budoucnost<\/li>\n<li>Evropa p\u0159ist\u00e1la na komet\u011b a Titanu, jak\u00e9 jsou p\u0159\u00ednosy pro v\u011bdu?<\/li>\n<li>Pr\u016fzkum asteroid\u016f \u2013 koncept vyu\u017eit\u00ed jejich p\u0159\u00edrodn\u00edch zdroj\u016f<\/li>\n<li>Pr\u016fzkum terestri\u00e1ln\u00edch planet \u2013 co se z n\u011bj m\u016f\u017eeme nau\u010dit o Zemi?<\/li>\n<li>Lety do vesm\u00edru s lidskou pos\u00e1dkou \u2013 tv\u016fj osobn\u00ed pohled na jejich perspektivu v budouc\u00edch mis\u00edch<\/li>\n<li>Koncept st\u00e1l\u00e9ho a sob\u011bsta\u010dn\u00e9ho m\u011bs\u00ed\u010dn\u00edho m\u011bsta<\/li>\n<\/ul>\n<h4>Mise Gaia: Pozorov\u00e1n\u00ed hv\u011bzd<\/h4>\n<p>B\u011bhem p\u011bti let pozorov\u00e1n\u00ed bude Gaia sledovat vesm\u00edr. Co tam objev\u00ed a jak j\u00ed m\u016f\u017eeme pomoct?<\/p>\n<ul>\n<li>Jak m\u016f\u017ee mise Gaia zm\u011bnit vn\u00edm\u00e1n\u00ed na\u0161\u00ed galaxie v bl\u00edzkosti Slunce a na\u0161\u00ed domovsk\u00e9 planety.<\/li>\n<li>Hled\u00e1n\u00ed druh\u00e9 Zem\u011b \u2013 evropsk\u00e1 snaha ve v\u00fdzkumu exoplanet<\/li>\n<li>Zpracuj argumenty pro hled\u00e1n\u00ed mimozemsk\u00fdch civilizac\u00ed a navrhni, pro\u010d by m\u011bly m\u00edt instituce z\u00e1jem o takov\u00fd v\u00fdzkum (ve form\u011b eseje).<\/li>\n<li>Velk\u00e9 teleskopy ve vesm\u00edru \u2013 pro\u010d je vesm\u00edr dobr\u00fdm m\u00edstem pro pozorov\u00e1n\u00ed vesm\u00edru?<\/li>\n<li>Pozoruj objekty ze seznamu objeven\u00fdch sondou Gaia.<\/li>\n<li>Diskutuj o tom, co je \u017eivot, na z\u00e1klad\u011b rozmanitosti forem, kter\u00e9 m\u016f\u017ee m\u00edt.<\/li>\n<\/ul>\n<h4>V\u00edce obecn\u011b: Vytvo\u0159te spojitost mezi ter\u00e9nn\u00edmi m\u011b\u0159en\u00edmia satelitn\u00edmi daty<\/h4>\n<ul>\n<li>Meteorologick\u00e1 data<\/li>\n<li>Data v zem\u011bd\u011blstv\u00ed (vlhkost p\u016fdy, rozvoj vegetace, sanit\u00e1rn\u00ed status vegetace, &#8230;)<\/li>\n<li>Zpracov\u00e1n\u00ed map pro ochranu lid\u00ed p\u0159ed moskyty<\/li>\n<li>Zpracov\u00e1n\u00ed map pro ch\u0159ipkov\u00e9 epidemie a jin\u00e9 chorobya spojitost s meteorologick\u00fdmi daty<\/li>\n<li>Zpracov\u00e1n\u00edm\u00edstn\u00edch dat o vodn\u00edch hladin\u00e1ch, p\u016fd\u011b atd<\/li>\n<li>Pozorov\u00e1n\u00ed oblohy: meteority, mraky, bou\u0159ky, &#8230;<\/li>\n<\/ul>\n<p>Tento seznam nen\u00ed z\u00e1vazn\u00fd a jak\u00e9koliv jin\u00e9 roz\u0161\u00ed\u0159en\u00ed t\u011bchto n\u00e1pad\u016f v r\u00e1mci vybran\u00fdch t\u00e9mat m\u016f\u017ee b\u00fdt zpracov\u00e1no na z\u00e1klad\u011b p\u0159edstavivosti student\u016f.<\/p>\n<p>Sout\u011b\u017e\u00edc\u00ed si vyberou typ projektu, na kter\u00e9m cht\u011bj\u00ed pracovat. V\u00fdstupem jejich pr\u00e1ce\u00a0 m\u016f\u017ee b\u00fdt experiment, video, model, prezentace nebo cokoliv jin\u00e9ho (viz Omezen\u00ed<a href=\"#_ftn1\" name=\"_ftnref1\">[1]<\/a>).<\/p>\n<p>Zkontroluj \u0161ablonu pro odevzd\u00e1n\u00ed, kter\u00e1 je poskytov\u00e1na organiz\u00e1tory. Nen\u00ed povinn\u00e1, ale doporu\u010den\u00e1 a naleznete ji <a href=\"http:\/\/odysseus-contests.eu\/2016\/wp-content\/uploads\/2015\/07\/ODYSSEUS-II_Worksheet_v4-CZ.docx\" target=\"_blank\">zde<\/a>.<\/p>\n<p>&nbsp;<\/p>\n<p>&nbsp;<\/p>\n<p>&nbsp;<\/p>\n<p><a href=\"#_ftnref1\" name=\"_ftn1\"><\/a><a href=\"#_ftn1\" name=\"_ftnref1\">1 <\/a>Elektronick\u00e9 soubory nahran\u00e9 jako dokumentace ke ka\u017ed\u00e9mu projektu mohou zahrnovat: ilustrovan\u00e9 eseje, PowerPoint prezentace, plak\u00e1ty, odkazy na videa, odkazy na projektov\u00e9 webov\u00e9 str\u00e1nky a audio soubory.<\/p>\n<p>Povolen\u00e9 form\u00e1ty jsou:<\/p>\n<ul>\n<li>Dokumenty: .doc .docx, .pdf, .txt \u00a0.ps \u00a0.ppt, .pptx, .pps, \u00a0.ppsx<\/li>\n<li>Obr\u00e1zky: .png, .jpg .bmp, .gif<\/li>\n<li>Videa: \u00a0V\u0161echna videa je t\u0159eba nahr\u00e1t na YouTube nebo Vimeo a poskytnout odkaz<\/li>\n<li>Audio form\u00e1ty: .mp3<\/li>\n<li>Kompresn\u00ed form\u00e1ty: .tar .gz .zip .7z<\/li>\n<\/ul>\n<p>Maxim\u00e1ln\u00ed limit pro celkovou velikost nezkomprimovan\u00fdch soubor\u016f pro ka\u017ed\u00fd sout\u011b\u017en\u00ed p\u0159\u00edsp\u011bvek je 20 MB<\/p>\n<p><em>Materi\u00e1lov\u00e9 n\u00e1kladyna projekt nesm\u00ed b\u00fdt vy\u0161\u0161\u00ed ne\u017e 150 \u20ac.<\/em><\/p>\n<\/div>\n        <\/div>\n      <\/div> <div class=\"panel panel-default\">\n        <div class=\"panel-heading\">\n          <h4 class=\"panel-title\">\n            <a class=\"collapsed\" data-toggle=\"collapse\" data-parent=\"#custom-collapse-0\"\" href=\"#custom-collapse-0-2\">T\u0159et\u00ed krok<\/a>\n          <\/h4>\n        <\/div>\n        <div id=\"custom-collapse-0-2\" class=\"panel-collapse collapse\">\n          <div class=\"panel-body\"> Sout\u011b\u017e\u00edc\u00ed provedou v\u00fdzkum na vybran\u00e9 t\u00e9ma projektu (re\u0161er\u0161e v knihovn\u00e1ch a online, pozorov\u00e1n\u00ed a experiment, interview, atd.) aby uk\u00e1zali, v \u010dem je jejich projekt inovativn\u00ed a relevantn\u00ed k t\u00e9matu, kter\u00fd si vybrali a navrhnou \u0159e\u0161en\u00ed \u010di c\u00edl sv\u00e9 pr\u00e1ce. M\u011bli by se sv\u00fdm vedouc\u00edm, p\u0159\u00edpadn\u011b tak\u00e9 se sv\u00fdm mentorem, konzultovat realizovatelnost a v\u011bdeckou smysluplnost sv\u00e9ho n\u00e1padu.<br \/>\nSout\u011b\u017e\u00edc\u00ed mus\u00ed vytvo\u0159it sv\u016fj projekt v souladu s po\u017eadavky sout\u011b\u017ee a mus\u00ed se vyhnout plagi\u00e1torstv\u00ed uveden\u00edm pot\u0159ebn\u00fdch odkaz\u016f a referenc\u00ed na pou\u017eit\u00e9 materi\u00e1ly ve sv\u00e9m projektu. <\/div>\n        <\/div>\n      <\/div> <div class=\"panel panel-default\">\n        <div class=\"panel-heading\">\n          <h4 class=\"panel-title\">\n            <a class=\"collapsed\" data-toggle=\"collapse\" data-parent=\"#custom-collapse-0\"\" href=\"#custom-collapse-0-3\">\u010ctvrt\u00fd krok<\/a>\n          <\/h4>\n        <\/div>\n        <div id=\"custom-collapse-0-3\" class=\"panel-collapse collapse\">\n          <div class=\"panel-body\"> Z\u00e1v\u011bre\u010dn\u00fdm krokem je odesl\u00e1n\u00ed projektu prost\u0159ednictv\u00edm webov\u00e9 str\u00e1nky sout\u011b\u017ee Odysseus. \u00da\u010dastn\u00edci mohou vytvo\u0159it a odeslat sv\u016fj projekt v kter\u00e9mkoliv z dvaceti \u010dty\u0159 (24) ofici\u00e1ln\u00edch jazyk\u016f EU.<br \/>\n<\/div>\n        <\/div>\n      <\/div> <\/div>\n","protected":false},"excerpt":{"rendered":"","protected":false},"author":2,"featured_media":0,"parent":3131,"menu_order":10,"comment_status":"closed","ping_status":"closed","template":"","meta":[],"acf":[],"yoast_head":"<!-- This site is optimized with the Yoast SEO plugin v19.14 - https:\/\/yoast.com\/wordpress\/plugins\/seo\/ -->\n<title>Instrukce - ODYSSEUS II<\/title>\n<meta name=\"robots\" content=\"index, follow, max-snippet:-1, max-image-preview:large, max-video-preview:-1\" \/>\n<link rel=\"canonical\" href=\"https:\/\/odysseus-contests.eu\/2016\/cs\/explorers\/instrukce\/\" \/>\n<meta property=\"og:locale\" content=\"cs_CZ\" \/>\n<meta property=\"og:type\" content=\"article\" \/>\n<meta property=\"og:title\" content=\"Instrukce - ODYSSEUS II\" \/>\n<meta property=\"og:url\" content=\"https:\/\/odysseus-contests.eu\/2016\/cs\/explorers\/instrukce\/\" \/>\n<meta property=\"og:site_name\" content=\"ODYSSEUS II\" \/>\n<meta property=\"article:modified_time\" content=\"2015-09-29T17:03:52+00:00\" \/>\n<meta name=\"twitter:card\" content=\"summary_large_image\" \/>\n<meta name=\"twitter:label1\" content=\"Odhadovan\u00e1 doba \u010dten\u00ed\" \/>\n\t<meta name=\"twitter:data1\" content=\"6 minut\" \/>\n<script type=\"application\/ld+json\" class=\"yoast-schema-graph\">{\"@context\":\"https:\/\/schema.org\",\"@graph\":[{\"@type\":\"WebPage\",\"@id\":\"https:\/\/odysseus-contests.eu\/2016\/cs\/explorers\/instrukce\/\",\"url\":\"https:\/\/odysseus-contests.eu\/2016\/cs\/explorers\/instrukce\/\",\"name\":\"Instrukce - ODYSSEUS II\",\"isPartOf\":{\"@id\":\"https:\/\/odysseus-contests.eu\/2016\/de\/#website\"},\"datePublished\":\"2015-07-25T18:44:55+00:00\",\"dateModified\":\"2015-09-29T17:03:52+00:00\",\"breadcrumb\":{\"@id\":\"https:\/\/odysseus-contests.eu\/2016\/cs\/explorers\/instrukce\/#breadcrumb\"},\"inLanguage\":\"cs\",\"potentialAction\":[{\"@type\":\"ReadAction\",\"target\":[\"https:\/\/odysseus-contests.eu\/2016\/cs\/explorers\/instrukce\/\"]}]},{\"@type\":\"BreadcrumbList\",\"@id\":\"https:\/\/odysseus-contests.eu\/2016\/cs\/explorers\/instrukce\/#breadcrumb\",\"itemListElement\":[{\"@type\":\"ListItem\",\"position\":1,\"name\":\"Home\",\"item\":\"https:\/\/odysseus-contests.eu\/2016\/cs\/\"},{\"@type\":\"ListItem\",\"position\":2,\"name\":\"Explorers\",\"item\":\"https:\/\/odysseus-contests.eu\/2016\/cs\/explorers\/\"},{\"@type\":\"ListItem\",\"position\":3,\"name\":\"Instrukce\"}]},{\"@type\":\"WebSite\",\"@id\":\"https:\/\/odysseus-contests.eu\/2016\/de\/#website\",\"url\":\"https:\/\/odysseus-contests.eu\/2016\/de\/\",\"name\":\"ODYSSEUS II\",\"description\":\"European Youth Space Contest\",\"potentialAction\":[{\"@type\":\"SearchAction\",\"target\":{\"@type\":\"EntryPoint\",\"urlTemplate\":\"https:\/\/odysseus-contests.eu\/2016\/de\/?s={search_term_string}\"},\"query-input\":\"required name=search_term_string\"}],\"inLanguage\":\"cs\"}]}<\/script>\n<!-- \/ Yoast SEO plugin. -->","yoast_head_json":{"title":"Instrukce - ODYSSEUS II","robots":{"index":"index","follow":"follow","max-snippet":"max-snippet:-1","max-image-preview":"max-image-preview:large","max-video-preview":"max-video-preview:-1"},"canonical":"https:\/\/odysseus-contests.eu\/2016\/cs\/explorers\/instrukce\/","og_locale":"cs_CZ","og_type":"article","og_title":"Instrukce - ODYSSEUS II","og_url":"https:\/\/odysseus-contests.eu\/2016\/cs\/explorers\/instrukce\/","og_site_name":"ODYSSEUS II","article_modified_time":"2015-09-29T17:03:52+00:00","twitter_card":"summary_large_image","twitter_misc":{"Odhadovan\u00e1 doba \u010dten\u00ed":"6 minut"},"schema":{"@context":"https:\/\/schema.org","@graph":[{"@type":"WebPage","@id":"https:\/\/odysseus-contests.eu\/2016\/cs\/explorers\/instrukce\/","url":"https:\/\/odysseus-contests.eu\/2016\/cs\/explorers\/instrukce\/","name":"Instrukce - ODYSSEUS II","isPartOf":{"@id":"https:\/\/odysseus-contests.eu\/2016\/de\/#website"},"datePublished":"2015-07-25T18:44:55+00:00","dateModified":"2015-09-29T17:03:52+00:00","breadcrumb":{"@id":"https:\/\/odysseus-contests.eu\/2016\/cs\/explorers\/instrukce\/#breadcrumb"},"inLanguage":"cs","potentialAction":[{"@type":"ReadAction","target":["https:\/\/odysseus-contests.eu\/2016\/cs\/explorers\/instrukce\/"]}]},{"@type":"BreadcrumbList","@id":"https:\/\/odysseus-contests.eu\/2016\/cs\/explorers\/instrukce\/#breadcrumb","itemListElement":[{"@type":"ListItem","position":1,"name":"Home","item":"https:\/\/odysseus-contests.eu\/2016\/cs\/"},{"@type":"ListItem","position":2,"name":"Explorers","item":"https:\/\/odysseus-contests.eu\/2016\/cs\/explorers\/"},{"@type":"ListItem","position":3,"name":"Instrukce"}]},{"@type":"WebSite","@id":"https:\/\/odysseus-contests.eu\/2016\/de\/#website","url":"https:\/\/odysseus-contests.eu\/2016\/de\/","name":"ODYSSEUS II","description":"European Youth Space Contest","potentialAction":[{"@type":"SearchAction","target":{"@type":"EntryPoint","urlTemplate":"https:\/\/odysseus-contests.eu\/2016\/de\/?s={search_term_string}"},"query-input":"required name=search_term_string"}],"inLanguage":"cs"}]}},"_links":{"self":[{"href":"https:\/\/odysseus-contests.eu\/2016\/cs\/wp-json\/wp\/v2\/pages\/3135"}],"collection":[{"href":"https:\/\/odysseus-contests.eu\/2016\/cs\/wp-json\/wp\/v2\/pages"}],"about":[{"href":"https:\/\/odysseus-contests.eu\/2016\/cs\/wp-json\/wp\/v2\/types\/page"}],"author":[{"embeddable":true,"href":"https:\/\/odysseus-contests.eu\/2016\/cs\/wp-json\/wp\/v2\/users\/2"}],"replies":[{"embeddable":true,"href":"https:\/\/odysseus-contests.eu\/2016\/cs\/wp-json\/wp\/v2\/comments?post=3135"}],"version-history":[{"count":0,"href":"https:\/\/odysseus-contests.eu\/2016\/cs\/wp-json\/wp\/v2\/pages\/3135\/revisions"}],"up":[{"embeddable":true,"href":"https:\/\/odysseus-contests.eu\/2016\/cs\/wp-json\/wp\/v2\/pages\/3131"}],"wp:attachment":[{"href":"https:\/\/odysseus-contests.eu\/2016\/cs\/wp-json\/wp\/v2\/media?parent=3135"}],"curies":[{"name":"wp","href":"https:\/\/api.w.org\/{rel}","templated":true}]}}