{"id":3131,"date":"2015-07-25T21:36:31","date_gmt":"2015-07-25T18:36:31","guid":{"rendered":"http:\/\/odysseus-contests.eu\/2016\/?page_id=3131"},"modified":"2015-11-03T12:31:30","modified_gmt":"2015-11-03T09:31:30","slug":"explorers","status":"publish","type":"page","link":"https:\/\/odysseus-contests.eu\/2016\/cs\/explorers\/","title":{"rendered":"Explorers"},"content":{"rendered":"<p>Sout\u011b\u017e Odysseus pro kategorii Explorers d\u00e1v\u00e1 vysoko\u0161kolsk\u00fdm student\u016fm ze zem\u00ed EU a cel\u00e9ho sv\u011bta mo\u017enost uk\u00e1zat svou kreativitu a sv\u00e9 akademick\u00e9 schopnosti zvl\u00e1dnut\u00edm \u0161irok\u00e9ho spektra v\u011bdeck\u00fdch a technologick\u00fdch v\u00fdzev. Dal\u0161\u00ed d\u016fle\u017eit\u00e9 informace lze nal\u00e9zt v odkazech.<\/p>\n","protected":false},"excerpt":{"rendered":"<p>Sout\u011b\u017e Odysseus pro kategorii Explorers d\u00e1v\u00e1 vysoko\u0161kolsk\u00fdm student\u016fm ze zem\u00ed EU a cel\u00e9ho sv\u011bta mo\u017enost uk\u00e1zat svou kreativitu a sv\u00e9 akademick\u00e9 schopnosti zvl\u00e1dnut\u00edm \u0161irok\u00e9ho spektra v\u011bdeck\u00fdch a technologick\u00fdch v\u00fdzev. Dal\u0161\u00ed d\u016fle\u017eit\u00e9 informace lze nal\u00e9zt v odkazech.<\/p>\n","protected":false},"author":2,"featured_media":0,"parent":0,"menu_order":0,"comment_status":"closed","ping_status":"closed","template":"","meta":[],"acf":[],"yoast_head":"<!-- This site is optimized with the Yoast SEO plugin v19.14 - https:\/\/yoast.com\/wordpress\/plugins\/seo\/ -->\n<title>Explorers - ODYSSEUS II<\/title>\n<meta name=\"robots\" content=\"index, follow, max-snippet:-1, max-image-preview:large, max-video-preview:-1\" \/>\n<link rel=\"canonical\" href=\"https:\/\/odysseus-contests.eu\/2016\/cs\/explorers\/\" \/>\n<meta property=\"og:locale\" content=\"cs_CZ\" \/>\n<meta property=\"og:type\" content=\"article\" \/>\n<meta property=\"og:title\" content=\"Explorers - ODYSSEUS II\" \/>\n<meta property=\"og:description\" content=\"Sout\u011b\u017e Odysseus pro kategorii Explorers d\u00e1v\u00e1 vysoko\u0161kolsk\u00fdm student\u016fm ze zem\u00ed EU a cel\u00e9ho sv\u011bta mo\u017enost uk\u00e1zat svou kreativitu a sv\u00e9 akademick\u00e9 schopnosti zvl\u00e1dnut\u00edm \u0161irok\u00e9ho spektra v\u011bdeck\u00fdch a technologick\u00fdch v\u00fdzev. Dal\u0161\u00ed d\u016fle\u017eit\u00e9 informace lze nal\u00e9zt v odkazech.\" \/>\n<meta property=\"og:url\" content=\"https:\/\/odysseus-contests.eu\/2016\/cs\/explorers\/\" \/>\n<meta property=\"og:site_name\" content=\"ODYSSEUS II\" \/>\n<meta property=\"article:modified_time\" content=\"2015-11-03T09:31:30+00:00\" \/>\n<meta name=\"twitter:card\" content=\"summary_large_image\" \/>\n<script type=\"application\/ld+json\" class=\"yoast-schema-graph\">{\"@context\":\"https:\/\/schema.org\",\"@graph\":[{\"@type\":\"WebPage\",\"@id\":\"https:\/\/odysseus-contests.eu\/2016\/cs\/explorers\/\",\"url\":\"https:\/\/odysseus-contests.eu\/2016\/cs\/explorers\/\",\"name\":\"Explorers - ODYSSEUS II\",\"isPartOf\":{\"@id\":\"https:\/\/odysseus-contests.eu\/2016\/de\/#website\"},\"datePublished\":\"2015-07-25T18:36:31+00:00\",\"dateModified\":\"2015-11-03T09:31:30+00:00\",\"breadcrumb\":{\"@id\":\"https:\/\/odysseus-contests.eu\/2016\/cs\/explorers\/#breadcrumb\"},\"inLanguage\":\"cs\",\"potentialAction\":[{\"@type\":\"ReadAction\",\"target\":[\"https:\/\/odysseus-contests.eu\/2016\/cs\/explorers\/\"]}]},{\"@type\":\"BreadcrumbList\",\"@id\":\"https:\/\/odysseus-contests.eu\/2016\/cs\/explorers\/#breadcrumb\",\"itemListElement\":[{\"@type\":\"ListItem\",\"position\":1,\"name\":\"Home\",\"item\":\"https:\/\/odysseus-contests.eu\/2016\/cs\/\"},{\"@type\":\"ListItem\",\"position\":2,\"name\":\"Explorers\"}]},{\"@type\":\"WebSite\",\"@id\":\"https:\/\/odysseus-contests.eu\/2016\/de\/#website\",\"url\":\"https:\/\/odysseus-contests.eu\/2016\/de\/\",\"name\":\"ODYSSEUS II\",\"description\":\"European Youth Space Contest\",\"potentialAction\":[{\"@type\":\"SearchAction\",\"target\":{\"@type\":\"EntryPoint\",\"urlTemplate\":\"https:\/\/odysseus-contests.eu\/2016\/de\/?s={search_term_string}\"},\"query-input\":\"required name=search_term_string\"}],\"inLanguage\":\"cs\"}]}<\/script>\n<!-- \/ Yoast SEO plugin. -->","yoast_head_json":{"title":"Explorers - ODYSSEUS II","robots":{"index":"index","follow":"follow","max-snippet":"max-snippet:-1","max-image-preview":"max-image-preview:large","max-video-preview":"max-video-preview:-1"},"canonical":"https:\/\/odysseus-contests.eu\/2016\/cs\/explorers\/","og_locale":"cs_CZ","og_type":"article","og_title":"Explorers - ODYSSEUS II","og_description":"Sout\u011b\u017e Odysseus pro kategorii Explorers d\u00e1v\u00e1 vysoko\u0161kolsk\u00fdm student\u016fm ze zem\u00ed EU a cel\u00e9ho sv\u011bta mo\u017enost uk\u00e1zat svou kreativitu a sv\u00e9 akademick\u00e9 schopnosti zvl\u00e1dnut\u00edm \u0161irok\u00e9ho spektra v\u011bdeck\u00fdch a technologick\u00fdch v\u00fdzev. Dal\u0161\u00ed d\u016fle\u017eit\u00e9 informace lze nal\u00e9zt v odkazech.","og_url":"https:\/\/odysseus-contests.eu\/2016\/cs\/explorers\/","og_site_name":"ODYSSEUS II","article_modified_time":"2015-11-03T09:31:30+00:00","twitter_card":"summary_large_image","schema":{"@context":"https:\/\/schema.org","@graph":[{"@type":"WebPage","@id":"https:\/\/odysseus-contests.eu\/2016\/cs\/explorers\/","url":"https:\/\/odysseus-contests.eu\/2016\/cs\/explorers\/","name":"Explorers - ODYSSEUS II","isPartOf":{"@id":"https:\/\/odysseus-contests.eu\/2016\/de\/#website"},"datePublished":"2015-07-25T18:36:31+00:00","dateModified":"2015-11-03T09:31:30+00:00","breadcrumb":{"@id":"https:\/\/odysseus-contests.eu\/2016\/cs\/explorers\/#breadcrumb"},"inLanguage":"cs","potentialAction":[{"@type":"ReadAction","target":["https:\/\/odysseus-contests.eu\/2016\/cs\/explorers\/"]}]},{"@type":"BreadcrumbList","@id":"https:\/\/odysseus-contests.eu\/2016\/cs\/explorers\/#breadcrumb","itemListElement":[{"@type":"ListItem","position":1,"name":"Home","item":"https:\/\/odysseus-contests.eu\/2016\/cs\/"},{"@type":"ListItem","position":2,"name":"Explorers"}]},{"@type":"WebSite","@id":"https:\/\/odysseus-contests.eu\/2016\/de\/#website","url":"https:\/\/odysseus-contests.eu\/2016\/de\/","name":"ODYSSEUS II","description":"European Youth Space Contest","potentialAction":[{"@type":"SearchAction","target":{"@type":"EntryPoint","urlTemplate":"https:\/\/odysseus-contests.eu\/2016\/de\/?s={search_term_string}"},"query-input":"required name=search_term_string"}],"inLanguage":"cs"}]}},"_links":{"self":[{"href":"https:\/\/odysseus-contests.eu\/2016\/cs\/wp-json\/wp\/v2\/pages\/3131"}],"collection":[{"href":"https:\/\/odysseus-contests.eu\/2016\/cs\/wp-json\/wp\/v2\/pages"}],"about":[{"href":"https:\/\/odysseus-contests.eu\/2016\/cs\/wp-json\/wp\/v2\/types\/page"}],"author":[{"embeddable":true,"href":"https:\/\/odysseus-contests.eu\/2016\/cs\/wp-json\/wp\/v2\/users\/2"}],"replies":[{"embeddable":true,"href":"https:\/\/odysseus-contests.eu\/2016\/cs\/wp-json\/wp\/v2\/comments?post=3131"}],"version-history":[{"count":0,"href":"https:\/\/odysseus-contests.eu\/2016\/cs\/wp-json\/wp\/v2\/pages\/3131\/revisions"}],"wp:attachment":[{"href":"https:\/\/odysseus-contests.eu\/2016\/cs\/wp-json\/wp\/v2\/media?parent=3131"}],"curies":[{"name":"wp","href":"https:\/\/api.w.org\/{rel}","templated":true}]}}