{"id":3110,"date":"2015-07-25T21:32:36","date_gmt":"2015-07-25T18:32:36","guid":{"rendered":"http:\/\/odysseus-contests.eu\/2016\/?page_id=3110"},"modified":"2015-07-29T17:13:38","modified_gmt":"2015-07-29T14:13:38","slug":"general-info","status":"publish","type":"page","link":"https:\/\/odysseus-contests.eu\/2016\/cs\/o-soutezi-odysseus\/general-info\/","title":{"rendered":"Obecn\u00e9 informace"},"content":{"rendered":"<p>V\u00fdzva Ml\u00e1de\u017e pro vesm\u00edr \u2013projekt ODYSSEUS II si klade za c\u00edl inspirovat mlad\u00e9 lidi z cel\u00e9 Evropy a zapojit je do objevov\u00e1n\u00ed vesm\u00edru skrze s\u00e9rii vzd\u011bl\u00e1vac\u00edch aktivit, kter\u00e9 budou kombinac\u00ed u\u010den\u00ed, v\u011bdy a z\u00e1\u017eitk\u016f. Prost\u0159ednictv\u00edm z\u00e1bavn\u00e9 a z\u00e1rove\u0148 vzd\u011bl\u00e1vac\u00ed sout\u011b\u017ee, kter\u00e1 bude organizov\u00e1na v n\u011bkolika kolech a je zam\u011b\u0159en\u00e1 na \u017e\u00e1ky a studenty v Evrop\u011b, a\u0165 u\u017e bydl\u00ed kdekoli, bez ohledu na jejich kulturn\u00ed z\u00e1zem\u00ed a jazyk, kter\u00fdm mluv\u00ed, projekt chce podporovat zrod nov\u00fdch mlad\u00fdch kvalitn\u00edch v\u011bdc\u016f, in\u017een\u00fdr\u016f a technik\u016f v oblastech relevantn\u00edch pro kosmickou politiku EU.<\/p>\n<p><img decoding=\"async\" loading=\"lazy\" class=\"img-responsive size-full wp-image-3450\" src=\"http:\/\/odysseus-contests.eu\/2016\/wp-content\/uploads\/2015\/07\/Stages_CZECH-1.jpg\" alt=\"Stages\" width=\"700\" height=\"440\" srcset=\"https:\/\/odysseus-contests.eu\/2016\/wp-content\/uploads\/2015\/07\/Stages_CZECH-1.jpg 700w, https:\/\/odysseus-contests.eu\/2016\/wp-content\/uploads\/2015\/07\/Stages_CZECH-1-300x189.jpg 300w\" sizes=\"(max-width: 700px) 100vw, 700px\" \/><br \/>\n<img decoding=\"async\" loading=\"lazy\" class=\"img-responsive size-full wp-image-3438\" src=\"http:\/\/odysseus-contests.eu\/2016\/wp-content\/uploads\/2015\/07\/Stages_CZECH-2.jpg\" alt=\"Stages\" width=\"700\" height=\"440\" srcset=\"https:\/\/odysseus-contests.eu\/2016\/wp-content\/uploads\/2015\/07\/Stages_CZECH-2.jpg 700w, https:\/\/odysseus-contests.eu\/2016\/wp-content\/uploads\/2015\/07\/Stages_CZECH-2-300x189.jpg 300w\" sizes=\"(max-width: 700px) 100vw, 700px\" \/><\/p>\n","protected":false},"excerpt":{"rendered":"<p>V\u00fdzva Ml\u00e1de\u017e pro vesm\u00edr \u2013projekt ODYSSEUS II si klade za c\u00edl inspirovat mlad\u00e9 lidi z cel\u00e9 Evropy a zapojit je do objevov\u00e1n\u00ed vesm\u00edru skrze s\u00e9rii vzd\u011bl\u00e1vac\u00edch aktivit, kter\u00e9 budou kombinac\u00ed u\u010den\u00ed, v\u011bdy a z\u00e1\u017eitk\u016f. Prost\u0159ednictv\u00edm z\u00e1bavn\u00e9 a z\u00e1rove\u0148 vzd\u011bl\u00e1vac\u00ed sout\u011b\u017ee, kter\u00e1 bude organizov\u00e1na v n\u011bkolika kolech a je zam\u011b\u0159en\u00e1 na \u017e\u00e1ky a studenty v Evrop\u011b, [&hellip;]<\/p>\n","protected":false},"author":2,"featured_media":0,"parent":3105,"menu_order":0,"comment_status":"closed","ping_status":"closed","template":"","meta":[],"acf":[],"yoast_head":"<!-- This site is optimized with the Yoast SEO plugin v19.14 - https:\/\/yoast.com\/wordpress\/plugins\/seo\/ -->\n<title>Obecn\u00e9 informace - ODYSSEUS II<\/title>\n<meta name=\"robots\" content=\"index, follow, max-snippet:-1, max-image-preview:large, max-video-preview:-1\" \/>\n<link rel=\"canonical\" href=\"https:\/\/odysseus-contests.eu\/2016\/cs\/o-soutezi-odysseus\/general-info\/\" \/>\n<meta property=\"og:locale\" content=\"cs_CZ\" \/>\n<meta property=\"og:type\" content=\"article\" \/>\n<meta property=\"og:title\" content=\"Obecn\u00e9 informace - ODYSSEUS II\" \/>\n<meta property=\"og:description\" content=\"V\u00fdzva Ml\u00e1de\u017e pro vesm\u00edr \u2013projekt ODYSSEUS II si klade za c\u00edl inspirovat mlad\u00e9 lidi z cel\u00e9 Evropy a zapojit je do objevov\u00e1n\u00ed vesm\u00edru skrze s\u00e9rii vzd\u011bl\u00e1vac\u00edch aktivit, kter\u00e9 budou kombinac\u00ed u\u010den\u00ed, v\u011bdy a z\u00e1\u017eitk\u016f. Prost\u0159ednictv\u00edm z\u00e1bavn\u00e9 a z\u00e1rove\u0148 vzd\u011bl\u00e1vac\u00ed sout\u011b\u017ee, kter\u00e1 bude organizov\u00e1na v n\u011bkolika kolech a je zam\u011b\u0159en\u00e1 na \u017e\u00e1ky a studenty v Evrop\u011b, [&hellip;]\" \/>\n<meta property=\"og:url\" content=\"https:\/\/odysseus-contests.eu\/2016\/cs\/o-soutezi-odysseus\/general-info\/\" \/>\n<meta property=\"og:site_name\" content=\"ODYSSEUS II\" \/>\n<meta property=\"article:modified_time\" content=\"2015-07-29T14:13:38+00:00\" \/>\n<meta property=\"og:image\" content=\"http:\/\/odysseus-contests.eu\/2016\/wp-content\/uploads\/2015\/07\/Stages_CZECH-1.jpg\" \/>\n<meta name=\"twitter:card\" content=\"summary_large_image\" \/>\n<meta name=\"twitter:label1\" content=\"Odhadovan\u00e1 doba \u010dten\u00ed\" \/>\n\t<meta name=\"twitter:data1\" content=\"1 minuta\" \/>\n<script type=\"application\/ld+json\" class=\"yoast-schema-graph\">{\"@context\":\"https:\/\/schema.org\",\"@graph\":[{\"@type\":\"WebPage\",\"@id\":\"https:\/\/odysseus-contests.eu\/2016\/cs\/o-soutezi-odysseus\/general-info\/\",\"url\":\"https:\/\/odysseus-contests.eu\/2016\/cs\/o-soutezi-odysseus\/general-info\/\",\"name\":\"Obecn\u00e9 informace - ODYSSEUS II\",\"isPartOf\":{\"@id\":\"https:\/\/odysseus-contests.eu\/2016\/de\/#website\"},\"datePublished\":\"2015-07-25T18:32:36+00:00\",\"dateModified\":\"2015-07-29T14:13:38+00:00\",\"breadcrumb\":{\"@id\":\"https:\/\/odysseus-contests.eu\/2016\/cs\/o-soutezi-odysseus\/general-info\/#breadcrumb\"},\"inLanguage\":\"cs\",\"potentialAction\":[{\"@type\":\"ReadAction\",\"target\":[\"https:\/\/odysseus-contests.eu\/2016\/cs\/o-soutezi-odysseus\/general-info\/\"]}]},{\"@type\":\"BreadcrumbList\",\"@id\":\"https:\/\/odysseus-contests.eu\/2016\/cs\/o-soutezi-odysseus\/general-info\/#breadcrumb\",\"itemListElement\":[{\"@type\":\"ListItem\",\"position\":1,\"name\":\"Home\",\"item\":\"https:\/\/odysseus-contests.eu\/2016\/cs\/\"},{\"@type\":\"ListItem\",\"position\":2,\"name\":\"O sout\u011b\u017ei Odysseus\",\"item\":\"https:\/\/odysseus-contests.eu\/2016\/cs\/o-soutezi-odysseus\/\"},{\"@type\":\"ListItem\",\"position\":3,\"name\":\"Obecn\u00e9 informace\"}]},{\"@type\":\"WebSite\",\"@id\":\"https:\/\/odysseus-contests.eu\/2016\/de\/#website\",\"url\":\"https:\/\/odysseus-contests.eu\/2016\/de\/\",\"name\":\"ODYSSEUS II\",\"description\":\"European Youth Space Contest\",\"potentialAction\":[{\"@type\":\"SearchAction\",\"target\":{\"@type\":\"EntryPoint\",\"urlTemplate\":\"https:\/\/odysseus-contests.eu\/2016\/de\/?s={search_term_string}\"},\"query-input\":\"required name=search_term_string\"}],\"inLanguage\":\"cs\"}]}<\/script>\n<!-- \/ Yoast SEO plugin. -->","yoast_head_json":{"title":"Obecn\u00e9 informace - ODYSSEUS II","robots":{"index":"index","follow":"follow","max-snippet":"max-snippet:-1","max-image-preview":"max-image-preview:large","max-video-preview":"max-video-preview:-1"},"canonical":"https:\/\/odysseus-contests.eu\/2016\/cs\/o-soutezi-odysseus\/general-info\/","og_locale":"cs_CZ","og_type":"article","og_title":"Obecn\u00e9 informace - ODYSSEUS II","og_description":"V\u00fdzva Ml\u00e1de\u017e pro vesm\u00edr \u2013projekt ODYSSEUS II si klade za c\u00edl inspirovat mlad\u00e9 lidi z cel\u00e9 Evropy a zapojit je do objevov\u00e1n\u00ed vesm\u00edru skrze s\u00e9rii vzd\u011bl\u00e1vac\u00edch aktivit, kter\u00e9 budou kombinac\u00ed u\u010den\u00ed, v\u011bdy a z\u00e1\u017eitk\u016f. Prost\u0159ednictv\u00edm z\u00e1bavn\u00e9 a z\u00e1rove\u0148 vzd\u011bl\u00e1vac\u00ed sout\u011b\u017ee, kter\u00e1 bude organizov\u00e1na v n\u011bkolika kolech a je zam\u011b\u0159en\u00e1 na \u017e\u00e1ky a studenty v Evrop\u011b, [&hellip;]","og_url":"https:\/\/odysseus-contests.eu\/2016\/cs\/o-soutezi-odysseus\/general-info\/","og_site_name":"ODYSSEUS II","article_modified_time":"2015-07-29T14:13:38+00:00","og_image":[{"url":"http:\/\/odysseus-contests.eu\/2016\/wp-content\/uploads\/2015\/07\/Stages_CZECH-1.jpg"}],"twitter_card":"summary_large_image","twitter_misc":{"Odhadovan\u00e1 doba \u010dten\u00ed":"1 minuta"},"schema":{"@context":"https:\/\/schema.org","@graph":[{"@type":"WebPage","@id":"https:\/\/odysseus-contests.eu\/2016\/cs\/o-soutezi-odysseus\/general-info\/","url":"https:\/\/odysseus-contests.eu\/2016\/cs\/o-soutezi-odysseus\/general-info\/","name":"Obecn\u00e9 informace - ODYSSEUS II","isPartOf":{"@id":"https:\/\/odysseus-contests.eu\/2016\/de\/#website"},"datePublished":"2015-07-25T18:32:36+00:00","dateModified":"2015-07-29T14:13:38+00:00","breadcrumb":{"@id":"https:\/\/odysseus-contests.eu\/2016\/cs\/o-soutezi-odysseus\/general-info\/#breadcrumb"},"inLanguage":"cs","potentialAction":[{"@type":"ReadAction","target":["https:\/\/odysseus-contests.eu\/2016\/cs\/o-soutezi-odysseus\/general-info\/"]}]},{"@type":"BreadcrumbList","@id":"https:\/\/odysseus-contests.eu\/2016\/cs\/o-soutezi-odysseus\/general-info\/#breadcrumb","itemListElement":[{"@type":"ListItem","position":1,"name":"Home","item":"https:\/\/odysseus-contests.eu\/2016\/cs\/"},{"@type":"ListItem","position":2,"name":"O sout\u011b\u017ei Odysseus","item":"https:\/\/odysseus-contests.eu\/2016\/cs\/o-soutezi-odysseus\/"},{"@type":"ListItem","position":3,"name":"Obecn\u00e9 informace"}]},{"@type":"WebSite","@id":"https:\/\/odysseus-contests.eu\/2016\/de\/#website","url":"https:\/\/odysseus-contests.eu\/2016\/de\/","name":"ODYSSEUS II","description":"European Youth Space Contest","potentialAction":[{"@type":"SearchAction","target":{"@type":"EntryPoint","urlTemplate":"https:\/\/odysseus-contests.eu\/2016\/de\/?s={search_term_string}"},"query-input":"required name=search_term_string"}],"inLanguage":"cs"}]}},"_links":{"self":[{"href":"https:\/\/odysseus-contests.eu\/2016\/cs\/wp-json\/wp\/v2\/pages\/3110"}],"collection":[{"href":"https:\/\/odysseus-contests.eu\/2016\/cs\/wp-json\/wp\/v2\/pages"}],"about":[{"href":"https:\/\/odysseus-contests.eu\/2016\/cs\/wp-json\/wp\/v2\/types\/page"}],"author":[{"embeddable":true,"href":"https:\/\/odysseus-contests.eu\/2016\/cs\/wp-json\/wp\/v2\/users\/2"}],"replies":[{"embeddable":true,"href":"https:\/\/odysseus-contests.eu\/2016\/cs\/wp-json\/wp\/v2\/comments?post=3110"}],"version-history":[{"count":0,"href":"https:\/\/odysseus-contests.eu\/2016\/cs\/wp-json\/wp\/v2\/pages\/3110\/revisions"}],"up":[{"embeddable":true,"href":"https:\/\/odysseus-contests.eu\/2016\/cs\/wp-json\/wp\/v2\/pages\/3105"}],"wp:attachment":[{"href":"https:\/\/odysseus-contests.eu\/2016\/cs\/wp-json\/wp\/v2\/media?parent=3110"}],"curies":[{"name":"wp","href":"https:\/\/api.w.org\/{rel}","templated":true}]}}