{"id":13145,"date":"2016-07-30T16:26:44","date_gmt":"2016-07-30T13:26:44","guid":{"rendered":"http:\/\/odysseus-contests.eu\/2016\/cs\/media-4\/galerie-medii\/photos\/"},"modified":"2016-08-11T21:39:08","modified_gmt":"2016-08-11T18:39:08","slug":"photos","status":"publish","type":"page","link":"https:\/\/odysseus-contests.eu\/2016\/cs\/media-4\/galerie-medii\/photos\/","title":{"rendered":"Photos"},"content":{"rendered":"<div class=\"col-md-4 flickrbox\">\n\t\t\t\t\t<a href=\"https:\/\/www.flickr.com\/photos\/142419417@N08\/albums\/72157670481769862\" class=\"flickr-class\" target=\"_blank\">\n\t\t\t\t\t\t<div class=\"innerflickrbox\">\n\t\t\t\t\t\t<img src=\"http:\/\/farm9.static.flickr.com\/8719\/28311850451_7245410964_z.jpg\" class=\"flickr-img\" \/>\n\t\t\t\t\t\t<div class=\"flickr-opaque\"><\/div>\n\t\t\t\t\t\t<div class=\"flickr-titler\">Odysseus Contest 2016 Award Ceremony<\/div>\n\t\t\t\t\t\t<div class=\"threecolorphotos\"><span>&nbsp;<\/span><\/div>\n\t\t\t\t\t\t<\/div>\n\t\t\t\t\t<\/a>\n\t\t\t\t\t\n\t\t\t\t<\/div>\n<div class=\"col-md-4 flickrbox\">\n\t\t\t\t\t<a href=\"https:\/\/www.flickr.com\/photos\/142419417@N08\/albums\/72157671136278616\" class=\"flickr-class\" target=\"_blank\">\n\t\t\t\t\t\t<div class=\"innerflickrbox\">\n\t\t\t\t\t\t<img src=\"http:\/\/farm9.static.flickr.com\/8627\/27775043323_1e8248f9aa_z.jpg\" class=\"flickr-img\" \/>\n\t\t\t\t\t\t<div class=\"flickr-opaque\"><\/div>\n\t\t\t\t\t\t<div class=\"flickr-titler\">Explorers' Presentations Final Stage 2016<\/div>\n\t\t\t\t\t\t<div class=\"threecolorphotos\"><span>&nbsp;<\/span><\/div>\n\t\t\t\t\t\t<\/div>\n\t\t\t\t\t<\/a>\n\t\t\t\t\t\n\t\t\t\t<\/div>\n<div class=\"col-md-4 flickrbox\">\n\t\t\t\t\t<a href=\"https:\/\/www.flickr.com\/photos\/142419417@N08\/albums\/72157670516513142\" class=\"flickr-class\" target=\"_blank\">\n\t\t\t\t\t\t<div class=\"innerflickrbox\">\n\t\t\t\t\t\t<img src=\"http:\/\/farm9.static.flickr.com\/8139\/27794774433_2853821972_z.jpg\" class=\"flickr-img\" \/>\n\t\t\t\t\t\t<div class=\"flickr-opaque\"><\/div>\n\t\t\t\t\t\t<div class=\"flickr-titler\">Pioneers' Presentations Final Stage 2016<\/div>\n\t\t\t\t\t\t<div class=\"threecolorphotos\"><span>&nbsp;<\/span><\/div>\n\t\t\t\t\t\t<\/div>\n\t\t\t\t\t<\/a>\n\t\t\t\t\t\n\t\t\t\t<\/div>\n<div class=\"col-md-4 flickrbox\">\n\t\t\t\t\t<a href=\"https:\/\/www.flickr.com\/photos\/142419417@N08\/albums\/72157670550097841\" class=\"flickr-class\" target=\"_blank\">\n\t\t\t\t\t\t<div class=\"innerflickrbox\">\n\t\t\t\t\t\t<img src=\"http:\/\/farm9.static.flickr.com\/8329\/28377463086_7ddcd06c96_z.jpg\" class=\"flickr-img\" \/>\n\t\t\t\t\t\t<div class=\"flickr-opaque\"><\/div>\n\t\t\t\t\t\t<div class=\"flickr-titler\">Odysseus Finalists 2016 visit to Ardenne Observatory<\/div>\n\t\t\t\t\t\t<div class=\"threecolorphotos\"><span>&nbsp;<\/span><\/div>\n\t\t\t\t\t\t<\/div>\n\t\t\t\t\t<\/a>\n\t\t\t\t\t\n\t\t\t\t<\/div>\n<div class=\"col-md-4 flickrbox\">\n\t\t\t\t\t<a href=\"https:\/\/www.flickr.com\/photos\/142419417@N08\/albums\/72157671177005056\" class=\"flickr-class\" target=\"_blank\">\n\t\t\t\t\t\t<div class=\"innerflickrbox\">\n\t\t\t\t\t\t<img src=\"http:\/\/farm8.static.flickr.com\/7530\/28377784856_e6aa4e7cc1_z.jpg\" class=\"flickr-img\" \/>\n\t\t\t\t\t\t<div class=\"flickr-opaque\"><\/div>\n\t\t\t\t\t\t<div class=\"flickr-titler\">Odysseus Finalists 2016 visit to ESA Redu Centre<\/div>\n\t\t\t\t\t\t<div class=\"threecolorphotos\"><span>&nbsp;<\/span><\/div>\n\t\t\t\t\t\t<\/div>\n\t\t\t\t\t<\/a>\n\t\t\t\t\t\n\t\t\t\t<\/div>\n<div class=\"col-md-4 flickrbox\">\n\t\t\t\t\t<a href=\"https:\/\/www.flickr.com\/photos\/142419417@N08\/albums\/72157671176786756\" class=\"flickr-class\" target=\"_blank\">\n\t\t\t\t\t\t<div class=\"innerflickrbox\">\n\t\t\t\t\t\t<img src=\"http:\/\/farm9.static.flickr.com\/8605\/28377690126_9170643f8a_z.jpg\" class=\"flickr-img\" \/>\n\t\t\t\t\t\t<div class=\"flickr-opaque\"><\/div>\n\t\t\t\t\t\t<div class=\"flickr-titler\">Odysseus Finalists 2016 Astronaut Training<\/div>\n\t\t\t\t\t\t<div class=\"threecolorphotos\"><span>&nbsp;<\/span><\/div>\n\t\t\t\t\t\t<\/div>\n\t\t\t\t\t<\/a>\n\t\t\t\t\t\n\t\t\t\t<\/div>\n<div class=\"col-md-4 flickrbox\">\n\t\t\t\t\t<a href=\"https:\/\/www.flickr.com\/photos\/142419417@N08\/albums\/72157671405311225\" class=\"flickr-class\" target=\"_blank\">\n\t\t\t\t\t\t<div class=\"innerflickrbox\">\n\t\t\t\t\t\t<img src=\"http:\/\/farm9.static.flickr.com\/8770\/27860217953_d472440000_z.jpg\" class=\"flickr-img\" \/>\n\t\t\t\t\t\t<div class=\"flickr-opaque\"><\/div>\n\t\t\t\t\t\t<div class=\"flickr-titler\">Regional Event, Graz, Austria, May 2016<\/div>\n\t\t\t\t\t\t<div class=\"threecolorphotos\"><span>&nbsp;<\/span><\/div>\n\t\t\t\t\t\t<\/div>\n\t\t\t\t\t<\/a>\n\t\t\t\t\t\n\t\t\t\t<\/div>\n<div class=\"col-md-4 flickrbox\">\n\t\t\t\t\t<a href=\"https:\/\/www.flickr.com\/photos\/142419417@N08\/albums\/72157671314574866\" class=\"flickr-class\" target=\"_blank\">\n\t\t\t\t\t\t<div class=\"innerflickrbox\">\n\t\t\t\t\t\t<img src=\"http:\/\/farm9.static.flickr.com\/8102\/28193549820_8f41e81e63_z.jpg\" class=\"flickr-img\" \/>\n\t\t\t\t\t\t<div class=\"flickr-opaque\"><\/div>\n\t\t\t\t\t\t<div class=\"flickr-titler\">Regional Event, Turin, Italy, April 2016<\/div>\n\t\t\t\t\t\t<div class=\"threecolorphotos\"><span>&nbsp;<\/span><\/div>\n\t\t\t\t\t\t<\/div>\n\t\t\t\t\t<\/a>\n\t\t\t\t\t\n\t\t\t\t<\/div>\n<div class=\"col-md-4 flickrbox\">\n\t\t\t\t\t<a href=\"https:\/\/www.flickr.com\/photos\/142419417@N08\/albums\/72157668487605863\" class=\"flickr-class\" target=\"_blank\">\n\t\t\t\t\t\t<div class=\"innerflickrbox\">\n\t\t\t\t\t\t<img src=\"http:\/\/farm9.static.flickr.com\/8561\/28397771551_ef0c0fe9ca_z.jpg\" class=\"flickr-img\" \/>\n\t\t\t\t\t\t<div class=\"flickr-opaque\"><\/div>\n\t\t\t\t\t\t<div class=\"flickr-titler\">Regional Event, Liberec, Czech Republic, April 2016<\/div>\n\t\t\t\t\t\t<div class=\"threecolorphotos\"><span>&nbsp;<\/span><\/div>\n\t\t\t\t\t\t<\/div>\n\t\t\t\t\t<\/a>\n\t\t\t\t\t\n\t\t\t\t<\/div>\n<div class=\"col-md-4 flickrbox\">\n\t\t\t\t\t<a href=\"https:\/\/www.flickr.com\/photos\/142419417@N08\/albums\/72157671409736135\" class=\"flickr-class\" target=\"_blank\">\n\t\t\t\t\t\t<div class=\"innerflickrbox\">\n\t\t\t\t\t\t<img src=\"http:\/\/farm9.static.flickr.com\/8234\/28193850800_855ff65fab_z.jpg\" class=\"flickr-img\" \/>\n\t\t\t\t\t\t<div class=\"flickr-opaque\"><\/div>\n\t\t\t\t\t\t<div class=\"flickr-titler\">Regional Event, Warsaw, Poland, April 2016<\/div>\n\t\t\t\t\t\t<div class=\"threecolorphotos\"><span>&nbsp;<\/span><\/div>\n\t\t\t\t\t\t<\/div>\n\t\t\t\t\t<\/a>\n\t\t\t\t\t\n\t\t\t\t<\/div>\n<div class=\"col-md-4 flickrbox\">\n\t\t\t\t\t<a href=\"https:\/\/www.flickr.com\/photos\/142419417@N08\/albums\/72157671405874955\" class=\"flickr-class\" target=\"_blank\">\n\t\t\t\t\t\t<div class=\"innerflickrbox\">\n\t\t\t\t\t\t<img src=\"http:\/\/farm9.static.flickr.com\/8731\/28476325445_c193fe6275_z.jpg\" class=\"flickr-img\" \/>\n\t\t\t\t\t\t<div class=\"flickr-opaque\"><\/div>\n\t\t\t\t\t\t<div class=\"flickr-titler\">Regional Event, Sor\u00f8, Denmark, April 2016<\/div>\n\t\t\t\t\t\t<div class=\"threecolorphotos\"><span>&nbsp;<\/span><\/div>\n\t\t\t\t\t\t<\/div>\n\t\t\t\t\t<\/a>\n\t\t\t\t\t\n\t\t\t\t<\/div>\n<div class=\"col-md-4 flickrbox\">\n\t\t\t\t\t<a href=\"https:\/\/www.flickr.com\/photos\/142419417@N08\/albums\/72157671313777516\" class=\"flickr-class\" target=\"_blank\">\n\t\t\t\t\t\t<div class=\"innerflickrbox\">\n\t\t\t\t\t\t<img src=\"http:\/\/farm8.static.flickr.com\/7554\/28371390192_ecce07b422_z.jpg\" class=\"flickr-img\" \/>\n\t\t\t\t\t\t<div class=\"flickr-opaque\"><\/div>\n\t\t\t\t\t\t<div class=\"flickr-titler\">Regional Event, Thessaloniki, Greece, April 2016<\/div>\n\t\t\t\t\t\t<div class=\"threecolorphotos\"><span>&nbsp;<\/span><\/div>\n\t\t\t\t\t\t<\/div>\n\t\t\t\t\t<\/a>\n\t\t\t\t\t\n\t\t\t\t<\/div>\n<div class=\"col-md-4 flickrbox\">\n\t\t\t\t\t<a href=\"https:\/\/www.flickr.com\/photos\/142419417@N08\/albums\/72157670335764030\" class=\"flickr-class\" target=\"_blank\">\n\t\t\t\t\t\t<div class=\"innerflickrbox\">\n\t\t\t\t\t\t<img src=\"http:\/\/farm9.static.flickr.com\/8341\/27860000984_17f2414402_z.jpg\" class=\"flickr-img\" \/>\n\t\t\t\t\t\t<div class=\"flickr-opaque\"><\/div>\n\t\t\t\t\t\t<div class=\"flickr-titler\">Regional Event, Toulouse, France, March 2016<\/div>\n\t\t\t\t\t\t<div class=\"threecolorphotos\"><span>&nbsp;<\/span><\/div>\n\t\t\t\t\t\t<\/div>\n\t\t\t\t\t<\/a>\n\t\t\t\t\t\n\t\t\t\t<\/div>\n<p><a href=\"http:\/\/odysseus-contests.eu\/2016\/wp-content\/uploads\/2015\/05\/FINAL_COMP_ODYSSEUS-II-00586.png\"><img decoding=\"async\" loading=\"lazy\" class=\"size-thumbnail wp-image-3811 alignleft\" src=\"http:\/\/odysseus-contests.eu\/2016\/wp-content\/uploads\/2015\/05\/FINAL_COMP_ODYSSEUS-II-00586-150x150.png\" alt=\"ODYSSEUS II (00586)\" width=\"150\" height=\"150\" \/><\/a><a href=\"http:\/\/odysseus-contests.eu\/2016\/wp-content\/uploads\/2015\/05\/FINAL_COMP_ODYSSEUS-II-00687.png\"><img decoding=\"async\" loading=\"lazy\" class=\"size-thumbnail wp-image-3828 aligncenter\" src=\"http:\/\/odysseus-contests.eu\/2016\/wp-content\/uploads\/2015\/05\/FINAL_COMP_ODYSSEUS-II-00687-150x150.png\" alt=\"ODYSSEUS II 00687\" width=\"150\" height=\"150\" \/><\/a><\/p>\n<h2><strong><span style=\"color: #000080;\">Odysseus Project Photos<\/span><\/strong><\/h2>\n","protected":false},"excerpt":{"rendered":"<p>Odysseus Project Photos<\/p>\n","protected":false},"author":1,"featured_media":0,"parent":3188,"menu_order":20,"comment_status":"closed","ping_status":"closed","template":"template_photos.php","meta":[],"acf":[],"yoast_head":"<!-- This site is optimized with the Yoast SEO plugin v19.14 - https:\/\/yoast.com\/wordpress\/plugins\/seo\/ -->\n<title>Photos - ODYSSEUS II<\/title>\n<meta name=\"robots\" content=\"index, follow, max-snippet:-1, max-image-preview:large, max-video-preview:-1\" \/>\n<link rel=\"canonical\" href=\"https:\/\/odysseus-contests.eu\/2016\/cs\/media-4\/galerie-medii\/photos\/\" \/>\n<meta property=\"og:locale\" content=\"cs_CZ\" \/>\n<meta property=\"og:type\" content=\"article\" \/>\n<meta property=\"og:title\" content=\"Photos - ODYSSEUS II\" \/>\n<meta property=\"og:description\" content=\"Odysseus Project Photos\" \/>\n<meta property=\"og:url\" content=\"https:\/\/odysseus-contests.eu\/2016\/cs\/media-4\/galerie-medii\/photos\/\" \/>\n<meta property=\"og:site_name\" content=\"ODYSSEUS II\" \/>\n<meta property=\"article:modified_time\" content=\"2016-08-11T18:39:08+00:00\" \/>\n<meta property=\"og:image\" content=\"http:\/\/odysseus-contests.eu\/2016\/wp-content\/uploads\/2015\/05\/FINAL_COMP_ODYSSEUS-II-00586-150x150.png\" \/>\n<meta name=\"twitter:card\" content=\"summary_large_image\" \/>\n<meta name=\"twitter:label1\" content=\"Odhadovan\u00e1 doba \u010dten\u00ed\" \/>\n\t<meta name=\"twitter:data1\" content=\"1 minuta\" \/>\n<script type=\"application\/ld+json\" class=\"yoast-schema-graph\">{\"@context\":\"https:\/\/schema.org\",\"@graph\":[{\"@type\":\"WebPage\",\"@id\":\"https:\/\/odysseus-contests.eu\/2016\/cs\/media-4\/galerie-medii\/photos\/\",\"url\":\"https:\/\/odysseus-contests.eu\/2016\/cs\/media-4\/galerie-medii\/photos\/\",\"name\":\"Photos - ODYSSEUS II\",\"isPartOf\":{\"@id\":\"https:\/\/odysseus-contests.eu\/2016\/de\/#website\"},\"datePublished\":\"2016-07-30T13:26:44+00:00\",\"dateModified\":\"2016-08-11T18:39:08+00:00\",\"breadcrumb\":{\"@id\":\"https:\/\/odysseus-contests.eu\/2016\/cs\/media-4\/galerie-medii\/photos\/#breadcrumb\"},\"inLanguage\":\"cs\",\"potentialAction\":[{\"@type\":\"ReadAction\",\"target\":[\"https:\/\/odysseus-contests.eu\/2016\/cs\/media-4\/galerie-medii\/photos\/\"]}]},{\"@type\":\"BreadcrumbList\",\"@id\":\"https:\/\/odysseus-contests.eu\/2016\/cs\/media-4\/galerie-medii\/photos\/#breadcrumb\",\"itemListElement\":[{\"@type\":\"ListItem\",\"position\":1,\"name\":\"Home\",\"item\":\"https:\/\/odysseus-contests.eu\/2016\/cs\/\"},{\"@type\":\"ListItem\",\"position\":2,\"name\":\"M\u00e9dia\",\"item\":\"https:\/\/odysseus-contests.eu\/2016\/cs\/media-4\/\"},{\"@type\":\"ListItem\",\"position\":3,\"name\":\"Galerie m\u00e9di\u00ed\",\"item\":\"https:\/\/odysseus-contests.eu\/2016\/cs\/media-4\/galerie-medii\/\"},{\"@type\":\"ListItem\",\"position\":4,\"name\":\"Photos\"}]},{\"@type\":\"WebSite\",\"@id\":\"https:\/\/odysseus-contests.eu\/2016\/de\/#website\",\"url\":\"https:\/\/odysseus-contests.eu\/2016\/de\/\",\"name\":\"ODYSSEUS II\",\"description\":\"European Youth Space Contest\",\"potentialAction\":[{\"@type\":\"SearchAction\",\"target\":{\"@type\":\"EntryPoint\",\"urlTemplate\":\"https:\/\/odysseus-contests.eu\/2016\/de\/?s={search_term_string}\"},\"query-input\":\"required name=search_term_string\"}],\"inLanguage\":\"cs\"}]}<\/script>\n<!-- \/ Yoast SEO plugin. -->","yoast_head_json":{"title":"Photos - ODYSSEUS II","robots":{"index":"index","follow":"follow","max-snippet":"max-snippet:-1","max-image-preview":"max-image-preview:large","max-video-preview":"max-video-preview:-1"},"canonical":"https:\/\/odysseus-contests.eu\/2016\/cs\/media-4\/galerie-medii\/photos\/","og_locale":"cs_CZ","og_type":"article","og_title":"Photos - ODYSSEUS II","og_description":"Odysseus Project Photos","og_url":"https:\/\/odysseus-contests.eu\/2016\/cs\/media-4\/galerie-medii\/photos\/","og_site_name":"ODYSSEUS II","article_modified_time":"2016-08-11T18:39:08+00:00","og_image":[{"url":"http:\/\/odysseus-contests.eu\/2016\/wp-content\/uploads\/2015\/05\/FINAL_COMP_ODYSSEUS-II-00586-150x150.png"}],"twitter_card":"summary_large_image","twitter_misc":{"Odhadovan\u00e1 doba \u010dten\u00ed":"1 minuta"},"schema":{"@context":"https:\/\/schema.org","@graph":[{"@type":"WebPage","@id":"https:\/\/odysseus-contests.eu\/2016\/cs\/media-4\/galerie-medii\/photos\/","url":"https:\/\/odysseus-contests.eu\/2016\/cs\/media-4\/galerie-medii\/photos\/","name":"Photos - ODYSSEUS II","isPartOf":{"@id":"https:\/\/odysseus-contests.eu\/2016\/de\/#website"},"datePublished":"2016-07-30T13:26:44+00:00","dateModified":"2016-08-11T18:39:08+00:00","breadcrumb":{"@id":"https:\/\/odysseus-contests.eu\/2016\/cs\/media-4\/galerie-medii\/photos\/#breadcrumb"},"inLanguage":"cs","potentialAction":[{"@type":"ReadAction","target":["https:\/\/odysseus-contests.eu\/2016\/cs\/media-4\/galerie-medii\/photos\/"]}]},{"@type":"BreadcrumbList","@id":"https:\/\/odysseus-contests.eu\/2016\/cs\/media-4\/galerie-medii\/photos\/#breadcrumb","itemListElement":[{"@type":"ListItem","position":1,"name":"Home","item":"https:\/\/odysseus-contests.eu\/2016\/cs\/"},{"@type":"ListItem","position":2,"name":"M\u00e9dia","item":"https:\/\/odysseus-contests.eu\/2016\/cs\/media-4\/"},{"@type":"ListItem","position":3,"name":"Galerie m\u00e9di\u00ed","item":"https:\/\/odysseus-contests.eu\/2016\/cs\/media-4\/galerie-medii\/"},{"@type":"ListItem","position":4,"name":"Photos"}]},{"@type":"WebSite","@id":"https:\/\/odysseus-contests.eu\/2016\/de\/#website","url":"https:\/\/odysseus-contests.eu\/2016\/de\/","name":"ODYSSEUS II","description":"European Youth Space Contest","potentialAction":[{"@type":"SearchAction","target":{"@type":"EntryPoint","urlTemplate":"https:\/\/odysseus-contests.eu\/2016\/de\/?s={search_term_string}"},"query-input":"required name=search_term_string"}],"inLanguage":"cs"}]}},"_links":{"self":[{"href":"https:\/\/odysseus-contests.eu\/2016\/cs\/wp-json\/wp\/v2\/pages\/13145"}],"collection":[{"href":"https:\/\/odysseus-contests.eu\/2016\/cs\/wp-json\/wp\/v2\/pages"}],"about":[{"href":"https:\/\/odysseus-contests.eu\/2016\/cs\/wp-json\/wp\/v2\/types\/page"}],"author":[{"embeddable":true,"href":"https:\/\/odysseus-contests.eu\/2016\/cs\/wp-json\/wp\/v2\/users\/1"}],"replies":[{"embeddable":true,"href":"https:\/\/odysseus-contests.eu\/2016\/cs\/wp-json\/wp\/v2\/comments?post=13145"}],"version-history":[{"count":7,"href":"https:\/\/odysseus-contests.eu\/2016\/cs\/wp-json\/wp\/v2\/pages\/13145\/revisions"}],"predecessor-version":[{"id":13302,"href":"https:\/\/odysseus-contests.eu\/2016\/cs\/wp-json\/wp\/v2\/pages\/13145\/revisions\/13302"}],"up":[{"embeddable":true,"href":"https:\/\/odysseus-contests.eu\/2016\/cs\/wp-json\/wp\/v2\/pages\/3188"}],"wp:attachment":[{"href":"https:\/\/odysseus-contests.eu\/2016\/cs\/wp-json\/wp\/v2\/media?parent=13145"}],"curies":[{"name":"wp","href":"https:\/\/api.w.org\/{rel}","templated":true}]}}